{"id":10,"date":"2020-09-16T16:18:00","date_gmt":"2020-09-16T14:18:00","guid":{"rendered":"https:\/\/corvey.de\/historisch\/"},"modified":"2025-02-28T11:09:21","modified_gmt":"2025-02-28T10:09:21","slug":"historisch","status":"publish","type":"page","link":"https:\/\/corvey.de\/en\/corvey\/historisch\/","title":{"rendered":"Historisch"},"content":{"rendered":"<p><b>An strategisch g\u00fcnstiger Lage in der N\u00e4he des Hellwegs entwickelt sich 822 das erste Kloster im s\u00e4chsischen Raum zum eigenst\u00e4ndigen Herrschaftssitz mit \u00fcberregionalem Einfluss. Das Bendiktinerkloster mit seiner bedeutenden Bibliothek erbl\u00fcht im 9. und 10. Jahrhundert zum geistigen, kulturellen und wirtschaftlichen Zentrum, das wichtige Impulse f\u00fcr die Christianisierung in Europa setzt. Bekannte Bisch\u00f6fe gehen aus Corvey hervor, viele Herrscher kommen an die Weser und halten dort Reichstage ab. \u00a0 \u00a0<\/b><\/p>\n<p>Bauhistorisch ist das karolingische Westwerk aus der Fr\u00fchzeit der Benediktinerabtei von herausragender Bedeutung. Das m\u00e4chtige Turmgeb\u00e4ude mit der noch heute erhaltenen Eingangshalle gilt nicht nur als das \u00e4lteste Bauwerk in Westfalen, sondern als das \u00e4lteste Westwerk \u00fcberhaupt. Die pr\u00e4chtigen Wandmalereien mit Szenen aus der Odyssee sind teilweise in Resten erhalten. Auch in arch\u00e4ologischer Hinsicht ist Corvey mit seinem karolingischen Klosterbezirk, der Civitas, einzigartig.<\/p>\n<p>Im Drei\u00dfigj\u00e4hrigen Krieg wird die mittelalterliche Abtei zu gro\u00dfen Teilen zerst\u00f6rt. Erst in der Barockzeit durch die Bem\u00fchungen verschiedener F\u00fcrst\u00e4bte erh\u00e4lt Corvey einen neuen Aufschwung, bevor das F\u00fcrstbistum schlie\u00dflich im Jahre 1803 aufgel\u00f6st wird. 1820 wird Viktor Amadeus der Landgraf von Hessen-Rothenburg der neue Eigent\u00fcmer von Corvey. Seine Erben sind die Herz\u00f6ge von Ratibor, die F\u00fcrsten von Corvey.<\/p>\n","protected":false},"excerpt":{"rendered":"<p>An strategisch g\u00fcnstiger Lage in der N\u00e4he des Hellwegs entwickelt sich 822 das erste Kloster im s\u00e4chsischen Raum zum eigenst\u00e4ndigen Herrschaftssitz mit \u00fcberregionalem Einfluss. Das Bendiktinerkloster mit seiner bedeutenden Bibliothek erbl\u00fcht im 9. und 10. Jahrhundert zum geistigen, kulturellen und wirtschaftlichen Zentrum, das wichtige Impulse f\u00fcr die Christianisierung in Europa setzt. Bekannte Bisch\u00f6fe gehen aus [&hellip;]<\/p>\n","protected":false},"author":1,"featured_media":132,"parent":8,"menu_order":0,"comment_status":"closed","ping_status":"closed","template":"","meta":{"_acf_changed":false,"footnotes":""},"class_list":["post-10","page","type-page","status-publish","has-post-thumbnail","hentry"],"acf":[],"yoast_head":"<!-- This site is optimized with the Yoast SEO plugin v24.0 - https:\/\/yoast.com\/wordpress\/plugins\/seo\/ -->\n<title>Historisch &#8226; Welterbe Corvey<\/title>\n<meta name=\"robots\" content=\"index, follow, max-snippet:-1, max-image-preview:large, max-video-preview:-1\" \/>\n<link rel=\"canonical\" href=\"https:\/\/corvey.de\/en\/corvey\/historisch\/\" \/>\n<meta property=\"og:locale\" content=\"en_US\" \/>\n<meta property=\"og:locale:alternate\" content=\"de_DE\" \/>\n<meta property=\"og:type\" content=\"article\" \/>\n<meta property=\"og:title\" content=\"Historisch\" \/>\n<meta property=\"og:description\" content=\"An strategisch g\u00fcnstiger Lage in der N\u00e4he des Hellwegs entwickelt sich 822 das erste Kloster im s\u00e4chsischen Raum zum eigenst\u00e4ndigen Herrschaftssitz mit \u00fcberregionalem Einfluss. Das Bendiktinerkloster mit seiner bedeutenden Bibliothek erbl\u00fcht im 9. und 10. Jahrhundert zum geistigen, kulturellen und wirtschaftlichen Zentrum, das wichtige Impulse f\u00fcr die Christianisierung in Europa setzt. Bekannte Bisch\u00f6fe gehen aus [&hellip;]\" \/>\n<meta property=\"og:url\" content=\"https:\/\/corvey.de\/en\/corvey\/historisch\/\" \/>\n<meta property=\"og:site_name\" content=\"Welterbe Corvey\" \/>\n<meta property=\"article:modified_time\" content=\"2025-02-28T10:09:21+00:00\" \/>\n<meta property=\"og:image\" content=\"https:\/\/corvey.de\/wp-content\/uploads\/2020\/09\/poster-historisch-scaled.jpg\" \/>\n\t<meta property=\"og:image:width\" content=\"2560\" \/>\n\t<meta property=\"og:image:height\" content=\"1938\" \/>\n\t<meta property=\"og:image:type\" content=\"image\/jpeg\" \/>\n<meta name=\"twitter:card\" content=\"summary_large_image\" \/>\n<meta name=\"twitter:label1\" content=\"Est. reading time\" \/>\n\t<meta name=\"twitter:data1\" content=\"2 minutes\" \/>\n<script type=\"application\/ld+json\" class=\"yoast-schema-graph\">{\"@context\":\"https:\/\/schema.org\",\"@graph\":[{\"@type\":\"WebPage\",\"@id\":\"https:\/\/corvey.de\/corvey\/historisch\/\",\"url\":\"https:\/\/corvey.de\/corvey\/historisch\/\",\"name\":\"Historisch\",\"isPartOf\":{\"@id\":\"https:\/\/corvey.de\/#website\"},\"primaryImageOfPage\":{\"@id\":\"https:\/\/corvey.de\/corvey\/historisch\/#primaryimage\"},\"image\":{\"@id\":\"https:\/\/corvey.de\/corvey\/historisch\/#primaryimage\"},\"thumbnailUrl\":\"https:\/\/corvey.de\/wp-content\/uploads\/2020\/09\/poster-historisch-scaled.jpg\",\"datePublished\":\"2020-09-16T14:18:00+00:00\",\"dateModified\":\"2025-02-28T10:09:21+00:00\",\"breadcrumb\":{\"@id\":\"https:\/\/corvey.de\/corvey\/historisch\/#breadcrumb\"},\"inLanguage\":\"en-US\",\"potentialAction\":[{\"@type\":\"ReadAction\",\"target\":[\"https:\/\/corvey.de\/corvey\/historisch\/\"]}]},{\"@type\":\"ImageObject\",\"inLanguage\":\"en-US\",\"@id\":\"https:\/\/corvey.de\/corvey\/historisch\/#primaryimage\",\"url\":\"https:\/\/corvey.de\/wp-content\/uploads\/2020\/09\/poster-historisch-scaled.jpg\",\"contentUrl\":\"https:\/\/corvey.de\/wp-content\/uploads\/2020\/09\/poster-historisch-scaled.jpg\",\"width\":2560,\"height\":1938,\"caption\":\"Altes Gem\u00e4lde von Schloss und umliegender Landschaft\"},{\"@type\":\"BreadcrumbList\",\"@id\":\"https:\/\/corvey.de\/corvey\/historisch\/#breadcrumb\",\"itemListElement\":[{\"@type\":\"ListItem\",\"position\":1,\"name\":\"Home\",\"item\":\"https:\/\/corvey.de\/\"},{\"@type\":\"ListItem\",\"position\":2,\"name\":\"Corvey\",\"item\":\"https:\/\/corvey.de\/corvey\/\"},{\"@type\":\"ListItem\",\"position\":3,\"name\":\"Historisch\"}]},{\"@type\":\"WebSite\",\"@id\":\"https:\/\/corvey.de\/#website\",\"url\":\"https:\/\/corvey.de\/\",\"name\":\"Schloss Corvey\",\"description\":\"\",\"publisher\":{\"@id\":\"https:\/\/corvey.de\/#organization\"},\"potentialAction\":[{\"@type\":\"SearchAction\",\"target\":{\"@type\":\"EntryPoint\",\"urlTemplate\":\"https:\/\/corvey.de\/?s={search_term_string}\"},\"query-input\":{\"@type\":\"PropertyValueSpecification\",\"valueRequired\":true,\"valueName\":\"search_term_string\"}}],\"inLanguage\":\"en-US\"},{\"@type\":\"Organization\",\"@id\":\"https:\/\/corvey.de\/#organization\",\"name\":\"Schloss Corvey\",\"url\":\"https:\/\/corvey.de\/\",\"logo\":{\"@type\":\"ImageObject\",\"inLanguage\":\"en-US\",\"@id\":\"https:\/\/corvey.de\/#\/schema\/logo\/image\/\",\"url\":\"https:\/\/corvey.de\/wp-content\/uploads\/2020\/10\/logo-schloss-corvey.svg\",\"contentUrl\":\"https:\/\/corvey.de\/wp-content\/uploads\/2020\/10\/logo-schloss-corvey.svg\",\"width\":1,\"height\":1,\"caption\":\"Schloss Corvey\"},\"image\":{\"@id\":\"https:\/\/corvey.de\/#\/schema\/logo\/image\/\"}}]}<\/script>\n<!-- \/ Yoast SEO plugin. -->","yoast_head_json":{"title":"Historisch &#8226; Welterbe Corvey","robots":{"index":"index","follow":"follow","max-snippet":"max-snippet:-1","max-image-preview":"max-image-preview:large","max-video-preview":"max-video-preview:-1"},"canonical":"https:\/\/corvey.de\/en\/corvey\/historisch\/","og_locale":"en_US","og_type":"article","og_title":"[:de]Historisch[:] &#8226; Welterbe Corvey","og_description":"An strategisch g\u00fcnstiger Lage in der N\u00e4he des Hellwegs entwickelt sich 822 das erste Kloster im s\u00e4chsischen Raum zum eigenst\u00e4ndigen Herrschaftssitz mit \u00fcberregionalem Einfluss. Das Bendiktinerkloster mit seiner bedeutenden Bibliothek erbl\u00fcht im 9. und 10. Jahrhundert zum geistigen, kulturellen und wirtschaftlichen Zentrum, das wichtige Impulse f\u00fcr die Christianisierung in Europa setzt. Bekannte Bisch\u00f6fe gehen aus [&hellip;]","og_url":"https:\/\/corvey.de\/en\/corvey\/historisch\/","og_site_name":"Welterbe Corvey","article_modified_time":"2025-02-28T10:09:21+00:00","og_image":[{"width":2560,"height":1938,"url":"https:\/\/corvey.de\/wp-content\/uploads\/2020\/09\/poster-historisch-scaled.jpg","type":"image\/jpeg"}],"twitter_card":"summary_large_image","twitter_misc":{"Est. reading time":"2 minutes"},"schema":{"@context":"https:\/\/schema.org","@graph":[{"@type":"WebPage","@id":"https:\/\/corvey.de\/corvey\/historisch\/","url":"https:\/\/corvey.de\/corvey\/historisch\/","name":"Historisch","isPartOf":{"@id":"https:\/\/corvey.de\/#website"},"primaryImageOfPage":{"@id":"https:\/\/corvey.de\/corvey\/historisch\/#primaryimage"},"image":{"@id":"https:\/\/corvey.de\/corvey\/historisch\/#primaryimage"},"thumbnailUrl":"https:\/\/corvey.de\/wp-content\/uploads\/2020\/09\/poster-historisch-scaled.jpg","datePublished":"2020-09-16T14:18:00+00:00","dateModified":"2025-02-28T10:09:21+00:00","breadcrumb":{"@id":"https:\/\/corvey.de\/corvey\/historisch\/#breadcrumb"},"inLanguage":"en-US","potentialAction":[{"@type":"ReadAction","target":["https:\/\/corvey.de\/corvey\/historisch\/"]}]},{"@type":"ImageObject","inLanguage":"en-US","@id":"https:\/\/corvey.de\/corvey\/historisch\/#primaryimage","url":"https:\/\/corvey.de\/wp-content\/uploads\/2020\/09\/poster-historisch-scaled.jpg","contentUrl":"https:\/\/corvey.de\/wp-content\/uploads\/2020\/09\/poster-historisch-scaled.jpg","width":2560,"height":1938,"caption":"Altes Gem\u00e4lde von Schloss und umliegender Landschaft"},{"@type":"BreadcrumbList","@id":"https:\/\/corvey.de\/corvey\/historisch\/#breadcrumb","itemListElement":[{"@type":"ListItem","position":1,"name":"Home","item":"https:\/\/corvey.de\/"},{"@type":"ListItem","position":2,"name":"Corvey","item":"https:\/\/corvey.de\/corvey\/"},{"@type":"ListItem","position":3,"name":"Historisch"}]},{"@type":"WebSite","@id":"https:\/\/corvey.de\/#website","url":"https:\/\/corvey.de\/","name":"Schloss Corvey","description":"","publisher":{"@id":"https:\/\/corvey.de\/#organization"},"potentialAction":[{"@type":"SearchAction","target":{"@type":"EntryPoint","urlTemplate":"https:\/\/corvey.de\/?s={search_term_string}"},"query-input":{"@type":"PropertyValueSpecification","valueRequired":true,"valueName":"search_term_string"}}],"inLanguage":"en-US"},{"@type":"Organization","@id":"https:\/\/corvey.de\/#organization","name":"Schloss Corvey","url":"https:\/\/corvey.de\/","logo":{"@type":"ImageObject","inLanguage":"en-US","@id":"https:\/\/corvey.de\/#\/schema\/logo\/image\/","url":"https:\/\/corvey.de\/wp-content\/uploads\/2020\/10\/logo-schloss-corvey.svg","contentUrl":"https:\/\/corvey.de\/wp-content\/uploads\/2020\/10\/logo-schloss-corvey.svg","width":1,"height":1,"caption":"Schloss Corvey"},"image":{"@id":"https:\/\/corvey.de\/#\/schema\/logo\/image\/"}}]}},"_links":{"self":[{"href":"https:\/\/corvey.de\/en\/wp-json\/wp\/v2\/pages\/10","targetHints":{"allow":["GET"]}}],"collection":[{"href":"https:\/\/corvey.de\/en\/wp-json\/wp\/v2\/pages"}],"about":[{"href":"https:\/\/corvey.de\/en\/wp-json\/wp\/v2\/types\/page"}],"author":[{"embeddable":true,"href":"https:\/\/corvey.de\/en\/wp-json\/wp\/v2\/users\/1"}],"replies":[{"embeddable":true,"href":"https:\/\/corvey.de\/en\/wp-json\/wp\/v2\/comments?post=10"}],"version-history":[{"count":13,"href":"https:\/\/corvey.de\/en\/wp-json\/wp\/v2\/pages\/10\/revisions"}],"predecessor-version":[{"id":2946,"href":"https:\/\/corvey.de\/en\/wp-json\/wp\/v2\/pages\/10\/revisions\/2946"}],"up":[{"embeddable":true,"href":"https:\/\/corvey.de\/en\/wp-json\/wp\/v2\/pages\/8"}],"wp:featuredmedia":[{"embeddable":true,"href":"https:\/\/corvey.de\/en\/wp-json\/wp\/v2\/media\/132"}],"wp:attachment":[{"href":"https:\/\/corvey.de\/en\/wp-json\/wp\/v2\/media?parent=10"}],"curies":[{"name":"wp","href":"https:\/\/api.w.org\/{rel}","templated":true}]}}