{"id":1032,"date":"2020-11-04T09:36:28","date_gmt":"2020-11-04T08:36:28","guid":{"rendered":"https:\/\/corvey.de\/?page_id=1032"},"modified":"2025-03-12T10:56:57","modified_gmt":"2025-03-12T09:56:57","slug":"fuehrungen-fuer-schulklassen","status":"publish","type":"page","link":"https:\/\/corvey.de\/en\/fuehrungen\/fuehrungen-fuer-schulklassen\/","title":{"rendered":"F\u00fchrungen f\u00fcr Schulklassen"},"content":{"rendered":"<p>Die Angebote des Corveyer Museumsateliers zu Themen der Corveyer Gechichte sind f\u00fcr bestimmte Altersstufen und Lerninhalte vorgesehen. Gerne stimmen wir uns mit Lehrkr\u00e4ften \u00fcber die jeweiligen Lernziele und Unterrichtsschwerpunkte der Klassen ab.<\/p>\n<p><strong><a style=\"color: #3366ff;\" href=\"https:\/\/corvey.de\/fuehrung-buchen\/\">[hier buchen]<\/a><\/strong><\/p>\n<p><strong><a href=\"tel:0049527168168\">Annette Beckert, Tel.: [05271 68168]<\/a><\/strong><\/p>\n","protected":false},"excerpt":{"rendered":"<p>Die Angebote des Corveyer Museumsateliers zu Themen der Corveyer Gechichte sind f\u00fcr bestimmte Altersstufen und Lerninhalte vorgesehen. Gerne stimmen wir uns mit Lehrkr\u00e4ften \u00fcber die jeweiligen Lernziele und Unterrichtsschwerpunkte der Klassen ab. [hier buchen] Annette Beckert, Tel.: [05271 68168]<\/p>\n","protected":false},"author":1,"featured_media":1042,"parent":12,"menu_order":0,"comment_status":"closed","ping_status":"closed","template":"","meta":{"_acf_changed":false,"footnotes":""},"class_list":["post-1032","page","type-page","status-publish","has-post-thumbnail","hentry"],"acf":[],"yoast_head":"<!-- This site is optimized with the Yoast SEO plugin v24.0 - https:\/\/yoast.com\/wordpress\/plugins\/seo\/ -->\n<title>F\u00fchrungen f\u00fcr Schulklassen &#8226; Welterbe Corvey<\/title>\n<meta name=\"robots\" content=\"index, follow, max-snippet:-1, max-image-preview:large, max-video-preview:-1\" \/>\n<link rel=\"canonical\" href=\"https:\/\/corvey.de\/en\/fuehrungen\/fuehrungen-fuer-schulklassen\/\" \/>\n<meta property=\"og:locale\" content=\"en_US\" \/>\n<meta property=\"og:locale:alternate\" content=\"de_DE\" \/>\n<meta property=\"og:type\" content=\"article\" \/>\n<meta property=\"og:title\" content=\"F\u00fchrungen f\u00fcr Schulklassen\" \/>\n<meta property=\"og:description\" content=\"Die Angebote des Corveyer Museumsateliers zu Themen der Corveyer Gechichte sind f\u00fcr bestimmte Altersstufen und Lerninhalte vorgesehen. Gerne stimmen wir uns mit Lehrkr\u00e4ften \u00fcber die jeweiligen Lernziele und Unterrichtsschwerpunkte der Klassen ab. [hier buchen] Annette Beckert, Tel.: [05271 68168]\" \/>\n<meta property=\"og:url\" content=\"https:\/\/corvey.de\/en\/fuehrungen\/fuehrungen-fuer-schulklassen\/\" \/>\n<meta property=\"og:site_name\" content=\"Welterbe Corvey\" \/>\n<meta property=\"article:modified_time\" content=\"2025-03-12T09:56:57+00:00\" \/>\n<meta property=\"og:image\" content=\"https:\/\/corvey.de\/wp-content\/uploads\/2020\/11\/1-titel-scaled.jpg\" \/>\n\t<meta property=\"og:image:width\" content=\"2560\" \/>\n\t<meta property=\"og:image:height\" content=\"1714\" \/>\n\t<meta property=\"og:image:type\" content=\"image\/jpeg\" \/>\n<meta name=\"twitter:card\" content=\"summary_large_image\" \/>\n<meta name=\"twitter:label1\" content=\"Est. reading time\" \/>\n\t<meta name=\"twitter:data1\" content=\"1 minute\" \/>\n<script type=\"application\/ld+json\" class=\"yoast-schema-graph\">{\"@context\":\"https:\/\/schema.org\",\"@graph\":[{\"@type\":\"WebPage\",\"@id\":\"https:\/\/corvey.de\/fuehrungen\/fuehrungen-fuer-schulklassen\/\",\"url\":\"https:\/\/corvey.de\/fuehrungen\/fuehrungen-fuer-schulklassen\/\",\"name\":\"F\u00fchrungen f\u00fcr Schulklassen\",\"isPartOf\":{\"@id\":\"https:\/\/corvey.de\/#website\"},\"primaryImageOfPage\":{\"@id\":\"https:\/\/corvey.de\/fuehrungen\/fuehrungen-fuer-schulklassen\/#primaryimage\"},\"image\":{\"@id\":\"https:\/\/corvey.de\/fuehrungen\/fuehrungen-fuer-schulklassen\/#primaryimage\"},\"thumbnailUrl\":\"https:\/\/corvey.de\/wp-content\/uploads\/2020\/11\/1-titel-scaled.jpg\",\"datePublished\":\"2020-11-04T08:36:28+00:00\",\"dateModified\":\"2025-03-12T09:56:57+00:00\",\"breadcrumb\":{\"@id\":\"https:\/\/corvey.de\/fuehrungen\/fuehrungen-fuer-schulklassen\/#breadcrumb\"},\"inLanguage\":\"en-US\",\"potentialAction\":[{\"@type\":\"ReadAction\",\"target\":[\"https:\/\/corvey.de\/fuehrungen\/fuehrungen-fuer-schulklassen\/\"]}]},{\"@type\":\"ImageObject\",\"inLanguage\":\"en-US\",\"@id\":\"https:\/\/corvey.de\/fuehrungen\/fuehrungen-fuer-schulklassen\/#primaryimage\",\"url\":\"https:\/\/corvey.de\/wp-content\/uploads\/2020\/11\/1-titel-scaled.jpg\",\"contentUrl\":\"https:\/\/corvey.de\/wp-content\/uploads\/2020\/11\/1-titel-scaled.jpg\",\"width\":2560,\"height\":1714},{\"@type\":\"BreadcrumbList\",\"@id\":\"https:\/\/corvey.de\/fuehrungen\/fuehrungen-fuer-schulklassen\/#breadcrumb\",\"itemListElement\":[{\"@type\":\"ListItem\",\"position\":1,\"name\":\"Home\",\"item\":\"https:\/\/corvey.de\/\"},{\"@type\":\"ListItem\",\"position\":2,\"name\":\"F\u00fchrungen\",\"item\":\"https:\/\/corvey.de\/fuehrungen\/\"},{\"@type\":\"ListItem\",\"position\":3,\"name\":\"F\u00fchrungen f\u00fcr Schulklassen\"}]},{\"@type\":\"WebSite\",\"@id\":\"https:\/\/corvey.de\/#website\",\"url\":\"https:\/\/corvey.de\/\",\"name\":\"Schloss Corvey\",\"description\":\"\",\"publisher\":{\"@id\":\"https:\/\/corvey.de\/#organization\"},\"potentialAction\":[{\"@type\":\"SearchAction\",\"target\":{\"@type\":\"EntryPoint\",\"urlTemplate\":\"https:\/\/corvey.de\/?s={search_term_string}\"},\"query-input\":{\"@type\":\"PropertyValueSpecification\",\"valueRequired\":true,\"valueName\":\"search_term_string\"}}],\"inLanguage\":\"en-US\"},{\"@type\":\"Organization\",\"@id\":\"https:\/\/corvey.de\/#organization\",\"name\":\"Schloss Corvey\",\"url\":\"https:\/\/corvey.de\/\",\"logo\":{\"@type\":\"ImageObject\",\"inLanguage\":\"en-US\",\"@id\":\"https:\/\/corvey.de\/#\/schema\/logo\/image\/\",\"url\":\"https:\/\/corvey.de\/wp-content\/uploads\/2020\/10\/logo-schloss-corvey.svg\",\"contentUrl\":\"https:\/\/corvey.de\/wp-content\/uploads\/2020\/10\/logo-schloss-corvey.svg\",\"width\":1,\"height\":1,\"caption\":\"Schloss Corvey\"},\"image\":{\"@id\":\"https:\/\/corvey.de\/#\/schema\/logo\/image\/\"}}]}<\/script>\n<!-- \/ Yoast SEO plugin. -->","yoast_head_json":{"title":"F\u00fchrungen f\u00fcr Schulklassen &#8226; Welterbe Corvey","robots":{"index":"index","follow":"follow","max-snippet":"max-snippet:-1","max-image-preview":"max-image-preview:large","max-video-preview":"max-video-preview:-1"},"canonical":"https:\/\/corvey.de\/en\/fuehrungen\/fuehrungen-fuer-schulklassen\/","og_locale":"en_US","og_type":"article","og_title":"[:de]F\u00fchrungen f\u00fcr Schulklassen[:] &#8226; Welterbe Corvey","og_description":"Die Angebote des Corveyer Museumsateliers zu Themen der Corveyer Gechichte sind f\u00fcr bestimmte Altersstufen und Lerninhalte vorgesehen. Gerne stimmen wir uns mit Lehrkr\u00e4ften \u00fcber die jeweiligen Lernziele und Unterrichtsschwerpunkte der Klassen ab. [hier buchen] Annette Beckert, Tel.: [05271 68168]","og_url":"https:\/\/corvey.de\/en\/fuehrungen\/fuehrungen-fuer-schulklassen\/","og_site_name":"Welterbe Corvey","article_modified_time":"2025-03-12T09:56:57+00:00","og_image":[{"width":2560,"height":1714,"url":"https:\/\/corvey.de\/wp-content\/uploads\/2020\/11\/1-titel-scaled.jpg","type":"image\/jpeg"}],"twitter_card":"summary_large_image","twitter_misc":{"Est. reading time":"1 minute"},"schema":{"@context":"https:\/\/schema.org","@graph":[{"@type":"WebPage","@id":"https:\/\/corvey.de\/fuehrungen\/fuehrungen-fuer-schulklassen\/","url":"https:\/\/corvey.de\/fuehrungen\/fuehrungen-fuer-schulklassen\/","name":"F\u00fchrungen f\u00fcr Schulklassen","isPartOf":{"@id":"https:\/\/corvey.de\/#website"},"primaryImageOfPage":{"@id":"https:\/\/corvey.de\/fuehrungen\/fuehrungen-fuer-schulklassen\/#primaryimage"},"image":{"@id":"https:\/\/corvey.de\/fuehrungen\/fuehrungen-fuer-schulklassen\/#primaryimage"},"thumbnailUrl":"https:\/\/corvey.de\/wp-content\/uploads\/2020\/11\/1-titel-scaled.jpg","datePublished":"2020-11-04T08:36:28+00:00","dateModified":"2025-03-12T09:56:57+00:00","breadcrumb":{"@id":"https:\/\/corvey.de\/fuehrungen\/fuehrungen-fuer-schulklassen\/#breadcrumb"},"inLanguage":"en-US","potentialAction":[{"@type":"ReadAction","target":["https:\/\/corvey.de\/fuehrungen\/fuehrungen-fuer-schulklassen\/"]}]},{"@type":"ImageObject","inLanguage":"en-US","@id":"https:\/\/corvey.de\/fuehrungen\/fuehrungen-fuer-schulklassen\/#primaryimage","url":"https:\/\/corvey.de\/wp-content\/uploads\/2020\/11\/1-titel-scaled.jpg","contentUrl":"https:\/\/corvey.de\/wp-content\/uploads\/2020\/11\/1-titel-scaled.jpg","width":2560,"height":1714},{"@type":"BreadcrumbList","@id":"https:\/\/corvey.de\/fuehrungen\/fuehrungen-fuer-schulklassen\/#breadcrumb","itemListElement":[{"@type":"ListItem","position":1,"name":"Home","item":"https:\/\/corvey.de\/"},{"@type":"ListItem","position":2,"name":"F\u00fchrungen","item":"https:\/\/corvey.de\/fuehrungen\/"},{"@type":"ListItem","position":3,"name":"F\u00fchrungen f\u00fcr Schulklassen"}]},{"@type":"WebSite","@id":"https:\/\/corvey.de\/#website","url":"https:\/\/corvey.de\/","name":"Schloss Corvey","description":"","publisher":{"@id":"https:\/\/corvey.de\/#organization"},"potentialAction":[{"@type":"SearchAction","target":{"@type":"EntryPoint","urlTemplate":"https:\/\/corvey.de\/?s={search_term_string}"},"query-input":{"@type":"PropertyValueSpecification","valueRequired":true,"valueName":"search_term_string"}}],"inLanguage":"en-US"},{"@type":"Organization","@id":"https:\/\/corvey.de\/#organization","name":"Schloss Corvey","url":"https:\/\/corvey.de\/","logo":{"@type":"ImageObject","inLanguage":"en-US","@id":"https:\/\/corvey.de\/#\/schema\/logo\/image\/","url":"https:\/\/corvey.de\/wp-content\/uploads\/2020\/10\/logo-schloss-corvey.svg","contentUrl":"https:\/\/corvey.de\/wp-content\/uploads\/2020\/10\/logo-schloss-corvey.svg","width":1,"height":1,"caption":"Schloss Corvey"},"image":{"@id":"https:\/\/corvey.de\/#\/schema\/logo\/image\/"}}]}},"_links":{"self":[{"href":"https:\/\/corvey.de\/en\/wp-json\/wp\/v2\/pages\/1032","targetHints":{"allow":["GET"]}}],"collection":[{"href":"https:\/\/corvey.de\/en\/wp-json\/wp\/v2\/pages"}],"about":[{"href":"https:\/\/corvey.de\/en\/wp-json\/wp\/v2\/types\/page"}],"author":[{"embeddable":true,"href":"https:\/\/corvey.de\/en\/wp-json\/wp\/v2\/users\/1"}],"replies":[{"embeddable":true,"href":"https:\/\/corvey.de\/en\/wp-json\/wp\/v2\/comments?post=1032"}],"version-history":[{"count":7,"href":"https:\/\/corvey.de\/en\/wp-json\/wp\/v2\/pages\/1032\/revisions"}],"predecessor-version":[{"id":2955,"href":"https:\/\/corvey.de\/en\/wp-json\/wp\/v2\/pages\/1032\/revisions\/2955"}],"up":[{"embeddable":true,"href":"https:\/\/corvey.de\/en\/wp-json\/wp\/v2\/pages\/12"}],"wp:featuredmedia":[{"embeddable":true,"href":"https:\/\/corvey.de\/en\/wp-json\/wp\/v2\/media\/1042"}],"wp:attachment":[{"href":"https:\/\/corvey.de\/en\/wp-json\/wp\/v2\/media?parent=1032"}],"curies":[{"name":"wp","href":"https:\/\/api.w.org\/{rel}","templated":true}]}}