{"id":1035,"date":"2020-11-04T09:37:20","date_gmt":"2020-11-04T08:37:20","guid":{"rendered":"https:\/\/corvey.de\/?page_id=1035"},"modified":"2025-03-12T10:57:21","modified_gmt":"2025-03-12T09:57:21","slug":"auf-entdeckungstour-durch-corvey","status":"publish","type":"page","link":"https:\/\/corvey.de\/en\/fuehrungen\/fuehrungen-fuer-schulklassen\/auf-entdeckungstour-durch-corvey\/","title":{"rendered":"Auf Entdeckungstour durch Corvey"},"content":{"rendered":"<p>Benediktinerm\u00f6nche, Kaiser, F\u00fcrsten und Prinzen haben ihre Spuren in Corvey hinterlassen. In einer Schatztruhe werden einige Sch\u00e4tze aus der Geschichte der ehemaligen Reichsabtei gesammelt. Dabei ist z.B. ein Geschichtszollstock, der die 1200 j\u00e4hrige Geschichte Corveys ablesbar macht. Ein Schatz kann aber auch ein kleiner Sandstein, ein Liedtext oder ein Buch aus der F\u00fcrstlichen Bibliothek sein.<\/p>\n<p><strong><a style=\"color: #3366ff;\" href=\"https:\/\/corvey.de\/fuehrung-buchen\/\">[hier buchen]<\/a><\/strong><\/p>\n<p><strong><a href=\"tel:0049527168168\">Annette Beckert, Tel.: [05271 68168]<\/a><\/strong><\/p>\n","protected":false},"excerpt":{"rendered":"<p>Benediktinerm\u00f6nche, Kaiser, F\u00fcrsten und Prinzen haben ihre Spuren in Corvey hinterlassen. In einer Schatztruhe werden einige Sch\u00e4tze aus der Geschichte der ehemaligen Reichsabtei gesammelt. Dabei ist z.B. ein Geschichtszollstock, der die 1200 j\u00e4hrige Geschichte Corveys ablesbar macht. Ein Schatz kann aber auch ein kleiner Sandstein, ein Liedtext oder ein Buch aus der F\u00fcrstlichen Bibliothek sein. [&hellip;]<\/p>\n","protected":false},"author":1,"featured_media":1043,"parent":1032,"menu_order":0,"comment_status":"closed","ping_status":"closed","template":"","meta":{"_acf_changed":false,"footnotes":""},"class_list":["post-1035","page","type-page","status-publish","has-post-thumbnail","hentry"],"acf":[],"yoast_head":"<!-- This site is optimized with the Yoast SEO plugin v24.0 - https:\/\/yoast.com\/wordpress\/plugins\/seo\/ -->\n<title>Auf Entdeckungstour durch Corvey &#8226; Welterbe Corvey<\/title>\n<meta name=\"robots\" content=\"index, follow, max-snippet:-1, max-image-preview:large, max-video-preview:-1\" \/>\n<link rel=\"canonical\" href=\"https:\/\/corvey.de\/en\/fuehrungen\/fuehrungen-fuer-schulklassen\/auf-entdeckungstour-durch-corvey\/\" \/>\n<meta property=\"og:locale\" content=\"en_US\" \/>\n<meta property=\"og:locale:alternate\" content=\"de_DE\" \/>\n<meta property=\"og:type\" content=\"article\" \/>\n<meta property=\"og:title\" content=\"Auf Entdeckungstour durch Corvey\" \/>\n<meta property=\"og:description\" content=\"Benediktinerm\u00f6nche, Kaiser, F\u00fcrsten und Prinzen haben ihre Spuren in Corvey hinterlassen. In einer Schatztruhe werden einige Sch\u00e4tze aus der Geschichte der ehemaligen Reichsabtei gesammelt. Dabei ist z.B. ein Geschichtszollstock, der die 1200 j\u00e4hrige Geschichte Corveys ablesbar macht. Ein Schatz kann aber auch ein kleiner Sandstein, ein Liedtext oder ein Buch aus der F\u00fcrstlichen Bibliothek sein. [&hellip;]\" \/>\n<meta property=\"og:url\" content=\"https:\/\/corvey.de\/en\/fuehrungen\/fuehrungen-fuer-schulklassen\/auf-entdeckungstour-durch-corvey\/\" \/>\n<meta property=\"og:site_name\" content=\"Welterbe Corvey\" \/>\n<meta property=\"article:modified_time\" content=\"2025-03-12T09:57:21+00:00\" \/>\n<meta property=\"og:image\" content=\"https:\/\/corvey.de\/wp-content\/uploads\/2020\/11\/5-entdeckungstour-scaled.jpg\" \/>\n\t<meta property=\"og:image:width\" content=\"2560\" \/>\n\t<meta property=\"og:image:height\" content=\"1920\" \/>\n\t<meta property=\"og:image:type\" content=\"image\/jpeg\" \/>\n<meta name=\"twitter:card\" content=\"summary_large_image\" \/>\n<meta name=\"twitter:label1\" content=\"Est. reading time\" \/>\n\t<meta name=\"twitter:data1\" content=\"1 minute\" \/>\n<script type=\"application\/ld+json\" class=\"yoast-schema-graph\">{\"@context\":\"https:\/\/schema.org\",\"@graph\":[{\"@type\":\"WebPage\",\"@id\":\"https:\/\/corvey.de\/fuehrungen\/fuehrungen-fuer-schulklassen\/auf-entdeckungstour-durch-corvey\/\",\"url\":\"https:\/\/corvey.de\/fuehrungen\/fuehrungen-fuer-schulklassen\/auf-entdeckungstour-durch-corvey\/\",\"name\":\"Auf Entdeckungstour durch Corvey\",\"isPartOf\":{\"@id\":\"https:\/\/corvey.de\/#website\"},\"primaryImageOfPage\":{\"@id\":\"https:\/\/corvey.de\/fuehrungen\/fuehrungen-fuer-schulklassen\/auf-entdeckungstour-durch-corvey\/#primaryimage\"},\"image\":{\"@id\":\"https:\/\/corvey.de\/fuehrungen\/fuehrungen-fuer-schulklassen\/auf-entdeckungstour-durch-corvey\/#primaryimage\"},\"thumbnailUrl\":\"https:\/\/corvey.de\/wp-content\/uploads\/2020\/11\/5-entdeckungstour-scaled.jpg\",\"datePublished\":\"2020-11-04T08:37:20+00:00\",\"dateModified\":\"2025-03-12T09:57:21+00:00\",\"breadcrumb\":{\"@id\":\"https:\/\/corvey.de\/fuehrungen\/fuehrungen-fuer-schulklassen\/auf-entdeckungstour-durch-corvey\/#breadcrumb\"},\"inLanguage\":\"en-US\",\"potentialAction\":[{\"@type\":\"ReadAction\",\"target\":[\"https:\/\/corvey.de\/fuehrungen\/fuehrungen-fuer-schulklassen\/auf-entdeckungstour-durch-corvey\/\"]}]},{\"@type\":\"ImageObject\",\"inLanguage\":\"en-US\",\"@id\":\"https:\/\/corvey.de\/fuehrungen\/fuehrungen-fuer-schulklassen\/auf-entdeckungstour-durch-corvey\/#primaryimage\",\"url\":\"https:\/\/corvey.de\/wp-content\/uploads\/2020\/11\/5-entdeckungstour-scaled.jpg\",\"contentUrl\":\"https:\/\/corvey.de\/wp-content\/uploads\/2020\/11\/5-entdeckungstour-scaled.jpg\",\"width\":2560,\"height\":1920},{\"@type\":\"BreadcrumbList\",\"@id\":\"https:\/\/corvey.de\/fuehrungen\/fuehrungen-fuer-schulklassen\/auf-entdeckungstour-durch-corvey\/#breadcrumb\",\"itemListElement\":[{\"@type\":\"ListItem\",\"position\":1,\"name\":\"Home\",\"item\":\"https:\/\/corvey.de\/\"},{\"@type\":\"ListItem\",\"position\":2,\"name\":\"F\u00fchrungen\",\"item\":\"https:\/\/corvey.de\/fuehrungen\/\"},{\"@type\":\"ListItem\",\"position\":3,\"name\":\"F\u00fchrungen f\u00fcr Schulklassen\",\"item\":\"https:\/\/corvey.de\/fuehrungen\/fuehrungen-fuer-schulklassen\/\"},{\"@type\":\"ListItem\",\"position\":4,\"name\":\"Auf Entdeckungstour durch Corvey\"}]},{\"@type\":\"WebSite\",\"@id\":\"https:\/\/corvey.de\/#website\",\"url\":\"https:\/\/corvey.de\/\",\"name\":\"Schloss Corvey\",\"description\":\"\",\"publisher\":{\"@id\":\"https:\/\/corvey.de\/#organization\"},\"potentialAction\":[{\"@type\":\"SearchAction\",\"target\":{\"@type\":\"EntryPoint\",\"urlTemplate\":\"https:\/\/corvey.de\/?s={search_term_string}\"},\"query-input\":{\"@type\":\"PropertyValueSpecification\",\"valueRequired\":true,\"valueName\":\"search_term_string\"}}],\"inLanguage\":\"en-US\"},{\"@type\":\"Organization\",\"@id\":\"https:\/\/corvey.de\/#organization\",\"name\":\"Schloss Corvey\",\"url\":\"https:\/\/corvey.de\/\",\"logo\":{\"@type\":\"ImageObject\",\"inLanguage\":\"en-US\",\"@id\":\"https:\/\/corvey.de\/#\/schema\/logo\/image\/\",\"url\":\"https:\/\/corvey.de\/wp-content\/uploads\/2020\/10\/logo-schloss-corvey.svg\",\"contentUrl\":\"https:\/\/corvey.de\/wp-content\/uploads\/2020\/10\/logo-schloss-corvey.svg\",\"width\":1,\"height\":1,\"caption\":\"Schloss Corvey\"},\"image\":{\"@id\":\"https:\/\/corvey.de\/#\/schema\/logo\/image\/\"}}]}<\/script>\n<!-- \/ Yoast SEO plugin. -->","yoast_head_json":{"title":"Auf Entdeckungstour durch Corvey &#8226; Welterbe Corvey","robots":{"index":"index","follow":"follow","max-snippet":"max-snippet:-1","max-image-preview":"max-image-preview:large","max-video-preview":"max-video-preview:-1"},"canonical":"https:\/\/corvey.de\/en\/fuehrungen\/fuehrungen-fuer-schulklassen\/auf-entdeckungstour-durch-corvey\/","og_locale":"en_US","og_type":"article","og_title":"[:de]Auf Entdeckungstour durch Corvey[:] &#8226; Welterbe Corvey","og_description":"Benediktinerm\u00f6nche, Kaiser, F\u00fcrsten und Prinzen haben ihre Spuren in Corvey hinterlassen. In einer Schatztruhe werden einige Sch\u00e4tze aus der Geschichte der ehemaligen Reichsabtei gesammelt. Dabei ist z.B. ein Geschichtszollstock, der die 1200 j\u00e4hrige Geschichte Corveys ablesbar macht. Ein Schatz kann aber auch ein kleiner Sandstein, ein Liedtext oder ein Buch aus der F\u00fcrstlichen Bibliothek sein. [&hellip;]","og_url":"https:\/\/corvey.de\/en\/fuehrungen\/fuehrungen-fuer-schulklassen\/auf-entdeckungstour-durch-corvey\/","og_site_name":"Welterbe Corvey","article_modified_time":"2025-03-12T09:57:21+00:00","og_image":[{"width":2560,"height":1920,"url":"https:\/\/corvey.de\/wp-content\/uploads\/2020\/11\/5-entdeckungstour-scaled.jpg","type":"image\/jpeg"}],"twitter_card":"summary_large_image","twitter_misc":{"Est. reading time":"1 minute"},"schema":{"@context":"https:\/\/schema.org","@graph":[{"@type":"WebPage","@id":"https:\/\/corvey.de\/fuehrungen\/fuehrungen-fuer-schulklassen\/auf-entdeckungstour-durch-corvey\/","url":"https:\/\/corvey.de\/fuehrungen\/fuehrungen-fuer-schulklassen\/auf-entdeckungstour-durch-corvey\/","name":"Auf Entdeckungstour durch Corvey","isPartOf":{"@id":"https:\/\/corvey.de\/#website"},"primaryImageOfPage":{"@id":"https:\/\/corvey.de\/fuehrungen\/fuehrungen-fuer-schulklassen\/auf-entdeckungstour-durch-corvey\/#primaryimage"},"image":{"@id":"https:\/\/corvey.de\/fuehrungen\/fuehrungen-fuer-schulklassen\/auf-entdeckungstour-durch-corvey\/#primaryimage"},"thumbnailUrl":"https:\/\/corvey.de\/wp-content\/uploads\/2020\/11\/5-entdeckungstour-scaled.jpg","datePublished":"2020-11-04T08:37:20+00:00","dateModified":"2025-03-12T09:57:21+00:00","breadcrumb":{"@id":"https:\/\/corvey.de\/fuehrungen\/fuehrungen-fuer-schulklassen\/auf-entdeckungstour-durch-corvey\/#breadcrumb"},"inLanguage":"en-US","potentialAction":[{"@type":"ReadAction","target":["https:\/\/corvey.de\/fuehrungen\/fuehrungen-fuer-schulklassen\/auf-entdeckungstour-durch-corvey\/"]}]},{"@type":"ImageObject","inLanguage":"en-US","@id":"https:\/\/corvey.de\/fuehrungen\/fuehrungen-fuer-schulklassen\/auf-entdeckungstour-durch-corvey\/#primaryimage","url":"https:\/\/corvey.de\/wp-content\/uploads\/2020\/11\/5-entdeckungstour-scaled.jpg","contentUrl":"https:\/\/corvey.de\/wp-content\/uploads\/2020\/11\/5-entdeckungstour-scaled.jpg","width":2560,"height":1920},{"@type":"BreadcrumbList","@id":"https:\/\/corvey.de\/fuehrungen\/fuehrungen-fuer-schulklassen\/auf-entdeckungstour-durch-corvey\/#breadcrumb","itemListElement":[{"@type":"ListItem","position":1,"name":"Home","item":"https:\/\/corvey.de\/"},{"@type":"ListItem","position":2,"name":"F\u00fchrungen","item":"https:\/\/corvey.de\/fuehrungen\/"},{"@type":"ListItem","position":3,"name":"F\u00fchrungen f\u00fcr Schulklassen","item":"https:\/\/corvey.de\/fuehrungen\/fuehrungen-fuer-schulklassen\/"},{"@type":"ListItem","position":4,"name":"Auf Entdeckungstour durch Corvey"}]},{"@type":"WebSite","@id":"https:\/\/corvey.de\/#website","url":"https:\/\/corvey.de\/","name":"Schloss Corvey","description":"","publisher":{"@id":"https:\/\/corvey.de\/#organization"},"potentialAction":[{"@type":"SearchAction","target":{"@type":"EntryPoint","urlTemplate":"https:\/\/corvey.de\/?s={search_term_string}"},"query-input":{"@type":"PropertyValueSpecification","valueRequired":true,"valueName":"search_term_string"}}],"inLanguage":"en-US"},{"@type":"Organization","@id":"https:\/\/corvey.de\/#organization","name":"Schloss Corvey","url":"https:\/\/corvey.de\/","logo":{"@type":"ImageObject","inLanguage":"en-US","@id":"https:\/\/corvey.de\/#\/schema\/logo\/image\/","url":"https:\/\/corvey.de\/wp-content\/uploads\/2020\/10\/logo-schloss-corvey.svg","contentUrl":"https:\/\/corvey.de\/wp-content\/uploads\/2020\/10\/logo-schloss-corvey.svg","width":1,"height":1,"caption":"Schloss Corvey"},"image":{"@id":"https:\/\/corvey.de\/#\/schema\/logo\/image\/"}}]}},"_links":{"self":[{"href":"https:\/\/corvey.de\/en\/wp-json\/wp\/v2\/pages\/1035","targetHints":{"allow":["GET"]}}],"collection":[{"href":"https:\/\/corvey.de\/en\/wp-json\/wp\/v2\/pages"}],"about":[{"href":"https:\/\/corvey.de\/en\/wp-json\/wp\/v2\/types\/page"}],"author":[{"embeddable":true,"href":"https:\/\/corvey.de\/en\/wp-json\/wp\/v2\/users\/1"}],"replies":[{"embeddable":true,"href":"https:\/\/corvey.de\/en\/wp-json\/wp\/v2\/comments?post=1035"}],"version-history":[{"count":5,"href":"https:\/\/corvey.de\/en\/wp-json\/wp\/v2\/pages\/1035\/revisions"}],"predecessor-version":[{"id":2956,"href":"https:\/\/corvey.de\/en\/wp-json\/wp\/v2\/pages\/1035\/revisions\/2956"}],"up":[{"embeddable":true,"href":"https:\/\/corvey.de\/en\/wp-json\/wp\/v2\/pages\/1032"}],"wp:featuredmedia":[{"embeddable":true,"href":"https:\/\/corvey.de\/en\/wp-json\/wp\/v2\/media\/1043"}],"wp:attachment":[{"href":"https:\/\/corvey.de\/en\/wp-json\/wp\/v2\/media?parent=1035"}],"curies":[{"name":"wp","href":"https:\/\/api.w.org\/{rel}","templated":true}]}}