{"id":1045,"date":"2020-11-04T09:48:42","date_gmt":"2020-11-04T08:48:42","guid":{"rendered":"https:\/\/corvey.de\/?page_id=1045"},"modified":"2025-03-12T10:59:49","modified_gmt":"2025-03-12T09:59:49","slug":"kindergeburtstag-in-corvey","status":"publish","type":"page","link":"https:\/\/corvey.de\/en\/fuehrungen\/kindergeburtstag-in-corvey\/","title":{"rendered":"Kindergeburtstag in Corvey"},"content":{"rendered":"<h5><strong><span class=\"format rot\">PROGRAMM 1: SCHATZSUCHE<\/span><\/strong><\/h5>\n<p>Das Geburtstagskind und seine\/ihre G\u00e4ste begeben sich auf eine spannende Schatzsuche in den alten Mauern des ehemaligen Klosters. Hierbei m\u00fcssen R\u00e4tsel gel\u00f6st und Aufgaben bew\u00e4ltigt werden, um mit reicher Beute nach Hause zur\u00fcckzukehren. Jedes Kind bekommt einen Schatzbeutel, der mit kleinen Kostbarkeiten gef\u00fcllt wird (Schatzkarte, Murmel, Liedtext, Pergament, Bleistift, Kaubonbon-Taler).<\/p>\n<h5><\/h5>\n<h5><strong><span class=\"format rot\">PROGRAMM 2: MUSEUMSDETEKTIVE GESUCHT!<\/span><\/strong><\/h5>\n<p>Kreuz und quer durch das Museum werden s\u00e4mtliche Sinne trainiert, so dass die Suche nach der Corveyer Schatzkiste erfolgreich abgeschlossen werden kann. Jedes Kind bekommt einen Detektivbeutel, der mit verschiedenen Dingen gef\u00fcllt wird (Mini-Block, Bleistift, Kaubonbon-Taler, Perle und pers\u00f6nlicher Museumsdetektiv-Ausweis).<\/p>\n<h5><\/h5>\n<h5><strong><span class=\"format rot\">PROGRAMM 3: WIR BASTELN UNSER EIGENES BUCH!<\/span><\/strong><\/h5>\n<p>Nach einer kurzen F\u00fchrung durch Corvey werfen wir einen besonderen Blick auf die F\u00fcrstliche Bibliothek mit ihren gro\u00dfen B\u00fccherschr\u00e4nken. Wertvolle B\u00fccher mit kunstvollen Einb\u00e4nden inspirieren die Geburtstagsg\u00e4ste, ein eigenes Buch mit besonderen Verzierungen zu gestalten. Im Museumsatelier liegen unterschiedliche Papiersorten, Filz, Stoffe, Stifte und Perlen zum Basteln bereit. Bunte Freundschaftsb\u00fccher, G\u00e4steb\u00fccher oder geheime Tageb\u00fccher k\u00f6nnen am Ende mit nach Hause genommen werden.\u00a0(max. 6 Kinder)<\/p>\n<p><strong><a style=\"color: #3366ff;\" href=\"https:\/\/corvey.de\/fuehrung-buchen\/\">[hier buchen]<\/a><\/strong><\/p>\n<p><strong><a href=\"tel:0049527168168\">Annette Beckert, Tel.: [05271 68168]<\/a><\/strong><\/p>\n","protected":false},"excerpt":{"rendered":"<p>PROGRAMM 1: SCHATZSUCHE Das Geburtstagskind und seine\/ihre G\u00e4ste begeben sich auf eine spannende Schatzsuche in den alten Mauern des ehemaligen Klosters. Hierbei m\u00fcssen R\u00e4tsel gel\u00f6st und Aufgaben bew\u00e4ltigt werden, um mit reicher Beute nach Hause zur\u00fcckzukehren. Jedes Kind bekommt einen Schatzbeutel, der mit kleinen Kostbarkeiten gef\u00fcllt wird (Schatzkarte, Murmel, Liedtext, Pergament, Bleistift, Kaubonbon-Taler). PROGRAMM 2: [&hellip;]<\/p>\n","protected":false},"author":1,"featured_media":1040,"parent":12,"menu_order":0,"comment_status":"closed","ping_status":"closed","template":"","meta":{"_acf_changed":false,"footnotes":""},"class_list":["post-1045","page","type-page","status-publish","has-post-thumbnail","hentry"],"acf":[],"yoast_head":"<!-- This site is optimized with the Yoast SEO plugin v24.0 - https:\/\/yoast.com\/wordpress\/plugins\/seo\/ -->\n<title>Kindergeburtstag in Corvey &#8226; Welterbe Corvey<\/title>\n<meta name=\"robots\" content=\"index, follow, max-snippet:-1, max-image-preview:large, max-video-preview:-1\" \/>\n<link rel=\"canonical\" href=\"https:\/\/corvey.de\/en\/fuehrungen\/kindergeburtstag-in-corvey\/\" \/>\n<meta property=\"og:locale\" content=\"en_US\" \/>\n<meta property=\"og:locale:alternate\" content=\"de_DE\" \/>\n<meta property=\"og:type\" content=\"article\" \/>\n<meta property=\"og:title\" content=\"Kindergeburtstag in Corvey\" \/>\n<meta property=\"og:description\" content=\"PROGRAMM 1: SCHATZSUCHE Das Geburtstagskind und seine\/ihre G\u00e4ste begeben sich auf eine spannende Schatzsuche in den alten Mauern des ehemaligen Klosters. Hierbei m\u00fcssen R\u00e4tsel gel\u00f6st und Aufgaben bew\u00e4ltigt werden, um mit reicher Beute nach Hause zur\u00fcckzukehren. Jedes Kind bekommt einen Schatzbeutel, der mit kleinen Kostbarkeiten gef\u00fcllt wird (Schatzkarte, Murmel, Liedtext, Pergament, Bleistift, Kaubonbon-Taler). PROGRAMM 2: [&hellip;]\" \/>\n<meta property=\"og:url\" content=\"https:\/\/corvey.de\/en\/fuehrungen\/kindergeburtstag-in-corvey\/\" \/>\n<meta property=\"og:site_name\" content=\"Welterbe Corvey\" \/>\n<meta property=\"article:modified_time\" content=\"2025-03-12T09:59:49+00:00\" \/>\n<meta property=\"og:image\" content=\"https:\/\/corvey.de\/wp-content\/uploads\/2020\/11\/3-corvey-erleben-scaled-e1604479196701.jpg\" \/>\n\t<meta property=\"og:image:width\" content=\"1920\" \/>\n\t<meta property=\"og:image:height\" content=\"1209\" \/>\n\t<meta property=\"og:image:type\" content=\"image\/jpeg\" \/>\n<meta name=\"twitter:card\" content=\"summary_large_image\" \/>\n<meta name=\"twitter:label1\" content=\"Est. reading time\" \/>\n\t<meta name=\"twitter:data1\" content=\"2 minutes\" \/>\n<script type=\"application\/ld+json\" class=\"yoast-schema-graph\">{\"@context\":\"https:\/\/schema.org\",\"@graph\":[{\"@type\":\"WebPage\",\"@id\":\"https:\/\/corvey.de\/fuehrungen\/kindergeburtstag-in-corvey\/\",\"url\":\"https:\/\/corvey.de\/fuehrungen\/kindergeburtstag-in-corvey\/\",\"name\":\"Kindergeburtstag in Corvey\",\"isPartOf\":{\"@id\":\"https:\/\/corvey.de\/#website\"},\"primaryImageOfPage\":{\"@id\":\"https:\/\/corvey.de\/fuehrungen\/kindergeburtstag-in-corvey\/#primaryimage\"},\"image\":{\"@id\":\"https:\/\/corvey.de\/fuehrungen\/kindergeburtstag-in-corvey\/#primaryimage\"},\"thumbnailUrl\":\"https:\/\/corvey.de\/wp-content\/uploads\/2020\/11\/3-corvey-erleben-scaled-e1604479196701.jpg\",\"datePublished\":\"2020-11-04T08:48:42+00:00\",\"dateModified\":\"2025-03-12T09:59:49+00:00\",\"breadcrumb\":{\"@id\":\"https:\/\/corvey.de\/fuehrungen\/kindergeburtstag-in-corvey\/#breadcrumb\"},\"inLanguage\":\"en-US\",\"potentialAction\":[{\"@type\":\"ReadAction\",\"target\":[\"https:\/\/corvey.de\/fuehrungen\/kindergeburtstag-in-corvey\/\"]}]},{\"@type\":\"ImageObject\",\"inLanguage\":\"en-US\",\"@id\":\"https:\/\/corvey.de\/fuehrungen\/kindergeburtstag-in-corvey\/#primaryimage\",\"url\":\"https:\/\/corvey.de\/wp-content\/uploads\/2020\/11\/3-corvey-erleben-scaled-e1604479196701.jpg\",\"contentUrl\":\"https:\/\/corvey.de\/wp-content\/uploads\/2020\/11\/3-corvey-erleben-scaled-e1604479196701.jpg\",\"width\":1920,\"height\":1209},{\"@type\":\"BreadcrumbList\",\"@id\":\"https:\/\/corvey.de\/fuehrungen\/kindergeburtstag-in-corvey\/#breadcrumb\",\"itemListElement\":[{\"@type\":\"ListItem\",\"position\":1,\"name\":\"Home\",\"item\":\"https:\/\/corvey.de\/\"},{\"@type\":\"ListItem\",\"position\":2,\"name\":\"F\u00fchrungen\",\"item\":\"https:\/\/corvey.de\/fuehrungen\/\"},{\"@type\":\"ListItem\",\"position\":3,\"name\":\"Kindergeburtstag in Corvey\"}]},{\"@type\":\"WebSite\",\"@id\":\"https:\/\/corvey.de\/#website\",\"url\":\"https:\/\/corvey.de\/\",\"name\":\"Schloss Corvey\",\"description\":\"\",\"publisher\":{\"@id\":\"https:\/\/corvey.de\/#organization\"},\"potentialAction\":[{\"@type\":\"SearchAction\",\"target\":{\"@type\":\"EntryPoint\",\"urlTemplate\":\"https:\/\/corvey.de\/?s={search_term_string}\"},\"query-input\":{\"@type\":\"PropertyValueSpecification\",\"valueRequired\":true,\"valueName\":\"search_term_string\"}}],\"inLanguage\":\"en-US\"},{\"@type\":\"Organization\",\"@id\":\"https:\/\/corvey.de\/#organization\",\"name\":\"Schloss Corvey\",\"url\":\"https:\/\/corvey.de\/\",\"logo\":{\"@type\":\"ImageObject\",\"inLanguage\":\"en-US\",\"@id\":\"https:\/\/corvey.de\/#\/schema\/logo\/image\/\",\"url\":\"https:\/\/corvey.de\/wp-content\/uploads\/2020\/10\/logo-schloss-corvey.svg\",\"contentUrl\":\"https:\/\/corvey.de\/wp-content\/uploads\/2020\/10\/logo-schloss-corvey.svg\",\"width\":1,\"height\":1,\"caption\":\"Schloss Corvey\"},\"image\":{\"@id\":\"https:\/\/corvey.de\/#\/schema\/logo\/image\/\"}}]}<\/script>\n<!-- \/ Yoast SEO plugin. -->","yoast_head_json":{"title":"Kindergeburtstag in Corvey &#8226; Welterbe Corvey","robots":{"index":"index","follow":"follow","max-snippet":"max-snippet:-1","max-image-preview":"max-image-preview:large","max-video-preview":"max-video-preview:-1"},"canonical":"https:\/\/corvey.de\/en\/fuehrungen\/kindergeburtstag-in-corvey\/","og_locale":"en_US","og_type":"article","og_title":"[:de]Kindergeburtstag in Corvey[:] &#8226; Welterbe Corvey","og_description":"PROGRAMM 1: SCHATZSUCHE Das Geburtstagskind und seine\/ihre G\u00e4ste begeben sich auf eine spannende Schatzsuche in den alten Mauern des ehemaligen Klosters. Hierbei m\u00fcssen R\u00e4tsel gel\u00f6st und Aufgaben bew\u00e4ltigt werden, um mit reicher Beute nach Hause zur\u00fcckzukehren. Jedes Kind bekommt einen Schatzbeutel, der mit kleinen Kostbarkeiten gef\u00fcllt wird (Schatzkarte, Murmel, Liedtext, Pergament, Bleistift, Kaubonbon-Taler). PROGRAMM 2: [&hellip;]","og_url":"https:\/\/corvey.de\/en\/fuehrungen\/kindergeburtstag-in-corvey\/","og_site_name":"Welterbe Corvey","article_modified_time":"2025-03-12T09:59:49+00:00","og_image":[{"width":1920,"height":1209,"url":"https:\/\/corvey.de\/wp-content\/uploads\/2020\/11\/3-corvey-erleben-scaled-e1604479196701.jpg","type":"image\/jpeg"}],"twitter_card":"summary_large_image","twitter_misc":{"Est. reading time":"2 minutes"},"schema":{"@context":"https:\/\/schema.org","@graph":[{"@type":"WebPage","@id":"https:\/\/corvey.de\/fuehrungen\/kindergeburtstag-in-corvey\/","url":"https:\/\/corvey.de\/fuehrungen\/kindergeburtstag-in-corvey\/","name":"Kindergeburtstag in Corvey","isPartOf":{"@id":"https:\/\/corvey.de\/#website"},"primaryImageOfPage":{"@id":"https:\/\/corvey.de\/fuehrungen\/kindergeburtstag-in-corvey\/#primaryimage"},"image":{"@id":"https:\/\/corvey.de\/fuehrungen\/kindergeburtstag-in-corvey\/#primaryimage"},"thumbnailUrl":"https:\/\/corvey.de\/wp-content\/uploads\/2020\/11\/3-corvey-erleben-scaled-e1604479196701.jpg","datePublished":"2020-11-04T08:48:42+00:00","dateModified":"2025-03-12T09:59:49+00:00","breadcrumb":{"@id":"https:\/\/corvey.de\/fuehrungen\/kindergeburtstag-in-corvey\/#breadcrumb"},"inLanguage":"en-US","potentialAction":[{"@type":"ReadAction","target":["https:\/\/corvey.de\/fuehrungen\/kindergeburtstag-in-corvey\/"]}]},{"@type":"ImageObject","inLanguage":"en-US","@id":"https:\/\/corvey.de\/fuehrungen\/kindergeburtstag-in-corvey\/#primaryimage","url":"https:\/\/corvey.de\/wp-content\/uploads\/2020\/11\/3-corvey-erleben-scaled-e1604479196701.jpg","contentUrl":"https:\/\/corvey.de\/wp-content\/uploads\/2020\/11\/3-corvey-erleben-scaled-e1604479196701.jpg","width":1920,"height":1209},{"@type":"BreadcrumbList","@id":"https:\/\/corvey.de\/fuehrungen\/kindergeburtstag-in-corvey\/#breadcrumb","itemListElement":[{"@type":"ListItem","position":1,"name":"Home","item":"https:\/\/corvey.de\/"},{"@type":"ListItem","position":2,"name":"F\u00fchrungen","item":"https:\/\/corvey.de\/fuehrungen\/"},{"@type":"ListItem","position":3,"name":"Kindergeburtstag in Corvey"}]},{"@type":"WebSite","@id":"https:\/\/corvey.de\/#website","url":"https:\/\/corvey.de\/","name":"Schloss Corvey","description":"","publisher":{"@id":"https:\/\/corvey.de\/#organization"},"potentialAction":[{"@type":"SearchAction","target":{"@type":"EntryPoint","urlTemplate":"https:\/\/corvey.de\/?s={search_term_string}"},"query-input":{"@type":"PropertyValueSpecification","valueRequired":true,"valueName":"search_term_string"}}],"inLanguage":"en-US"},{"@type":"Organization","@id":"https:\/\/corvey.de\/#organization","name":"Schloss Corvey","url":"https:\/\/corvey.de\/","logo":{"@type":"ImageObject","inLanguage":"en-US","@id":"https:\/\/corvey.de\/#\/schema\/logo\/image\/","url":"https:\/\/corvey.de\/wp-content\/uploads\/2020\/10\/logo-schloss-corvey.svg","contentUrl":"https:\/\/corvey.de\/wp-content\/uploads\/2020\/10\/logo-schloss-corvey.svg","width":1,"height":1,"caption":"Schloss Corvey"},"image":{"@id":"https:\/\/corvey.de\/#\/schema\/logo\/image\/"}}]}},"_links":{"self":[{"href":"https:\/\/corvey.de\/en\/wp-json\/wp\/v2\/pages\/1045","targetHints":{"allow":["GET"]}}],"collection":[{"href":"https:\/\/corvey.de\/en\/wp-json\/wp\/v2\/pages"}],"about":[{"href":"https:\/\/corvey.de\/en\/wp-json\/wp\/v2\/types\/page"}],"author":[{"embeddable":true,"href":"https:\/\/corvey.de\/en\/wp-json\/wp\/v2\/users\/1"}],"replies":[{"embeddable":true,"href":"https:\/\/corvey.de\/en\/wp-json\/wp\/v2\/comments?post=1045"}],"version-history":[{"count":8,"href":"https:\/\/corvey.de\/en\/wp-json\/wp\/v2\/pages\/1045\/revisions"}],"predecessor-version":[{"id":2960,"href":"https:\/\/corvey.de\/en\/wp-json\/wp\/v2\/pages\/1045\/revisions\/2960"}],"up":[{"embeddable":true,"href":"https:\/\/corvey.de\/en\/wp-json\/wp\/v2\/pages\/12"}],"wp:featuredmedia":[{"embeddable":true,"href":"https:\/\/corvey.de\/en\/wp-json\/wp\/v2\/media\/1040"}],"wp:attachment":[{"href":"https:\/\/corvey.de\/en\/wp-json\/wp\/v2\/media?parent=1045"}],"curies":[{"name":"wp","href":"https:\/\/api.w.org\/{rel}","templated":true}]}}