{"id":14,"date":"2020-09-16T16:18:00","date_gmt":"2020-09-16T14:18:00","guid":{"rendered":"https:\/\/corvey.de\/feiern-und-tagen\/"},"modified":"2024-06-12T12:48:47","modified_gmt":"2024-06-12T10:48:47","slug":"feiern-und-tagen","status":"publish","type":"page","link":"https:\/\/corvey.de\/en\/feiern-und-tagen\/","title":{"rendered":"Feiern &#038; Tagen"},"content":{"rendered":"<h3>TAGEN UND FEIERN IN DER WELTERBEST\u00c4TTE CORVEY<\/h3>\n<p>Die Welterbest\u00e4tte\u00a0Corvey bietet f\u00fcr private Feiern, Firmenfeiern, Tagungen und Seminare einen au\u00dfergew\u00f6hnlichen Rahmen. In den historischen R\u00e4umlichkeiten bieten wir Ihnen\u00a0umfassenden Service und ein\u00a0professionelles Catering.<\/p>\n<p>Ob eine individuelle Beratung, ein pers\u00f6nliches Gespr\u00e4ch, eine Besichtigung der R\u00e4umlichkeiten &#8211; wir sind gerne f\u00fcr Sie da.<\/p>\n","protected":false},"excerpt":{"rendered":"<p>TAGEN UND FEIERN IN DER WELTERBEST\u00c4TTE CORVEY Die Welterbest\u00e4tte\u00a0Corvey bietet f\u00fcr private Feiern, Firmenfeiern, Tagungen und Seminare einen au\u00dfergew\u00f6hnlichen Rahmen. In den historischen R\u00e4umlichkeiten bieten wir Ihnen\u00a0umfassenden Service und ein\u00a0professionelles Catering. Ob eine individuelle Beratung, ein pers\u00f6nliches Gespr\u00e4ch, eine Besichtigung der R\u00e4umlichkeiten &#8211; wir sind gerne f\u00fcr Sie da.<\/p>\n","protected":false},"author":1,"featured_media":234,"parent":0,"menu_order":3,"comment_status":"closed","ping_status":"closed","template":"","meta":{"_acf_changed":false,"footnotes":""},"class_list":["post-14","page","type-page","status-publish","has-post-thumbnail","hentry"],"acf":[],"yoast_head":"<!-- This site is optimized with the Yoast SEO plugin v24.0 - https:\/\/yoast.com\/wordpress\/plugins\/seo\/ -->\n<title>Feiern &amp; Tagen &#8226; Welterbe Corvey<\/title>\n<meta name=\"robots\" content=\"index, follow, max-snippet:-1, max-image-preview:large, max-video-preview:-1\" \/>\n<link rel=\"canonical\" href=\"https:\/\/corvey.de\/en\/feiern-und-tagen\/\" \/>\n<meta property=\"og:locale\" content=\"en_US\" \/>\n<meta property=\"og:locale:alternate\" content=\"de_DE\" \/>\n<meta property=\"og:type\" content=\"article\" \/>\n<meta property=\"og:title\" content=\"Feiern &amp; Tagen\" \/>\n<meta property=\"og:description\" content=\"TAGEN UND FEIERN IN DER WELTERBEST\u00c4TTE CORVEY Die Welterbest\u00e4tte\u00a0Corvey bietet f\u00fcr private Feiern, Firmenfeiern, Tagungen und Seminare einen au\u00dfergew\u00f6hnlichen Rahmen. In den historischen R\u00e4umlichkeiten bieten wir Ihnen\u00a0umfassenden Service und ein\u00a0professionelles Catering. Ob eine individuelle Beratung, ein pers\u00f6nliches Gespr\u00e4ch, eine Besichtigung der R\u00e4umlichkeiten &#8211; wir sind gerne f\u00fcr Sie da.\" \/>\n<meta property=\"og:url\" content=\"https:\/\/corvey.de\/en\/feiern-und-tagen\/\" \/>\n<meta property=\"og:site_name\" content=\"Welterbe Corvey\" \/>\n<meta property=\"article:modified_time\" content=\"2024-06-12T10:48:47+00:00\" \/>\n<meta property=\"og:image\" content=\"https:\/\/corvey.de\/wp-content\/uploads\/2020\/10\/DSC8525-scaled.jpg\" \/>\n\t<meta property=\"og:image:width\" content=\"2560\" \/>\n\t<meta property=\"og:image:height\" content=\"1703\" \/>\n\t<meta property=\"og:image:type\" content=\"image\/jpeg\" \/>\n<meta name=\"twitter:card\" content=\"summary_large_image\" \/>\n<meta name=\"twitter:label1\" content=\"Est. reading time\" \/>\n\t<meta name=\"twitter:data1\" content=\"1 minute\" \/>\n<script type=\"application\/ld+json\" class=\"yoast-schema-graph\">{\"@context\":\"https:\/\/schema.org\",\"@graph\":[{\"@type\":\"WebPage\",\"@id\":\"https:\/\/corvey.de\/feiern-und-tagen\/\",\"url\":\"https:\/\/corvey.de\/feiern-und-tagen\/\",\"name\":\"Feiern & Tagen\",\"isPartOf\":{\"@id\":\"https:\/\/corvey.de\/#website\"},\"primaryImageOfPage\":{\"@id\":\"https:\/\/corvey.de\/feiern-und-tagen\/#primaryimage\"},\"image\":{\"@id\":\"https:\/\/corvey.de\/feiern-und-tagen\/#primaryimage\"},\"thumbnailUrl\":\"https:\/\/corvey.de\/wp-content\/uploads\/2020\/10\/DSC8525-scaled.jpg\",\"datePublished\":\"2020-09-16T14:18:00+00:00\",\"dateModified\":\"2024-06-12T10:48:47+00:00\",\"breadcrumb\":{\"@id\":\"https:\/\/corvey.de\/feiern-und-tagen\/#breadcrumb\"},\"inLanguage\":\"en-US\",\"potentialAction\":[{\"@type\":\"ReadAction\",\"target\":[\"https:\/\/corvey.de\/feiern-und-tagen\/\"]}]},{\"@type\":\"ImageObject\",\"inLanguage\":\"en-US\",\"@id\":\"https:\/\/corvey.de\/feiern-und-tagen\/#primaryimage\",\"url\":\"https:\/\/corvey.de\/wp-content\/uploads\/2020\/10\/DSC8525-scaled.jpg\",\"contentUrl\":\"https:\/\/corvey.de\/wp-content\/uploads\/2020\/10\/DSC8525-scaled.jpg\",\"width\":2560,\"height\":1703},{\"@type\":\"BreadcrumbList\",\"@id\":\"https:\/\/corvey.de\/feiern-und-tagen\/#breadcrumb\",\"itemListElement\":[{\"@type\":\"ListItem\",\"position\":1,\"name\":\"Home\",\"item\":\"https:\/\/corvey.de\/\"},{\"@type\":\"ListItem\",\"position\":2,\"name\":\"Feiern &#038; Tagen\"}]},{\"@type\":\"WebSite\",\"@id\":\"https:\/\/corvey.de\/#website\",\"url\":\"https:\/\/corvey.de\/\",\"name\":\"Schloss Corvey\",\"description\":\"\",\"publisher\":{\"@id\":\"https:\/\/corvey.de\/#organization\"},\"potentialAction\":[{\"@type\":\"SearchAction\",\"target\":{\"@type\":\"EntryPoint\",\"urlTemplate\":\"https:\/\/corvey.de\/?s={search_term_string}\"},\"query-input\":{\"@type\":\"PropertyValueSpecification\",\"valueRequired\":true,\"valueName\":\"search_term_string\"}}],\"inLanguage\":\"en-US\"},{\"@type\":\"Organization\",\"@id\":\"https:\/\/corvey.de\/#organization\",\"name\":\"Schloss Corvey\",\"url\":\"https:\/\/corvey.de\/\",\"logo\":{\"@type\":\"ImageObject\",\"inLanguage\":\"en-US\",\"@id\":\"https:\/\/corvey.de\/#\/schema\/logo\/image\/\",\"url\":\"https:\/\/corvey.de\/wp-content\/uploads\/2020\/10\/logo-schloss-corvey.svg\",\"contentUrl\":\"https:\/\/corvey.de\/wp-content\/uploads\/2020\/10\/logo-schloss-corvey.svg\",\"width\":1,\"height\":1,\"caption\":\"Schloss Corvey\"},\"image\":{\"@id\":\"https:\/\/corvey.de\/#\/schema\/logo\/image\/\"}}]}<\/script>\n<!-- \/ Yoast SEO plugin. -->","yoast_head_json":{"title":"Feiern & Tagen &#8226; Welterbe Corvey","robots":{"index":"index","follow":"follow","max-snippet":"max-snippet:-1","max-image-preview":"max-image-preview:large","max-video-preview":"max-video-preview:-1"},"canonical":"https:\/\/corvey.de\/en\/feiern-und-tagen\/","og_locale":"en_US","og_type":"article","og_title":"[:de]Feiern & Tagen[:] &#8226; Welterbe Corvey","og_description":"TAGEN UND FEIERN IN DER WELTERBEST\u00c4TTE CORVEY Die Welterbest\u00e4tte\u00a0Corvey bietet f\u00fcr private Feiern, Firmenfeiern, Tagungen und Seminare einen au\u00dfergew\u00f6hnlichen Rahmen. In den historischen R\u00e4umlichkeiten bieten wir Ihnen\u00a0umfassenden Service und ein\u00a0professionelles Catering. Ob eine individuelle Beratung, ein pers\u00f6nliches Gespr\u00e4ch, eine Besichtigung der R\u00e4umlichkeiten &#8211; wir sind gerne f\u00fcr Sie da.","og_url":"https:\/\/corvey.de\/en\/feiern-und-tagen\/","og_site_name":"Welterbe Corvey","article_modified_time":"2024-06-12T10:48:47+00:00","og_image":[{"width":2560,"height":1703,"url":"https:\/\/corvey.de\/wp-content\/uploads\/2020\/10\/DSC8525-scaled.jpg","type":"image\/jpeg"}],"twitter_card":"summary_large_image","twitter_misc":{"Est. reading time":"1 minute"},"schema":{"@context":"https:\/\/schema.org","@graph":[{"@type":"WebPage","@id":"https:\/\/corvey.de\/feiern-und-tagen\/","url":"https:\/\/corvey.de\/feiern-und-tagen\/","name":"Feiern & Tagen","isPartOf":{"@id":"https:\/\/corvey.de\/#website"},"primaryImageOfPage":{"@id":"https:\/\/corvey.de\/feiern-und-tagen\/#primaryimage"},"image":{"@id":"https:\/\/corvey.de\/feiern-und-tagen\/#primaryimage"},"thumbnailUrl":"https:\/\/corvey.de\/wp-content\/uploads\/2020\/10\/DSC8525-scaled.jpg","datePublished":"2020-09-16T14:18:00+00:00","dateModified":"2024-06-12T10:48:47+00:00","breadcrumb":{"@id":"https:\/\/corvey.de\/feiern-und-tagen\/#breadcrumb"},"inLanguage":"en-US","potentialAction":[{"@type":"ReadAction","target":["https:\/\/corvey.de\/feiern-und-tagen\/"]}]},{"@type":"ImageObject","inLanguage":"en-US","@id":"https:\/\/corvey.de\/feiern-und-tagen\/#primaryimage","url":"https:\/\/corvey.de\/wp-content\/uploads\/2020\/10\/DSC8525-scaled.jpg","contentUrl":"https:\/\/corvey.de\/wp-content\/uploads\/2020\/10\/DSC8525-scaled.jpg","width":2560,"height":1703},{"@type":"BreadcrumbList","@id":"https:\/\/corvey.de\/feiern-und-tagen\/#breadcrumb","itemListElement":[{"@type":"ListItem","position":1,"name":"Home","item":"https:\/\/corvey.de\/"},{"@type":"ListItem","position":2,"name":"Feiern &#038; Tagen"}]},{"@type":"WebSite","@id":"https:\/\/corvey.de\/#website","url":"https:\/\/corvey.de\/","name":"Schloss Corvey","description":"","publisher":{"@id":"https:\/\/corvey.de\/#organization"},"potentialAction":[{"@type":"SearchAction","target":{"@type":"EntryPoint","urlTemplate":"https:\/\/corvey.de\/?s={search_term_string}"},"query-input":{"@type":"PropertyValueSpecification","valueRequired":true,"valueName":"search_term_string"}}],"inLanguage":"en-US"},{"@type":"Organization","@id":"https:\/\/corvey.de\/#organization","name":"Schloss Corvey","url":"https:\/\/corvey.de\/","logo":{"@type":"ImageObject","inLanguage":"en-US","@id":"https:\/\/corvey.de\/#\/schema\/logo\/image\/","url":"https:\/\/corvey.de\/wp-content\/uploads\/2020\/10\/logo-schloss-corvey.svg","contentUrl":"https:\/\/corvey.de\/wp-content\/uploads\/2020\/10\/logo-schloss-corvey.svg","width":1,"height":1,"caption":"Schloss Corvey"},"image":{"@id":"https:\/\/corvey.de\/#\/schema\/logo\/image\/"}}]}},"_links":{"self":[{"href":"https:\/\/corvey.de\/en\/wp-json\/wp\/v2\/pages\/14","targetHints":{"allow":["GET"]}}],"collection":[{"href":"https:\/\/corvey.de\/en\/wp-json\/wp\/v2\/pages"}],"about":[{"href":"https:\/\/corvey.de\/en\/wp-json\/wp\/v2\/types\/page"}],"author":[{"embeddable":true,"href":"https:\/\/corvey.de\/en\/wp-json\/wp\/v2\/users\/1"}],"replies":[{"embeddable":true,"href":"https:\/\/corvey.de\/en\/wp-json\/wp\/v2\/comments?post=14"}],"version-history":[{"count":4,"href":"https:\/\/corvey.de\/en\/wp-json\/wp\/v2\/pages\/14\/revisions"}],"predecessor-version":[{"id":2830,"href":"https:\/\/corvey.de\/en\/wp-json\/wp\/v2\/pages\/14\/revisions\/2830"}],"wp:featuredmedia":[{"embeddable":true,"href":"https:\/\/corvey.de\/en\/wp-json\/wp\/v2\/media\/234"}],"wp:attachment":[{"href":"https:\/\/corvey.de\/en\/wp-json\/wp\/v2\/media?parent=14"}],"curies":[{"name":"wp","href":"https:\/\/api.w.org\/{rel}","templated":true}]}}