{"id":1508,"date":"2021-06-10T16:49:46","date_gmt":"2021-06-10T14:49:46","guid":{"rendered":"https:\/\/corvey.de\/?page_id=1508"},"modified":"2024-06-12T12:53:38","modified_gmt":"2024-06-12T10:53:38","slug":"teehaus-2","status":"publish","type":"page","link":"https:\/\/corvey.de\/en\/feiern-und-tagen\/teehaus-2\/","title":{"rendered":"Teehaus im Schlosspark mieten"},"content":{"rendered":"<p>Das Teehaus liegt inmitten des malerischen Schlossparks Corvey.<\/p>\n<p>Aus den Fenstern und besonders von der gro\u00dfz\u00fcgigen Terrasse bieten sich herrliche Bliche in den Park und auf das Schloss. Das Teehaus liegt unweit der Stadt H\u00f6xter mit allen Einkaufsm\u00f6glichkeiten und direkt am Radweg entlang der Weser. Es verf\u00fcgt \u00fcber zwei Doppelzimmer und 2 Einzelzimmer, alle mit eigenem Bad. Ebenso ist ein gro\u00dfer Salon, eine Bibliothek mit TV, Esszimmer und K\u00fcche vorhanden.<\/p>\n<p>Das Teehaus kann <span style=\"color: #3366ff;\"><strong><a style=\"color: #3366ff;\" href=\"mailto:teehaus@corvey.de\">[hier]<\/a> <\/strong><\/span>gebucht werden<\/p>\n<p><a href=\"tel:0049527168168\">Tel. <span style=\"color: #3366ff;\"><strong>[05271 68168]<\/strong><\/span><\/a><\/p>\n<p>&nbsp;<\/p>\n<p>&nbsp;<\/p>\n<p>&nbsp;<\/p>\n","protected":false},"excerpt":{"rendered":"<p>Das Teehaus liegt inmitten des malerischen Schlossparks Corvey. Aus den Fenstern und besonders von der gro\u00dfz\u00fcgigen Terrasse bieten sich herrliche Bliche in den Park und auf das Schloss. Das Teehaus liegt unweit der Stadt H\u00f6xter mit allen Einkaufsm\u00f6glichkeiten und direkt am Radweg entlang der Weser. Es verf\u00fcgt \u00fcber zwei Doppelzimmer und 2 Einzelzimmer, alle mit [&hellip;]<\/p>\n","protected":false},"author":3,"featured_media":1509,"parent":14,"menu_order":0,"comment_status":"closed","ping_status":"closed","template":"","meta":{"_acf_changed":false,"footnotes":""},"class_list":["post-1508","page","type-page","status-publish","has-post-thumbnail","hentry"],"acf":[],"yoast_head":"<!-- This site is optimized with the Yoast SEO plugin v24.0 - https:\/\/yoast.com\/wordpress\/plugins\/seo\/ -->\n<title>Teehaus im Schlosspark mieten &#8226; Welterbe Corvey<\/title>\n<meta name=\"robots\" content=\"index, follow, max-snippet:-1, max-image-preview:large, max-video-preview:-1\" \/>\n<link rel=\"canonical\" href=\"https:\/\/corvey.de\/en\/feiern-und-tagen\/teehaus-2\/\" \/>\n<meta property=\"og:locale\" content=\"en_US\" \/>\n<meta property=\"og:locale:alternate\" content=\"de_DE\" \/>\n<meta property=\"og:type\" content=\"article\" \/>\n<meta property=\"og:title\" content=\"Teehaus im Schlosspark mieten\" \/>\n<meta property=\"og:description\" content=\"Das Teehaus liegt inmitten des malerischen Schlossparks Corvey. Aus den Fenstern und besonders von der gro\u00dfz\u00fcgigen Terrasse bieten sich herrliche Bliche in den Park und auf das Schloss. Das Teehaus liegt unweit der Stadt H\u00f6xter mit allen Einkaufsm\u00f6glichkeiten und direkt am Radweg entlang der Weser. Es verf\u00fcgt \u00fcber zwei Doppelzimmer und 2 Einzelzimmer, alle mit [&hellip;]\" \/>\n<meta property=\"og:url\" content=\"https:\/\/corvey.de\/en\/feiern-und-tagen\/teehaus-2\/\" \/>\n<meta property=\"og:site_name\" content=\"Welterbe Corvey\" \/>\n<meta property=\"article:modified_time\" content=\"2024-06-12T10:53:38+00:00\" \/>\n<meta property=\"og:image\" content=\"https:\/\/corvey.de\/wp-content\/uploads\/2021\/06\/200979f5-b54b-43cf-8d43-92f02f4ac0db.jpg\" \/>\n\t<meta property=\"og:image:width\" content=\"1024\" \/>\n\t<meta property=\"og:image:height\" content=\"768\" \/>\n\t<meta property=\"og:image:type\" content=\"image\/jpeg\" \/>\n<meta name=\"twitter:card\" content=\"summary_large_image\" \/>\n<meta name=\"twitter:label1\" content=\"Est. reading time\" \/>\n\t<meta name=\"twitter:data1\" content=\"1 minute\" \/>\n<script type=\"application\/ld+json\" class=\"yoast-schema-graph\">{\"@context\":\"https:\/\/schema.org\",\"@graph\":[{\"@type\":\"WebPage\",\"@id\":\"https:\/\/corvey.de\/feiern-und-tagen\/teehaus-2\/\",\"url\":\"https:\/\/corvey.de\/feiern-und-tagen\/teehaus-2\/\",\"name\":\"Teehaus im Schlosspark mieten\",\"isPartOf\":{\"@id\":\"https:\/\/corvey.de\/#website\"},\"primaryImageOfPage\":{\"@id\":\"https:\/\/corvey.de\/feiern-und-tagen\/teehaus-2\/#primaryimage\"},\"image\":{\"@id\":\"https:\/\/corvey.de\/feiern-und-tagen\/teehaus-2\/#primaryimage\"},\"thumbnailUrl\":\"https:\/\/corvey.de\/wp-content\/uploads\/2021\/06\/200979f5-b54b-43cf-8d43-92f02f4ac0db.jpg\",\"datePublished\":\"2021-06-10T14:49:46+00:00\",\"dateModified\":\"2024-06-12T10:53:38+00:00\",\"breadcrumb\":{\"@id\":\"https:\/\/corvey.de\/feiern-und-tagen\/teehaus-2\/#breadcrumb\"},\"inLanguage\":\"en-US\",\"potentialAction\":[{\"@type\":\"ReadAction\",\"target\":[\"https:\/\/corvey.de\/feiern-und-tagen\/teehaus-2\/\"]}]},{\"@type\":\"ImageObject\",\"inLanguage\":\"en-US\",\"@id\":\"https:\/\/corvey.de\/feiern-und-tagen\/teehaus-2\/#primaryimage\",\"url\":\"https:\/\/corvey.de\/wp-content\/uploads\/2021\/06\/200979f5-b54b-43cf-8d43-92f02f4ac0db.jpg\",\"contentUrl\":\"https:\/\/corvey.de\/wp-content\/uploads\/2021\/06\/200979f5-b54b-43cf-8d43-92f02f4ac0db.jpg\",\"width\":1024,\"height\":768},{\"@type\":\"BreadcrumbList\",\"@id\":\"https:\/\/corvey.de\/feiern-und-tagen\/teehaus-2\/#breadcrumb\",\"itemListElement\":[{\"@type\":\"ListItem\",\"position\":1,\"name\":\"Home\",\"item\":\"https:\/\/corvey.de\/\"},{\"@type\":\"ListItem\",\"position\":2,\"name\":\"Feiern &#038; Tagen\",\"item\":\"https:\/\/corvey.de\/feiern-und-tagen\/\"},{\"@type\":\"ListItem\",\"position\":3,\"name\":\"Teehaus im Schlosspark mieten\"}]},{\"@type\":\"WebSite\",\"@id\":\"https:\/\/corvey.de\/#website\",\"url\":\"https:\/\/corvey.de\/\",\"name\":\"Schloss Corvey\",\"description\":\"\",\"publisher\":{\"@id\":\"https:\/\/corvey.de\/#organization\"},\"potentialAction\":[{\"@type\":\"SearchAction\",\"target\":{\"@type\":\"EntryPoint\",\"urlTemplate\":\"https:\/\/corvey.de\/?s={search_term_string}\"},\"query-input\":{\"@type\":\"PropertyValueSpecification\",\"valueRequired\":true,\"valueName\":\"search_term_string\"}}],\"inLanguage\":\"en-US\"},{\"@type\":\"Organization\",\"@id\":\"https:\/\/corvey.de\/#organization\",\"name\":\"Schloss Corvey\",\"url\":\"https:\/\/corvey.de\/\",\"logo\":{\"@type\":\"ImageObject\",\"inLanguage\":\"en-US\",\"@id\":\"https:\/\/corvey.de\/#\/schema\/logo\/image\/\",\"url\":\"https:\/\/corvey.de\/wp-content\/uploads\/2020\/10\/logo-schloss-corvey.svg\",\"contentUrl\":\"https:\/\/corvey.de\/wp-content\/uploads\/2020\/10\/logo-schloss-corvey.svg\",\"width\":1,\"height\":1,\"caption\":\"Schloss Corvey\"},\"image\":{\"@id\":\"https:\/\/corvey.de\/#\/schema\/logo\/image\/\"}}]}<\/script>\n<!-- \/ Yoast SEO plugin. -->","yoast_head_json":{"title":"Teehaus im Schlosspark mieten &#8226; Welterbe Corvey","robots":{"index":"index","follow":"follow","max-snippet":"max-snippet:-1","max-image-preview":"max-image-preview:large","max-video-preview":"max-video-preview:-1"},"canonical":"https:\/\/corvey.de\/en\/feiern-und-tagen\/teehaus-2\/","og_locale":"en_US","og_type":"article","og_title":"[:de]Teehaus im Schlosspark mieten[:] &#8226; Welterbe Corvey","og_description":"Das Teehaus liegt inmitten des malerischen Schlossparks Corvey. Aus den Fenstern und besonders von der gro\u00dfz\u00fcgigen Terrasse bieten sich herrliche Bliche in den Park und auf das Schloss. Das Teehaus liegt unweit der Stadt H\u00f6xter mit allen Einkaufsm\u00f6glichkeiten und direkt am Radweg entlang der Weser. Es verf\u00fcgt \u00fcber zwei Doppelzimmer und 2 Einzelzimmer, alle mit [&hellip;]","og_url":"https:\/\/corvey.de\/en\/feiern-und-tagen\/teehaus-2\/","og_site_name":"Welterbe Corvey","article_modified_time":"2024-06-12T10:53:38+00:00","og_image":[{"width":1024,"height":768,"url":"https:\/\/corvey.de\/wp-content\/uploads\/2021\/06\/200979f5-b54b-43cf-8d43-92f02f4ac0db.jpg","type":"image\/jpeg"}],"twitter_card":"summary_large_image","twitter_misc":{"Est. reading time":"1 minute"},"schema":{"@context":"https:\/\/schema.org","@graph":[{"@type":"WebPage","@id":"https:\/\/corvey.de\/feiern-und-tagen\/teehaus-2\/","url":"https:\/\/corvey.de\/feiern-und-tagen\/teehaus-2\/","name":"Teehaus im Schlosspark mieten","isPartOf":{"@id":"https:\/\/corvey.de\/#website"},"primaryImageOfPage":{"@id":"https:\/\/corvey.de\/feiern-und-tagen\/teehaus-2\/#primaryimage"},"image":{"@id":"https:\/\/corvey.de\/feiern-und-tagen\/teehaus-2\/#primaryimage"},"thumbnailUrl":"https:\/\/corvey.de\/wp-content\/uploads\/2021\/06\/200979f5-b54b-43cf-8d43-92f02f4ac0db.jpg","datePublished":"2021-06-10T14:49:46+00:00","dateModified":"2024-06-12T10:53:38+00:00","breadcrumb":{"@id":"https:\/\/corvey.de\/feiern-und-tagen\/teehaus-2\/#breadcrumb"},"inLanguage":"en-US","potentialAction":[{"@type":"ReadAction","target":["https:\/\/corvey.de\/feiern-und-tagen\/teehaus-2\/"]}]},{"@type":"ImageObject","inLanguage":"en-US","@id":"https:\/\/corvey.de\/feiern-und-tagen\/teehaus-2\/#primaryimage","url":"https:\/\/corvey.de\/wp-content\/uploads\/2021\/06\/200979f5-b54b-43cf-8d43-92f02f4ac0db.jpg","contentUrl":"https:\/\/corvey.de\/wp-content\/uploads\/2021\/06\/200979f5-b54b-43cf-8d43-92f02f4ac0db.jpg","width":1024,"height":768},{"@type":"BreadcrumbList","@id":"https:\/\/corvey.de\/feiern-und-tagen\/teehaus-2\/#breadcrumb","itemListElement":[{"@type":"ListItem","position":1,"name":"Home","item":"https:\/\/corvey.de\/"},{"@type":"ListItem","position":2,"name":"Feiern &#038; Tagen","item":"https:\/\/corvey.de\/feiern-und-tagen\/"},{"@type":"ListItem","position":3,"name":"Teehaus im Schlosspark mieten"}]},{"@type":"WebSite","@id":"https:\/\/corvey.de\/#website","url":"https:\/\/corvey.de\/","name":"Schloss Corvey","description":"","publisher":{"@id":"https:\/\/corvey.de\/#organization"},"potentialAction":[{"@type":"SearchAction","target":{"@type":"EntryPoint","urlTemplate":"https:\/\/corvey.de\/?s={search_term_string}"},"query-input":{"@type":"PropertyValueSpecification","valueRequired":true,"valueName":"search_term_string"}}],"inLanguage":"en-US"},{"@type":"Organization","@id":"https:\/\/corvey.de\/#organization","name":"Schloss Corvey","url":"https:\/\/corvey.de\/","logo":{"@type":"ImageObject","inLanguage":"en-US","@id":"https:\/\/corvey.de\/#\/schema\/logo\/image\/","url":"https:\/\/corvey.de\/wp-content\/uploads\/2020\/10\/logo-schloss-corvey.svg","contentUrl":"https:\/\/corvey.de\/wp-content\/uploads\/2020\/10\/logo-schloss-corvey.svg","width":1,"height":1,"caption":"Schloss Corvey"},"image":{"@id":"https:\/\/corvey.de\/#\/schema\/logo\/image\/"}}]}},"_links":{"self":[{"href":"https:\/\/corvey.de\/en\/wp-json\/wp\/v2\/pages\/1508","targetHints":{"allow":["GET"]}}],"collection":[{"href":"https:\/\/corvey.de\/en\/wp-json\/wp\/v2\/pages"}],"about":[{"href":"https:\/\/corvey.de\/en\/wp-json\/wp\/v2\/types\/page"}],"author":[{"embeddable":true,"href":"https:\/\/corvey.de\/en\/wp-json\/wp\/v2\/users\/3"}],"replies":[{"embeddable":true,"href":"https:\/\/corvey.de\/en\/wp-json\/wp\/v2\/comments?post=1508"}],"version-history":[{"count":11,"href":"https:\/\/corvey.de\/en\/wp-json\/wp\/v2\/pages\/1508\/revisions"}],"predecessor-version":[{"id":2833,"href":"https:\/\/corvey.de\/en\/wp-json\/wp\/v2\/pages\/1508\/revisions\/2833"}],"up":[{"embeddable":true,"href":"https:\/\/corvey.de\/en\/wp-json\/wp\/v2\/pages\/14"}],"wp:featuredmedia":[{"embeddable":true,"href":"https:\/\/corvey.de\/en\/wp-json\/wp\/v2\/media\/1509"}],"wp:attachment":[{"href":"https:\/\/corvey.de\/en\/wp-json\/wp\/v2\/media?parent=1508"}],"curies":[{"name":"wp","href":"https:\/\/api.w.org\/{rel}","templated":true}]}}