{"id":1644,"date":"2022-02-18T11:08:22","date_gmt":"2022-02-18T10:08:22","guid":{"rendered":"https:\/\/corvey.de\/?page_id=1644"},"modified":"2025-04-24T15:55:57","modified_gmt":"2025-04-24T13:55:57","slug":"corveyer-sommerkonzerte-2022","status":"publish","type":"page","link":"https:\/\/corvey.de\/en\/programm\/corveyer-sommerkonzerte-2022\/","title":{"rendered":"Corveyer Sommerkonzerte 2022"},"content":{"rendered":"<p>Sehr geehrtes Publikum!<\/p>\n<p>Die Konzertreihe \u201e<strong>Corveyer Sommerkonzerte 2022 pr\u00e4sentieren Stars von morgen<\/strong>\u201c thematisiert im Jahre 2022 die grandiose 1200-j\u00e4hrige Geschichte der Welterbest\u00e4tte Corvey, deren Gr\u00fcndung auf das Jahr 822 zur\u00fcckgeht. Jedes der 4 Konzerte orientiert sich an historischen Fixpunkten und f\u00fcllt diese inhaltlich mit etablierten, teils weltber\u00fchmten Spitzenensembles, die auf \u201eStars von morgen\u201c treffen. Dabei werden Sie erneut junge Solisten erleben, die sich durch die erfolgreiche Teilnahme an bedeutenden Wettbewerben ausgezeichnet haben und schon auf eine beeindruckende Vita verweisen k\u00f6nnen.<\/p>\n<p>Auff\u00fchrungsorte sind der 1200 Jahre alte Johanneschor im Westwerk der Kirche, der Kreuzgang des ehemaligen Klosters und der Kaisersaal.<\/p>\n<p>Seien Sie herzlich eingeladen zu gro\u00dfartiger Musik in grandiosen R\u00e4umen, dargeboten von Musikerinnen und Musikern der Extraklasse!<\/p>\n<p>Prof. Martin Christian Vogel<\/p>\n<p>K\u00fcnstlerischer Leiter<\/p>\n<p>&nbsp;<\/p>\n<p><strong><u>Konzerttermine \u201eCorveyer Sommerkonzerte 2022\u201c:<\/u><\/strong><\/p>\n<p><strong>Sonntag, 15. Mai 2022 um 17 Uhr<br \/>\n<\/strong><\/p>\n<p><strong>822 \u2013 Gr\u00fcndung des Klosters <\/strong><\/p>\n<p><strong>ARD \u2013 Preistr\u00e4gerin Violine im Dialog mit dem Vokalensemble \u201eamarcord\u201c<\/strong><\/p>\n<p>Das erste Konzert findet im original erhaltenen Johannischor des Westwerks statt und pr\u00e4sentiert Musik aus der Entstehungszeit und den folgenden Jahrhunderten mit dem weltweit renommierten <strong>Vokalensemble \u201eamarcord\u201c<\/strong> aus Leipzig. Im Wechsel mit ihrem Gesang erklingt eines der ber\u00fchmtesten und bedeutendsten Werke der musikalischen Weltliteratur, n\u00e4mlich die Partita d-Moll f\u00fcr Violine allein von Johann Sebastian Bach. Diese wird auf der Kaiserempore gespielt von der Preistr\u00e4gerin des diesj\u00e4hrigen ARD-Wettbewerbs <strong>Alexandra Tirsu<\/strong>.<\/p>\n<p>&nbsp;<\/p>\n<p><strong>Sonntag, 19. Juni 2022 um 17 Uhr<br \/>\n<\/strong><strong>1622 \u2013 1722 Zerst\u00f6rung und Wiederaufbau<\/strong><\/p>\n<p><strong>Marimba im Zwiegespr\u00e4ch mit Vokalensemble \u201eSeicento vocale\u201c<\/strong><\/p>\n<p>Die europ\u00e4ische Erfolgsgeschichte des Klosters endet zun\u00e4chst mit der weitgehenden Zerst\u00f6rung von Kirche und Kloster im 30-j\u00e4hrigen Krieg um 1622 und wird fortgesetzt mit dem erfolgten Wiederaufbau von Kirche und Kloster um 1722. Aus dieser Zeitspanne erklingt Musik im zweiten Konzert im Kreuzgang des Klosters mit dem <strong>Ensemble \u201eSeicento Vocale\u201c<\/strong> (meist ehemalige Studierende der HfM Detmold), das sich in den vergangenen Jahren einen exzellenten Ruf in der Szene der Musik des 17. und 18. Jahrhunderts erworben hat. Dieses Ensemble trifft Detmolder Studierende und 1. Preistr\u00e4gerin des Im Oktober 2021 durchgef\u00fchrten Internationalen Percussion\/Marimba-Wettbewerbs &#8220;World Percussion Movement&#8221; <strong>Yu Hagihara<\/strong>.<\/p>\n<p><strong>\u00a0<\/strong><\/p>\n<p><strong>Samstag, 2. Juli 2022 um 18 Uhr<br \/>\n<\/strong><strong>1822 \u2013 1000 Jahre Kloster Corvey<\/strong><\/p>\n<p><strong>\u201e\u00c4ltestes Streichquartett der Welt\u201c trifft auf Klaviervirtuosen<\/strong><\/p>\n<p><strong>\u00a0<\/strong>Das dritte Konzert bezieht sich bei seiner Programmauswahl auf die beeindruckende und gro\u00dfartige 1000-j\u00e4hrige Geschichte des Klosters Corvey um das Jahr 1822. Fast auf das Jahr genau 1000 Jahre nach Gr\u00fcndung wurde das Kloster nach dem Tod des letzten Abtes s\u00e4kularisiert und in das Schloss Corvey umgewandelt. Die Geschichte als Kloster fand sein Ende. In Reminiszenz an die 1000-j\u00e4hrige Klostergeschichte sollen im Konzert Gipfelwerke aus der Zeit um 1822 erklingen, Werke, die als zeitlose H\u00f6hepunkte der abendl\u00e4ndischen Musikgeschichte bezeichnet werden k\u00f6nnen und in die DNA der europ\u00e4ischen Kulturgeschichte eingegangen sind. Es erklingen Werke Beethovens, so die letzte Klaviersonate op.111 von 1822 und das 1825 entstandene Streichquartett op.132.<\/p>\n<p>Das <strong>Gewandhausquartett<\/strong> des Gewandhausorchesters Leipzig musiziert mit dem Gewinner des Internationalen Brahms \u2013 Klavierwettbewerbes Detmold 2021 Jonas <strong>Aumiller<\/strong>.<\/p>\n<p>&nbsp;<\/p>\n<p><strong>Sonntag, 17. Juli 2022 um 17 Uhr<br \/>\n<\/strong><\/p>\n<p><strong>2022 \u2013 1200 Jahre Welterbe Corvey<\/strong><\/p>\n<p><strong>Von Gregorianik bis Pop<\/strong><\/p>\n<p>Die Konzertreihe der Corveyer Sommerkonzerte beschlie\u00dft das Ensemble \u201epop up\u201c aus Detmold. Popul\u00e4re Musik mit jungen Spitzeninterpreten: Von Gregorianikbez\u00fcgen aus der 1200-j\u00e4hrigen Geschichte bis hin zu Pop-Bearbeitungen deutscher Volkslieder bietet das Ensemble unter der Leitung von Anne Kohler zeitgen\u00f6ssische Musik vom feinsten, hochprofessionell dargeboten. Das <strong>Ensemble \u201epop up\u201c<\/strong> unter der Leitung von <strong>Anne Kohler<\/strong> ist ein Publikumsmagnet. Es trat schon mit den Rolling Stones auf und hat viele bedeutende Chorwettbewerbe gewonnen. \u201eStar von morgen\u201c ist die beim Bundeswettbewerb Gesang Berlin 2021 mit dem 1. Preis ausgezeichnete Berliner S\u00e4ngerin und Schauspielerin <strong>Rebecca Katharina Lorenz<\/strong>.<\/p>\n","protected":false},"excerpt":{"rendered":"<p>Sehr geehrtes Publikum! Die Konzertreihe \u201eCorveyer Sommerkonzerte 2022 pr\u00e4sentieren Stars von morgen\u201c thematisiert im Jahre 2022 die grandiose 1200-j\u00e4hrige Geschichte der Welterbest\u00e4tte Corvey, deren Gr\u00fcndung auf das Jahr 822 zur\u00fcckgeht. Jedes der 4 Konzerte orientiert sich an historischen Fixpunkten und f\u00fcllt diese inhaltlich mit etablierten, teils weltber\u00fchmten Spitzenensembles, die auf \u201eStars von morgen\u201c treffen. Dabei [&hellip;]<\/p>\n","protected":false},"author":3,"featured_media":204,"parent":11,"menu_order":0,"comment_status":"closed","ping_status":"closed","template":"","meta":{"_acf_changed":false,"footnotes":""},"class_list":["post-1644","page","type-page","status-publish","has-post-thumbnail","hentry"],"acf":[],"yoast_head":"<!-- This site is optimized with the Yoast SEO plugin v24.0 - https:\/\/yoast.com\/wordpress\/plugins\/seo\/ -->\n<title>Corveyer Sommerkonzerte 2022 &#8226; Welterbe Corvey<\/title>\n<meta name=\"robots\" content=\"index, follow, max-snippet:-1, max-image-preview:large, max-video-preview:-1\" \/>\n<link rel=\"canonical\" href=\"https:\/\/corvey.de\/en\/programm\/corveyer-sommerkonzerte-2022\/\" \/>\n<meta property=\"og:locale\" content=\"en_US\" \/>\n<meta property=\"og:locale:alternate\" content=\"de_DE\" \/>\n<meta property=\"og:type\" content=\"article\" \/>\n<meta property=\"og:title\" content=\"Corveyer Sommerkonzerte 2022\" \/>\n<meta property=\"og:description\" content=\"Sehr geehrtes Publikum! Die Konzertreihe \u201eCorveyer Sommerkonzerte 2022 pr\u00e4sentieren Stars von morgen\u201c thematisiert im Jahre 2022 die grandiose 1200-j\u00e4hrige Geschichte der Welterbest\u00e4tte Corvey, deren Gr\u00fcndung auf das Jahr 822 zur\u00fcckgeht. Jedes der 4 Konzerte orientiert sich an historischen Fixpunkten und f\u00fcllt diese inhaltlich mit etablierten, teils weltber\u00fchmten Spitzenensembles, die auf \u201eStars von morgen\u201c treffen. Dabei [&hellip;]\" \/>\n<meta property=\"og:url\" content=\"https:\/\/corvey.de\/en\/programm\/corveyer-sommerkonzerte-2022\/\" \/>\n<meta property=\"og:site_name\" content=\"Welterbe Corvey\" \/>\n<meta property=\"article:modified_time\" content=\"2025-04-24T13:55:57+00:00\" \/>\n<meta property=\"og:image\" content=\"https:\/\/corvey.de\/wp-content\/uploads\/2020\/10\/02-Kaisersaal_DSC7494_klein.jpg\" \/>\n\t<meta property=\"og:image:width\" content=\"1028\" \/>\n\t<meta property=\"og:image:height\" content=\"829\" \/>\n\t<meta property=\"og:image:type\" content=\"image\/jpeg\" \/>\n<meta name=\"twitter:card\" content=\"summary_large_image\" \/>\n<meta name=\"twitter:label1\" content=\"Est. reading time\" \/>\n\t<meta name=\"twitter:data1\" content=\"3 minutes\" \/>\n<script type=\"application\/ld+json\" class=\"yoast-schema-graph\">{\"@context\":\"https:\/\/schema.org\",\"@graph\":[{\"@type\":\"WebPage\",\"@id\":\"https:\/\/corvey.de\/programm\/corveyer-sommerkonzerte-2022\/\",\"url\":\"https:\/\/corvey.de\/programm\/corveyer-sommerkonzerte-2022\/\",\"name\":\"Corveyer Sommerkonzerte 2022\",\"isPartOf\":{\"@id\":\"https:\/\/corvey.de\/#website\"},\"primaryImageOfPage\":{\"@id\":\"https:\/\/corvey.de\/programm\/corveyer-sommerkonzerte-2022\/#primaryimage\"},\"image\":{\"@id\":\"https:\/\/corvey.de\/programm\/corveyer-sommerkonzerte-2022\/#primaryimage\"},\"thumbnailUrl\":\"https:\/\/corvey.de\/wp-content\/uploads\/2020\/10\/02-Kaisersaal_DSC7494_klein.jpg\",\"datePublished\":\"2022-02-18T10:08:22+00:00\",\"dateModified\":\"2025-04-24T13:55:57+00:00\",\"breadcrumb\":{\"@id\":\"https:\/\/corvey.de\/programm\/corveyer-sommerkonzerte-2022\/#breadcrumb\"},\"inLanguage\":\"en-US\",\"potentialAction\":[{\"@type\":\"ReadAction\",\"target\":[\"https:\/\/corvey.de\/programm\/corveyer-sommerkonzerte-2022\/\"]}]},{\"@type\":\"ImageObject\",\"inLanguage\":\"en-US\",\"@id\":\"https:\/\/corvey.de\/programm\/corveyer-sommerkonzerte-2022\/#primaryimage\",\"url\":\"https:\/\/corvey.de\/wp-content\/uploads\/2020\/10\/02-Kaisersaal_DSC7494_klein.jpg\",\"contentUrl\":\"https:\/\/corvey.de\/wp-content\/uploads\/2020\/10\/02-Kaisersaal_DSC7494_klein.jpg\",\"width\":1028,\"height\":829},{\"@type\":\"BreadcrumbList\",\"@id\":\"https:\/\/corvey.de\/programm\/corveyer-sommerkonzerte-2022\/#breadcrumb\",\"itemListElement\":[{\"@type\":\"ListItem\",\"position\":1,\"name\":\"Home\",\"item\":\"https:\/\/corvey.de\/\"},{\"@type\":\"ListItem\",\"position\":2,\"name\":\"Programm\",\"item\":\"https:\/\/corvey.de\/programm\/\"},{\"@type\":\"ListItem\",\"position\":3,\"name\":\"Corveyer Sommerkonzerte 2025\"}]},{\"@type\":\"WebSite\",\"@id\":\"https:\/\/corvey.de\/#website\",\"url\":\"https:\/\/corvey.de\/\",\"name\":\"Schloss Corvey\",\"description\":\"\",\"publisher\":{\"@id\":\"https:\/\/corvey.de\/#organization\"},\"potentialAction\":[{\"@type\":\"SearchAction\",\"target\":{\"@type\":\"EntryPoint\",\"urlTemplate\":\"https:\/\/corvey.de\/?s={search_term_string}\"},\"query-input\":{\"@type\":\"PropertyValueSpecification\",\"valueRequired\":true,\"valueName\":\"search_term_string\"}}],\"inLanguage\":\"en-US\"},{\"@type\":\"Organization\",\"@id\":\"https:\/\/corvey.de\/#organization\",\"name\":\"Schloss Corvey\",\"url\":\"https:\/\/corvey.de\/\",\"logo\":{\"@type\":\"ImageObject\",\"inLanguage\":\"en-US\",\"@id\":\"https:\/\/corvey.de\/#\/schema\/logo\/image\/\",\"url\":\"https:\/\/corvey.de\/wp-content\/uploads\/2020\/10\/logo-schloss-corvey.svg\",\"contentUrl\":\"https:\/\/corvey.de\/wp-content\/uploads\/2020\/10\/logo-schloss-corvey.svg\",\"width\":1,\"height\":1,\"caption\":\"Schloss Corvey\"},\"image\":{\"@id\":\"https:\/\/corvey.de\/#\/schema\/logo\/image\/\"}}]}<\/script>\n<!-- \/ Yoast SEO plugin. -->","yoast_head_json":{"title":"Corveyer Sommerkonzerte 2022 &#8226; Welterbe Corvey","robots":{"index":"index","follow":"follow","max-snippet":"max-snippet:-1","max-image-preview":"max-image-preview:large","max-video-preview":"max-video-preview:-1"},"canonical":"https:\/\/corvey.de\/en\/programm\/corveyer-sommerkonzerte-2022\/","og_locale":"en_US","og_type":"article","og_title":"[:de]Corveyer Sommerkonzerte 2025[:en]Corveyer Sommerkonzerte 2022[:] &#8226; Welterbe Corvey","og_description":"Sehr geehrtes Publikum! Die Konzertreihe \u201eCorveyer Sommerkonzerte 2022 pr\u00e4sentieren Stars von morgen\u201c thematisiert im Jahre 2022 die grandiose 1200-j\u00e4hrige Geschichte der Welterbest\u00e4tte Corvey, deren Gr\u00fcndung auf das Jahr 822 zur\u00fcckgeht. Jedes der 4 Konzerte orientiert sich an historischen Fixpunkten und f\u00fcllt diese inhaltlich mit etablierten, teils weltber\u00fchmten Spitzenensembles, die auf \u201eStars von morgen\u201c treffen. Dabei [&hellip;]","og_url":"https:\/\/corvey.de\/en\/programm\/corveyer-sommerkonzerte-2022\/","og_site_name":"Welterbe Corvey","article_modified_time":"2025-04-24T13:55:57+00:00","og_image":[{"width":1028,"height":829,"url":"https:\/\/corvey.de\/wp-content\/uploads\/2020\/10\/02-Kaisersaal_DSC7494_klein.jpg","type":"image\/jpeg"}],"twitter_card":"summary_large_image","twitter_misc":{"Est. reading time":"3 minutes"},"schema":{"@context":"https:\/\/schema.org","@graph":[{"@type":"WebPage","@id":"https:\/\/corvey.de\/programm\/corveyer-sommerkonzerte-2022\/","url":"https:\/\/corvey.de\/programm\/corveyer-sommerkonzerte-2022\/","name":"Corveyer Sommerkonzerte 2022","isPartOf":{"@id":"https:\/\/corvey.de\/#website"},"primaryImageOfPage":{"@id":"https:\/\/corvey.de\/programm\/corveyer-sommerkonzerte-2022\/#primaryimage"},"image":{"@id":"https:\/\/corvey.de\/programm\/corveyer-sommerkonzerte-2022\/#primaryimage"},"thumbnailUrl":"https:\/\/corvey.de\/wp-content\/uploads\/2020\/10\/02-Kaisersaal_DSC7494_klein.jpg","datePublished":"2022-02-18T10:08:22+00:00","dateModified":"2025-04-24T13:55:57+00:00","breadcrumb":{"@id":"https:\/\/corvey.de\/programm\/corveyer-sommerkonzerte-2022\/#breadcrumb"},"inLanguage":"en-US","potentialAction":[{"@type":"ReadAction","target":["https:\/\/corvey.de\/programm\/corveyer-sommerkonzerte-2022\/"]}]},{"@type":"ImageObject","inLanguage":"en-US","@id":"https:\/\/corvey.de\/programm\/corveyer-sommerkonzerte-2022\/#primaryimage","url":"https:\/\/corvey.de\/wp-content\/uploads\/2020\/10\/02-Kaisersaal_DSC7494_klein.jpg","contentUrl":"https:\/\/corvey.de\/wp-content\/uploads\/2020\/10\/02-Kaisersaal_DSC7494_klein.jpg","width":1028,"height":829},{"@type":"BreadcrumbList","@id":"https:\/\/corvey.de\/programm\/corveyer-sommerkonzerte-2022\/#breadcrumb","itemListElement":[{"@type":"ListItem","position":1,"name":"Home","item":"https:\/\/corvey.de\/"},{"@type":"ListItem","position":2,"name":"Programm","item":"https:\/\/corvey.de\/programm\/"},{"@type":"ListItem","position":3,"name":"Corveyer Sommerkonzerte 2025"}]},{"@type":"WebSite","@id":"https:\/\/corvey.de\/#website","url":"https:\/\/corvey.de\/","name":"Schloss Corvey","description":"","publisher":{"@id":"https:\/\/corvey.de\/#organization"},"potentialAction":[{"@type":"SearchAction","target":{"@type":"EntryPoint","urlTemplate":"https:\/\/corvey.de\/?s={search_term_string}"},"query-input":{"@type":"PropertyValueSpecification","valueRequired":true,"valueName":"search_term_string"}}],"inLanguage":"en-US"},{"@type":"Organization","@id":"https:\/\/corvey.de\/#organization","name":"Schloss Corvey","url":"https:\/\/corvey.de\/","logo":{"@type":"ImageObject","inLanguage":"en-US","@id":"https:\/\/corvey.de\/#\/schema\/logo\/image\/","url":"https:\/\/corvey.de\/wp-content\/uploads\/2020\/10\/logo-schloss-corvey.svg","contentUrl":"https:\/\/corvey.de\/wp-content\/uploads\/2020\/10\/logo-schloss-corvey.svg","width":1,"height":1,"caption":"Schloss Corvey"},"image":{"@id":"https:\/\/corvey.de\/#\/schema\/logo\/image\/"}}]}},"_links":{"self":[{"href":"https:\/\/corvey.de\/en\/wp-json\/wp\/v2\/pages\/1644","targetHints":{"allow":["GET"]}}],"collection":[{"href":"https:\/\/corvey.de\/en\/wp-json\/wp\/v2\/pages"}],"about":[{"href":"https:\/\/corvey.de\/en\/wp-json\/wp\/v2\/types\/page"}],"author":[{"embeddable":true,"href":"https:\/\/corvey.de\/en\/wp-json\/wp\/v2\/users\/3"}],"replies":[{"embeddable":true,"href":"https:\/\/corvey.de\/en\/wp-json\/wp\/v2\/comments?post=1644"}],"version-history":[{"count":60,"href":"https:\/\/corvey.de\/en\/wp-json\/wp\/v2\/pages\/1644\/revisions"}],"predecessor-version":[{"id":3044,"href":"https:\/\/corvey.de\/en\/wp-json\/wp\/v2\/pages\/1644\/revisions\/3044"}],"up":[{"embeddable":true,"href":"https:\/\/corvey.de\/en\/wp-json\/wp\/v2\/pages\/11"}],"wp:featuredmedia":[{"embeddable":true,"href":"https:\/\/corvey.de\/en\/wp-json\/wp\/v2\/media\/204"}],"wp:attachment":[{"href":"https:\/\/corvey.de\/en\/wp-json\/wp\/v2\/media?parent=1644"}],"curies":[{"name":"wp","href":"https:\/\/api.w.org\/{rel}","templated":true}]}}