{"id":176,"date":"2020-09-24T16:43:59","date_gmt":"2020-09-24T14:43:59","guid":{"rendered":"https:\/\/corvey.de\/baugeschichte\/"},"modified":"2020-10-01T11:18:07","modified_gmt":"2020-10-01T09:18:07","slug":"baugeschichte","status":"publish","type":"page","link":"https:\/\/corvey.de\/en\/corvey\/historisch\/baugeschichte\/","title":{"rendered":"Baugeschichte"},"content":{"rendered":"<h3><span class=\"blau\">ARCHITEKTUR UND BAUGESCHICHTE<\/span><\/h3>\n<p><strong>Die Grundsteinlegung zur karolingischen Abteikirche\u00a0erfolgte im\u00a0Jahr 822. Es war eine dreischiffige Basilika mit einem quadratischen Chor und einem Kapellenanbau. Die Kirche wurde im Jahr 844 geweiht. Vor 873 wurde dieser Bau durch Querarme und einen neuen Chor erweitert.<\/strong><\/p>\n<p>Zwischen 873 und 885 wurde eine Dreiturmanlage errichtet. In den Jahren 1145 bis 1159 unter Abt Wibald von Stablo erfolgte die Umgestaltung dieser Dreiturmanlage zu der heute noch bestehenden Doppelturmfassade. Dazu z\u00e4hlten die Abtragung des zentralen mittleren Turms sowie die Aufstockung der beiden Fassadent\u00fcrme. Zwischen 1585 und 1616 erfolgte ein zweiter gro\u00dfer Umbau unter Abt Theodor von Beringhausen. Arbeiten und Renovierungen an den Turmgiebeln und Turmhelmen wurden vorgenommen.<\/p>\n<p>Der Drei\u00dfigj\u00e4hrige Krieg f\u00fchrte zum Untergang der karolingischen Abteikirche. Mit Ausnahme des Westwerks wurde die Kirche 1665 abgebrochen. Der Kirchenneubau erfolgte zwischen 1667 und 1671 im Wesentlichen nach den Entw\u00fcrfen des Kapuzinerpaters Polykarp und durch den Architekten Niclas Dentel. Die Abschlussweihe fand im Jahre 1683 statt.<\/p>\n<p>Die karolingischen Abteigeb\u00e4ude wurden w\u00e4hrend des Drei\u00dfigj\u00e4hrigen Krieges stark zerst\u00f6rt. Der Neubau der Abtei begann 1699 unter F\u00fcrstabt Florenz von dem Felde und wurde im Jahr 1714 unter F\u00fcrstabt Maximilian von Horrich vollendet. Unter den folgenden F\u00fcrst\u00e4bten Carl von Blittersdorf und Caspar von B\u00f6selager entstanden die Vorgeb\u00e4ude mit Uhrenturm und Toranlage, die Remise (Justus Wehmer, 1730) sowie das Teehaus (Franz Christoph Nagel, 1741).<\/p>\n","protected":false},"excerpt":{"rendered":"<p>ARCHITEKTUR UND BAUGESCHICHTE Die Grundsteinlegung zur karolingischen Abteikirche\u00a0erfolgte im\u00a0Jahr 822. Es war eine dreischiffige Basilika mit einem quadratischen Chor und einem Kapellenanbau. Die Kirche wurde im Jahr 844 geweiht. Vor 873 wurde dieser Bau durch Querarme und einen neuen Chor erweitert. Zwischen 873 und 885 wurde eine Dreiturmanlage errichtet. In den Jahren 1145 bis 1159 [&hellip;]<\/p>\n","protected":false},"author":1,"featured_media":212,"parent":10,"menu_order":1,"comment_status":"closed","ping_status":"closed","template":"","meta":{"_acf_changed":false,"footnotes":""},"class_list":["post-176","page","type-page","status-publish","has-post-thumbnail","hentry"],"acf":[],"yoast_head":"<!-- This site is optimized with the Yoast SEO plugin v24.0 - https:\/\/yoast.com\/wordpress\/plugins\/seo\/ -->\n<title>Baugeschichte &#8226; Welterbe Corvey<\/title>\n<meta name=\"robots\" content=\"index, follow, max-snippet:-1, max-image-preview:large, max-video-preview:-1\" \/>\n<link rel=\"canonical\" href=\"https:\/\/corvey.de\/en\/corvey\/historisch\/baugeschichte\/\" \/>\n<meta property=\"og:locale\" content=\"en_US\" \/>\n<meta property=\"og:locale:alternate\" content=\"de_DE\" \/>\n<meta property=\"og:type\" content=\"article\" \/>\n<meta property=\"og:title\" content=\"Baugeschichte\" \/>\n<meta property=\"og:description\" content=\"ARCHITEKTUR UND BAUGESCHICHTE Die Grundsteinlegung zur karolingischen Abteikirche\u00a0erfolgte im\u00a0Jahr 822. Es war eine dreischiffige Basilika mit einem quadratischen Chor und einem Kapellenanbau. Die Kirche wurde im Jahr 844 geweiht. Vor 873 wurde dieser Bau durch Querarme und einen neuen Chor erweitert. Zwischen 873 und 885 wurde eine Dreiturmanlage errichtet. In den Jahren 1145 bis 1159 [&hellip;]\" \/>\n<meta property=\"og:url\" content=\"https:\/\/corvey.de\/en\/corvey\/historisch\/baugeschichte\/\" \/>\n<meta property=\"og:site_name\" content=\"Welterbe Corvey\" \/>\n<meta property=\"article:modified_time\" content=\"2020-10-01T09:18:07+00:00\" \/>\n<meta property=\"og:image\" content=\"https:\/\/corvey.de\/wp-content\/uploads\/2020\/10\/16a-_DSC1952-scaled.jpg\" \/>\n\t<meta property=\"og:image:width\" content=\"2560\" \/>\n\t<meta property=\"og:image:height\" content=\"1764\" \/>\n\t<meta property=\"og:image:type\" content=\"image\/jpeg\" \/>\n<meta name=\"twitter:card\" content=\"summary_large_image\" \/>\n<meta name=\"twitter:label1\" content=\"Est. reading time\" \/>\n\t<meta name=\"twitter:data1\" content=\"1 minute\" \/>\n<script type=\"application\/ld+json\" class=\"yoast-schema-graph\">{\"@context\":\"https:\/\/schema.org\",\"@graph\":[{\"@type\":\"WebPage\",\"@id\":\"https:\/\/corvey.de\/corvey\/historisch\/baugeschichte\/\",\"url\":\"https:\/\/corvey.de\/corvey\/historisch\/baugeschichte\/\",\"name\":\"Baugeschichte\",\"isPartOf\":{\"@id\":\"https:\/\/corvey.de\/#website\"},\"primaryImageOfPage\":{\"@id\":\"https:\/\/corvey.de\/corvey\/historisch\/baugeschichte\/#primaryimage\"},\"image\":{\"@id\":\"https:\/\/corvey.de\/corvey\/historisch\/baugeschichte\/#primaryimage\"},\"thumbnailUrl\":\"https:\/\/corvey.de\/wp-content\/uploads\/2020\/10\/16a-_DSC1952-scaled.jpg\",\"datePublished\":\"2020-09-24T14:43:59+00:00\",\"dateModified\":\"2020-10-01T09:18:07+00:00\",\"breadcrumb\":{\"@id\":\"https:\/\/corvey.de\/corvey\/historisch\/baugeschichte\/#breadcrumb\"},\"inLanguage\":\"en-US\",\"potentialAction\":[{\"@type\":\"ReadAction\",\"target\":[\"https:\/\/corvey.de\/corvey\/historisch\/baugeschichte\/\"]}]},{\"@type\":\"ImageObject\",\"inLanguage\":\"en-US\",\"@id\":\"https:\/\/corvey.de\/corvey\/historisch\/baugeschichte\/#primaryimage\",\"url\":\"https:\/\/corvey.de\/wp-content\/uploads\/2020\/10\/16a-_DSC1952-scaled.jpg\",\"contentUrl\":\"https:\/\/corvey.de\/wp-content\/uploads\/2020\/10\/16a-_DSC1952-scaled.jpg\",\"width\":2560,\"height\":1764},{\"@type\":\"BreadcrumbList\",\"@id\":\"https:\/\/corvey.de\/corvey\/historisch\/baugeschichte\/#breadcrumb\",\"itemListElement\":[{\"@type\":\"ListItem\",\"position\":1,\"name\":\"Home\",\"item\":\"https:\/\/corvey.de\/\"},{\"@type\":\"ListItem\",\"position\":2,\"name\":\"Corvey\",\"item\":\"https:\/\/corvey.de\/corvey\/\"},{\"@type\":\"ListItem\",\"position\":3,\"name\":\"Historisch\",\"item\":\"https:\/\/corvey.de\/corvey\/historisch\/\"},{\"@type\":\"ListItem\",\"position\":4,\"name\":\"Baugeschichte\"}]},{\"@type\":\"WebSite\",\"@id\":\"https:\/\/corvey.de\/#website\",\"url\":\"https:\/\/corvey.de\/\",\"name\":\"Schloss Corvey\",\"description\":\"\",\"publisher\":{\"@id\":\"https:\/\/corvey.de\/#organization\"},\"potentialAction\":[{\"@type\":\"SearchAction\",\"target\":{\"@type\":\"EntryPoint\",\"urlTemplate\":\"https:\/\/corvey.de\/?s={search_term_string}\"},\"query-input\":{\"@type\":\"PropertyValueSpecification\",\"valueRequired\":true,\"valueName\":\"search_term_string\"}}],\"inLanguage\":\"en-US\"},{\"@type\":\"Organization\",\"@id\":\"https:\/\/corvey.de\/#organization\",\"name\":\"Schloss Corvey\",\"url\":\"https:\/\/corvey.de\/\",\"logo\":{\"@type\":\"ImageObject\",\"inLanguage\":\"en-US\",\"@id\":\"https:\/\/corvey.de\/#\/schema\/logo\/image\/\",\"url\":\"https:\/\/corvey.de\/wp-content\/uploads\/2020\/10\/logo-schloss-corvey.svg\",\"contentUrl\":\"https:\/\/corvey.de\/wp-content\/uploads\/2020\/10\/logo-schloss-corvey.svg\",\"width\":1,\"height\":1,\"caption\":\"Schloss Corvey\"},\"image\":{\"@id\":\"https:\/\/corvey.de\/#\/schema\/logo\/image\/\"}}]}<\/script>\n<!-- \/ Yoast SEO plugin. -->","yoast_head_json":{"title":"Baugeschichte &#8226; Welterbe Corvey","robots":{"index":"index","follow":"follow","max-snippet":"max-snippet:-1","max-image-preview":"max-image-preview:large","max-video-preview":"max-video-preview:-1"},"canonical":"https:\/\/corvey.de\/en\/corvey\/historisch\/baugeschichte\/","og_locale":"en_US","og_type":"article","og_title":"[:de]Baugeschichte[:] &#8226; Welterbe Corvey","og_description":"ARCHITEKTUR UND BAUGESCHICHTE Die Grundsteinlegung zur karolingischen Abteikirche\u00a0erfolgte im\u00a0Jahr 822. Es war eine dreischiffige Basilika mit einem quadratischen Chor und einem Kapellenanbau. Die Kirche wurde im Jahr 844 geweiht. Vor 873 wurde dieser Bau durch Querarme und einen neuen Chor erweitert. Zwischen 873 und 885 wurde eine Dreiturmanlage errichtet. In den Jahren 1145 bis 1159 [&hellip;]","og_url":"https:\/\/corvey.de\/en\/corvey\/historisch\/baugeschichte\/","og_site_name":"Welterbe Corvey","article_modified_time":"2020-10-01T09:18:07+00:00","og_image":[{"width":2560,"height":1764,"url":"https:\/\/corvey.de\/wp-content\/uploads\/2020\/10\/16a-_DSC1952-scaled.jpg","type":"image\/jpeg"}],"twitter_card":"summary_large_image","twitter_misc":{"Est. reading time":"1 minute"},"schema":{"@context":"https:\/\/schema.org","@graph":[{"@type":"WebPage","@id":"https:\/\/corvey.de\/corvey\/historisch\/baugeschichte\/","url":"https:\/\/corvey.de\/corvey\/historisch\/baugeschichte\/","name":"Baugeschichte","isPartOf":{"@id":"https:\/\/corvey.de\/#website"},"primaryImageOfPage":{"@id":"https:\/\/corvey.de\/corvey\/historisch\/baugeschichte\/#primaryimage"},"image":{"@id":"https:\/\/corvey.de\/corvey\/historisch\/baugeschichte\/#primaryimage"},"thumbnailUrl":"https:\/\/corvey.de\/wp-content\/uploads\/2020\/10\/16a-_DSC1952-scaled.jpg","datePublished":"2020-09-24T14:43:59+00:00","dateModified":"2020-10-01T09:18:07+00:00","breadcrumb":{"@id":"https:\/\/corvey.de\/corvey\/historisch\/baugeschichte\/#breadcrumb"},"inLanguage":"en-US","potentialAction":[{"@type":"ReadAction","target":["https:\/\/corvey.de\/corvey\/historisch\/baugeschichte\/"]}]},{"@type":"ImageObject","inLanguage":"en-US","@id":"https:\/\/corvey.de\/corvey\/historisch\/baugeschichte\/#primaryimage","url":"https:\/\/corvey.de\/wp-content\/uploads\/2020\/10\/16a-_DSC1952-scaled.jpg","contentUrl":"https:\/\/corvey.de\/wp-content\/uploads\/2020\/10\/16a-_DSC1952-scaled.jpg","width":2560,"height":1764},{"@type":"BreadcrumbList","@id":"https:\/\/corvey.de\/corvey\/historisch\/baugeschichte\/#breadcrumb","itemListElement":[{"@type":"ListItem","position":1,"name":"Home","item":"https:\/\/corvey.de\/"},{"@type":"ListItem","position":2,"name":"Corvey","item":"https:\/\/corvey.de\/corvey\/"},{"@type":"ListItem","position":3,"name":"Historisch","item":"https:\/\/corvey.de\/corvey\/historisch\/"},{"@type":"ListItem","position":4,"name":"Baugeschichte"}]},{"@type":"WebSite","@id":"https:\/\/corvey.de\/#website","url":"https:\/\/corvey.de\/","name":"Schloss Corvey","description":"","publisher":{"@id":"https:\/\/corvey.de\/#organization"},"potentialAction":[{"@type":"SearchAction","target":{"@type":"EntryPoint","urlTemplate":"https:\/\/corvey.de\/?s={search_term_string}"},"query-input":{"@type":"PropertyValueSpecification","valueRequired":true,"valueName":"search_term_string"}}],"inLanguage":"en-US"},{"@type":"Organization","@id":"https:\/\/corvey.de\/#organization","name":"Schloss Corvey","url":"https:\/\/corvey.de\/","logo":{"@type":"ImageObject","inLanguage":"en-US","@id":"https:\/\/corvey.de\/#\/schema\/logo\/image\/","url":"https:\/\/corvey.de\/wp-content\/uploads\/2020\/10\/logo-schloss-corvey.svg","contentUrl":"https:\/\/corvey.de\/wp-content\/uploads\/2020\/10\/logo-schloss-corvey.svg","width":1,"height":1,"caption":"Schloss Corvey"},"image":{"@id":"https:\/\/corvey.de\/#\/schema\/logo\/image\/"}}]}},"_links":{"self":[{"href":"https:\/\/corvey.de\/en\/wp-json\/wp\/v2\/pages\/176","targetHints":{"allow":["GET"]}}],"collection":[{"href":"https:\/\/corvey.de\/en\/wp-json\/wp\/v2\/pages"}],"about":[{"href":"https:\/\/corvey.de\/en\/wp-json\/wp\/v2\/types\/page"}],"author":[{"embeddable":true,"href":"https:\/\/corvey.de\/en\/wp-json\/wp\/v2\/users\/1"}],"replies":[{"embeddable":true,"href":"https:\/\/corvey.de\/en\/wp-json\/wp\/v2\/comments?post=176"}],"version-history":[{"count":11,"href":"https:\/\/corvey.de\/en\/wp-json\/wp\/v2\/pages\/176\/revisions"}],"predecessor-version":[{"id":227,"href":"https:\/\/corvey.de\/en\/wp-json\/wp\/v2\/pages\/176\/revisions\/227"}],"up":[{"embeddable":true,"href":"https:\/\/corvey.de\/en\/wp-json\/wp\/v2\/pages\/10"}],"wp:featuredmedia":[{"embeddable":true,"href":"https:\/\/corvey.de\/en\/wp-json\/wp\/v2\/media\/212"}],"wp:attachment":[{"href":"https:\/\/corvey.de\/en\/wp-json\/wp\/v2\/media?parent=176"}],"curies":[{"name":"wp","href":"https:\/\/api.w.org\/{rel}","templated":true}]}}