{"id":177,"date":"2020-09-24T16:43:59","date_gmt":"2020-09-24T14:43:59","guid":{"rendered":"https:\/\/corvey.de\/museum\/"},"modified":"2024-06-12T12:41:36","modified_gmt":"2024-06-12T10:41:36","slug":"museum","status":"publish","type":"page","link":"https:\/\/corvey.de\/en\/corvey\/historisch\/museum\/","title":{"rendered":"Museum"},"content":{"rendered":"<h3><span class=\"format blau\"><strong>1.200 JAHRE KULTURGESCHICHTE &#8211; VON DER KAROLINGISCHEN GLAUBENSBASTION ZUR BAROCKEN RESIDENZ<\/strong><\/span><\/h3>\n<p>In den Dauerausstellungen des Museums in Corvey wird die wechselvolle Geschichte der ehemaligen Reichsabtei seit dem 9. Jahrhundert erlebbar.<\/p>\n<h3><span class=\"format blau\">CORVEY IM MITTELALTER<\/span><\/h3>\n<p>Die Zeitreise beginnt mit einer der bedeutendsten karolingischen Klostergr\u00fcndungen des mittelalterlichen Deutschland. Die Benediktinerabtei Corvey war vergleichbar mit der Reichenau in Schwaben oder Fulda in Franken. Mit der \u00dcberf\u00fchrung der Reliquien der Heiligen Stephanus und Vitus wurde die Abtei auch ein wichtiger Wallfahrtsort. Die Reichsabtei galt vom 9. bis zum 12. Jahrhundert als geistiges, wirtschaftliches und kulturelles Zentrum innerhalb Nordeuropas.<\/p>\n<h3><span class=\"format blau\">CORVEY IM BAROCK<\/span><\/h3>\n<p>Ein weiteres Aufbl\u00fchen erlebt Corvey im Zeitalter des Barock. Mit dem Neubau der Abteikirche in den Jahren 1667 bis 1674 leitete Christoph Bernhard von Galen, F\u00fcrstbischof von M\u00fcnster und damals Administrator von Corvey, die gr\u00f6\u00dfte Bauperiode ein, die das Stift bis 1740 erlebte. Durch den Umbau der Anlage zu einer barocken Residenz erhielten die residierenden F\u00fcrst\u00e4bte die geeignete Kulisse zur Repr\u00e4sentation. Es entstanden kunstvolle Stukkaturen, Deckenmalereien sowie eine kostbare Ausstattung der Abteikirche mit barockem Inventar.<\/p>\n<h3><span class=\"format blau\">CORVEY IM BIEDERMEIER<\/span><\/h3>\n<p>Ein weiteres Aufbl\u00fchen erlebt\u00a0Corvey durch den Landgrafen von Hessen-Rothenburg zu Beginn des 19. Jahrhunderts in der\u00a0Epoche des Biedermeier. Die historischen Wohnr\u00e4ume\u00a0des Landgrafen Viktor Amadeus und seiner Frau Elise liegen im Westfl\u00fcgel des Konventgeb\u00e4udes. Sie zeigen mit Ihrer Einrichtung und den den wertvollen franz\u00f6sischen Tapeten den Stil des Sp\u00e4tklassizismus und des Biedermeier. Ebenso eindrucksvoll pr\u00e4sentiert sich die F\u00fcrstliche Bibliothek im Nordfl\u00fcgel, deren Grundbestand auf die Sammelleidenschaft des Landgrafen und seiner Nachfolger der Herz\u00f6ge von Ratibor zur\u00fcckgeht.<\/p>\n","protected":false},"excerpt":{"rendered":"<p>1.200 JAHRE KULTURGESCHICHTE &#8211; VON DER KAROLINGISCHEN GLAUBENSBASTION ZUR BAROCKEN RESIDENZ In den Dauerausstellungen des Museums in Corvey wird die wechselvolle Geschichte der ehemaligen Reichsabtei seit dem 9. Jahrhundert erlebbar. CORVEY IM MITTELALTER Die Zeitreise beginnt mit einer der bedeutendsten karolingischen Klostergr\u00fcndungen des mittelalterlichen Deutschland. Die Benediktinerabtei Corvey war vergleichbar mit der Reichenau in Schwaben [&hellip;]<\/p>\n","protected":false},"author":1,"featured_media":228,"parent":10,"menu_order":2,"comment_status":"closed","ping_status":"closed","template":"","meta":{"_acf_changed":false,"footnotes":""},"class_list":["post-177","page","type-page","status-publish","has-post-thumbnail","hentry"],"acf":[],"yoast_head":"<!-- This site is optimized with the Yoast SEO plugin v24.0 - https:\/\/yoast.com\/wordpress\/plugins\/seo\/ -->\n<title>Museum &#8226; Welterbe Corvey<\/title>\n<meta name=\"robots\" content=\"index, follow, max-snippet:-1, max-image-preview:large, max-video-preview:-1\" \/>\n<link rel=\"canonical\" href=\"https:\/\/corvey.de\/en\/corvey\/historisch\/museum\/\" \/>\n<meta property=\"og:locale\" content=\"en_US\" \/>\n<meta property=\"og:locale:alternate\" content=\"de_DE\" \/>\n<meta property=\"og:type\" content=\"article\" \/>\n<meta property=\"og:title\" content=\"Museum\" \/>\n<meta property=\"og:description\" content=\"1.200 JAHRE KULTURGESCHICHTE &#8211; VON DER KAROLINGISCHEN GLAUBENSBASTION ZUR BAROCKEN RESIDENZ In den Dauerausstellungen des Museums in Corvey wird die wechselvolle Geschichte der ehemaligen Reichsabtei seit dem 9. Jahrhundert erlebbar. CORVEY IM MITTELALTER Die Zeitreise beginnt mit einer der bedeutendsten karolingischen Klostergr\u00fcndungen des mittelalterlichen Deutschland. Die Benediktinerabtei Corvey war vergleichbar mit der Reichenau in Schwaben [&hellip;]\" \/>\n<meta property=\"og:url\" content=\"https:\/\/corvey.de\/en\/corvey\/historisch\/museum\/\" \/>\n<meta property=\"og:site_name\" content=\"Welterbe Corvey\" \/>\n<meta property=\"article:modified_time\" content=\"2024-06-12T10:41:36+00:00\" \/>\n<meta property=\"og:image\" content=\"https:\/\/corvey.de\/wp-content\/uploads\/2020\/10\/DSC9242-scaled.jpg\" \/>\n\t<meta property=\"og:image:width\" content=\"2560\" \/>\n\t<meta property=\"og:image:height\" content=\"1703\" \/>\n\t<meta property=\"og:image:type\" content=\"image\/jpeg\" \/>\n<meta name=\"twitter:card\" content=\"summary_large_image\" \/>\n<meta name=\"twitter:label1\" content=\"Est. reading time\" \/>\n\t<meta name=\"twitter:data1\" content=\"2 minutes\" \/>\n<script type=\"application\/ld+json\" class=\"yoast-schema-graph\">{\"@context\":\"https:\/\/schema.org\",\"@graph\":[{\"@type\":\"WebPage\",\"@id\":\"https:\/\/corvey.de\/corvey\/historisch\/museum\/\",\"url\":\"https:\/\/corvey.de\/corvey\/historisch\/museum\/\",\"name\":\"Museum\",\"isPartOf\":{\"@id\":\"https:\/\/corvey.de\/#website\"},\"primaryImageOfPage\":{\"@id\":\"https:\/\/corvey.de\/corvey\/historisch\/museum\/#primaryimage\"},\"image\":{\"@id\":\"https:\/\/corvey.de\/corvey\/historisch\/museum\/#primaryimage\"},\"thumbnailUrl\":\"https:\/\/corvey.de\/wp-content\/uploads\/2020\/10\/DSC9242-scaled.jpg\",\"datePublished\":\"2020-09-24T14:43:59+00:00\",\"dateModified\":\"2024-06-12T10:41:36+00:00\",\"breadcrumb\":{\"@id\":\"https:\/\/corvey.de\/corvey\/historisch\/museum\/#breadcrumb\"},\"inLanguage\":\"en-US\",\"potentialAction\":[{\"@type\":\"ReadAction\",\"target\":[\"https:\/\/corvey.de\/corvey\/historisch\/museum\/\"]}]},{\"@type\":\"ImageObject\",\"inLanguage\":\"en-US\",\"@id\":\"https:\/\/corvey.de\/corvey\/historisch\/museum\/#primaryimage\",\"url\":\"https:\/\/corvey.de\/wp-content\/uploads\/2020\/10\/DSC9242-scaled.jpg\",\"contentUrl\":\"https:\/\/corvey.de\/wp-content\/uploads\/2020\/10\/DSC9242-scaled.jpg\",\"width\":2560,\"height\":1703},{\"@type\":\"BreadcrumbList\",\"@id\":\"https:\/\/corvey.de\/corvey\/historisch\/museum\/#breadcrumb\",\"itemListElement\":[{\"@type\":\"ListItem\",\"position\":1,\"name\":\"Home\",\"item\":\"https:\/\/corvey.de\/\"},{\"@type\":\"ListItem\",\"position\":2,\"name\":\"Corvey\",\"item\":\"https:\/\/corvey.de\/corvey\/\"},{\"@type\":\"ListItem\",\"position\":3,\"name\":\"Historisch\",\"item\":\"https:\/\/corvey.de\/corvey\/historisch\/\"},{\"@type\":\"ListItem\",\"position\":4,\"name\":\"Museum\"}]},{\"@type\":\"WebSite\",\"@id\":\"https:\/\/corvey.de\/#website\",\"url\":\"https:\/\/corvey.de\/\",\"name\":\"Schloss Corvey\",\"description\":\"\",\"publisher\":{\"@id\":\"https:\/\/corvey.de\/#organization\"},\"potentialAction\":[{\"@type\":\"SearchAction\",\"target\":{\"@type\":\"EntryPoint\",\"urlTemplate\":\"https:\/\/corvey.de\/?s={search_term_string}\"},\"query-input\":{\"@type\":\"PropertyValueSpecification\",\"valueRequired\":true,\"valueName\":\"search_term_string\"}}],\"inLanguage\":\"en-US\"},{\"@type\":\"Organization\",\"@id\":\"https:\/\/corvey.de\/#organization\",\"name\":\"Schloss Corvey\",\"url\":\"https:\/\/corvey.de\/\",\"logo\":{\"@type\":\"ImageObject\",\"inLanguage\":\"en-US\",\"@id\":\"https:\/\/corvey.de\/#\/schema\/logo\/image\/\",\"url\":\"https:\/\/corvey.de\/wp-content\/uploads\/2020\/10\/logo-schloss-corvey.svg\",\"contentUrl\":\"https:\/\/corvey.de\/wp-content\/uploads\/2020\/10\/logo-schloss-corvey.svg\",\"width\":1,\"height\":1,\"caption\":\"Schloss Corvey\"},\"image\":{\"@id\":\"https:\/\/corvey.de\/#\/schema\/logo\/image\/\"}}]}<\/script>\n<!-- \/ Yoast SEO plugin. -->","yoast_head_json":{"title":"Museum &#8226; Welterbe Corvey","robots":{"index":"index","follow":"follow","max-snippet":"max-snippet:-1","max-image-preview":"max-image-preview:large","max-video-preview":"max-video-preview:-1"},"canonical":"https:\/\/corvey.de\/en\/corvey\/historisch\/museum\/","og_locale":"en_US","og_type":"article","og_title":"[:de]Museum[:] &#8226; Welterbe Corvey","og_description":"1.200 JAHRE KULTURGESCHICHTE &#8211; VON DER KAROLINGISCHEN GLAUBENSBASTION ZUR BAROCKEN RESIDENZ In den Dauerausstellungen des Museums in Corvey wird die wechselvolle Geschichte der ehemaligen Reichsabtei seit dem 9. Jahrhundert erlebbar. CORVEY IM MITTELALTER Die Zeitreise beginnt mit einer der bedeutendsten karolingischen Klostergr\u00fcndungen des mittelalterlichen Deutschland. Die Benediktinerabtei Corvey war vergleichbar mit der Reichenau in Schwaben [&hellip;]","og_url":"https:\/\/corvey.de\/en\/corvey\/historisch\/museum\/","og_site_name":"Welterbe Corvey","article_modified_time":"2024-06-12T10:41:36+00:00","og_image":[{"width":2560,"height":1703,"url":"https:\/\/corvey.de\/wp-content\/uploads\/2020\/10\/DSC9242-scaled.jpg","type":"image\/jpeg"}],"twitter_card":"summary_large_image","twitter_misc":{"Est. reading time":"2 minutes"},"schema":{"@context":"https:\/\/schema.org","@graph":[{"@type":"WebPage","@id":"https:\/\/corvey.de\/corvey\/historisch\/museum\/","url":"https:\/\/corvey.de\/corvey\/historisch\/museum\/","name":"Museum","isPartOf":{"@id":"https:\/\/corvey.de\/#website"},"primaryImageOfPage":{"@id":"https:\/\/corvey.de\/corvey\/historisch\/museum\/#primaryimage"},"image":{"@id":"https:\/\/corvey.de\/corvey\/historisch\/museum\/#primaryimage"},"thumbnailUrl":"https:\/\/corvey.de\/wp-content\/uploads\/2020\/10\/DSC9242-scaled.jpg","datePublished":"2020-09-24T14:43:59+00:00","dateModified":"2024-06-12T10:41:36+00:00","breadcrumb":{"@id":"https:\/\/corvey.de\/corvey\/historisch\/museum\/#breadcrumb"},"inLanguage":"en-US","potentialAction":[{"@type":"ReadAction","target":["https:\/\/corvey.de\/corvey\/historisch\/museum\/"]}]},{"@type":"ImageObject","inLanguage":"en-US","@id":"https:\/\/corvey.de\/corvey\/historisch\/museum\/#primaryimage","url":"https:\/\/corvey.de\/wp-content\/uploads\/2020\/10\/DSC9242-scaled.jpg","contentUrl":"https:\/\/corvey.de\/wp-content\/uploads\/2020\/10\/DSC9242-scaled.jpg","width":2560,"height":1703},{"@type":"BreadcrumbList","@id":"https:\/\/corvey.de\/corvey\/historisch\/museum\/#breadcrumb","itemListElement":[{"@type":"ListItem","position":1,"name":"Home","item":"https:\/\/corvey.de\/"},{"@type":"ListItem","position":2,"name":"Corvey","item":"https:\/\/corvey.de\/corvey\/"},{"@type":"ListItem","position":3,"name":"Historisch","item":"https:\/\/corvey.de\/corvey\/historisch\/"},{"@type":"ListItem","position":4,"name":"Museum"}]},{"@type":"WebSite","@id":"https:\/\/corvey.de\/#website","url":"https:\/\/corvey.de\/","name":"Schloss Corvey","description":"","publisher":{"@id":"https:\/\/corvey.de\/#organization"},"potentialAction":[{"@type":"SearchAction","target":{"@type":"EntryPoint","urlTemplate":"https:\/\/corvey.de\/?s={search_term_string}"},"query-input":{"@type":"PropertyValueSpecification","valueRequired":true,"valueName":"search_term_string"}}],"inLanguage":"en-US"},{"@type":"Organization","@id":"https:\/\/corvey.de\/#organization","name":"Schloss Corvey","url":"https:\/\/corvey.de\/","logo":{"@type":"ImageObject","inLanguage":"en-US","@id":"https:\/\/corvey.de\/#\/schema\/logo\/image\/","url":"https:\/\/corvey.de\/wp-content\/uploads\/2020\/10\/logo-schloss-corvey.svg","contentUrl":"https:\/\/corvey.de\/wp-content\/uploads\/2020\/10\/logo-schloss-corvey.svg","width":1,"height":1,"caption":"Schloss Corvey"},"image":{"@id":"https:\/\/corvey.de\/#\/schema\/logo\/image\/"}}]}},"_links":{"self":[{"href":"https:\/\/corvey.de\/en\/wp-json\/wp\/v2\/pages\/177","targetHints":{"allow":["GET"]}}],"collection":[{"href":"https:\/\/corvey.de\/en\/wp-json\/wp\/v2\/pages"}],"about":[{"href":"https:\/\/corvey.de\/en\/wp-json\/wp\/v2\/types\/page"}],"author":[{"embeddable":true,"href":"https:\/\/corvey.de\/en\/wp-json\/wp\/v2\/users\/1"}],"replies":[{"embeddable":true,"href":"https:\/\/corvey.de\/en\/wp-json\/wp\/v2\/comments?post=177"}],"version-history":[{"count":9,"href":"https:\/\/corvey.de\/en\/wp-json\/wp\/v2\/pages\/177\/revisions"}],"predecessor-version":[{"id":2828,"href":"https:\/\/corvey.de\/en\/wp-json\/wp\/v2\/pages\/177\/revisions\/2828"}],"up":[{"embeddable":true,"href":"https:\/\/corvey.de\/en\/wp-json\/wp\/v2\/pages\/10"}],"wp:featuredmedia":[{"embeddable":true,"href":"https:\/\/corvey.de\/en\/wp-json\/wp\/v2\/media\/228"}],"wp:attachment":[{"href":"https:\/\/corvey.de\/en\/wp-json\/wp\/v2\/media?parent=177"}],"curies":[{"name":"wp","href":"https:\/\/api.w.org\/{rel}","templated":true}]}}