{"id":178,"date":"2020-09-24T16:43:59","date_gmt":"2020-09-24T14:43:59","guid":{"rendered":"https:\/\/corvey.de\/hoffmann-von-fallersleben\/"},"modified":"2020-11-10T11:24:42","modified_gmt":"2020-11-10T10:24:42","slug":"hoffmann-von-fallersleben","status":"publish","type":"page","link":"https:\/\/corvey.de\/en\/corvey\/historisch\/hoffmann-von-fallersleben\/","title":{"rendered":"Hoffmann von Fallers\u00adleben"},"content":{"rendered":"<h3><span class=\"format blau\">DURCH JACOB GRIMM KAM ER ZUR DEUTSCHEN LITERATUR<\/span><\/h3>\n<p>Ihre Geschichten von Br\u00fcderchen und Schwesterchen, von b\u00f6sen Stiefm\u00fcttern, sch\u00f6nen K\u00f6nigst\u00f6chtern, verliebten Prinzen und klugen, weisen\u00a0 Tieren sorgen selbst in iPad-Zeiten noch f\u00fcr leuchtende Kinderaugen. Vor 200 Jahren erschien die Erstausgabe der Kinder- und Hausm\u00e4rchen, gesammelt von Jacob und Wilhelm Grimm. Die beiden Sprachwissenschaftler gelangten zu Weltruhm, in rund 160 Sprachen wurden die Grimm\u00b4schen M\u00e4rchen inzwischen \u00fcbersetzt. Seit 2005 hat die UNESCO die Sammlung als Weltdokumentenerbe anerkannt. Viele St\u00e4dte, darunter Hanau, Steinau, Marburg, Kassel, G\u00f6ttingen und auch Berlin, gegeben sich im Jubil\u00e4umsjahr auf Spurensuche. Aber auch zur M\u00e4rchenlandschaft entlang der Weser pflegten die Br\u00fcder enge Beziehungen, unter anderem zu Corveys sp\u00e4teren Bibliothekar August Hoffmann von Fallersleben und zum Romantikerkreis in B\u00f6kendorf.<\/p>\n<p>Deutsche Sprache und Literatur, alte Handschriften, deutsche Volkslieder und das politische Streben nach einem einheitlichen Deutschland verbanden Hoffmann von Fallersleben und die Grimms. Jahrzehnte, bevor der r\u00fchrige Bibliothekar die F\u00fcrstliche B\u00fcchersammlung in Corvey auf Vordermann brachte, lernten sich die bibliophilen Pers\u00f6nlichkeiten kennen und sch\u00e4tzen.<\/p>\n<p>Obwohl Hoffmann mit 18 Jahren in G\u00f6ttingen ein Studium der Theologie begann, interessierte er sich doch eigentlich mehr f\u00fcr die Geschichte des klassischen Altertums. Als der junge Student im Museum und der Bibliothek in Kassel forschte, machte er im Jahre 1818 die Bekanntschaft mit Jacob Grimm, der dort als Bibliothekar arbeitete.\u00a0Der fragte Hoffmann bei seinen Studien ein wenig provozierend, ob diesem bei aller Begeisterung f\u00fcr die Antike das Vaterland nicht n\u00e4her l\u00e4ge. Hoffmann von Fallersleben, schon in jungen Jahren ein politisch interessierter Mensch, \u00fcberdachte seinen bisherigen Studienwunsch, wechselte dann zum Studium der Germanistik. An der Universit\u00e4t Bonn wurde Jacob Grimm dann auch einer seiner Dozenten.<\/p>\n<p>F\u00fcr den Dichter des Deutschland-Liedes waren die Br\u00fcder Grimm stets gro\u00dfe Vorbilder, wenn man auch nicht immer einer Meinung war. Aber das \u00e4nderte nichts an dem regen Briefverkehr, der zwischen 1818 und 1852 belegt ist.\u00a0Aber auch der pers\u00f6nliche Kontakt geh\u00f6rte dazu. Hoffmann von Fallersleben war seit 1820 ebenfalls Gast des B\u00f6kendorfer Romantikerkreises, der sich in der ersten H\u00e4lfte des 19. Jahrhunderts um die Adelsfamilie von Haxthausen in B\u00f6kendorf bildete. Wilhelm, Jacob und vor allem auch der malende Bruder Ludwig Emil Grimm besuchten seit 1811 regelm\u00e4\u00dfig das Herrenhaus Schloss B\u00f6kerhof, wo sie nicht nur die Sommerfrische genossen, sondern pers\u00f6nlich-literarischen Austausch mit Kollegen wie Annette von Droste-H\u00fclshoff oder auch Hoffmann von Fallersleben sch\u00e4tzten. Aus diesem Umfeld kamen zahlreiche Geschichten in die ber\u00fchmt gewordene Sammlung der \u201eKinder- und Hausm\u00e4rchen\u201c, unter anderem das \u201eM\u00e4dchen von Brakel\u201c und auch die \u201eBremer Stadtmusikanten\u201c, wie j\u00fcngste Forschungen ergeben haben.<\/p>\n<p>Hoffmanns Kritik an Willk\u00fcr, Pressezensur, Allmacht von Polizei und Milit\u00e4r und der Kleinstaaterei in Preu\u00dfen hatte zur Folge, dass er selbst 1842 seiner Breslauer Professoren-Existenz enthoben wurde.<\/p>\n<p>In den letzten Jahren ihres Lebens wird der Kontakt der Grimms zu Hoffmann sicherlich nicht mehr so eng gewesen sein. Dazu kam auch noch die gro\u00dfe Entfernung von Berlin nach Corvey. Wilhelm Grimm starb 73-j\u00e4hrig im Jahre 1859, sein Bruder Jacob, 78 Jahre alt, im Jahre 1863, drei Jahre sp\u00e4ter, nachdem Hoffmann von Fallersleben seine Aufgabe als Bibliothekar bei Viktor dem I. Herzog von Ratibor und F\u00fcrst von Corvey \u00fcbernommen hatte.\u00a0 Was heute bleibt, sind zahlreiche Spuren dreier besonderer Pers\u00f6nlichkeiten, die sich um das deutsche Kulturgut \u00fcberhaupt und um die Germanistik als wissenschaftliches Fach hoch verdient gemacht haben.<\/p>\n","protected":false},"excerpt":{"rendered":"<p>DURCH JACOB GRIMM KAM ER ZUR DEUTSCHEN LITERATUR Ihre Geschichten von Br\u00fcderchen und Schwesterchen, von b\u00f6sen Stiefm\u00fcttern, sch\u00f6nen K\u00f6nigst\u00f6chtern, verliebten Prinzen und klugen, weisen\u00a0 Tieren sorgen selbst in iPad-Zeiten noch f\u00fcr leuchtende Kinderaugen. Vor 200 Jahren erschien die Erstausgabe der Kinder- und Hausm\u00e4rchen, gesammelt von Jacob und Wilhelm Grimm. Die beiden Sprachwissenschaftler gelangten zu Weltruhm, [&hellip;]<\/p>\n","protected":false},"author":1,"featured_media":254,"parent":10,"menu_order":3,"comment_status":"closed","ping_status":"closed","template":"","meta":{"_acf_changed":false,"footnotes":""},"class_list":["post-178","page","type-page","status-publish","has-post-thumbnail","hentry"],"acf":[],"yoast_head":"<!-- This site is optimized with the Yoast SEO plugin v24.0 - https:\/\/yoast.com\/wordpress\/plugins\/seo\/ -->\n<title>Hoffmann von Fallers\u00adleben &#8226; Welterbe Corvey<\/title>\n<meta name=\"robots\" content=\"index, follow, max-snippet:-1, max-image-preview:large, max-video-preview:-1\" \/>\n<link rel=\"canonical\" href=\"https:\/\/corvey.de\/en\/corvey\/historisch\/hoffmann-von-fallersleben\/\" \/>\n<meta property=\"og:locale\" content=\"en_US\" \/>\n<meta property=\"og:locale:alternate\" content=\"de_DE\" \/>\n<meta property=\"og:type\" content=\"article\" \/>\n<meta property=\"og:title\" content=\"Hoffmann von Fallers\u00adleben\" \/>\n<meta property=\"og:description\" content=\"DURCH JACOB GRIMM KAM ER ZUR DEUTSCHEN LITERATUR Ihre Geschichten von Br\u00fcderchen und Schwesterchen, von b\u00f6sen Stiefm\u00fcttern, sch\u00f6nen K\u00f6nigst\u00f6chtern, verliebten Prinzen und klugen, weisen\u00a0 Tieren sorgen selbst in iPad-Zeiten noch f\u00fcr leuchtende Kinderaugen. Vor 200 Jahren erschien die Erstausgabe der Kinder- und Hausm\u00e4rchen, gesammelt von Jacob und Wilhelm Grimm. Die beiden Sprachwissenschaftler gelangten zu Weltruhm, [&hellip;]\" \/>\n<meta property=\"og:url\" content=\"https:\/\/corvey.de\/en\/corvey\/historisch\/hoffmann-von-fallersleben\/\" \/>\n<meta property=\"og:site_name\" content=\"Welterbe Corvey\" \/>\n<meta property=\"article:modified_time\" content=\"2020-11-10T10:24:42+00:00\" \/>\n<meta property=\"og:image\" content=\"https:\/\/corvey.de\/wp-content\/uploads\/2020\/10\/vlcsnap-2020-09-22-20h02m06s451_kl-1024x576.png\" \/>\n\t<meta property=\"og:image:width\" content=\"1024\" \/>\n\t<meta property=\"og:image:height\" content=\"576\" \/>\n\t<meta property=\"og:image:type\" content=\"image\/png\" \/>\n<meta name=\"twitter:card\" content=\"summary_large_image\" \/>\n<meta name=\"twitter:label1\" content=\"Est. reading time\" \/>\n\t<meta name=\"twitter:data1\" content=\"3 minutes\" \/>\n<script type=\"application\/ld+json\" class=\"yoast-schema-graph\">{\"@context\":\"https:\/\/schema.org\",\"@graph\":[{\"@type\":\"WebPage\",\"@id\":\"https:\/\/corvey.de\/corvey\/historisch\/hoffmann-von-fallersleben\/\",\"url\":\"https:\/\/corvey.de\/corvey\/historisch\/hoffmann-von-fallersleben\/\",\"name\":\"Hoffmann von Fallers\u00adleben\",\"isPartOf\":{\"@id\":\"https:\/\/corvey.de\/#website\"},\"primaryImageOfPage\":{\"@id\":\"https:\/\/corvey.de\/corvey\/historisch\/hoffmann-von-fallersleben\/#primaryimage\"},\"image\":{\"@id\":\"https:\/\/corvey.de\/corvey\/historisch\/hoffmann-von-fallersleben\/#primaryimage\"},\"thumbnailUrl\":\"https:\/\/corvey.de\/wp-content\/uploads\/2020\/10\/vlcsnap-2020-09-22-20h02m06s451_kl.png\",\"datePublished\":\"2020-09-24T14:43:59+00:00\",\"dateModified\":\"2020-11-10T10:24:42+00:00\",\"breadcrumb\":{\"@id\":\"https:\/\/corvey.de\/corvey\/historisch\/hoffmann-von-fallersleben\/#breadcrumb\"},\"inLanguage\":\"en-US\",\"potentialAction\":[{\"@type\":\"ReadAction\",\"target\":[\"https:\/\/corvey.de\/corvey\/historisch\/hoffmann-von-fallersleben\/\"]}]},{\"@type\":\"ImageObject\",\"inLanguage\":\"en-US\",\"@id\":\"https:\/\/corvey.de\/corvey\/historisch\/hoffmann-von-fallersleben\/#primaryimage\",\"url\":\"https:\/\/corvey.de\/wp-content\/uploads\/2020\/10\/vlcsnap-2020-09-22-20h02m06s451_kl.png\",\"contentUrl\":\"https:\/\/corvey.de\/wp-content\/uploads\/2020\/10\/vlcsnap-2020-09-22-20h02m06s451_kl.png\",\"width\":1920,\"height\":1080},{\"@type\":\"BreadcrumbList\",\"@id\":\"https:\/\/corvey.de\/corvey\/historisch\/hoffmann-von-fallersleben\/#breadcrumb\",\"itemListElement\":[{\"@type\":\"ListItem\",\"position\":1,\"name\":\"Home\",\"item\":\"https:\/\/corvey.de\/\"},{\"@type\":\"ListItem\",\"position\":2,\"name\":\"Corvey\",\"item\":\"https:\/\/corvey.de\/corvey\/\"},{\"@type\":\"ListItem\",\"position\":3,\"name\":\"Historisch\",\"item\":\"https:\/\/corvey.de\/corvey\/historisch\/\"},{\"@type\":\"ListItem\",\"position\":4,\"name\":\"Hoffmann von Fallers\u00adleben\"}]},{\"@type\":\"WebSite\",\"@id\":\"https:\/\/corvey.de\/#website\",\"url\":\"https:\/\/corvey.de\/\",\"name\":\"Schloss Corvey\",\"description\":\"\",\"publisher\":{\"@id\":\"https:\/\/corvey.de\/#organization\"},\"potentialAction\":[{\"@type\":\"SearchAction\",\"target\":{\"@type\":\"EntryPoint\",\"urlTemplate\":\"https:\/\/corvey.de\/?s={search_term_string}\"},\"query-input\":{\"@type\":\"PropertyValueSpecification\",\"valueRequired\":true,\"valueName\":\"search_term_string\"}}],\"inLanguage\":\"en-US\"},{\"@type\":\"Organization\",\"@id\":\"https:\/\/corvey.de\/#organization\",\"name\":\"Schloss Corvey\",\"url\":\"https:\/\/corvey.de\/\",\"logo\":{\"@type\":\"ImageObject\",\"inLanguage\":\"en-US\",\"@id\":\"https:\/\/corvey.de\/#\/schema\/logo\/image\/\",\"url\":\"https:\/\/corvey.de\/wp-content\/uploads\/2020\/10\/logo-schloss-corvey.svg\",\"contentUrl\":\"https:\/\/corvey.de\/wp-content\/uploads\/2020\/10\/logo-schloss-corvey.svg\",\"width\":1,\"height\":1,\"caption\":\"Schloss Corvey\"},\"image\":{\"@id\":\"https:\/\/corvey.de\/#\/schema\/logo\/image\/\"}}]}<\/script>\n<!-- \/ Yoast SEO plugin. -->","yoast_head_json":{"title":"Hoffmann von Fallers\u00adleben &#8226; Welterbe Corvey","robots":{"index":"index","follow":"follow","max-snippet":"max-snippet:-1","max-image-preview":"max-image-preview:large","max-video-preview":"max-video-preview:-1"},"canonical":"https:\/\/corvey.de\/en\/corvey\/historisch\/hoffmann-von-fallersleben\/","og_locale":"en_US","og_type":"article","og_title":"[:de]Hoffmann von Fallers\u00adleben[:] &#8226; Welterbe Corvey","og_description":"DURCH JACOB GRIMM KAM ER ZUR DEUTSCHEN LITERATUR Ihre Geschichten von Br\u00fcderchen und Schwesterchen, von b\u00f6sen Stiefm\u00fcttern, sch\u00f6nen K\u00f6nigst\u00f6chtern, verliebten Prinzen und klugen, weisen\u00a0 Tieren sorgen selbst in iPad-Zeiten noch f\u00fcr leuchtende Kinderaugen. Vor 200 Jahren erschien die Erstausgabe der Kinder- und Hausm\u00e4rchen, gesammelt von Jacob und Wilhelm Grimm. Die beiden Sprachwissenschaftler gelangten zu Weltruhm, [&hellip;]","og_url":"https:\/\/corvey.de\/en\/corvey\/historisch\/hoffmann-von-fallersleben\/","og_site_name":"Welterbe Corvey","article_modified_time":"2020-11-10T10:24:42+00:00","og_image":[{"width":1024,"height":576,"url":"https:\/\/corvey.de\/wp-content\/uploads\/2020\/10\/vlcsnap-2020-09-22-20h02m06s451_kl-1024x576.png","type":"image\/png"}],"twitter_card":"summary_large_image","twitter_misc":{"Est. reading time":"3 minutes"},"schema":{"@context":"https:\/\/schema.org","@graph":[{"@type":"WebPage","@id":"https:\/\/corvey.de\/corvey\/historisch\/hoffmann-von-fallersleben\/","url":"https:\/\/corvey.de\/corvey\/historisch\/hoffmann-von-fallersleben\/","name":"Hoffmann von Fallers\u00adleben","isPartOf":{"@id":"https:\/\/corvey.de\/#website"},"primaryImageOfPage":{"@id":"https:\/\/corvey.de\/corvey\/historisch\/hoffmann-von-fallersleben\/#primaryimage"},"image":{"@id":"https:\/\/corvey.de\/corvey\/historisch\/hoffmann-von-fallersleben\/#primaryimage"},"thumbnailUrl":"https:\/\/corvey.de\/wp-content\/uploads\/2020\/10\/vlcsnap-2020-09-22-20h02m06s451_kl.png","datePublished":"2020-09-24T14:43:59+00:00","dateModified":"2020-11-10T10:24:42+00:00","breadcrumb":{"@id":"https:\/\/corvey.de\/corvey\/historisch\/hoffmann-von-fallersleben\/#breadcrumb"},"inLanguage":"en-US","potentialAction":[{"@type":"ReadAction","target":["https:\/\/corvey.de\/corvey\/historisch\/hoffmann-von-fallersleben\/"]}]},{"@type":"ImageObject","inLanguage":"en-US","@id":"https:\/\/corvey.de\/corvey\/historisch\/hoffmann-von-fallersleben\/#primaryimage","url":"https:\/\/corvey.de\/wp-content\/uploads\/2020\/10\/vlcsnap-2020-09-22-20h02m06s451_kl.png","contentUrl":"https:\/\/corvey.de\/wp-content\/uploads\/2020\/10\/vlcsnap-2020-09-22-20h02m06s451_kl.png","width":1920,"height":1080},{"@type":"BreadcrumbList","@id":"https:\/\/corvey.de\/corvey\/historisch\/hoffmann-von-fallersleben\/#breadcrumb","itemListElement":[{"@type":"ListItem","position":1,"name":"Home","item":"https:\/\/corvey.de\/"},{"@type":"ListItem","position":2,"name":"Corvey","item":"https:\/\/corvey.de\/corvey\/"},{"@type":"ListItem","position":3,"name":"Historisch","item":"https:\/\/corvey.de\/corvey\/historisch\/"},{"@type":"ListItem","position":4,"name":"Hoffmann von Fallers\u00adleben"}]},{"@type":"WebSite","@id":"https:\/\/corvey.de\/#website","url":"https:\/\/corvey.de\/","name":"Schloss Corvey","description":"","publisher":{"@id":"https:\/\/corvey.de\/#organization"},"potentialAction":[{"@type":"SearchAction","target":{"@type":"EntryPoint","urlTemplate":"https:\/\/corvey.de\/?s={search_term_string}"},"query-input":{"@type":"PropertyValueSpecification","valueRequired":true,"valueName":"search_term_string"}}],"inLanguage":"en-US"},{"@type":"Organization","@id":"https:\/\/corvey.de\/#organization","name":"Schloss Corvey","url":"https:\/\/corvey.de\/","logo":{"@type":"ImageObject","inLanguage":"en-US","@id":"https:\/\/corvey.de\/#\/schema\/logo\/image\/","url":"https:\/\/corvey.de\/wp-content\/uploads\/2020\/10\/logo-schloss-corvey.svg","contentUrl":"https:\/\/corvey.de\/wp-content\/uploads\/2020\/10\/logo-schloss-corvey.svg","width":1,"height":1,"caption":"Schloss Corvey"},"image":{"@id":"https:\/\/corvey.de\/#\/schema\/logo\/image\/"}}]}},"_links":{"self":[{"href":"https:\/\/corvey.de\/en\/wp-json\/wp\/v2\/pages\/178","targetHints":{"allow":["GET"]}}],"collection":[{"href":"https:\/\/corvey.de\/en\/wp-json\/wp\/v2\/pages"}],"about":[{"href":"https:\/\/corvey.de\/en\/wp-json\/wp\/v2\/types\/page"}],"author":[{"embeddable":true,"href":"https:\/\/corvey.de\/en\/wp-json\/wp\/v2\/users\/1"}],"replies":[{"embeddable":true,"href":"https:\/\/corvey.de\/en\/wp-json\/wp\/v2\/comments?post=178"}],"version-history":[{"count":14,"href":"https:\/\/corvey.de\/en\/wp-json\/wp\/v2\/pages\/178\/revisions"}],"predecessor-version":[{"id":1193,"href":"https:\/\/corvey.de\/en\/wp-json\/wp\/v2\/pages\/178\/revisions\/1193"}],"up":[{"embeddable":true,"href":"https:\/\/corvey.de\/en\/wp-json\/wp\/v2\/pages\/10"}],"wp:featuredmedia":[{"embeddable":true,"href":"https:\/\/corvey.de\/en\/wp-json\/wp\/v2\/media\/254"}],"wp:attachment":[{"href":"https:\/\/corvey.de\/en\/wp-json\/wp\/v2\/media?parent=178"}],"curies":[{"name":"wp","href":"https:\/\/api.w.org\/{rel}","templated":true}]}}