{"id":179,"date":"2020-09-24T16:43:59","date_gmt":"2020-09-24T14:43:59","guid":{"rendered":"https:\/\/corvey.de\/bibliotheken\/"},"modified":"2020-11-05T10:52:45","modified_gmt":"2020-11-05T09:52:45","slug":"bibliotheken","status":"publish","type":"page","link":"https:\/\/corvey.de\/en\/corvey\/historisch\/bibliotheken\/","title":{"rendered":"Bibliotheken"},"content":{"rendered":"<p><b>Insgesamt drei Bibliotheken wurden \u00fcber die Zeit in Corvey aufgebaut. Zun\u00e4chst waren es M\u00f6nche und \u00c4bte des Mittelalters, die Bibeln und Geschichtstexte handschriftlich und kunstvoll kopierten. Zuletzt sammelte Hoffmann von Fallersleben als Bibliothekar des I. Herzogs von Ratibor in Corvey den Buchschatz der Barock- und Biedermeierzeit. So entstand eine der gr\u00f6\u00dften Privatbibliotheken Deutschlands, die bis heute vollst\u00e4ndig erhalten ist und in Corvey besichtigt werden kann.<\/b><\/p>\n<h3><b>KLOSTERBIBLIOTHEK DES MITTELALTERS<\/b><\/h3>\n<p>Das ehemalige Benediktinerkloster besa\u00df in seiner Bl\u00fctezeit vom 9. bis 12. Jahrhundert eine bedeutende Schreibschule (Scriptorium) und eine damals schon viel beachtete Bibliothek mit herausragenden Objekten der Buch- und Schreibkunst. Die Corveyer M\u00f6nche pflegten mit Vorliebe die antiken Schriftsteller.<\/p>\n<p>Zu Beginn des 16. Jahrhunderts wurde die ber\u00fchmte Abschrift der Tacitus-Annalen aus Corvey\u00a0 gestohlen. Papst Leo X. gelangte in den Besitz der Abschrift. Heute befindet sie sich in der Biblioteca Medicea Laurenziana in Florenz.<\/p>\n<h3><b>DIE KLOSTERBIBLIOTHEK DES BAROCK<\/b><\/h3>\n<p>Dem Corveyer Abt Maximilian von Horrich (1714-1721) ist es zu verdanken, dass in der Barockzeit ein neue Bibliothek aufgebaut wurde und im 17. und 18. Jahrhundert \u00fcber eine qualit\u00e4tsvolle Sammlung verf\u00fcgte. Nach der S\u00e4kularisation im Jahre 1803 wurden viele B\u00fccher aus Corvey geraubt, entwendet und in alle Winde verstreut. Die meisten B\u00fccher sind aber in Paderborn, Marburg und anderen Bibliotheken erhalten.<\/p>\n<h3><b>F\u00dcRSTLICHE BIBLIOTHEK CORVEY<\/b><\/h3>\n<p>Die dritte Bibliothek in Corvey, die F\u00fcrstliche Bibliothek aus dem 19. Jahrhundert ist ohne nennenswerte Verluste erhalten.<\/p>\n<p>Der Dichter und Germanist August Hoffmann von Fallersleben (1798-1874), welcher seine letzten Lebensjahre als Bibliothekar des I. Herzogs von Ratibor in Corvey verbrachte, pr\u00e4gte das Profil der Bibliothek entscheidend, indem er wertvolle Einzelwerke, Pracht- und Ansichtenb\u00e4nde anschaffte. Auch virtuell ist die Sammlung heute nutzbar.<\/p>\n","protected":false},"excerpt":{"rendered":"<p>Insgesamt drei Bibliotheken wurden \u00fcber die Zeit in Corvey aufgebaut. Zun\u00e4chst waren es M\u00f6nche und \u00c4bte des Mittelalters, die Bibeln und Geschichtstexte handschriftlich und kunstvoll kopierten. Zuletzt sammelte Hoffmann von Fallersleben als Bibliothekar des I. Herzogs von Ratibor in Corvey den Buchschatz der Barock- und Biedermeierzeit. So entstand eine der gr\u00f6\u00dften Privatbibliotheken Deutschlands, die bis [&hellip;]<\/p>\n","protected":false},"author":1,"featured_media":1187,"parent":10,"menu_order":4,"comment_status":"closed","ping_status":"closed","template":"","meta":{"_acf_changed":false,"footnotes":""},"class_list":["post-179","page","type-page","status-publish","has-post-thumbnail","hentry"],"acf":[],"yoast_head":"<!-- This site is optimized with the Yoast SEO plugin v24.0 - https:\/\/yoast.com\/wordpress\/plugins\/seo\/ -->\n<title>Bibliotheken &#8226; Welterbe Corvey<\/title>\n<meta name=\"robots\" content=\"index, follow, max-snippet:-1, max-image-preview:large, max-video-preview:-1\" \/>\n<link rel=\"canonical\" href=\"https:\/\/corvey.de\/en\/corvey\/historisch\/bibliotheken\/\" \/>\n<meta property=\"og:locale\" content=\"en_US\" \/>\n<meta property=\"og:locale:alternate\" content=\"de_DE\" \/>\n<meta property=\"og:type\" content=\"article\" \/>\n<meta property=\"og:title\" content=\"Bibliotheken\" \/>\n<meta property=\"og:description\" content=\"Insgesamt drei Bibliotheken wurden \u00fcber die Zeit in Corvey aufgebaut. Zun\u00e4chst waren es M\u00f6nche und \u00c4bte des Mittelalters, die Bibeln und Geschichtstexte handschriftlich und kunstvoll kopierten. Zuletzt sammelte Hoffmann von Fallersleben als Bibliothekar des I. Herzogs von Ratibor in Corvey den Buchschatz der Barock- und Biedermeierzeit. So entstand eine der gr\u00f6\u00dften Privatbibliotheken Deutschlands, die bis [&hellip;]\" \/>\n<meta property=\"og:url\" content=\"https:\/\/corvey.de\/en\/corvey\/historisch\/bibliotheken\/\" \/>\n<meta property=\"og:site_name\" content=\"Welterbe Corvey\" \/>\n<meta property=\"article:modified_time\" content=\"2020-11-05T09:52:45+00:00\" \/>\n<meta property=\"og:image\" content=\"https:\/\/corvey.de\/wp-content\/uploads\/2020\/11\/Bibliothek-01-scaled.jpg\" \/>\n\t<meta property=\"og:image:width\" content=\"2560\" \/>\n\t<meta property=\"og:image:height\" content=\"1874\" \/>\n\t<meta property=\"og:image:type\" content=\"image\/jpeg\" \/>\n<meta name=\"twitter:card\" content=\"summary_large_image\" \/>\n<meta name=\"twitter:label1\" content=\"Est. reading time\" \/>\n\t<meta name=\"twitter:data1\" content=\"1 minute\" \/>\n<script type=\"application\/ld+json\" class=\"yoast-schema-graph\">{\"@context\":\"https:\/\/schema.org\",\"@graph\":[{\"@type\":\"WebPage\",\"@id\":\"https:\/\/corvey.de\/corvey\/historisch\/bibliotheken\/\",\"url\":\"https:\/\/corvey.de\/corvey\/historisch\/bibliotheken\/\",\"name\":\"Bibliotheken\",\"isPartOf\":{\"@id\":\"https:\/\/corvey.de\/#website\"},\"primaryImageOfPage\":{\"@id\":\"https:\/\/corvey.de\/corvey\/historisch\/bibliotheken\/#primaryimage\"},\"image\":{\"@id\":\"https:\/\/corvey.de\/corvey\/historisch\/bibliotheken\/#primaryimage\"},\"thumbnailUrl\":\"https:\/\/corvey.de\/wp-content\/uploads\/2020\/11\/Bibliothek-01-scaled.jpg\",\"datePublished\":\"2020-09-24T14:43:59+00:00\",\"dateModified\":\"2020-11-05T09:52:45+00:00\",\"breadcrumb\":{\"@id\":\"https:\/\/corvey.de\/corvey\/historisch\/bibliotheken\/#breadcrumb\"},\"inLanguage\":\"en-US\",\"potentialAction\":[{\"@type\":\"ReadAction\",\"target\":[\"https:\/\/corvey.de\/corvey\/historisch\/bibliotheken\/\"]}]},{\"@type\":\"ImageObject\",\"inLanguage\":\"en-US\",\"@id\":\"https:\/\/corvey.de\/corvey\/historisch\/bibliotheken\/#primaryimage\",\"url\":\"https:\/\/corvey.de\/wp-content\/uploads\/2020\/11\/Bibliothek-01-scaled.jpg\",\"contentUrl\":\"https:\/\/corvey.de\/wp-content\/uploads\/2020\/11\/Bibliothek-01-scaled.jpg\",\"width\":2560,\"height\":1874},{\"@type\":\"BreadcrumbList\",\"@id\":\"https:\/\/corvey.de\/corvey\/historisch\/bibliotheken\/#breadcrumb\",\"itemListElement\":[{\"@type\":\"ListItem\",\"position\":1,\"name\":\"Home\",\"item\":\"https:\/\/corvey.de\/\"},{\"@type\":\"ListItem\",\"position\":2,\"name\":\"Corvey\",\"item\":\"https:\/\/corvey.de\/corvey\/\"},{\"@type\":\"ListItem\",\"position\":3,\"name\":\"Historisch\",\"item\":\"https:\/\/corvey.de\/corvey\/historisch\/\"},{\"@type\":\"ListItem\",\"position\":4,\"name\":\"Bibliotheken\"}]},{\"@type\":\"WebSite\",\"@id\":\"https:\/\/corvey.de\/#website\",\"url\":\"https:\/\/corvey.de\/\",\"name\":\"Schloss Corvey\",\"description\":\"\",\"publisher\":{\"@id\":\"https:\/\/corvey.de\/#organization\"},\"potentialAction\":[{\"@type\":\"SearchAction\",\"target\":{\"@type\":\"EntryPoint\",\"urlTemplate\":\"https:\/\/corvey.de\/?s={search_term_string}\"},\"query-input\":{\"@type\":\"PropertyValueSpecification\",\"valueRequired\":true,\"valueName\":\"search_term_string\"}}],\"inLanguage\":\"en-US\"},{\"@type\":\"Organization\",\"@id\":\"https:\/\/corvey.de\/#organization\",\"name\":\"Schloss Corvey\",\"url\":\"https:\/\/corvey.de\/\",\"logo\":{\"@type\":\"ImageObject\",\"inLanguage\":\"en-US\",\"@id\":\"https:\/\/corvey.de\/#\/schema\/logo\/image\/\",\"url\":\"https:\/\/corvey.de\/wp-content\/uploads\/2020\/10\/logo-schloss-corvey.svg\",\"contentUrl\":\"https:\/\/corvey.de\/wp-content\/uploads\/2020\/10\/logo-schloss-corvey.svg\",\"width\":1,\"height\":1,\"caption\":\"Schloss Corvey\"},\"image\":{\"@id\":\"https:\/\/corvey.de\/#\/schema\/logo\/image\/\"}}]}<\/script>\n<!-- \/ Yoast SEO plugin. -->","yoast_head_json":{"title":"Bibliotheken &#8226; Welterbe Corvey","robots":{"index":"index","follow":"follow","max-snippet":"max-snippet:-1","max-image-preview":"max-image-preview:large","max-video-preview":"max-video-preview:-1"},"canonical":"https:\/\/corvey.de\/en\/corvey\/historisch\/bibliotheken\/","og_locale":"en_US","og_type":"article","og_title":"[:de]Bibliotheken[:] &#8226; Welterbe Corvey","og_description":"Insgesamt drei Bibliotheken wurden \u00fcber die Zeit in Corvey aufgebaut. Zun\u00e4chst waren es M\u00f6nche und \u00c4bte des Mittelalters, die Bibeln und Geschichtstexte handschriftlich und kunstvoll kopierten. Zuletzt sammelte Hoffmann von Fallersleben als Bibliothekar des I. Herzogs von Ratibor in Corvey den Buchschatz der Barock- und Biedermeierzeit. So entstand eine der gr\u00f6\u00dften Privatbibliotheken Deutschlands, die bis [&hellip;]","og_url":"https:\/\/corvey.de\/en\/corvey\/historisch\/bibliotheken\/","og_site_name":"Welterbe Corvey","article_modified_time":"2020-11-05T09:52:45+00:00","og_image":[{"width":2560,"height":1874,"url":"https:\/\/corvey.de\/wp-content\/uploads\/2020\/11\/Bibliothek-01-scaled.jpg","type":"image\/jpeg"}],"twitter_card":"summary_large_image","twitter_misc":{"Est. reading time":"1 minute"},"schema":{"@context":"https:\/\/schema.org","@graph":[{"@type":"WebPage","@id":"https:\/\/corvey.de\/corvey\/historisch\/bibliotheken\/","url":"https:\/\/corvey.de\/corvey\/historisch\/bibliotheken\/","name":"Bibliotheken","isPartOf":{"@id":"https:\/\/corvey.de\/#website"},"primaryImageOfPage":{"@id":"https:\/\/corvey.de\/corvey\/historisch\/bibliotheken\/#primaryimage"},"image":{"@id":"https:\/\/corvey.de\/corvey\/historisch\/bibliotheken\/#primaryimage"},"thumbnailUrl":"https:\/\/corvey.de\/wp-content\/uploads\/2020\/11\/Bibliothek-01-scaled.jpg","datePublished":"2020-09-24T14:43:59+00:00","dateModified":"2020-11-05T09:52:45+00:00","breadcrumb":{"@id":"https:\/\/corvey.de\/corvey\/historisch\/bibliotheken\/#breadcrumb"},"inLanguage":"en-US","potentialAction":[{"@type":"ReadAction","target":["https:\/\/corvey.de\/corvey\/historisch\/bibliotheken\/"]}]},{"@type":"ImageObject","inLanguage":"en-US","@id":"https:\/\/corvey.de\/corvey\/historisch\/bibliotheken\/#primaryimage","url":"https:\/\/corvey.de\/wp-content\/uploads\/2020\/11\/Bibliothek-01-scaled.jpg","contentUrl":"https:\/\/corvey.de\/wp-content\/uploads\/2020\/11\/Bibliothek-01-scaled.jpg","width":2560,"height":1874},{"@type":"BreadcrumbList","@id":"https:\/\/corvey.de\/corvey\/historisch\/bibliotheken\/#breadcrumb","itemListElement":[{"@type":"ListItem","position":1,"name":"Home","item":"https:\/\/corvey.de\/"},{"@type":"ListItem","position":2,"name":"Corvey","item":"https:\/\/corvey.de\/corvey\/"},{"@type":"ListItem","position":3,"name":"Historisch","item":"https:\/\/corvey.de\/corvey\/historisch\/"},{"@type":"ListItem","position":4,"name":"Bibliotheken"}]},{"@type":"WebSite","@id":"https:\/\/corvey.de\/#website","url":"https:\/\/corvey.de\/","name":"Schloss Corvey","description":"","publisher":{"@id":"https:\/\/corvey.de\/#organization"},"potentialAction":[{"@type":"SearchAction","target":{"@type":"EntryPoint","urlTemplate":"https:\/\/corvey.de\/?s={search_term_string}"},"query-input":{"@type":"PropertyValueSpecification","valueRequired":true,"valueName":"search_term_string"}}],"inLanguage":"en-US"},{"@type":"Organization","@id":"https:\/\/corvey.de\/#organization","name":"Schloss Corvey","url":"https:\/\/corvey.de\/","logo":{"@type":"ImageObject","inLanguage":"en-US","@id":"https:\/\/corvey.de\/#\/schema\/logo\/image\/","url":"https:\/\/corvey.de\/wp-content\/uploads\/2020\/10\/logo-schloss-corvey.svg","contentUrl":"https:\/\/corvey.de\/wp-content\/uploads\/2020\/10\/logo-schloss-corvey.svg","width":1,"height":1,"caption":"Schloss Corvey"},"image":{"@id":"https:\/\/corvey.de\/#\/schema\/logo\/image\/"}}]}},"_links":{"self":[{"href":"https:\/\/corvey.de\/en\/wp-json\/wp\/v2\/pages\/179","targetHints":{"allow":["GET"]}}],"collection":[{"href":"https:\/\/corvey.de\/en\/wp-json\/wp\/v2\/pages"}],"about":[{"href":"https:\/\/corvey.de\/en\/wp-json\/wp\/v2\/types\/page"}],"author":[{"embeddable":true,"href":"https:\/\/corvey.de\/en\/wp-json\/wp\/v2\/users\/1"}],"replies":[{"embeddable":true,"href":"https:\/\/corvey.de\/en\/wp-json\/wp\/v2\/comments?post=179"}],"version-history":[{"count":7,"href":"https:\/\/corvey.de\/en\/wp-json\/wp\/v2\/pages\/179\/revisions"}],"predecessor-version":[{"id":1189,"href":"https:\/\/corvey.de\/en\/wp-json\/wp\/v2\/pages\/179\/revisions\/1189"}],"up":[{"embeddable":true,"href":"https:\/\/corvey.de\/en\/wp-json\/wp\/v2\/pages\/10"}],"wp:featuredmedia":[{"embeddable":true,"href":"https:\/\/corvey.de\/en\/wp-json\/wp\/v2\/media\/1187"}],"wp:attachment":[{"href":"https:\/\/corvey.de\/en\/wp-json\/wp\/v2\/media?parent=179"}],"curies":[{"name":"wp","href":"https:\/\/api.w.org\/{rel}","templated":true}]}}