{"id":2521,"date":"2024-03-12T12:06:26","date_gmt":"2024-03-12T11:06:26","guid":{"rendered":"https:\/\/corvey.de\/?page_id=2521"},"modified":"2025-02-28T11:04:47","modified_gmt":"2025-02-28T10:04:47","slug":"der-remtergarten","status":"publish","type":"page","link":"https:\/\/corvey.de\/en\/corvey\/der-remtergarten\/","title":{"rendered":"Der Remtergarten"},"content":{"rendered":"<p>Im Schutz hoher Klostermauern gedeiht allerhand unter den Doppelt\u00fcrmen des Westwerks aus der Zeit Karls des Gro\u00dfen: Rosen, pr\u00e4chtige Stauden und seltene Geh\u00f6lze wie Blauglocken- oder Taschentuchbaum lassen das G\u00e4rtner-Herz h\u00f6her schlagen. Der Apotheker-Garten zeigt die Heilkunst der Benediktiner-M\u00f6nche. Im K\u00fcchenkabinett k\u00f6nnen Besucher die Entwicklung des Nutzgartens nachvollziehen und essbare Blumen entdecken. Die Geophyten-Wiese ist vom Fr\u00fchling bis zum Sommer eine Schau mit einem Meer von Narzissen, Hasengl\u00f6ckchen und Pr\u00e4rielilien. Im Mai thronen Allium-B\u00e4lle in den Beeten, im Hochsommer trifft Sonnenbraut auf Petersilie und Kohl. Im Herbst wird im Remtergarten die Dahlie gefeiert.\u00a0 Der modern interpretierte Klostergarten ist ein reizvoller Stopp f\u00fcr Radfahrer und Spazierg\u00e4nger auf dem Weserradweg. Nur ein Blick durchs Tor \u2013 schon sieht man das Bl\u00fctenparadies.<\/p>\n<p>&nbsp;<\/p>\n<p><strong>Willkommen im Klostergarten \u2013 dem botanischen Schatzk\u00e4stchen<\/strong><\/p>\n<p>Lust auf eine Zeitreise auf den Spuren heilkundiger M\u00f6nche? Auf Bl\u00fctenpracht f\u00fcrs Auge und f\u00fcr den Gaumen? Unter den Doppelt\u00fcrmen des Westwerks aus der Zeit Karls des Gro\u00dfen gedeiht allerhand: Rosen-Sch\u00f6nheiten, seltene Stauden, duftende Str\u00e4ucher, s\u00fc\u00dfe Beeren und fast vergessene Gem\u00fcsesorten. Hier lebt im Schutz hoher Klostermauern das Wissen der Benediktiner wieder auf \u2013 hier wachsen Heilkr\u00e4uter und Arzneipflanzen, aber auch massenhaft Geophyten wie Alium oder Iris.<\/p>\n<p><strong>48.000 Geophyten bringen Wiese zum Bl\u00fchen<\/strong><\/p>\n<p>Narzissen, Hasengl\u00f6ckchen und Lilien sorgen daf\u00fcr, dass die Wiese im Remtergarten die gesamte Saison \u00fcber bl\u00fchen \u2013 und das zu unterschiedlichen Zeitpunkten in unterschiedlichen Farben. Den Anfang machen die Narzissen im Fr\u00fchjahr in Wei\u00df und Gelb. Danach folgen Pr\u00e4rielilien in Wei\u00df und Blau und Hasengl\u00f6ckchen in Blau, Rosa und Wei\u00df. Zuletzt bl\u00fchen im Sommer die Lilien in Altrosa und einem zarten Gelb.<\/p>\n<p>Da die Zwiebelblumen (botanisch Geophyten genannt) die K\u00e4lte des Winters ben\u00f6tigen, werden sie schon im November des Vorjahres in die Erde gesetzt.<\/p>\n<p><strong>Rarit\u00e4ten aus dem S\u00fcden<\/strong><\/p>\n<p>Im milden Mikro-Klima nah am Wasser und von einer Klostermauer umgeben wachsen hier Geh\u00f6lze, die man bislang eher in w\u00e4rmeren Gefilden wie dem Rheinland oder der Pfalz findet. Beispiele sind der schnellw\u00fcchsige Blauglockenbaum (hier die etwas kleiner bleibende Sorte Paulownia fortunei\u00a0 \u201eFast Blue\u201c), der ausladende Taschentuchbaum mit wei\u00df verf\u00e4rbten Hochbl\u00e4ttern oder der stark duftende Kuchenbaum, der auch mit Indian-Summer-Herbstlaub \u00fcberzeugt. Hier steht au\u00dferdem ein robuster Strauch, der erst sp\u00e4t im August bl\u00fcht und eine gute Bienenweide ist. Er hat einen sehr poetischen Namen: Sieben S\u00f6hne des Himmels (Heptacodium miconioides) ist durch seine abbl\u00e4tternde Rinde auch ohne Laub im Winter ein Hingucker. F\u00fcr kleine G\u00e4rten geeignet ist der langsam wachsende Judasbaum.<\/p>\n<p><strong>Essbare Bl\u00fcten im K\u00fcchensaum des Klostergartens<\/strong><\/p>\n<p>In den Beeten vor der imposanten Doppelturm-Kulisse auch Dahlien. Die Vorfahren unserer heutigen Garten-Dahlie kommen von den Hochebenen Mittelamerikas und Mexikos und wurden bereits von den Azteken kultiviert und als Gem\u00fcse genutzt. Bei uns hat sich die Dahlie nur als Zierpflanze durchgesetzt. Ganz in Vergessenheit geriet, dass die Knollen sich wie Kartoffeln kochen, braten oder frittieren lassen. Die gro\u00dfen Bl\u00fcten der \u201eK\u00f6nigin des Sp\u00e4tsommers\u201c machen sich gut im Salat. Wie passend, dass H\u00f6xter eine spezielle Dahlien-Z\u00fcchtung zur Gartenschau-Blume erkoren hat.<\/p>\n<p>Ein wahrer K\u00fcchen-Tausendsassa ist die wilde Malve: Wer wei\u00df schon, dass junge Malvenbl\u00e4tter eine gute Salatzutat sind, dass sie gr\u00fcne Smoothies besonders s\u00e4mig machen, dass die Wurzeln als Gem\u00fcse taugen und man damit prima Suppen und So\u00dfen binden kann. Die h\u00fcbschen Bl\u00fcten machen sich gut in Bl\u00fctenzucker oder -salz, die unreifen Samen werden roh geknabbert oder als Brei gekocht. Die Malve ist ein Beispiel, dass manchmal alle Pflanzenbestandteile in der K\u00fcche nutzbar sind.<\/p>\n<p>Die gro\u00dfen, gr\u00fcnen Bl\u00e4tter der Funkien haben eine lange Geschichte als Gem\u00fcse in Asien: Die noch eingerollten jungen Bl\u00e4tter schmecken im Fr\u00fchling wie Spargel, die \u00e4lteren Bl\u00e4tter k\u00f6nnen wie Spinat zubereitet werden. Das Gr\u00fcn der Indianernessel kann \u00e4hnlich wie Thymian zum W\u00fcrzen von Suppen, Eint\u00f6pfen oder Fleisch verwendet werden. Die Ureinwohner Nordamerikas sch\u00e4tzten Tee aus den Bl\u00fcten und Bl\u00e4ttern der Nessel.<\/p>\n<p>Die Bl\u00fcten der Taglilie k\u00f6nnen in Teig ausgebacken werden und die Bl\u00fcten der Astern sind optische Highlights im Salat. Storchschnabel kann im Kr\u00e4uterquark oder in der Kr\u00e4uterbutter auf den Teller kommen. Die Ballonblume und die Glockenblume sind ebenfalls in der K\u00fcche verwendbar. Selbst viele sogenannte Unkr\u00e4uter k\u00f6nnen problemlos aufgetischt werden: Die Gro\u00dfe Klette war beispielsweise im Mittelalter beliebt.<\/p>\n","protected":false},"excerpt":{"rendered":"<p>Im Schutz hoher Klostermauern gedeiht allerhand unter den Doppelt\u00fcrmen des Westwerks aus der Zeit Karls des Gro\u00dfen: Rosen, pr\u00e4chtige Stauden und seltene Geh\u00f6lze wie Blauglocken- oder Taschentuchbaum lassen das G\u00e4rtner-Herz h\u00f6her schlagen. Der Apotheker-Garten zeigt die Heilkunst der Benediktiner-M\u00f6nche. Im K\u00fcchenkabinett k\u00f6nnen Besucher die Entwicklung des Nutzgartens nachvollziehen und essbare Blumen entdecken. Die Geophyten-Wiese ist [&hellip;]<\/p>\n","protected":false},"author":3,"featured_media":2460,"parent":8,"menu_order":5,"comment_status":"closed","ping_status":"closed","template":"","meta":{"_acf_changed":false,"footnotes":""},"class_list":["post-2521","page","type-page","status-publish","has-post-thumbnail","hentry"],"acf":[],"yoast_head":"<!-- This site is optimized with the Yoast SEO plugin v24.0 - https:\/\/yoast.com\/wordpress\/plugins\/seo\/ -->\n<title>Der Remtergarten &#8226; Welterbe Corvey<\/title>\n<meta name=\"robots\" content=\"index, follow, max-snippet:-1, max-image-preview:large, max-video-preview:-1\" \/>\n<link rel=\"canonical\" href=\"https:\/\/corvey.de\/en\/corvey\/der-remtergarten\/\" \/>\n<meta property=\"og:locale\" content=\"en_US\" \/>\n<meta property=\"og:locale:alternate\" content=\"de_DE\" \/>\n<meta property=\"og:type\" content=\"article\" \/>\n<meta property=\"og:title\" content=\"Der Remtergarten\" \/>\n<meta property=\"og:description\" content=\"Im Schutz hoher Klostermauern gedeiht allerhand unter den Doppelt\u00fcrmen des Westwerks aus der Zeit Karls des Gro\u00dfen: Rosen, pr\u00e4chtige Stauden und seltene Geh\u00f6lze wie Blauglocken- oder Taschentuchbaum lassen das G\u00e4rtner-Herz h\u00f6her schlagen. Der Apotheker-Garten zeigt die Heilkunst der Benediktiner-M\u00f6nche. Im K\u00fcchenkabinett k\u00f6nnen Besucher die Entwicklung des Nutzgartens nachvollziehen und essbare Blumen entdecken. Die Geophyten-Wiese ist [&hellip;]\" \/>\n<meta property=\"og:url\" content=\"https:\/\/corvey.de\/en\/corvey\/der-remtergarten\/\" \/>\n<meta property=\"og:site_name\" content=\"Welterbe Corvey\" \/>\n<meta property=\"article:modified_time\" content=\"2025-02-28T10:04:47+00:00\" \/>\n<meta property=\"og:image\" content=\"https:\/\/corvey.de\/wp-content\/uploads\/2024\/03\/Baum_Remtergarten_Dahlien_Westwerk-scaled.jpg\" \/>\n\t<meta property=\"og:image:width\" content=\"2560\" \/>\n\t<meta property=\"og:image:height\" content=\"1920\" \/>\n\t<meta property=\"og:image:type\" content=\"image\/jpeg\" \/>\n<meta name=\"twitter:card\" content=\"summary_large_image\" \/>\n<meta name=\"twitter:label1\" content=\"Est. reading time\" \/>\n\t<meta name=\"twitter:data1\" content=\"4 minutes\" \/>\n<script type=\"application\/ld+json\" class=\"yoast-schema-graph\">{\"@context\":\"https:\/\/schema.org\",\"@graph\":[{\"@type\":\"WebPage\",\"@id\":\"https:\/\/corvey.de\/corvey\/der-remtergarten\/\",\"url\":\"https:\/\/corvey.de\/corvey\/der-remtergarten\/\",\"name\":\"Der Remtergarten\",\"isPartOf\":{\"@id\":\"https:\/\/corvey.de\/#website\"},\"primaryImageOfPage\":{\"@id\":\"https:\/\/corvey.de\/corvey\/der-remtergarten\/#primaryimage\"},\"image\":{\"@id\":\"https:\/\/corvey.de\/corvey\/der-remtergarten\/#primaryimage\"},\"thumbnailUrl\":\"https:\/\/corvey.de\/wp-content\/uploads\/2024\/03\/Baum_Remtergarten_Dahlien_Westwerk-scaled.jpg\",\"datePublished\":\"2024-03-12T11:06:26+00:00\",\"dateModified\":\"2025-02-28T10:04:47+00:00\",\"breadcrumb\":{\"@id\":\"https:\/\/corvey.de\/corvey\/der-remtergarten\/#breadcrumb\"},\"inLanguage\":\"en-US\",\"potentialAction\":[{\"@type\":\"ReadAction\",\"target\":[\"https:\/\/corvey.de\/corvey\/der-remtergarten\/\"]}]},{\"@type\":\"ImageObject\",\"inLanguage\":\"en-US\",\"@id\":\"https:\/\/corvey.de\/corvey\/der-remtergarten\/#primaryimage\",\"url\":\"https:\/\/corvey.de\/wp-content\/uploads\/2024\/03\/Baum_Remtergarten_Dahlien_Westwerk-scaled.jpg\",\"contentUrl\":\"https:\/\/corvey.de\/wp-content\/uploads\/2024\/03\/Baum_Remtergarten_Dahlien_Westwerk-scaled.jpg\",\"width\":2560,\"height\":1920},{\"@type\":\"BreadcrumbList\",\"@id\":\"https:\/\/corvey.de\/corvey\/der-remtergarten\/#breadcrumb\",\"itemListElement\":[{\"@type\":\"ListItem\",\"position\":1,\"name\":\"Home\",\"item\":\"https:\/\/corvey.de\/\"},{\"@type\":\"ListItem\",\"position\":2,\"name\":\"Corvey\",\"item\":\"https:\/\/corvey.de\/corvey\/\"},{\"@type\":\"ListItem\",\"position\":3,\"name\":\"Der Remtergarten\"}]},{\"@type\":\"WebSite\",\"@id\":\"https:\/\/corvey.de\/#website\",\"url\":\"https:\/\/corvey.de\/\",\"name\":\"Schloss Corvey\",\"description\":\"\",\"publisher\":{\"@id\":\"https:\/\/corvey.de\/#organization\"},\"potentialAction\":[{\"@type\":\"SearchAction\",\"target\":{\"@type\":\"EntryPoint\",\"urlTemplate\":\"https:\/\/corvey.de\/?s={search_term_string}\"},\"query-input\":{\"@type\":\"PropertyValueSpecification\",\"valueRequired\":true,\"valueName\":\"search_term_string\"}}],\"inLanguage\":\"en-US\"},{\"@type\":\"Organization\",\"@id\":\"https:\/\/corvey.de\/#organization\",\"name\":\"Schloss Corvey\",\"url\":\"https:\/\/corvey.de\/\",\"logo\":{\"@type\":\"ImageObject\",\"inLanguage\":\"en-US\",\"@id\":\"https:\/\/corvey.de\/#\/schema\/logo\/image\/\",\"url\":\"https:\/\/corvey.de\/wp-content\/uploads\/2020\/10\/logo-schloss-corvey.svg\",\"contentUrl\":\"https:\/\/corvey.de\/wp-content\/uploads\/2020\/10\/logo-schloss-corvey.svg\",\"width\":1,\"height\":1,\"caption\":\"Schloss Corvey\"},\"image\":{\"@id\":\"https:\/\/corvey.de\/#\/schema\/logo\/image\/\"}}]}<\/script>\n<!-- \/ Yoast SEO plugin. -->","yoast_head_json":{"title":"Der Remtergarten &#8226; Welterbe Corvey","robots":{"index":"index","follow":"follow","max-snippet":"max-snippet:-1","max-image-preview":"max-image-preview:large","max-video-preview":"max-video-preview:-1"},"canonical":"https:\/\/corvey.de\/en\/corvey\/der-remtergarten\/","og_locale":"en_US","og_type":"article","og_title":"[:de]Der Remtergarten[:] &#8226; Welterbe Corvey","og_description":"Im Schutz hoher Klostermauern gedeiht allerhand unter den Doppelt\u00fcrmen des Westwerks aus der Zeit Karls des Gro\u00dfen: Rosen, pr\u00e4chtige Stauden und seltene Geh\u00f6lze wie Blauglocken- oder Taschentuchbaum lassen das G\u00e4rtner-Herz h\u00f6her schlagen. Der Apotheker-Garten zeigt die Heilkunst der Benediktiner-M\u00f6nche. Im K\u00fcchenkabinett k\u00f6nnen Besucher die Entwicklung des Nutzgartens nachvollziehen und essbare Blumen entdecken. Die Geophyten-Wiese ist [&hellip;]","og_url":"https:\/\/corvey.de\/en\/corvey\/der-remtergarten\/","og_site_name":"Welterbe Corvey","article_modified_time":"2025-02-28T10:04:47+00:00","og_image":[{"width":2560,"height":1920,"url":"https:\/\/corvey.de\/wp-content\/uploads\/2024\/03\/Baum_Remtergarten_Dahlien_Westwerk-scaled.jpg","type":"image\/jpeg"}],"twitter_card":"summary_large_image","twitter_misc":{"Est. reading time":"4 minutes"},"schema":{"@context":"https:\/\/schema.org","@graph":[{"@type":"WebPage","@id":"https:\/\/corvey.de\/corvey\/der-remtergarten\/","url":"https:\/\/corvey.de\/corvey\/der-remtergarten\/","name":"Der Remtergarten","isPartOf":{"@id":"https:\/\/corvey.de\/#website"},"primaryImageOfPage":{"@id":"https:\/\/corvey.de\/corvey\/der-remtergarten\/#primaryimage"},"image":{"@id":"https:\/\/corvey.de\/corvey\/der-remtergarten\/#primaryimage"},"thumbnailUrl":"https:\/\/corvey.de\/wp-content\/uploads\/2024\/03\/Baum_Remtergarten_Dahlien_Westwerk-scaled.jpg","datePublished":"2024-03-12T11:06:26+00:00","dateModified":"2025-02-28T10:04:47+00:00","breadcrumb":{"@id":"https:\/\/corvey.de\/corvey\/der-remtergarten\/#breadcrumb"},"inLanguage":"en-US","potentialAction":[{"@type":"ReadAction","target":["https:\/\/corvey.de\/corvey\/der-remtergarten\/"]}]},{"@type":"ImageObject","inLanguage":"en-US","@id":"https:\/\/corvey.de\/corvey\/der-remtergarten\/#primaryimage","url":"https:\/\/corvey.de\/wp-content\/uploads\/2024\/03\/Baum_Remtergarten_Dahlien_Westwerk-scaled.jpg","contentUrl":"https:\/\/corvey.de\/wp-content\/uploads\/2024\/03\/Baum_Remtergarten_Dahlien_Westwerk-scaled.jpg","width":2560,"height":1920},{"@type":"BreadcrumbList","@id":"https:\/\/corvey.de\/corvey\/der-remtergarten\/#breadcrumb","itemListElement":[{"@type":"ListItem","position":1,"name":"Home","item":"https:\/\/corvey.de\/"},{"@type":"ListItem","position":2,"name":"Corvey","item":"https:\/\/corvey.de\/corvey\/"},{"@type":"ListItem","position":3,"name":"Der Remtergarten"}]},{"@type":"WebSite","@id":"https:\/\/corvey.de\/#website","url":"https:\/\/corvey.de\/","name":"Schloss Corvey","description":"","publisher":{"@id":"https:\/\/corvey.de\/#organization"},"potentialAction":[{"@type":"SearchAction","target":{"@type":"EntryPoint","urlTemplate":"https:\/\/corvey.de\/?s={search_term_string}"},"query-input":{"@type":"PropertyValueSpecification","valueRequired":true,"valueName":"search_term_string"}}],"inLanguage":"en-US"},{"@type":"Organization","@id":"https:\/\/corvey.de\/#organization","name":"Schloss Corvey","url":"https:\/\/corvey.de\/","logo":{"@type":"ImageObject","inLanguage":"en-US","@id":"https:\/\/corvey.de\/#\/schema\/logo\/image\/","url":"https:\/\/corvey.de\/wp-content\/uploads\/2020\/10\/logo-schloss-corvey.svg","contentUrl":"https:\/\/corvey.de\/wp-content\/uploads\/2020\/10\/logo-schloss-corvey.svg","width":1,"height":1,"caption":"Schloss Corvey"},"image":{"@id":"https:\/\/corvey.de\/#\/schema\/logo\/image\/"}}]}},"_links":{"self":[{"href":"https:\/\/corvey.de\/en\/wp-json\/wp\/v2\/pages\/2521","targetHints":{"allow":["GET"]}}],"collection":[{"href":"https:\/\/corvey.de\/en\/wp-json\/wp\/v2\/pages"}],"about":[{"href":"https:\/\/corvey.de\/en\/wp-json\/wp\/v2\/types\/page"}],"author":[{"embeddable":true,"href":"https:\/\/corvey.de\/en\/wp-json\/wp\/v2\/users\/3"}],"replies":[{"embeddable":true,"href":"https:\/\/corvey.de\/en\/wp-json\/wp\/v2\/comments?post=2521"}],"version-history":[{"count":19,"href":"https:\/\/corvey.de\/en\/wp-json\/wp\/v2\/pages\/2521\/revisions"}],"predecessor-version":[{"id":2944,"href":"https:\/\/corvey.de\/en\/wp-json\/wp\/v2\/pages\/2521\/revisions\/2944"}],"up":[{"embeddable":true,"href":"https:\/\/corvey.de\/en\/wp-json\/wp\/v2\/pages\/8"}],"wp:featuredmedia":[{"embeddable":true,"href":"https:\/\/corvey.de\/en\/wp-json\/wp\/v2\/media\/2460"}],"wp:attachment":[{"href":"https:\/\/corvey.de\/en\/wp-json\/wp\/v2\/media?parent=2521"}],"curies":[{"name":"wp","href":"https:\/\/api.w.org\/{rel}","templated":true}]}}