{"id":2749,"date":"2024-05-31T11:45:54","date_gmt":"2024-05-31T09:45:54","guid":{"rendered":"https:\/\/corvey.de\/?page_id=2749"},"modified":"2025-05-30T08:48:41","modified_gmt":"2025-05-30T06:48:41","slug":"via-nova-lesung-ulrich-noethen-konzert","status":"publish","type":"page","link":"https:\/\/corvey.de\/en\/via-nova-lesung-ulrich-noethen-konzert\/","title":{"rendered":"VIA NOVA Lesung Ulrich Noethen, Konzert"},"content":{"rendered":"<p><span class=\"format rot\"><strong>Freitag, 29. August 2025, 19.30 Uhr,\u2002Schloss Corvey, Kaisersaal<\/strong><\/span><\/p>\n<p><span class=\"format rot\"><strong>Lesung und Konzert<\/strong><\/span><\/p>\n<p><strong>Ulrich Noethen<\/strong><br \/>\nCicero Vom rechten Handeln<\/p>\n<p><strong>O\/Modernt Orchestra Haydn plus<\/strong><br \/>\nHugo Ticciati, Violine<br \/>\nund Leitung<\/p>\n<p>Franz Joseph Haydn (1732 \u2013 1809)<br \/>\nOuvert\u00fcre zur Oper \u00a0L\u2019Isola disabitata \u00a0Hob. Ia:13<\/p>\n<p>Peteris Vasks (* 1946) Lonely Angel<\/p>\n<p>Pause<\/p>\n<p><strong>Ulrich Noethen<\/strong><br \/>\nGeorges-Arthur Goldschmidt Der unterbrochene Wald<\/p>\n<p>Albert Schnelzer (* 1972)<br \/>\nAksak and Ciphers<\/p>\n<p>Ludwig van Beethoven (1770 \u2013 1827)<br \/>\nGro\u00dfe Fuge B-Dur op. 133<br \/>\nin der Fassung f\u00fcr Streichorchester<\/p>\n<p>Die Lesung von Ulrich Noethen kombiniert Ciceros \u2039Vom rechten Handeln\u203a mit Georges-Arthur Goldschmidts Erz\u00e4hlung \u2039Der unterbrochene Wald\u203a in der genialen \u00dcbersetzung von Peter Handke. Ciceros Briefbuch ist ein Schl\u00fcsselwerk der antiken Moralphilosophie. Recht handelt, wer den vier Tugenden Weisheit, Gerechtigkeit, Mut und M\u00e4\u00dfigung folgt, der menschlichen Natur entspricht und dem Gemeinwohl dient. Sein konsequentes Eintreten f\u00fcr ein gerechtes, menschenw\u00fcrdiges Leben beeindruckt noch immer. Dabei pl\u00e4diert er f\u00fcr eine Vielfalt in der Welt, eine Gemeinschaft der Sprachen und des Lebens. Er verachtet Skrupellosigkeit und Tyrannei der M\u00e4chtigen. Georges-Arthur Goldschmidt verl\u00e4\u00dft 1939 als Elfj\u00e4hriger sein j\u00fcdisches Elternhaus in Hamburg und flieht in die Savoyen, wo er \u2013 vor den Deutschen versteckt \u2013 in einem Kinderheim und sp\u00e4ter bei Bergbauern \u00fcberlebt. Es ist eine sehr besondere Erz\u00e4hlung, die von dem Ausgesto\u00dfensein berichtet und von den Versuchen, den Erz\u00e4hler mit sich zu vers\u00f6hnen. Die umgebene Landschaft, die Tiere, der eigene K\u00f6rper sind wie ein Spiegel bei dem Versuch, die Angst und die Scham zu \u00fcberwinden. Es hei\u00dft: \u2039Er machte wieder kehrt und ging zur\u00fcck, um die gerade gegangene Strecke noch einmal abzugehen und so zu sehen, wie er sie am Tage seiner Flucht vom anderen Bauern gesehen hatte, um die Strecke ohne Angst wieder zu erleben\u2026 Das hohe Licht, die Farben, die Matten und die Berge erhoben ihn, er war voll vom Dasein, vom Gef\u00fchl, da\u00df er da war\u2026 Auf einmal, er war schon fast ganz oben, fingen die Glocken zu l\u00e4uten an\u2026 Es war ein Klang, wie man ihn in Sonntagsg\u00e4rten h\u00f6rte, bei dem man sich weite Horizonte vorstellte, ein Klang, der den K\u00f6rper erleichterte und beschwingte, er reichte von Kirchturm zu Kirchturm, es war, als sei man selber ganz aus diesen T\u00f6nen gebildet. Lange l\u00e4uteten die Glocken \u00fcber dem Tal die Befreiung in ganz Savoyen ein.\u203a<br \/>\nMusikalisches Schubladendenken ist Hugo Ticciati v\u00f6llig fremd, weshalb es f\u00fcr den gefeierten Violinisten und Dirigenten auch keine Alte oder Neue Musik gibt, sondern nur h\u00f6renswerte und nicht h\u00f6renswerte. So sorgt er auch mit dem von ihm gegr\u00fcndeten Kammerorchester O\/Modernt (schwedisch f\u00fcr Un\/Modern) f\u00fcr \u00fcberraschende Querverbindungen zwischen Gestern und Heute und ist nicht nur am Dirigentenpult dieses erstklassig besetzten Klangk\u00f6rpers zu erleben, sondern auch an der Violine. Von Peteris Vasks spielt er die Violin-Meditation \u2039Lonely Angel\u203a, mit der sich der lettische Komponist entfernt auf Haydns Oper \u2039L\u2019Isola disabitata\u203a bezogen hat. Der Schwede Albert Schnelzer lie\u00df sich dagegen f\u00fcr \u2039Aksak and Ciphers\u203a von Haydns ber\u00fchmter \u2039Abschiedssinfonie\u203a inspirieren. Und \u00fcber allem schwebt schlie\u00dflich wie ein einsamer Planet: Beethovens zeitlos staunenmachende Gro\u00dfe Fuge.<\/p>\n<p><strong>Eintritt 40 \/ 35 \/ 30 \u20ac, Tageskarte 55 \/ 50 \u20ac inkl. Suppe<\/strong><\/p>\n<p><span style=\"color: #0000ff;\"><strong>\u00a0<u><a style=\"color: #0000ff;\" href=\"https:\/\/docs.google.com\/forms\/d\/e\/1FAIpQLScANBAlkPcmYL8hsSsCDCTbwFh2_kOjm8_ljmWKYbeOR02f1g\/viewform\">[Kartenbestellungen online]<\/a><\/u><\/strong><\/span><\/p>\n<p><span style=\"color: #0000ff;\"><strong>Per E-Mail: [<u><a style=\"color: #0000ff;\" href=\"mailto:vianova@corvey.de\">vianova@corvey.de]<\/a><\/u><\/strong><\/span><\/p>\n<p><span style=\"color: #0000ff;\"><strong><u><a style=\"color: #0000ff;\" href=\"tel:00495231570150\">Telefonservice: [05231 570150]<\/a><\/u><\/strong><\/span><\/p>\n<p>&nbsp;<\/p>\n","protected":false},"excerpt":{"rendered":"<p>Freitag, 29. August 2025, 19.30 Uhr,\u2002Schloss Corvey, Kaisersaal Lesung und Konzert Ulrich Noethen Cicero Vom rechten Handeln O\/Modernt Orchestra Haydn plus Hugo Ticciati, Violine und Leitung Franz Joseph Haydn (1732 \u2013 1809) Ouvert\u00fcre zur Oper \u00a0L\u2019Isola disabitata \u00a0Hob. Ia:13 Peteris Vasks (* 1946) Lonely Angel Pause Ulrich Noethen Georges-Arthur Goldschmidt Der unterbrochene Wald Albert Schnelzer [&hellip;]<\/p>\n","protected":false},"author":3,"featured_media":3102,"parent":0,"menu_order":0,"comment_status":"closed","ping_status":"closed","template":"","meta":{"_acf_changed":false,"footnotes":""},"class_list":["post-2749","page","type-page","status-publish","has-post-thumbnail","hentry"],"acf":[],"yoast_head":"<!-- This site is optimized with the Yoast SEO plugin v24.0 - https:\/\/yoast.com\/wordpress\/plugins\/seo\/ -->\n<title>VIA NOVA Lesung Ulrich Noethen, Konzert &#8226; Welterbe Corvey<\/title>\n<meta name=\"robots\" content=\"index, follow, max-snippet:-1, max-image-preview:large, max-video-preview:-1\" \/>\n<link rel=\"canonical\" href=\"https:\/\/corvey.de\/en\/via-nova-lesung-ulrich-noethen-konzert\/\" \/>\n<meta property=\"og:locale\" content=\"en_US\" \/>\n<meta property=\"og:locale:alternate\" content=\"de_DE\" \/>\n<meta property=\"og:type\" content=\"article\" \/>\n<meta property=\"og:title\" content=\"VIA NOVA Lesung Ulrich Noethen, Konzert\" \/>\n<meta property=\"og:description\" content=\"Freitag, 29. August 2025, 19.30 Uhr,\u2002Schloss Corvey, Kaisersaal Lesung und Konzert Ulrich Noethen Cicero Vom rechten Handeln O\/Modernt Orchestra Haydn plus Hugo Ticciati, Violine und Leitung Franz Joseph Haydn (1732 \u2013 1809) Ouvert\u00fcre zur Oper \u00a0L\u2019Isola disabitata \u00a0Hob. Ia:13 Peteris Vasks (* 1946) Lonely Angel Pause Ulrich Noethen Georges-Arthur Goldschmidt Der unterbrochene Wald Albert Schnelzer [&hellip;]\" \/>\n<meta property=\"og:url\" content=\"https:\/\/corvey.de\/en\/via-nova-lesung-ulrich-noethen-konzert\/\" \/>\n<meta property=\"og:site_name\" content=\"Welterbe Corvey\" \/>\n<meta property=\"article:modified_time\" content=\"2025-05-30T06:48:41+00:00\" \/>\n<meta property=\"og:image\" content=\"https:\/\/corvey.de\/wp-content\/uploads\/2025\/05\/1_Web-Titel-1024x724.png\" \/>\n\t<meta property=\"og:image:width\" content=\"1024\" \/>\n\t<meta property=\"og:image:height\" content=\"724\" \/>\n\t<meta property=\"og:image:type\" content=\"image\/png\" \/>\n<meta name=\"twitter:card\" content=\"summary_large_image\" \/>\n<meta name=\"twitter:label1\" content=\"Est. reading time\" \/>\n\t<meta name=\"twitter:data1\" content=\"4 minutes\" \/>\n<script type=\"application\/ld+json\" class=\"yoast-schema-graph\">{\"@context\":\"https:\/\/schema.org\",\"@graph\":[{\"@type\":\"WebPage\",\"@id\":\"https:\/\/corvey.de\/via-nova-lesung-ulrich-noethen-konzert\/\",\"url\":\"https:\/\/corvey.de\/via-nova-lesung-ulrich-noethen-konzert\/\",\"name\":\"VIA NOVA Lesung Ulrich Noethen, Konzert\",\"isPartOf\":{\"@id\":\"https:\/\/corvey.de\/#website\"},\"primaryImageOfPage\":{\"@id\":\"https:\/\/corvey.de\/via-nova-lesung-ulrich-noethen-konzert\/#primaryimage\"},\"image\":{\"@id\":\"https:\/\/corvey.de\/via-nova-lesung-ulrich-noethen-konzert\/#primaryimage\"},\"thumbnailUrl\":\"https:\/\/corvey.de\/wp-content\/uploads\/2025\/05\/1_Web-Titel.png\",\"datePublished\":\"2024-05-31T09:45:54+00:00\",\"dateModified\":\"2025-05-30T06:48:41+00:00\",\"breadcrumb\":{\"@id\":\"https:\/\/corvey.de\/via-nova-lesung-ulrich-noethen-konzert\/#breadcrumb\"},\"inLanguage\":\"en-US\",\"potentialAction\":[{\"@type\":\"ReadAction\",\"target\":[\"https:\/\/corvey.de\/via-nova-lesung-ulrich-noethen-konzert\/\"]}]},{\"@type\":\"ImageObject\",\"inLanguage\":\"en-US\",\"@id\":\"https:\/\/corvey.de\/via-nova-lesung-ulrich-noethen-konzert\/#primaryimage\",\"url\":\"https:\/\/corvey.de\/wp-content\/uploads\/2025\/05\/1_Web-Titel.png\",\"contentUrl\":\"https:\/\/corvey.de\/wp-content\/uploads\/2025\/05\/1_Web-Titel.png\",\"width\":3507,\"height\":2480},{\"@type\":\"BreadcrumbList\",\"@id\":\"https:\/\/corvey.de\/via-nova-lesung-ulrich-noethen-konzert\/#breadcrumb\",\"itemListElement\":[{\"@type\":\"ListItem\",\"position\":1,\"name\":\"Home\",\"item\":\"https:\/\/corvey.de\/\"},{\"@type\":\"ListItem\",\"position\":2,\"name\":\"VIA NOVA Lesung Ulrich Noethen, Konzert\"}]},{\"@type\":\"WebSite\",\"@id\":\"https:\/\/corvey.de\/#website\",\"url\":\"https:\/\/corvey.de\/\",\"name\":\"Schloss Corvey\",\"description\":\"\",\"publisher\":{\"@id\":\"https:\/\/corvey.de\/#organization\"},\"potentialAction\":[{\"@type\":\"SearchAction\",\"target\":{\"@type\":\"EntryPoint\",\"urlTemplate\":\"https:\/\/corvey.de\/?s={search_term_string}\"},\"query-input\":{\"@type\":\"PropertyValueSpecification\",\"valueRequired\":true,\"valueName\":\"search_term_string\"}}],\"inLanguage\":\"en-US\"},{\"@type\":\"Organization\",\"@id\":\"https:\/\/corvey.de\/#organization\",\"name\":\"Schloss Corvey\",\"url\":\"https:\/\/corvey.de\/\",\"logo\":{\"@type\":\"ImageObject\",\"inLanguage\":\"en-US\",\"@id\":\"https:\/\/corvey.de\/#\/schema\/logo\/image\/\",\"url\":\"https:\/\/corvey.de\/wp-content\/uploads\/2020\/10\/logo-schloss-corvey.svg\",\"contentUrl\":\"https:\/\/corvey.de\/wp-content\/uploads\/2020\/10\/logo-schloss-corvey.svg\",\"width\":1,\"height\":1,\"caption\":\"Schloss Corvey\"},\"image\":{\"@id\":\"https:\/\/corvey.de\/#\/schema\/logo\/image\/\"}}]}<\/script>\n<!-- \/ Yoast SEO plugin. -->","yoast_head_json":{"title":"VIA NOVA Lesung Ulrich Noethen, Konzert &#8226; Welterbe Corvey","robots":{"index":"index","follow":"follow","max-snippet":"max-snippet:-1","max-image-preview":"max-image-preview:large","max-video-preview":"max-video-preview:-1"},"canonical":"https:\/\/corvey.de\/en\/via-nova-lesung-ulrich-noethen-konzert\/","og_locale":"en_US","og_type":"article","og_title":"[:de]VIA NOVA Lesung Ulrich Noethen, Konzert[:] &#8226; Welterbe Corvey","og_description":"Freitag, 29. August 2025, 19.30 Uhr,\u2002Schloss Corvey, Kaisersaal Lesung und Konzert Ulrich Noethen Cicero Vom rechten Handeln O\/Modernt Orchestra Haydn plus Hugo Ticciati, Violine und Leitung Franz Joseph Haydn (1732 \u2013 1809) Ouvert\u00fcre zur Oper \u00a0L\u2019Isola disabitata \u00a0Hob. Ia:13 Peteris Vasks (* 1946) Lonely Angel Pause Ulrich Noethen Georges-Arthur Goldschmidt Der unterbrochene Wald Albert Schnelzer [&hellip;]","og_url":"https:\/\/corvey.de\/en\/via-nova-lesung-ulrich-noethen-konzert\/","og_site_name":"Welterbe Corvey","article_modified_time":"2025-05-30T06:48:41+00:00","og_image":[{"width":1024,"height":724,"url":"https:\/\/corvey.de\/wp-content\/uploads\/2025\/05\/1_Web-Titel-1024x724.png","type":"image\/png"}],"twitter_card":"summary_large_image","twitter_misc":{"Est. reading time":"4 minutes"},"schema":{"@context":"https:\/\/schema.org","@graph":[{"@type":"WebPage","@id":"https:\/\/corvey.de\/via-nova-lesung-ulrich-noethen-konzert\/","url":"https:\/\/corvey.de\/via-nova-lesung-ulrich-noethen-konzert\/","name":"VIA NOVA Lesung Ulrich Noethen, Konzert","isPartOf":{"@id":"https:\/\/corvey.de\/#website"},"primaryImageOfPage":{"@id":"https:\/\/corvey.de\/via-nova-lesung-ulrich-noethen-konzert\/#primaryimage"},"image":{"@id":"https:\/\/corvey.de\/via-nova-lesung-ulrich-noethen-konzert\/#primaryimage"},"thumbnailUrl":"https:\/\/corvey.de\/wp-content\/uploads\/2025\/05\/1_Web-Titel.png","datePublished":"2024-05-31T09:45:54+00:00","dateModified":"2025-05-30T06:48:41+00:00","breadcrumb":{"@id":"https:\/\/corvey.de\/via-nova-lesung-ulrich-noethen-konzert\/#breadcrumb"},"inLanguage":"en-US","potentialAction":[{"@type":"ReadAction","target":["https:\/\/corvey.de\/via-nova-lesung-ulrich-noethen-konzert\/"]}]},{"@type":"ImageObject","inLanguage":"en-US","@id":"https:\/\/corvey.de\/via-nova-lesung-ulrich-noethen-konzert\/#primaryimage","url":"https:\/\/corvey.de\/wp-content\/uploads\/2025\/05\/1_Web-Titel.png","contentUrl":"https:\/\/corvey.de\/wp-content\/uploads\/2025\/05\/1_Web-Titel.png","width":3507,"height":2480},{"@type":"BreadcrumbList","@id":"https:\/\/corvey.de\/via-nova-lesung-ulrich-noethen-konzert\/#breadcrumb","itemListElement":[{"@type":"ListItem","position":1,"name":"Home","item":"https:\/\/corvey.de\/"},{"@type":"ListItem","position":2,"name":"VIA NOVA Lesung Ulrich Noethen, Konzert"}]},{"@type":"WebSite","@id":"https:\/\/corvey.de\/#website","url":"https:\/\/corvey.de\/","name":"Schloss Corvey","description":"","publisher":{"@id":"https:\/\/corvey.de\/#organization"},"potentialAction":[{"@type":"SearchAction","target":{"@type":"EntryPoint","urlTemplate":"https:\/\/corvey.de\/?s={search_term_string}"},"query-input":{"@type":"PropertyValueSpecification","valueRequired":true,"valueName":"search_term_string"}}],"inLanguage":"en-US"},{"@type":"Organization","@id":"https:\/\/corvey.de\/#organization","name":"Schloss Corvey","url":"https:\/\/corvey.de\/","logo":{"@type":"ImageObject","inLanguage":"en-US","@id":"https:\/\/corvey.de\/#\/schema\/logo\/image\/","url":"https:\/\/corvey.de\/wp-content\/uploads\/2020\/10\/logo-schloss-corvey.svg","contentUrl":"https:\/\/corvey.de\/wp-content\/uploads\/2020\/10\/logo-schloss-corvey.svg","width":1,"height":1,"caption":"Schloss Corvey"},"image":{"@id":"https:\/\/corvey.de\/#\/schema\/logo\/image\/"}}]}},"_links":{"self":[{"href":"https:\/\/corvey.de\/en\/wp-json\/wp\/v2\/pages\/2749","targetHints":{"allow":["GET"]}}],"collection":[{"href":"https:\/\/corvey.de\/en\/wp-json\/wp\/v2\/pages"}],"about":[{"href":"https:\/\/corvey.de\/en\/wp-json\/wp\/v2\/types\/page"}],"author":[{"embeddable":true,"href":"https:\/\/corvey.de\/en\/wp-json\/wp\/v2\/users\/3"}],"replies":[{"embeddable":true,"href":"https:\/\/corvey.de\/en\/wp-json\/wp\/v2\/comments?post=2749"}],"version-history":[{"count":8,"href":"https:\/\/corvey.de\/en\/wp-json\/wp\/v2\/pages\/2749\/revisions"}],"predecessor-version":[{"id":2861,"href":"https:\/\/corvey.de\/en\/wp-json\/wp\/v2\/pages\/2749\/revisions\/2861"}],"wp:featuredmedia":[{"embeddable":true,"href":"https:\/\/corvey.de\/en\/wp-json\/wp\/v2\/media\/3102"}],"wp:attachment":[{"href":"https:\/\/corvey.de\/en\/wp-json\/wp\/v2\/media?parent=2749"}],"curies":[{"name":"wp","href":"https:\/\/api.w.org\/{rel}","templated":true}]}}