{"id":3150,"date":"2025-05-19T10:33:19","date_gmt":"2025-05-19T08:33:19","guid":{"rendered":"https:\/\/corvey.de\/?page_id=3150"},"modified":"2025-05-30T11:03:11","modified_gmt":"2025-05-30T09:03:11","slug":"via-nova-kurzlesung-und-liedermatinee","status":"publish","type":"page","link":"https:\/\/corvey.de\/en\/via-nova-kurzlesung-und-liedermatinee\/","title":{"rendered":"VIA NOVA Kurzlesung Rainer Frank &#038; Liedermatinee"},"content":{"rendered":"<p><span class=\"format rot\"><strong>Samstag, 6. September 2025, 11.00 Uhr, Schloss Corvey Kaisersaal<\/strong><\/span><\/p>\n<p><span class=\"format rot\"><strong>Kurzlesung und Liedermatinee<\/strong><\/span><\/p>\n<p><strong>Rainer Frank<\/strong><br \/>\nCicero De officiis<br \/>\nEr leuchtet trotzdem sich<\/p>\n<p><strong>Konstantin Krimmel, Bariton<\/strong><br \/>\n<strong>Daniel Heide, Klavier<\/strong><\/p>\n<p>Franz Schubert (1797 \u2013 1828)<br \/>\nDer Wanderer D 493 (Gedicht von Georg Philipp<br \/>\nSchmidt von L\u00fcbeck)<br \/>\nAn den Mond D 193 (Ludwig Christoph Heinrich H\u00f6lty)<br \/>\nSch\u00e4fers Klagelied D 121 (Johann Wolfgang von Goethe)<br \/>\nWanderers Nachtlied I D 224 (J. W. von Goethe)<br \/>\nAn den Mond D 259 (Johann Wolfgang von Goethe)<br \/>\nDer Wanderer an den Mond D 870 (Johann Gabriel Seidl)<br \/>\nDie B\u00fcrgschaft D 246 (Friedrich Schiller)<br \/>\nHoffnung D 627 (Friedrich Schiller)<br \/>\nGruppe aus dem Tartarus D 583 (Friedrich Schiller)<br \/>\nNachtst\u00fcck D 672 (Johann Mayrhofer)<br \/>\nPrometheus D 674 (Johann Wolfgang von Goethe)<\/p>\n<p>Von Gro\u00dfz\u00fcgigkeit gegen\u00fcber den Mitmenschen spricht Cicero in seiner Abhandlung \u00fcber Gerechtigkeit. Insgesamt solle man f\u00fcr jeden Menschen alles tun, wovon man selbst keinen Schaden hat, der andere aber einen gro\u00dfen Nutzen. Dieser Gedanke, die Suche nach der Begegnung mit dem anderen, in dem man sich selbst findet, spiegelt sich in dem Konzert wider.<br \/>\nDer deutsch-rum\u00e4nische Bariton Konstantin Krimmel ist erst seit wenigen Jahren im Liedgesang aktiv und wird hoch gehandelt. Die Frankfurter Allgemeine Zeitung bezeichnet ihn gemeinsam mit Fischer-Dieskau und Gerhaher als \u2039wohl der gr\u00f6\u00dfte Gl\u00fccksfall, der dem Kunstlied widerfahren ist\u203a (FAZ, 3. 5. 2025). Gemeinsam mit Daniel Heide am Klavier lassen die beiden Musiker die Musik Franz Schuberts strahlend, ausdrucksstark und textverst\u00e4ndlich erklingen. Die Gestalt des Wanderers durchzieht als Archetypus Schuberts Schaffen. Pastorale, melancholische Szenen, die dem Publikum des 19. Jahrhunderts vertraut waren, verbinden die beiden Musiker in ihrem heutigen Konzert mit den dramatischen Balladen von Goethe und Schiller, die antike Mythen aufgreifen, und Kompositionen zu Gedichten, die von Sehnsucht und Hoffnung sprechen.<\/p>\n<p><strong>Eintritt: 25 \/ 20 \/ 15 \u20ac<\/strong><\/p>\n<p><span style=\"color: #0000ff;\"><strong><u><a style=\"color: #0000ff;\" href=\"https:\/\/docs.google.com\/forms\/d\/e\/1FAIpQLScANBAlkPcmYL8hsSsCDCTbwFh2_kOjm8_ljmWKYbeOR02f1g\/viewform\">[Kartenbestellungen online]<\/a><\/u><\/strong><\/span><\/p>\n<p><span style=\"color: #0000ff;\"><strong>Per E-Mail:<\/strong><strong> [<u><a style=\"color: #0000ff;\" href=\"mailto:vianova@corvey.de\">vianova@corvey.de]<\/a><\/u><\/strong><\/span><\/p>\n<p><span style=\"color: #0000ff;\"><strong><u><a style=\"color: #0000ff;\" href=\"tel:00495231570150\">Telefonservice: [05231 570150]<\/a><\/u><\/strong><\/span><\/p>\n<p>&nbsp;<\/p>\n","protected":false},"excerpt":{"rendered":"<p>Samstag, 6. September 2025, 11.00 Uhr, Schloss Corvey Kaisersaal Kurzlesung und Liedermatinee Rainer Frank Cicero De officiis Er leuchtet trotzdem sich Konstantin Krimmel, Bariton Daniel Heide, Klavier Franz Schubert (1797 \u2013 1828) Der Wanderer D 493 (Gedicht von Georg Philipp Schmidt von L\u00fcbeck) An den Mond D 193 (Ludwig Christoph Heinrich H\u00f6lty) Sch\u00e4fers Klagelied D [&hellip;]<\/p>\n","protected":false},"author":3,"featured_media":3102,"parent":0,"menu_order":0,"comment_status":"closed","ping_status":"closed","template":"","meta":{"_acf_changed":false,"footnotes":""},"class_list":["post-3150","page","type-page","status-publish","has-post-thumbnail","hentry"],"acf":[],"yoast_head":"<!-- This site is optimized with the Yoast SEO plugin v24.0 - https:\/\/yoast.com\/wordpress\/plugins\/seo\/ -->\n<title>VIA NOVA Kurzlesung Rainer Frank &amp; Liedermatinee &#8226; Welterbe Corvey<\/title>\n<meta name=\"robots\" content=\"index, follow, max-snippet:-1, max-image-preview:large, max-video-preview:-1\" \/>\n<link rel=\"canonical\" href=\"https:\/\/corvey.de\/en\/via-nova-kurzlesung-und-liedermatinee\/\" \/>\n<meta property=\"og:locale\" content=\"en_US\" \/>\n<meta property=\"og:locale:alternate\" content=\"de_DE\" \/>\n<meta property=\"og:type\" content=\"article\" \/>\n<meta property=\"og:title\" content=\"VIA NOVA Kurzlesung Rainer Frank &amp; Liedermatinee\" \/>\n<meta property=\"og:description\" content=\"Samstag, 6. September 2025, 11.00 Uhr, Schloss Corvey Kaisersaal Kurzlesung und Liedermatinee Rainer Frank Cicero De officiis Er leuchtet trotzdem sich Konstantin Krimmel, Bariton Daniel Heide, Klavier Franz Schubert (1797 \u2013 1828) Der Wanderer D 493 (Gedicht von Georg Philipp Schmidt von L\u00fcbeck) An den Mond D 193 (Ludwig Christoph Heinrich H\u00f6lty) Sch\u00e4fers Klagelied D [&hellip;]\" \/>\n<meta property=\"og:url\" content=\"https:\/\/corvey.de\/en\/via-nova-kurzlesung-und-liedermatinee\/\" \/>\n<meta property=\"og:site_name\" content=\"Welterbe Corvey\" \/>\n<meta property=\"article:modified_time\" content=\"2025-05-30T09:03:11+00:00\" \/>\n<meta property=\"og:image\" content=\"https:\/\/corvey.de\/wp-content\/uploads\/2025\/05\/1_Web-Titel-1024x724.png\" \/>\n\t<meta property=\"og:image:width\" content=\"1024\" \/>\n\t<meta property=\"og:image:height\" content=\"724\" \/>\n\t<meta property=\"og:image:type\" content=\"image\/png\" \/>\n<meta name=\"twitter:card\" content=\"summary_large_image\" \/>\n<meta name=\"twitter:label1\" content=\"Est. reading time\" \/>\n\t<meta name=\"twitter:data1\" content=\"2 minutes\" \/>\n<script type=\"application\/ld+json\" class=\"yoast-schema-graph\">{\"@context\":\"https:\/\/schema.org\",\"@graph\":[{\"@type\":\"WebPage\",\"@id\":\"https:\/\/corvey.de\/via-nova-kurzlesung-und-liedermatinee\/\",\"url\":\"https:\/\/corvey.de\/via-nova-kurzlesung-und-liedermatinee\/\",\"name\":\"VIA NOVA Kurzlesung Rainer Frank & Liedermatinee\",\"isPartOf\":{\"@id\":\"https:\/\/corvey.de\/#website\"},\"primaryImageOfPage\":{\"@id\":\"https:\/\/corvey.de\/via-nova-kurzlesung-und-liedermatinee\/#primaryimage\"},\"image\":{\"@id\":\"https:\/\/corvey.de\/via-nova-kurzlesung-und-liedermatinee\/#primaryimage\"},\"thumbnailUrl\":\"https:\/\/corvey.de\/wp-content\/uploads\/2025\/05\/1_Web-Titel.png\",\"datePublished\":\"2025-05-19T08:33:19+00:00\",\"dateModified\":\"2025-05-30T09:03:11+00:00\",\"breadcrumb\":{\"@id\":\"https:\/\/corvey.de\/via-nova-kurzlesung-und-liedermatinee\/#breadcrumb\"},\"inLanguage\":\"en-US\",\"potentialAction\":[{\"@type\":\"ReadAction\",\"target\":[\"https:\/\/corvey.de\/via-nova-kurzlesung-und-liedermatinee\/\"]}]},{\"@type\":\"ImageObject\",\"inLanguage\":\"en-US\",\"@id\":\"https:\/\/corvey.de\/via-nova-kurzlesung-und-liedermatinee\/#primaryimage\",\"url\":\"https:\/\/corvey.de\/wp-content\/uploads\/2025\/05\/1_Web-Titel.png\",\"contentUrl\":\"https:\/\/corvey.de\/wp-content\/uploads\/2025\/05\/1_Web-Titel.png\",\"width\":3507,\"height\":2480},{\"@type\":\"BreadcrumbList\",\"@id\":\"https:\/\/corvey.de\/via-nova-kurzlesung-und-liedermatinee\/#breadcrumb\",\"itemListElement\":[{\"@type\":\"ListItem\",\"position\":1,\"name\":\"Home\",\"item\":\"https:\/\/corvey.de\/\"},{\"@type\":\"ListItem\",\"position\":2,\"name\":\"VIA NOVA Kurzlesung Rainer Frank &#038; Liedermatinee\"}]},{\"@type\":\"WebSite\",\"@id\":\"https:\/\/corvey.de\/#website\",\"url\":\"https:\/\/corvey.de\/\",\"name\":\"Schloss Corvey\",\"description\":\"\",\"publisher\":{\"@id\":\"https:\/\/corvey.de\/#organization\"},\"potentialAction\":[{\"@type\":\"SearchAction\",\"target\":{\"@type\":\"EntryPoint\",\"urlTemplate\":\"https:\/\/corvey.de\/?s={search_term_string}\"},\"query-input\":{\"@type\":\"PropertyValueSpecification\",\"valueRequired\":true,\"valueName\":\"search_term_string\"}}],\"inLanguage\":\"en-US\"},{\"@type\":\"Organization\",\"@id\":\"https:\/\/corvey.de\/#organization\",\"name\":\"Schloss Corvey\",\"url\":\"https:\/\/corvey.de\/\",\"logo\":{\"@type\":\"ImageObject\",\"inLanguage\":\"en-US\",\"@id\":\"https:\/\/corvey.de\/#\/schema\/logo\/image\/\",\"url\":\"https:\/\/corvey.de\/wp-content\/uploads\/2020\/10\/logo-schloss-corvey.svg\",\"contentUrl\":\"https:\/\/corvey.de\/wp-content\/uploads\/2020\/10\/logo-schloss-corvey.svg\",\"width\":1,\"height\":1,\"caption\":\"Schloss Corvey\"},\"image\":{\"@id\":\"https:\/\/corvey.de\/#\/schema\/logo\/image\/\"}}]}<\/script>\n<!-- \/ Yoast SEO plugin. -->","yoast_head_json":{"title":"VIA NOVA Kurzlesung Rainer Frank & Liedermatinee &#8226; Welterbe Corvey","robots":{"index":"index","follow":"follow","max-snippet":"max-snippet:-1","max-image-preview":"max-image-preview:large","max-video-preview":"max-video-preview:-1"},"canonical":"https:\/\/corvey.de\/en\/via-nova-kurzlesung-und-liedermatinee\/","og_locale":"en_US","og_type":"article","og_title":"[:de]VIA NOVA Kurzlesung Rainer Frank & Liedermatinee[:] &#8226; Welterbe Corvey","og_description":"Samstag, 6. September 2025, 11.00 Uhr, Schloss Corvey Kaisersaal Kurzlesung und Liedermatinee Rainer Frank Cicero De officiis Er leuchtet trotzdem sich Konstantin Krimmel, Bariton Daniel Heide, Klavier Franz Schubert (1797 \u2013 1828) Der Wanderer D 493 (Gedicht von Georg Philipp Schmidt von L\u00fcbeck) An den Mond D 193 (Ludwig Christoph Heinrich H\u00f6lty) Sch\u00e4fers Klagelied D [&hellip;]","og_url":"https:\/\/corvey.de\/en\/via-nova-kurzlesung-und-liedermatinee\/","og_site_name":"Welterbe Corvey","article_modified_time":"2025-05-30T09:03:11+00:00","og_image":[{"width":1024,"height":724,"url":"https:\/\/corvey.de\/wp-content\/uploads\/2025\/05\/1_Web-Titel-1024x724.png","type":"image\/png"}],"twitter_card":"summary_large_image","twitter_misc":{"Est. reading time":"2 minutes"},"schema":{"@context":"https:\/\/schema.org","@graph":[{"@type":"WebPage","@id":"https:\/\/corvey.de\/via-nova-kurzlesung-und-liedermatinee\/","url":"https:\/\/corvey.de\/via-nova-kurzlesung-und-liedermatinee\/","name":"VIA NOVA Kurzlesung Rainer Frank & Liedermatinee","isPartOf":{"@id":"https:\/\/corvey.de\/#website"},"primaryImageOfPage":{"@id":"https:\/\/corvey.de\/via-nova-kurzlesung-und-liedermatinee\/#primaryimage"},"image":{"@id":"https:\/\/corvey.de\/via-nova-kurzlesung-und-liedermatinee\/#primaryimage"},"thumbnailUrl":"https:\/\/corvey.de\/wp-content\/uploads\/2025\/05\/1_Web-Titel.png","datePublished":"2025-05-19T08:33:19+00:00","dateModified":"2025-05-30T09:03:11+00:00","breadcrumb":{"@id":"https:\/\/corvey.de\/via-nova-kurzlesung-und-liedermatinee\/#breadcrumb"},"inLanguage":"en-US","potentialAction":[{"@type":"ReadAction","target":["https:\/\/corvey.de\/via-nova-kurzlesung-und-liedermatinee\/"]}]},{"@type":"ImageObject","inLanguage":"en-US","@id":"https:\/\/corvey.de\/via-nova-kurzlesung-und-liedermatinee\/#primaryimage","url":"https:\/\/corvey.de\/wp-content\/uploads\/2025\/05\/1_Web-Titel.png","contentUrl":"https:\/\/corvey.de\/wp-content\/uploads\/2025\/05\/1_Web-Titel.png","width":3507,"height":2480},{"@type":"BreadcrumbList","@id":"https:\/\/corvey.de\/via-nova-kurzlesung-und-liedermatinee\/#breadcrumb","itemListElement":[{"@type":"ListItem","position":1,"name":"Home","item":"https:\/\/corvey.de\/"},{"@type":"ListItem","position":2,"name":"VIA NOVA Kurzlesung Rainer Frank &#038; Liedermatinee"}]},{"@type":"WebSite","@id":"https:\/\/corvey.de\/#website","url":"https:\/\/corvey.de\/","name":"Schloss Corvey","description":"","publisher":{"@id":"https:\/\/corvey.de\/#organization"},"potentialAction":[{"@type":"SearchAction","target":{"@type":"EntryPoint","urlTemplate":"https:\/\/corvey.de\/?s={search_term_string}"},"query-input":{"@type":"PropertyValueSpecification","valueRequired":true,"valueName":"search_term_string"}}],"inLanguage":"en-US"},{"@type":"Organization","@id":"https:\/\/corvey.de\/#organization","name":"Schloss Corvey","url":"https:\/\/corvey.de\/","logo":{"@type":"ImageObject","inLanguage":"en-US","@id":"https:\/\/corvey.de\/#\/schema\/logo\/image\/","url":"https:\/\/corvey.de\/wp-content\/uploads\/2020\/10\/logo-schloss-corvey.svg","contentUrl":"https:\/\/corvey.de\/wp-content\/uploads\/2020\/10\/logo-schloss-corvey.svg","width":1,"height":1,"caption":"Schloss Corvey"},"image":{"@id":"https:\/\/corvey.de\/#\/schema\/logo\/image\/"}}]}},"_links":{"self":[{"href":"https:\/\/corvey.de\/en\/wp-json\/wp\/v2\/pages\/3150","targetHints":{"allow":["GET"]}}],"collection":[{"href":"https:\/\/corvey.de\/en\/wp-json\/wp\/v2\/pages"}],"about":[{"href":"https:\/\/corvey.de\/en\/wp-json\/wp\/v2\/types\/page"}],"author":[{"embeddable":true,"href":"https:\/\/corvey.de\/en\/wp-json\/wp\/v2\/users\/3"}],"replies":[{"embeddable":true,"href":"https:\/\/corvey.de\/en\/wp-json\/wp\/v2\/comments?post=3150"}],"version-history":[{"count":5,"href":"https:\/\/corvey.de\/en\/wp-json\/wp\/v2\/pages\/3150\/revisions"}],"predecessor-version":[{"id":3237,"href":"https:\/\/corvey.de\/en\/wp-json\/wp\/v2\/pages\/3150\/revisions\/3237"}],"wp:featuredmedia":[{"embeddable":true,"href":"https:\/\/corvey.de\/en\/wp-json\/wp\/v2\/media\/3102"}],"wp:attachment":[{"href":"https:\/\/corvey.de\/en\/wp-json\/wp\/v2\/media?parent=3150"}],"curies":[{"name":"wp","href":"https:\/\/api.w.org\/{rel}","templated":true}]}}