{"id":3170,"date":"2025-05-21T15:35:38","date_gmt":"2025-05-21T13:35:38","guid":{"rendered":"https:\/\/corvey.de\/?page_id=3170"},"modified":"2025-05-30T11:08:29","modified_gmt":"2025-05-30T09:08:29","slug":"via-nova-lesung-peter-lohmeyer-und-konzert","status":"publish","type":"page","link":"https:\/\/corvey.de\/en\/via-nova-lesung-peter-lohmeyer-und-konzert\/","title":{"rendered":"VIA NOVA Lesung Peter Lohmeyer und Konzert"},"content":{"rendered":"<p><span class=\"format rot\"><strong>Freitag, 5. September 2025, 19.30 Uhr,\u2002Schloss Corvey, Kaisersaal<\/strong><\/span><\/p>\n<p><span class=\"format rot\"><strong>Lesung und Konzert<\/strong><\/span><\/p>\n<p><strong>Peter Lohmeyer<br \/>\n<\/strong>Voltaire Candide oder der Optimismus<\/p>\n<p><strong>C\u00e9line Frisch, Cembalo<br \/>\n<\/strong>Jean-Philippe Rameau (1683 \u2013 1764) Suite in G \u2013 Nouvelles suites de pi\u00e8ces de clavecin<br \/>\nLes Tricotets, L\u2019Indiff\u00e9rente, Menuets, La Poule, Les Triolets, Les Sauvages, L\u2019Enharmonique, L\u2019Egyptienne<\/p>\n<p><strong>Alexander Melnikov, Klavier<br \/>\n<\/strong>Franz Schubert (1797 \u2013 1828) Fantasie C-Dur op. 15 D 760<br \/>\nMuzio Clementi (1752 \u2013 1832) aus: Sonate f\u00fcr Klavier in g-Moll op. 34<\/p>\n<p>Mit Pause<\/p>\n<p>Voltaire, der gro\u00dfe Philosoph, unerbittliche Sp\u00f6tter und brillante Geist der Aufkl\u00e4rung, war ein gro\u00dfer Verehrer Ciceros. \u2039Vom rechten Handeln\u203a hielt er f\u00fcr die beste Abhandlung \u00fcber die menschlichen Pflichten. Er sch\u00e4tzte den antiken Redner als Gegner des Despotismus. Wie kann man Gl\u00fcck und Liebe in einer Welt voller Bosheit, Grausamkeit und Ungerechtigkeit finden? Voltaires naiver Held Candide wird aus dem westf\u00e4lischen Heimatschlo\u00df verbannt, eine Vertreibung aus jenem Paradies, das nach der Leibnizschen Theorie \u2039die beste aller Welten\u203a zu sein scheint. Auf seiner irrwitzigen Reise stolpert er von einer Katastrophe in die n\u00e4chste, und der Optimismus seines Begleiters Panglo\u00df wird mehr und mehr der L\u00e4cherlichkeit preisgegeben. \u2039Unsere Kriege morden mehr Menschen, als die Erdbeben vernichten\u203a, schreibt Voltaire \u2013 es ist eben nicht alles gut, so wie es ist. Voltaire erinnert daran, nicht alles \u00dcbel der Welt hinzunehmen und umzudeuten in das Beste, das passieren k\u00f6nne, sondern die Realit\u00e4t mit offenen Augen und wachem Sinn zu betrachten und ihr ohne Illusionen entgegenzutreten, dabei bedenkend, da\u00df immer auch die M\u00f6glichkeit besteht, sie durch Toleranz und Menschlichkeit ein wenig besser zu machen. Wie es Voltaire gelingt, mit so viel Esprit und guter Laune \u00fcber das Elend der Welt zu schreiben, ist in der Lesung von Peter Lohmeyer mit Komik und bitterem Witz zu h\u00f6ren.<br \/>\nZu Voltaires Zeit repr\u00e4sentierte Jean-Philippe Rameau die h\u00f6chste Entwicklung in der Musik. Voltaire kannte Rameau bestens und schrieb f\u00fcr ihn ein Opernlibretto. Aus diesem Grund steht neben dem Fl\u00fcgel auch ein Cembalo auf der B\u00fchne im Kaisersaal. Die franz\u00f6sische Cembalistin C\u00e9line Frisch hat f\u00fcr ihre Rameau-Einspielung h\u00f6chstes Lob der Fachpresse erhalten. Rameaus Musik erh\u00e4lt in ihrer Interpretation ihre ganze Wirkung im Zusammenspiel von Licht und Schatten. Alexander Melnikov, ein Pianist von Weltrang, stellt der Barockmusik im zweiten Teil des Abends eine romantische Version gegen\u00fcber. Sein Spiel ist von einem scharfsinnigen, fesselnden und fast sarkastischen Humor durchdrungen. Ein K\u00fcnstler, dessen Intelligenz und Einf\u00fchlungsverm\u00f6gen gro\u00dfz\u00fcgige Umwege zul\u00e4sst.<\/p>\n<p><strong>Eintritt: 40 \/ 35 \/ 30 \u20ac<\/strong><\/p>\n<p><span style=\"color: #0000ff;\"><strong><u><a style=\"color: #0000ff;\" href=\"https:\/\/docs.google.com\/forms\/d\/e\/1FAIpQLScANBAlkPcmYL8hsSsCDCTbwFh2_kOjm8_ljmWKYbeOR02f1g\/viewform\">[Kartenbestellungen online]<\/a><\/u><\/strong><\/span><\/p>\n<p><span style=\"color: #0000ff;\"><strong>Per E-Mail:<\/strong><strong> [<u><a style=\"color: #0000ff;\" href=\"mailto:vianova@corvey.de\">vianova@corvey.de]<\/a><\/u><\/strong><\/span><\/p>\n<p><span style=\"color: #0000ff;\"><strong><u><a style=\"color: #0000ff;\" href=\"tel:00495231570150\">Telefonservice: [05231 570150]<\/a><\/u><\/strong><\/span><\/p>\n","protected":false},"excerpt":{"rendered":"<p>Freitag, 5. September 2025, 19.30 Uhr,\u2002Schloss Corvey, Kaisersaal Lesung und Konzert Peter Lohmeyer Voltaire Candide oder der Optimismus C\u00e9line Frisch, Cembalo Jean-Philippe Rameau (1683 \u2013 1764) Suite in G \u2013 Nouvelles suites de pi\u00e8ces de clavecin Les Tricotets, L\u2019Indiff\u00e9rente, Menuets, La Poule, Les Triolets, Les Sauvages, L\u2019Enharmonique, L\u2019Egyptienne Alexander Melnikov, Klavier Franz Schubert (1797 \u2013 [&hellip;]<\/p>\n","protected":false},"author":3,"featured_media":3102,"parent":0,"menu_order":0,"comment_status":"closed","ping_status":"closed","template":"","meta":{"_acf_changed":false,"footnotes":""},"class_list":["post-3170","page","type-page","status-publish","has-post-thumbnail","hentry"],"acf":[],"yoast_head":"<!-- This site is optimized with the Yoast SEO plugin v24.0 - https:\/\/yoast.com\/wordpress\/plugins\/seo\/ -->\n<title>VIA NOVA Lesung Peter Lohmeyer und Konzert &#8226; Welterbe Corvey<\/title>\n<meta name=\"robots\" content=\"index, follow, max-snippet:-1, max-image-preview:large, max-video-preview:-1\" \/>\n<link rel=\"canonical\" href=\"https:\/\/corvey.de\/en\/via-nova-lesung-peter-lohmeyer-und-konzert\/\" \/>\n<meta property=\"og:locale\" content=\"en_US\" \/>\n<meta property=\"og:locale:alternate\" content=\"de_DE\" \/>\n<meta property=\"og:type\" content=\"article\" \/>\n<meta property=\"og:title\" content=\"VIA NOVA Lesung Peter Lohmeyer und Konzert\" \/>\n<meta property=\"og:description\" content=\"Freitag, 5. September 2025, 19.30 Uhr,\u2002Schloss Corvey, Kaisersaal Lesung und Konzert Peter Lohmeyer Voltaire Candide oder der Optimismus C\u00e9line Frisch, Cembalo Jean-Philippe Rameau (1683 \u2013 1764) Suite in G \u2013 Nouvelles suites de pi\u00e8ces de clavecin Les Tricotets, L\u2019Indiff\u00e9rente, Menuets, La Poule, Les Triolets, Les Sauvages, L\u2019Enharmonique, L\u2019Egyptienne Alexander Melnikov, Klavier Franz Schubert (1797 \u2013 [&hellip;]\" \/>\n<meta property=\"og:url\" content=\"https:\/\/corvey.de\/en\/via-nova-lesung-peter-lohmeyer-und-konzert\/\" \/>\n<meta property=\"og:site_name\" content=\"Welterbe Corvey\" \/>\n<meta property=\"article:modified_time\" content=\"2025-05-30T09:08:29+00:00\" \/>\n<meta property=\"og:image\" content=\"https:\/\/corvey.de\/wp-content\/uploads\/2025\/05\/1_Web-Titel-1024x724.png\" \/>\n\t<meta property=\"og:image:width\" content=\"1024\" \/>\n\t<meta property=\"og:image:height\" content=\"724\" \/>\n\t<meta property=\"og:image:type\" content=\"image\/png\" \/>\n<meta name=\"twitter:card\" content=\"summary_large_image\" \/>\n<meta name=\"twitter:label1\" content=\"Est. reading time\" \/>\n\t<meta name=\"twitter:data1\" content=\"3 minutes\" \/>\n<script type=\"application\/ld+json\" class=\"yoast-schema-graph\">{\"@context\":\"https:\/\/schema.org\",\"@graph\":[{\"@type\":\"WebPage\",\"@id\":\"https:\/\/corvey.de\/via-nova-lesung-peter-lohmeyer-und-konzert\/\",\"url\":\"https:\/\/corvey.de\/via-nova-lesung-peter-lohmeyer-und-konzert\/\",\"name\":\"VIA NOVA Lesung Peter Lohmeyer und Konzert\",\"isPartOf\":{\"@id\":\"https:\/\/corvey.de\/#website\"},\"primaryImageOfPage\":{\"@id\":\"https:\/\/corvey.de\/via-nova-lesung-peter-lohmeyer-und-konzert\/#primaryimage\"},\"image\":{\"@id\":\"https:\/\/corvey.de\/via-nova-lesung-peter-lohmeyer-und-konzert\/#primaryimage\"},\"thumbnailUrl\":\"https:\/\/corvey.de\/wp-content\/uploads\/2025\/05\/1_Web-Titel.png\",\"datePublished\":\"2025-05-21T13:35:38+00:00\",\"dateModified\":\"2025-05-30T09:08:29+00:00\",\"breadcrumb\":{\"@id\":\"https:\/\/corvey.de\/via-nova-lesung-peter-lohmeyer-und-konzert\/#breadcrumb\"},\"inLanguage\":\"en-US\",\"potentialAction\":[{\"@type\":\"ReadAction\",\"target\":[\"https:\/\/corvey.de\/via-nova-lesung-peter-lohmeyer-und-konzert\/\"]}]},{\"@type\":\"ImageObject\",\"inLanguage\":\"en-US\",\"@id\":\"https:\/\/corvey.de\/via-nova-lesung-peter-lohmeyer-und-konzert\/#primaryimage\",\"url\":\"https:\/\/corvey.de\/wp-content\/uploads\/2025\/05\/1_Web-Titel.png\",\"contentUrl\":\"https:\/\/corvey.de\/wp-content\/uploads\/2025\/05\/1_Web-Titel.png\",\"width\":3507,\"height\":2480},{\"@type\":\"BreadcrumbList\",\"@id\":\"https:\/\/corvey.de\/via-nova-lesung-peter-lohmeyer-und-konzert\/#breadcrumb\",\"itemListElement\":[{\"@type\":\"ListItem\",\"position\":1,\"name\":\"Home\",\"item\":\"https:\/\/corvey.de\/\"},{\"@type\":\"ListItem\",\"position\":2,\"name\":\"VIA NOVA Lesung Peter Lohmeyer und Konzert\"}]},{\"@type\":\"WebSite\",\"@id\":\"https:\/\/corvey.de\/#website\",\"url\":\"https:\/\/corvey.de\/\",\"name\":\"Schloss Corvey\",\"description\":\"\",\"publisher\":{\"@id\":\"https:\/\/corvey.de\/#organization\"},\"potentialAction\":[{\"@type\":\"SearchAction\",\"target\":{\"@type\":\"EntryPoint\",\"urlTemplate\":\"https:\/\/corvey.de\/?s={search_term_string}\"},\"query-input\":{\"@type\":\"PropertyValueSpecification\",\"valueRequired\":true,\"valueName\":\"search_term_string\"}}],\"inLanguage\":\"en-US\"},{\"@type\":\"Organization\",\"@id\":\"https:\/\/corvey.de\/#organization\",\"name\":\"Schloss Corvey\",\"url\":\"https:\/\/corvey.de\/\",\"logo\":{\"@type\":\"ImageObject\",\"inLanguage\":\"en-US\",\"@id\":\"https:\/\/corvey.de\/#\/schema\/logo\/image\/\",\"url\":\"https:\/\/corvey.de\/wp-content\/uploads\/2020\/10\/logo-schloss-corvey.svg\",\"contentUrl\":\"https:\/\/corvey.de\/wp-content\/uploads\/2020\/10\/logo-schloss-corvey.svg\",\"width\":1,\"height\":1,\"caption\":\"Schloss Corvey\"},\"image\":{\"@id\":\"https:\/\/corvey.de\/#\/schema\/logo\/image\/\"}}]}<\/script>\n<!-- \/ Yoast SEO plugin. -->","yoast_head_json":{"title":"VIA NOVA Lesung Peter Lohmeyer und Konzert &#8226; Welterbe Corvey","robots":{"index":"index","follow":"follow","max-snippet":"max-snippet:-1","max-image-preview":"max-image-preview:large","max-video-preview":"max-video-preview:-1"},"canonical":"https:\/\/corvey.de\/en\/via-nova-lesung-peter-lohmeyer-und-konzert\/","og_locale":"en_US","og_type":"article","og_title":"[:de]VIA NOVA Lesung Peter Lohmeyer und Konzert[:] &#8226; Welterbe Corvey","og_description":"Freitag, 5. September 2025, 19.30 Uhr,\u2002Schloss Corvey, Kaisersaal Lesung und Konzert Peter Lohmeyer Voltaire Candide oder der Optimismus C\u00e9line Frisch, Cembalo Jean-Philippe Rameau (1683 \u2013 1764) Suite in G \u2013 Nouvelles suites de pi\u00e8ces de clavecin Les Tricotets, L\u2019Indiff\u00e9rente, Menuets, La Poule, Les Triolets, Les Sauvages, L\u2019Enharmonique, L\u2019Egyptienne Alexander Melnikov, Klavier Franz Schubert (1797 \u2013 [&hellip;]","og_url":"https:\/\/corvey.de\/en\/via-nova-lesung-peter-lohmeyer-und-konzert\/","og_site_name":"Welterbe Corvey","article_modified_time":"2025-05-30T09:08:29+00:00","og_image":[{"width":1024,"height":724,"url":"https:\/\/corvey.de\/wp-content\/uploads\/2025\/05\/1_Web-Titel-1024x724.png","type":"image\/png"}],"twitter_card":"summary_large_image","twitter_misc":{"Est. reading time":"3 minutes"},"schema":{"@context":"https:\/\/schema.org","@graph":[{"@type":"WebPage","@id":"https:\/\/corvey.de\/via-nova-lesung-peter-lohmeyer-und-konzert\/","url":"https:\/\/corvey.de\/via-nova-lesung-peter-lohmeyer-und-konzert\/","name":"VIA NOVA Lesung Peter Lohmeyer und Konzert","isPartOf":{"@id":"https:\/\/corvey.de\/#website"},"primaryImageOfPage":{"@id":"https:\/\/corvey.de\/via-nova-lesung-peter-lohmeyer-und-konzert\/#primaryimage"},"image":{"@id":"https:\/\/corvey.de\/via-nova-lesung-peter-lohmeyer-und-konzert\/#primaryimage"},"thumbnailUrl":"https:\/\/corvey.de\/wp-content\/uploads\/2025\/05\/1_Web-Titel.png","datePublished":"2025-05-21T13:35:38+00:00","dateModified":"2025-05-30T09:08:29+00:00","breadcrumb":{"@id":"https:\/\/corvey.de\/via-nova-lesung-peter-lohmeyer-und-konzert\/#breadcrumb"},"inLanguage":"en-US","potentialAction":[{"@type":"ReadAction","target":["https:\/\/corvey.de\/via-nova-lesung-peter-lohmeyer-und-konzert\/"]}]},{"@type":"ImageObject","inLanguage":"en-US","@id":"https:\/\/corvey.de\/via-nova-lesung-peter-lohmeyer-und-konzert\/#primaryimage","url":"https:\/\/corvey.de\/wp-content\/uploads\/2025\/05\/1_Web-Titel.png","contentUrl":"https:\/\/corvey.de\/wp-content\/uploads\/2025\/05\/1_Web-Titel.png","width":3507,"height":2480},{"@type":"BreadcrumbList","@id":"https:\/\/corvey.de\/via-nova-lesung-peter-lohmeyer-und-konzert\/#breadcrumb","itemListElement":[{"@type":"ListItem","position":1,"name":"Home","item":"https:\/\/corvey.de\/"},{"@type":"ListItem","position":2,"name":"VIA NOVA Lesung Peter Lohmeyer und Konzert"}]},{"@type":"WebSite","@id":"https:\/\/corvey.de\/#website","url":"https:\/\/corvey.de\/","name":"Schloss Corvey","description":"","publisher":{"@id":"https:\/\/corvey.de\/#organization"},"potentialAction":[{"@type":"SearchAction","target":{"@type":"EntryPoint","urlTemplate":"https:\/\/corvey.de\/?s={search_term_string}"},"query-input":{"@type":"PropertyValueSpecification","valueRequired":true,"valueName":"search_term_string"}}],"inLanguage":"en-US"},{"@type":"Organization","@id":"https:\/\/corvey.de\/#organization","name":"Schloss Corvey","url":"https:\/\/corvey.de\/","logo":{"@type":"ImageObject","inLanguage":"en-US","@id":"https:\/\/corvey.de\/#\/schema\/logo\/image\/","url":"https:\/\/corvey.de\/wp-content\/uploads\/2020\/10\/logo-schloss-corvey.svg","contentUrl":"https:\/\/corvey.de\/wp-content\/uploads\/2020\/10\/logo-schloss-corvey.svg","width":1,"height":1,"caption":"Schloss Corvey"},"image":{"@id":"https:\/\/corvey.de\/#\/schema\/logo\/image\/"}}]}},"_links":{"self":[{"href":"https:\/\/corvey.de\/en\/wp-json\/wp\/v2\/pages\/3170","targetHints":{"allow":["GET"]}}],"collection":[{"href":"https:\/\/corvey.de\/en\/wp-json\/wp\/v2\/pages"}],"about":[{"href":"https:\/\/corvey.de\/en\/wp-json\/wp\/v2\/types\/page"}],"author":[{"embeddable":true,"href":"https:\/\/corvey.de\/en\/wp-json\/wp\/v2\/users\/3"}],"replies":[{"embeddable":true,"href":"https:\/\/corvey.de\/en\/wp-json\/wp\/v2\/comments?post=3170"}],"version-history":[{"count":4,"href":"https:\/\/corvey.de\/en\/wp-json\/wp\/v2\/pages\/3170\/revisions"}],"predecessor-version":[{"id":3247,"href":"https:\/\/corvey.de\/en\/wp-json\/wp\/v2\/pages\/3170\/revisions\/3247"}],"wp:featuredmedia":[{"embeddable":true,"href":"https:\/\/corvey.de\/en\/wp-json\/wp\/v2\/media\/3102"}],"wp:attachment":[{"href":"https:\/\/corvey.de\/en\/wp-json\/wp\/v2\/media?parent=3170"}],"curies":[{"name":"wp","href":"https:\/\/api.w.org\/{rel}","templated":true}]}}