{"id":3181,"date":"2025-05-29T09:01:41","date_gmt":"2025-05-29T07:01:41","guid":{"rendered":"https:\/\/corvey.de\/?page_id=3181"},"modified":"2025-05-30T13:23:03","modified_gmt":"2025-05-30T11:23:03","slug":"via-nova-lesung-christoph-ransmayr-vortrag-gerhardt","status":"publish","type":"page","link":"https:\/\/corvey.de\/en\/via-nova-lesung-christoph-ransmayr-vortrag-gerhardt\/","title":{"rendered":"VIA NOVA Lesung Christoph Ransmayr &#038; Vortrag Volker Gerhardt"},"content":{"rendered":"<p><span class=\"format rot\"><strong>Samstag, 6, September 2025, <\/strong><strong>15.30 Uhr,\u2002Schloss Corvey, Refektorium<\/strong><\/span><\/p>\n<p><span class=\"format rot\"><strong>Lesung<\/strong><\/span><\/p>\n<p><strong>Christoph Ransmayr<\/strong><br \/>\nAm See von Phoksundo. Bildnis eines gl\u00fccklichen Menschen und andere Erz\u00e4hlungen<\/p>\n<p><span class=\"format rot\"><strong>Vortrag<\/strong><\/span><\/p>\n<p><strong>Volker Gerhardt<\/strong><br \/>\nHumanit\u00e4t. Antikes Erbe unter neuzeitlichem Handlungsdruck<\/p>\n<p>Mit Pause<\/p>\n<p>Das Leben selbst bestimmt den verf\u00fchrerischen Rhythmus der Erz\u00e4hlungen, das Entstehen und die Verg\u00e4nglichkeit, den Aufbruch in die Welt und die Heimkehr ins Vertraute. In Christoph Ransmayrs Worten, durch seinen scharfen Blick, verwandelt sich die Welt in eine, die farbenpr\u00e4chtiger, detailreicher und ein wenig gr\u00f6\u00dfer zu sein scheint, als wir sie kennen. Er entdeckt neue Kulturen und Sprachen f\u00fcr sich und beschreibt sie in immer neuen Varianten des Erz\u00e4hlens. Seine Kunst braucht die Begegnung mit dem anderen, denn \u2039in der Fremde wird der Mensch neu geboren\u203a. Sein Erz\u00e4hlen hebt die Figuren und Ereignisse aus der Zeit heraus und \u00fcber die Zeit hinweg. Da ist immer diese Sehnsucht, den Weg zum anderen zu finden, ihm in Respekt, W\u00fcrde und mit Zuneigung \u2013 in einer Art von Liebe \u2013 zu begegnen. Im verschneiten Himalaya, auf dem Weg nach Surabaya, Reisen als Sehnsucht nach den \u2013 nach dem Menschen. Christoph Ransmayr ist mit seinem Schreiben ein Streiter f\u00fcr mehr Gerechtigkeit in der Welt.<br \/>\nZum wichtigsten Erbe, das wir der Antike verdanken, geh\u00f6rt die Idee der Humanit\u00e4t. Unter ihrem Anspruch sind die gro\u00dfen Werke der griechischen Philosophie entstanden, und unter deren Einflu\u00df hat Cicero den Begriff der Republik erneuert. Seine Wiederentdeckung \u2013 bereichert durch das fr\u00fchchristliche Erbe \u00a0\u2013 haben es der Renaissance und der ihr verpflichteten Aufkl\u00e4rung erm\u00f6glicht, der Idee des demokratischen Rechtsstaats eine universelle Verbindlichkeit zu geben. Doch unter dem globalen \u00dcberlebensdruck der Gegenwart droht dieses Erbe verloren zu gehen. Der ehemalige Klosterschatz von Corvey bietet Volker Gerhardt, einem der prominentesten deutschen Philosophen, eine willkommene Gelegenheit, an die Bedeutung der Humanit\u00e4t f\u00fcr unsere Zukunft zu erinnern.<\/p>\n<p><strong>Eintritt: 20 \u20ac, freie Platzwahl<\/strong><br \/>\nF\u00fcr Jugendliche und Erwachsene bis 25 Jahre ist der Eintritt frei, eine Reservierung ist erforderlich<\/p>\n<p><span style=\"color: #0000ff;\"><strong><u><a style=\"color: #0000ff;\" href=\"https:\/\/docs.google.com\/forms\/d\/e\/1FAIpQLScANBAlkPcmYL8hsSsCDCTbwFh2_kOjm8_ljmWKYbeOR02f1g\/viewform\">[Kartenbestellungen online]<\/a><\/u><\/strong><\/span><\/p>\n<p><span style=\"color: #0000ff;\"><strong>Per E-Mail:<\/strong><strong> [<u><a style=\"color: #0000ff;\" href=\"mailto:vianova@corvey.de\">vianova@corvey.de]<\/a><\/u><\/strong><\/span><\/p>\n<p><span style=\"color: #0000ff;\"><strong><u><a style=\"color: #0000ff;\" href=\"tel:00495231570150\">Telefonservice: [05231 570150]<\/a><\/u><\/strong><\/span><\/p>\n","protected":false},"excerpt":{"rendered":"<p>Samstag, 6, September 2025, 15.30 Uhr,\u2002Schloss Corvey, Refektorium Lesung Christoph Ransmayr Am See von Phoksundo. Bildnis eines gl\u00fccklichen Menschen und andere Erz\u00e4hlungen Vortrag Volker Gerhardt Humanit\u00e4t. Antikes Erbe unter neuzeitlichem Handlungsdruck Mit Pause Das Leben selbst bestimmt den verf\u00fchrerischen Rhythmus der Erz\u00e4hlungen, das Entstehen und die Verg\u00e4nglichkeit, den Aufbruch in die Welt und die Heimkehr [&hellip;]<\/p>\n","protected":false},"author":3,"featured_media":3102,"parent":0,"menu_order":0,"comment_status":"closed","ping_status":"closed","template":"","meta":{"_acf_changed":false,"footnotes":""},"class_list":["post-3181","page","type-page","status-publish","has-post-thumbnail","hentry"],"acf":[],"yoast_head":"<!-- This site is optimized with the Yoast SEO plugin v24.0 - https:\/\/yoast.com\/wordpress\/plugins\/seo\/ -->\n<title>VIA NOVA Lesung Christoph Ransmayr &amp; Vortrag Volker Gerhardt &#8226; Welterbe Corvey<\/title>\n<meta name=\"robots\" content=\"index, follow, max-snippet:-1, max-image-preview:large, max-video-preview:-1\" \/>\n<link rel=\"canonical\" href=\"https:\/\/corvey.de\/en\/via-nova-lesung-christoph-ransmayr-vortrag-gerhardt\/\" \/>\n<meta property=\"og:locale\" content=\"en_US\" \/>\n<meta property=\"og:locale:alternate\" content=\"de_DE\" \/>\n<meta property=\"og:type\" content=\"article\" \/>\n<meta property=\"og:title\" content=\"VIA NOVA Lesung Christoph Ransmayr &amp; Vortrag Volker Gerhardt\" \/>\n<meta property=\"og:description\" content=\"Samstag, 6, September 2025, 15.30 Uhr,\u2002Schloss Corvey, Refektorium Lesung Christoph Ransmayr Am See von Phoksundo. Bildnis eines gl\u00fccklichen Menschen und andere Erz\u00e4hlungen Vortrag Volker Gerhardt Humanit\u00e4t. Antikes Erbe unter neuzeitlichem Handlungsdruck Mit Pause Das Leben selbst bestimmt den verf\u00fchrerischen Rhythmus der Erz\u00e4hlungen, das Entstehen und die Verg\u00e4nglichkeit, den Aufbruch in die Welt und die Heimkehr [&hellip;]\" \/>\n<meta property=\"og:url\" content=\"https:\/\/corvey.de\/en\/via-nova-lesung-christoph-ransmayr-vortrag-gerhardt\/\" \/>\n<meta property=\"og:site_name\" content=\"Welterbe Corvey\" \/>\n<meta property=\"article:modified_time\" content=\"2025-05-30T11:23:03+00:00\" \/>\n<meta property=\"og:image\" content=\"https:\/\/corvey.de\/wp-content\/uploads\/2025\/05\/1_Web-Titel-1024x724.png\" \/>\n\t<meta property=\"og:image:width\" content=\"1024\" \/>\n\t<meta property=\"og:image:height\" content=\"724\" \/>\n\t<meta property=\"og:image:type\" content=\"image\/png\" \/>\n<meta name=\"twitter:card\" content=\"summary_large_image\" \/>\n<meta name=\"twitter:label1\" content=\"Est. reading time\" \/>\n\t<meta name=\"twitter:data1\" content=\"2 minutes\" \/>\n<script type=\"application\/ld+json\" class=\"yoast-schema-graph\">{\"@context\":\"https:\/\/schema.org\",\"@graph\":[{\"@type\":\"WebPage\",\"@id\":\"https:\/\/corvey.de\/via-nova-lesung-christoph-ransmayr-vortrag-gerhardt\/\",\"url\":\"https:\/\/corvey.de\/via-nova-lesung-christoph-ransmayr-vortrag-gerhardt\/\",\"name\":\"VIA NOVA Lesung Christoph Ransmayr & Vortrag Volker Gerhardt\",\"isPartOf\":{\"@id\":\"https:\/\/corvey.de\/#website\"},\"primaryImageOfPage\":{\"@id\":\"https:\/\/corvey.de\/via-nova-lesung-christoph-ransmayr-vortrag-gerhardt\/#primaryimage\"},\"image\":{\"@id\":\"https:\/\/corvey.de\/via-nova-lesung-christoph-ransmayr-vortrag-gerhardt\/#primaryimage\"},\"thumbnailUrl\":\"https:\/\/corvey.de\/wp-content\/uploads\/2025\/05\/1_Web-Titel.png\",\"datePublished\":\"2025-05-29T07:01:41+00:00\",\"dateModified\":\"2025-05-30T11:23:03+00:00\",\"breadcrumb\":{\"@id\":\"https:\/\/corvey.de\/via-nova-lesung-christoph-ransmayr-vortrag-gerhardt\/#breadcrumb\"},\"inLanguage\":\"en-US\",\"potentialAction\":[{\"@type\":\"ReadAction\",\"target\":[\"https:\/\/corvey.de\/via-nova-lesung-christoph-ransmayr-vortrag-gerhardt\/\"]}]},{\"@type\":\"ImageObject\",\"inLanguage\":\"en-US\",\"@id\":\"https:\/\/corvey.de\/via-nova-lesung-christoph-ransmayr-vortrag-gerhardt\/#primaryimage\",\"url\":\"https:\/\/corvey.de\/wp-content\/uploads\/2025\/05\/1_Web-Titel.png\",\"contentUrl\":\"https:\/\/corvey.de\/wp-content\/uploads\/2025\/05\/1_Web-Titel.png\",\"width\":3507,\"height\":2480},{\"@type\":\"BreadcrumbList\",\"@id\":\"https:\/\/corvey.de\/via-nova-lesung-christoph-ransmayr-vortrag-gerhardt\/#breadcrumb\",\"itemListElement\":[{\"@type\":\"ListItem\",\"position\":1,\"name\":\"Home\",\"item\":\"https:\/\/corvey.de\/\"},{\"@type\":\"ListItem\",\"position\":2,\"name\":\"VIA NOVA Lesung Christoph Ransmayr &#038; Vortrag Volker Gerhardt\"}]},{\"@type\":\"WebSite\",\"@id\":\"https:\/\/corvey.de\/#website\",\"url\":\"https:\/\/corvey.de\/\",\"name\":\"Schloss Corvey\",\"description\":\"\",\"publisher\":{\"@id\":\"https:\/\/corvey.de\/#organization\"},\"potentialAction\":[{\"@type\":\"SearchAction\",\"target\":{\"@type\":\"EntryPoint\",\"urlTemplate\":\"https:\/\/corvey.de\/?s={search_term_string}\"},\"query-input\":{\"@type\":\"PropertyValueSpecification\",\"valueRequired\":true,\"valueName\":\"search_term_string\"}}],\"inLanguage\":\"en-US\"},{\"@type\":\"Organization\",\"@id\":\"https:\/\/corvey.de\/#organization\",\"name\":\"Schloss Corvey\",\"url\":\"https:\/\/corvey.de\/\",\"logo\":{\"@type\":\"ImageObject\",\"inLanguage\":\"en-US\",\"@id\":\"https:\/\/corvey.de\/#\/schema\/logo\/image\/\",\"url\":\"https:\/\/corvey.de\/wp-content\/uploads\/2020\/10\/logo-schloss-corvey.svg\",\"contentUrl\":\"https:\/\/corvey.de\/wp-content\/uploads\/2020\/10\/logo-schloss-corvey.svg\",\"width\":1,\"height\":1,\"caption\":\"Schloss Corvey\"},\"image\":{\"@id\":\"https:\/\/corvey.de\/#\/schema\/logo\/image\/\"}}]}<\/script>\n<!-- \/ Yoast SEO plugin. -->","yoast_head_json":{"title":"VIA NOVA Lesung Christoph Ransmayr & Vortrag Volker Gerhardt &#8226; Welterbe Corvey","robots":{"index":"index","follow":"follow","max-snippet":"max-snippet:-1","max-image-preview":"max-image-preview:large","max-video-preview":"max-video-preview:-1"},"canonical":"https:\/\/corvey.de\/en\/via-nova-lesung-christoph-ransmayr-vortrag-gerhardt\/","og_locale":"en_US","og_type":"article","og_title":"[:de]VIA NOVA Lesung Christoph Ransmayr & Vortrag Volker Gerhardt[:] &#8226; Welterbe Corvey","og_description":"Samstag, 6, September 2025, 15.30 Uhr,\u2002Schloss Corvey, Refektorium Lesung Christoph Ransmayr Am See von Phoksundo. Bildnis eines gl\u00fccklichen Menschen und andere Erz\u00e4hlungen Vortrag Volker Gerhardt Humanit\u00e4t. Antikes Erbe unter neuzeitlichem Handlungsdruck Mit Pause Das Leben selbst bestimmt den verf\u00fchrerischen Rhythmus der Erz\u00e4hlungen, das Entstehen und die Verg\u00e4nglichkeit, den Aufbruch in die Welt und die Heimkehr [&hellip;]","og_url":"https:\/\/corvey.de\/en\/via-nova-lesung-christoph-ransmayr-vortrag-gerhardt\/","og_site_name":"Welterbe Corvey","article_modified_time":"2025-05-30T11:23:03+00:00","og_image":[{"width":1024,"height":724,"url":"https:\/\/corvey.de\/wp-content\/uploads\/2025\/05\/1_Web-Titel-1024x724.png","type":"image\/png"}],"twitter_card":"summary_large_image","twitter_misc":{"Est. reading time":"2 minutes"},"schema":{"@context":"https:\/\/schema.org","@graph":[{"@type":"WebPage","@id":"https:\/\/corvey.de\/via-nova-lesung-christoph-ransmayr-vortrag-gerhardt\/","url":"https:\/\/corvey.de\/via-nova-lesung-christoph-ransmayr-vortrag-gerhardt\/","name":"VIA NOVA Lesung Christoph Ransmayr & Vortrag Volker Gerhardt","isPartOf":{"@id":"https:\/\/corvey.de\/#website"},"primaryImageOfPage":{"@id":"https:\/\/corvey.de\/via-nova-lesung-christoph-ransmayr-vortrag-gerhardt\/#primaryimage"},"image":{"@id":"https:\/\/corvey.de\/via-nova-lesung-christoph-ransmayr-vortrag-gerhardt\/#primaryimage"},"thumbnailUrl":"https:\/\/corvey.de\/wp-content\/uploads\/2025\/05\/1_Web-Titel.png","datePublished":"2025-05-29T07:01:41+00:00","dateModified":"2025-05-30T11:23:03+00:00","breadcrumb":{"@id":"https:\/\/corvey.de\/via-nova-lesung-christoph-ransmayr-vortrag-gerhardt\/#breadcrumb"},"inLanguage":"en-US","potentialAction":[{"@type":"ReadAction","target":["https:\/\/corvey.de\/via-nova-lesung-christoph-ransmayr-vortrag-gerhardt\/"]}]},{"@type":"ImageObject","inLanguage":"en-US","@id":"https:\/\/corvey.de\/via-nova-lesung-christoph-ransmayr-vortrag-gerhardt\/#primaryimage","url":"https:\/\/corvey.de\/wp-content\/uploads\/2025\/05\/1_Web-Titel.png","contentUrl":"https:\/\/corvey.de\/wp-content\/uploads\/2025\/05\/1_Web-Titel.png","width":3507,"height":2480},{"@type":"BreadcrumbList","@id":"https:\/\/corvey.de\/via-nova-lesung-christoph-ransmayr-vortrag-gerhardt\/#breadcrumb","itemListElement":[{"@type":"ListItem","position":1,"name":"Home","item":"https:\/\/corvey.de\/"},{"@type":"ListItem","position":2,"name":"VIA NOVA Lesung Christoph Ransmayr &#038; Vortrag Volker Gerhardt"}]},{"@type":"WebSite","@id":"https:\/\/corvey.de\/#website","url":"https:\/\/corvey.de\/","name":"Schloss Corvey","description":"","publisher":{"@id":"https:\/\/corvey.de\/#organization"},"potentialAction":[{"@type":"SearchAction","target":{"@type":"EntryPoint","urlTemplate":"https:\/\/corvey.de\/?s={search_term_string}"},"query-input":{"@type":"PropertyValueSpecification","valueRequired":true,"valueName":"search_term_string"}}],"inLanguage":"en-US"},{"@type":"Organization","@id":"https:\/\/corvey.de\/#organization","name":"Schloss Corvey","url":"https:\/\/corvey.de\/","logo":{"@type":"ImageObject","inLanguage":"en-US","@id":"https:\/\/corvey.de\/#\/schema\/logo\/image\/","url":"https:\/\/corvey.de\/wp-content\/uploads\/2020\/10\/logo-schloss-corvey.svg","contentUrl":"https:\/\/corvey.de\/wp-content\/uploads\/2020\/10\/logo-schloss-corvey.svg","width":1,"height":1,"caption":"Schloss Corvey"},"image":{"@id":"https:\/\/corvey.de\/#\/schema\/logo\/image\/"}}]}},"_links":{"self":[{"href":"https:\/\/corvey.de\/en\/wp-json\/wp\/v2\/pages\/3181","targetHints":{"allow":["GET"]}}],"collection":[{"href":"https:\/\/corvey.de\/en\/wp-json\/wp\/v2\/pages"}],"about":[{"href":"https:\/\/corvey.de\/en\/wp-json\/wp\/v2\/types\/page"}],"author":[{"embeddable":true,"href":"https:\/\/corvey.de\/en\/wp-json\/wp\/v2\/users\/3"}],"replies":[{"embeddable":true,"href":"https:\/\/corvey.de\/en\/wp-json\/wp\/v2\/comments?post=3181"}],"version-history":[{"count":3,"href":"https:\/\/corvey.de\/en\/wp-json\/wp\/v2\/pages\/3181\/revisions"}],"predecessor-version":[{"id":3252,"href":"https:\/\/corvey.de\/en\/wp-json\/wp\/v2\/pages\/3181\/revisions\/3252"}],"wp:featuredmedia":[{"embeddable":true,"href":"https:\/\/corvey.de\/en\/wp-json\/wp\/v2\/media\/3102"}],"wp:attachment":[{"href":"https:\/\/corvey.de\/en\/wp-json\/wp\/v2\/media?parent=3181"}],"curies":[{"name":"wp","href":"https:\/\/api.w.org\/{rel}","templated":true}]}}