{"id":3185,"date":"2025-05-29T16:13:56","date_gmt":"2025-05-29T14:13:56","guid":{"rendered":"https:\/\/corvey.de\/?page_id=3185"},"modified":"2025-05-30T11:06:55","modified_gmt":"2025-05-30T09:06:55","slug":"via-nova-lesung-hier-spricht-nawalny","status":"publish","type":"page","link":"https:\/\/corvey.de\/en\/via-nova-lesung-hier-spricht-nawalny\/","title":{"rendered":"VIA NOVA Lesung Hier spricht Nawalny"},"content":{"rendered":"<p><strong><span class=\"format rot\">Sonntag, 7. September 2025, 11.00 Uhr,\u2002Schloss Corvey, Kaisersaal<\/span><\/strong><\/p>\n<p><span class=\"format rot\"><strong>Lesung<\/strong><\/span><\/p>\n<p><strong>Katja Kolm<\/strong> und <strong>Michael Maertens<\/strong><br \/>\nHallo, hier spricht Nawalny<\/p>\n<p>Musik<br \/>\nAus: Johann Sebastian Bach Kunst der Fuge BWV 1080<br \/>\neingespielt von Grigory Sokolov, Sankt Petersburg 1978\u20141981, Opus 111 \/ na\u00cfve<\/p>\n<p>Alexej Nawalnys Briefe aus dem Gef\u00e4ngnis sind zu einem speziellen literarischen Genre geworden, in dem einer der ber\u00fchmtesten politischen Gefangenen als n\u00fcchterner Analytiker, als leidenschaftlicher Prophet, strenger und ironischer Ankl\u00e4ger und liebender Ehemann auftritt. Er seziert die russische Regierung, beschreibt die Bedingungen in Gef\u00e4ngnissen, unternimmt Ausfl\u00fcge in die Geschichte und teilt pers\u00f6nliche Erfahrungen. Sein briefliches Verm\u00e4chtnis erz\u00e4hlt die Geschichte des russischen Widerstands und wie man unter unmenschlichen Bedingungen Menschlichkeit bewahrt. Der Oppositionelle Nawalny wurde 2020 Opfer eines lebensgef\u00e4hrlichen Nervengiftanschlags, kehrte 2021 zur\u00fcck nach Russland und brach am 16. April 2024 nach jahrelanger Misshandlung in einem sibirischen Gef\u00e4ngnis tot zusammen.<br \/>\nDie \u00f6sterreichische Schauspielerin Katja Kolm begann 2021 Alexej Nawalnys Gef\u00e4ngnisschriften zu sammeln. Nach langer Vorbereitung, angetrieben von dem Wunsch, diese bemerkenswerten Texte dem deutschsprachigen Publikum nahezubringen, wurde die Lesung \u2039Hallo, hier spricht Nawalny\u203a bei den Salzburger Festspielen 2024 mit freundlicher Genehmigung von Julia Nawalnaja und Unterst\u00fctzung von Marina Davydova uraufgef\u00fchrt. Die ausgew\u00e4hlten Schriften fallen in den Zeitraum von September 2020 bis Februar 2024.<br \/>\nMichael Maertens liest die Texte von Alexej Nawalny und Katja Kolm jene von Julia Nawalnaja. \u2039Nawalnys Texte sind ein Verm\u00e4chtnis, ersch\u00fctternde Dokumente des Widerstands, der Zeitgeschichte, aber auch Dokumente der Willenskraft und der Liebe\u203a, schreibt die S\u00fcddeutsche Zeitung und der NDR erg\u00e4nzt: \u2039Katja Kolm und Michael Maertens schaffen es, diesen Mann greifbar zu machen. Es ist tief ergreifend und inspirierend. Putin ist f\u00fcr Nawalnys Tod verantwortlich, aber eins schaffte er nie: Er hat ihn nie gebrochen.\u203a<\/p>\n<p>Idee, Konzept und Textauswahl: Katja Kolm<br \/>\n\u00dcbersetzung und deutsche Bearbeitung: Katja Kolm und Isolde Schmitt<br \/>\nDank an Grigory Sokolov, Nadia Zhdanova (Artists &#038; Production Manager),<br \/>\nMarina Davydova, Markus Hinterh\u00e4user, Salzburger Festspiele, Lilia.<\/p>\n<p><strong>Eintritt: 35 \/ 30 \/ 25 \u20ac, das gesamte Wochenende 140 \/ 125 \u20ac<\/strong><br \/>\nF\u00fcr Jugendliche und \u00a0Erwachsene bis 25 Jahre ist der Eintritt zur Matinee frei, eine Reservierung ist erforderlich<\/p>\n<p><span style=\"color: #0000ff;\"><strong><u><a style=\"color: #0000ff;\" href=\"https:\/\/docs.google.com\/forms\/d\/e\/1FAIpQLScANBAlkPcmYL8hsSsCDCTbwFh2_kOjm8_ljmWKYbeOR02f1g\/viewform\">[Kartenbestellungen online]<\/a><\/u><\/strong><\/span><\/p>\n<p><span style=\"color: #0000ff;\"><strong>Per E-Mail:<\/strong><strong> [<u><a style=\"color: #0000ff;\" href=\"mailto:vianova@corvey.de\">vianova@corvey.de]<\/a><\/u><\/strong><\/span><\/p>\n<p><span style=\"color: #0000ff;\"><strong><u><a style=\"color: #0000ff;\" href=\"tel:00495231570150\">Telefonservice: [05231 570150]<\/a><\/u><\/strong><\/span><\/p>\n","protected":false},"excerpt":{"rendered":"<p>Sonntag, 7. September 2025, 11.00 Uhr,\u2002Schloss Corvey, Kaisersaal Lesung Katja Kolm und Michael Maertens Hallo, hier spricht Nawalny Musik Aus: Johann Sebastian Bach Kunst der Fuge BWV 1080 eingespielt von Grigory Sokolov, Sankt Petersburg 1978\u20141981, Opus 111 \/ na\u00cfve Alexej Nawalnys Briefe aus dem Gef\u00e4ngnis sind zu einem speziellen literarischen Genre geworden, in dem einer [&hellip;]<\/p>\n","protected":false},"author":3,"featured_media":3102,"parent":0,"menu_order":0,"comment_status":"closed","ping_status":"closed","template":"","meta":{"_acf_changed":false,"footnotes":""},"class_list":["post-3185","page","type-page","status-publish","has-post-thumbnail","hentry"],"acf":[],"yoast_head":"<!-- This site is optimized with the Yoast SEO plugin v24.0 - https:\/\/yoast.com\/wordpress\/plugins\/seo\/ -->\n<title>VIA NOVA Lesung Hier spricht Nawalny &#8226; Welterbe Corvey<\/title>\n<meta name=\"robots\" content=\"index, follow, max-snippet:-1, max-image-preview:large, max-video-preview:-1\" \/>\n<link rel=\"canonical\" href=\"https:\/\/corvey.de\/en\/via-nova-lesung-hier-spricht-nawalny\/\" \/>\n<meta property=\"og:locale\" content=\"en_US\" \/>\n<meta property=\"og:locale:alternate\" content=\"de_DE\" \/>\n<meta property=\"og:type\" content=\"article\" \/>\n<meta property=\"og:title\" content=\"VIA NOVA Lesung Hier spricht Nawalny\" \/>\n<meta property=\"og:description\" content=\"Sonntag, 7. September 2025, 11.00 Uhr,\u2002Schloss Corvey, Kaisersaal Lesung Katja Kolm und Michael Maertens Hallo, hier spricht Nawalny Musik Aus: Johann Sebastian Bach Kunst der Fuge BWV 1080 eingespielt von Grigory Sokolov, Sankt Petersburg 1978\u20141981, Opus 111 \/ na\u00cfve Alexej Nawalnys Briefe aus dem Gef\u00e4ngnis sind zu einem speziellen literarischen Genre geworden, in dem einer [&hellip;]\" \/>\n<meta property=\"og:url\" content=\"https:\/\/corvey.de\/en\/via-nova-lesung-hier-spricht-nawalny\/\" \/>\n<meta property=\"og:site_name\" content=\"Welterbe Corvey\" \/>\n<meta property=\"article:modified_time\" content=\"2025-05-30T09:06:55+00:00\" \/>\n<meta property=\"og:image\" content=\"https:\/\/corvey.de\/wp-content\/uploads\/2025\/05\/1_Web-Titel-1024x724.png\" \/>\n\t<meta property=\"og:image:width\" content=\"1024\" \/>\n\t<meta property=\"og:image:height\" content=\"724\" \/>\n\t<meta property=\"og:image:type\" content=\"image\/png\" \/>\n<meta name=\"twitter:card\" content=\"summary_large_image\" \/>\n<meta name=\"twitter:label1\" content=\"Est. reading time\" \/>\n\t<meta name=\"twitter:data1\" content=\"3 minutes\" \/>\n<script type=\"application\/ld+json\" class=\"yoast-schema-graph\">{\"@context\":\"https:\/\/schema.org\",\"@graph\":[{\"@type\":\"WebPage\",\"@id\":\"https:\/\/corvey.de\/via-nova-lesung-hier-spricht-nawalny\/\",\"url\":\"https:\/\/corvey.de\/via-nova-lesung-hier-spricht-nawalny\/\",\"name\":\"VIA NOVA Lesung Hier spricht Nawalny\",\"isPartOf\":{\"@id\":\"https:\/\/corvey.de\/#website\"},\"primaryImageOfPage\":{\"@id\":\"https:\/\/corvey.de\/via-nova-lesung-hier-spricht-nawalny\/#primaryimage\"},\"image\":{\"@id\":\"https:\/\/corvey.de\/via-nova-lesung-hier-spricht-nawalny\/#primaryimage\"},\"thumbnailUrl\":\"https:\/\/corvey.de\/wp-content\/uploads\/2025\/05\/1_Web-Titel.png\",\"datePublished\":\"2025-05-29T14:13:56+00:00\",\"dateModified\":\"2025-05-30T09:06:55+00:00\",\"breadcrumb\":{\"@id\":\"https:\/\/corvey.de\/via-nova-lesung-hier-spricht-nawalny\/#breadcrumb\"},\"inLanguage\":\"en-US\",\"potentialAction\":[{\"@type\":\"ReadAction\",\"target\":[\"https:\/\/corvey.de\/via-nova-lesung-hier-spricht-nawalny\/\"]}]},{\"@type\":\"ImageObject\",\"inLanguage\":\"en-US\",\"@id\":\"https:\/\/corvey.de\/via-nova-lesung-hier-spricht-nawalny\/#primaryimage\",\"url\":\"https:\/\/corvey.de\/wp-content\/uploads\/2025\/05\/1_Web-Titel.png\",\"contentUrl\":\"https:\/\/corvey.de\/wp-content\/uploads\/2025\/05\/1_Web-Titel.png\",\"width\":3507,\"height\":2480},{\"@type\":\"BreadcrumbList\",\"@id\":\"https:\/\/corvey.de\/via-nova-lesung-hier-spricht-nawalny\/#breadcrumb\",\"itemListElement\":[{\"@type\":\"ListItem\",\"position\":1,\"name\":\"Home\",\"item\":\"https:\/\/corvey.de\/\"},{\"@type\":\"ListItem\",\"position\":2,\"name\":\"VIA NOVA Lesung Hier spricht Nawalny\"}]},{\"@type\":\"WebSite\",\"@id\":\"https:\/\/corvey.de\/#website\",\"url\":\"https:\/\/corvey.de\/\",\"name\":\"Schloss Corvey\",\"description\":\"\",\"publisher\":{\"@id\":\"https:\/\/corvey.de\/#organization\"},\"potentialAction\":[{\"@type\":\"SearchAction\",\"target\":{\"@type\":\"EntryPoint\",\"urlTemplate\":\"https:\/\/corvey.de\/?s={search_term_string}\"},\"query-input\":{\"@type\":\"PropertyValueSpecification\",\"valueRequired\":true,\"valueName\":\"search_term_string\"}}],\"inLanguage\":\"en-US\"},{\"@type\":\"Organization\",\"@id\":\"https:\/\/corvey.de\/#organization\",\"name\":\"Schloss Corvey\",\"url\":\"https:\/\/corvey.de\/\",\"logo\":{\"@type\":\"ImageObject\",\"inLanguage\":\"en-US\",\"@id\":\"https:\/\/corvey.de\/#\/schema\/logo\/image\/\",\"url\":\"https:\/\/corvey.de\/wp-content\/uploads\/2020\/10\/logo-schloss-corvey.svg\",\"contentUrl\":\"https:\/\/corvey.de\/wp-content\/uploads\/2020\/10\/logo-schloss-corvey.svg\",\"width\":1,\"height\":1,\"caption\":\"Schloss Corvey\"},\"image\":{\"@id\":\"https:\/\/corvey.de\/#\/schema\/logo\/image\/\"}}]}<\/script>\n<!-- \/ Yoast SEO plugin. -->","yoast_head_json":{"title":"VIA NOVA Lesung Hier spricht Nawalny &#8226; Welterbe Corvey","robots":{"index":"index","follow":"follow","max-snippet":"max-snippet:-1","max-image-preview":"max-image-preview:large","max-video-preview":"max-video-preview:-1"},"canonical":"https:\/\/corvey.de\/en\/via-nova-lesung-hier-spricht-nawalny\/","og_locale":"en_US","og_type":"article","og_title":"[:de]VIA NOVA Lesung Hier spricht Nawalny[:] &#8226; Welterbe Corvey","og_description":"Sonntag, 7. September 2025, 11.00 Uhr,\u2002Schloss Corvey, Kaisersaal Lesung Katja Kolm und Michael Maertens Hallo, hier spricht Nawalny Musik Aus: Johann Sebastian Bach Kunst der Fuge BWV 1080 eingespielt von Grigory Sokolov, Sankt Petersburg 1978\u20141981, Opus 111 \/ na\u00cfve Alexej Nawalnys Briefe aus dem Gef\u00e4ngnis sind zu einem speziellen literarischen Genre geworden, in dem einer [&hellip;]","og_url":"https:\/\/corvey.de\/en\/via-nova-lesung-hier-spricht-nawalny\/","og_site_name":"Welterbe Corvey","article_modified_time":"2025-05-30T09:06:55+00:00","og_image":[{"width":1024,"height":724,"url":"https:\/\/corvey.de\/wp-content\/uploads\/2025\/05\/1_Web-Titel-1024x724.png","type":"image\/png"}],"twitter_card":"summary_large_image","twitter_misc":{"Est. reading time":"3 minutes"},"schema":{"@context":"https:\/\/schema.org","@graph":[{"@type":"WebPage","@id":"https:\/\/corvey.de\/via-nova-lesung-hier-spricht-nawalny\/","url":"https:\/\/corvey.de\/via-nova-lesung-hier-spricht-nawalny\/","name":"VIA NOVA Lesung Hier spricht Nawalny","isPartOf":{"@id":"https:\/\/corvey.de\/#website"},"primaryImageOfPage":{"@id":"https:\/\/corvey.de\/via-nova-lesung-hier-spricht-nawalny\/#primaryimage"},"image":{"@id":"https:\/\/corvey.de\/via-nova-lesung-hier-spricht-nawalny\/#primaryimage"},"thumbnailUrl":"https:\/\/corvey.de\/wp-content\/uploads\/2025\/05\/1_Web-Titel.png","datePublished":"2025-05-29T14:13:56+00:00","dateModified":"2025-05-30T09:06:55+00:00","breadcrumb":{"@id":"https:\/\/corvey.de\/via-nova-lesung-hier-spricht-nawalny\/#breadcrumb"},"inLanguage":"en-US","potentialAction":[{"@type":"ReadAction","target":["https:\/\/corvey.de\/via-nova-lesung-hier-spricht-nawalny\/"]}]},{"@type":"ImageObject","inLanguage":"en-US","@id":"https:\/\/corvey.de\/via-nova-lesung-hier-spricht-nawalny\/#primaryimage","url":"https:\/\/corvey.de\/wp-content\/uploads\/2025\/05\/1_Web-Titel.png","contentUrl":"https:\/\/corvey.de\/wp-content\/uploads\/2025\/05\/1_Web-Titel.png","width":3507,"height":2480},{"@type":"BreadcrumbList","@id":"https:\/\/corvey.de\/via-nova-lesung-hier-spricht-nawalny\/#breadcrumb","itemListElement":[{"@type":"ListItem","position":1,"name":"Home","item":"https:\/\/corvey.de\/"},{"@type":"ListItem","position":2,"name":"VIA NOVA Lesung Hier spricht Nawalny"}]},{"@type":"WebSite","@id":"https:\/\/corvey.de\/#website","url":"https:\/\/corvey.de\/","name":"Schloss Corvey","description":"","publisher":{"@id":"https:\/\/corvey.de\/#organization"},"potentialAction":[{"@type":"SearchAction","target":{"@type":"EntryPoint","urlTemplate":"https:\/\/corvey.de\/?s={search_term_string}"},"query-input":{"@type":"PropertyValueSpecification","valueRequired":true,"valueName":"search_term_string"}}],"inLanguage":"en-US"},{"@type":"Organization","@id":"https:\/\/corvey.de\/#organization","name":"Schloss Corvey","url":"https:\/\/corvey.de\/","logo":{"@type":"ImageObject","inLanguage":"en-US","@id":"https:\/\/corvey.de\/#\/schema\/logo\/image\/","url":"https:\/\/corvey.de\/wp-content\/uploads\/2020\/10\/logo-schloss-corvey.svg","contentUrl":"https:\/\/corvey.de\/wp-content\/uploads\/2020\/10\/logo-schloss-corvey.svg","width":1,"height":1,"caption":"Schloss Corvey"},"image":{"@id":"https:\/\/corvey.de\/#\/schema\/logo\/image\/"}}]}},"_links":{"self":[{"href":"https:\/\/corvey.de\/en\/wp-json\/wp\/v2\/pages\/3185","targetHints":{"allow":["GET"]}}],"collection":[{"href":"https:\/\/corvey.de\/en\/wp-json\/wp\/v2\/pages"}],"about":[{"href":"https:\/\/corvey.de\/en\/wp-json\/wp\/v2\/types\/page"}],"author":[{"embeddable":true,"href":"https:\/\/corvey.de\/en\/wp-json\/wp\/v2\/users\/3"}],"replies":[{"embeddable":true,"href":"https:\/\/corvey.de\/en\/wp-json\/wp\/v2\/comments?post=3185"}],"version-history":[{"count":3,"href":"https:\/\/corvey.de\/en\/wp-json\/wp\/v2\/pages\/3185\/revisions"}],"predecessor-version":[{"id":3244,"href":"https:\/\/corvey.de\/en\/wp-json\/wp\/v2\/pages\/3185\/revisions\/3244"}],"wp:featuredmedia":[{"embeddable":true,"href":"https:\/\/corvey.de\/en\/wp-json\/wp\/v2\/media\/3102"}],"wp:attachment":[{"href":"https:\/\/corvey.de\/en\/wp-json\/wp\/v2\/media?parent=3185"}],"curies":[{"name":"wp","href":"https:\/\/api.w.org\/{rel}","templated":true}]}}