{"id":3187,"date":"2025-05-29T16:19:50","date_gmt":"2025-05-29T14:19:50","guid":{"rendered":"https:\/\/corvey.de\/?page_id=3187"},"modified":"2025-05-30T11:07:25","modified_gmt":"2025-05-30T09:07:25","slug":"via-nova-lesung-lilith-stangenberg-konzert","status":"publish","type":"page","link":"https:\/\/corvey.de\/en\/via-nova-lesung-lilith-stangenberg-konzert\/","title":{"rendered":"VIA NOVA Lesung Lilith Stangenberg &#038; Konzert"},"content":{"rendered":"<p><strong><span class=\"format rot\">Freitag, 12. September 2025, 19.30 Uhr,\u2002Schloss Corvey, Kaisersaal<\/span><\/strong><\/p>\n<p><strong><span class=\"format rot\">Lesung und Konzert<\/span><\/strong><\/p>\n<p><strong>Lilith Stangenberg <\/strong>und <strong>Benny Claessens<\/strong><br \/>\nCharles Dickens Gro\u00dfe Erwartungen<\/p>\n<p><strong>Daniel Hope<\/strong>, Violine<br \/>\n<strong>Marie Sophie Hauzel<\/strong>, Klavier<\/p>\n<p>Felix Mendelssohn-Bartholdy (1809 \u2013 1847)<br \/>\nSuleika, Hexenlied, Auf den Fl\u00fcgeln des Gesanges<br \/>\naus: Sonate F-Dur \u2013 2. Satz: Adagio<\/p>\n<p>Fr\u00e9deric Chopin (1810 \u2013 1849)<br \/>\nWalzer op. 64 no. 2, Mazurka op. 30 no. 3,<br \/>\nMazurka op. 17 no. 4<\/p>\n<p>Wolfgang Amadeus Mozart (1756 \u2013 1791)<br \/>\nSonate f\u00fcr Violine und Klavier Nr. 27 G-Dur<\/p>\n<p>Mit Pause<\/p>\n<p>Die Wahrheit des Buches \u2039Gro\u00dfe Erwartungen\u203a liegt in der Einsicht, da\u00df es oft nicht die gro\u00dfen Schurkereien sind, die uns zu Fall bringen, sondern die kleinen Fehler und S\u00fcnden des menschlichen Herzens, von denen wir alle bedroht sind. Charles Dickens entwickelt die meisterliche Geschichte mit einer W\u00e4rme und Dringlichkeit, die an die tiefsten Empfindungen r\u00fchrt und die Zuh\u00f6rerschaft vollkommen in Bann schl\u00e4gt. Da ist der Junge Pip, der von seinem Ziehvater, dem Schmied Joe, und der jungen Frau Biddy geliebt und geachtet wird, da ist auf der anderen Seite seine Wohlt\u00e4terin Miss Havisham und deren Adoptivtochter Estrella, um deretwegen Pip ein Gentleman werden m\u00f6chte. Er hat gro\u00dfe Erwartungen an sein Leben und setzt alles daran, es in London zu Wohlstand und Gl\u00fcck zu bringen.<br \/>\nWie durch falsche Freunde und Ma\u00dflosigkeit Hochmut, T\u00e4uschungen, Versuchungen entstehen und die wahren Freundschaften nicht erkannt werden, davon lesen Lilith Stangenberg und Benny Claessens. Charles Dickens, einer der prominentesten Schriftsteller des 19. Jahrhunderts, erlebte selbst die H\u00e4rten eines bescheidenen Aufwachsens, was seine empathische Darstellung von gesellschaftlichen Mi\u00dfst\u00e4nden pr\u00e4gte. Seine Erfahrungen im Waisenhaus und als Junge, der f\u00fcr seinen Lebensunterhalt k\u00e4mpfen mu\u00dfte, veranla\u00dften ihn, Themen der sozialen Ungerechtigkeit und der Selbstverwirklichung in seinen Werken zu thematisieren.<br \/>\nEs ist bekannt, da\u00df Charles Dickens bei seinen Reisen auf dem europ\u00e4ischen Kontinent oft Opernh\u00e4user aufsuchte und sich besonders f\u00fcr Werke von Mozart, Chopin und Mendelssohn interessierte. Er selbst nahm \u2013 mit wenig Erfolg \u2013 Violin- und Akkordeonunterricht und wurde ein begeisterter Musikliebhhaber. Daniel Hope, einer der gefragtesten Geiger unserer Zeit, hat f\u00fcr den heutigen Abend ein spezielles Musikprogramm zusammengestellt, das Dickens\u2018 Vorlieben aufgreift, und in Begleitung von Marie Sophie Hauzel zu Geh\u00f6r bringt.<\/p>\n<p><strong>Eintritt: 40 \/ 35 \/ 30 \u20ac<\/strong><\/p>\n<p><span style=\"color: #0000ff;\"><strong><u><a style=\"color: #0000ff;\" href=\"https:\/\/docs.google.com\/forms\/d\/e\/1FAIpQLScANBAlkPcmYL8hsSsCDCTbwFh2_kOjm8_ljmWKYbeOR02f1g\/viewform\">[Kartenbestellungen online]<\/a><\/u><\/strong><\/span><\/p>\n<p><span style=\"color: #0000ff;\"><strong>Per E-Mail:<\/strong><strong> [<u><a style=\"color: #0000ff;\" href=\"mailto:vianova@corvey.de\">vianova@corvey.de]<\/a><\/u><\/strong><\/span><\/p>\n<p><span style=\"color: #0000ff;\"><strong><u><a style=\"color: #0000ff;\" href=\"tel:00495231570150\">Telefonservice: [05231 570150]<\/a><\/u><\/strong><\/span><\/p>\n","protected":false},"excerpt":{"rendered":"<p>Freitag, 12. September 2025, 19.30 Uhr,\u2002Schloss Corvey, Kaisersaal Lesung und Konzert Lilith Stangenberg und Benny Claessens Charles Dickens Gro\u00dfe Erwartungen Daniel Hope, Violine Marie Sophie Hauzel, Klavier Felix Mendelssohn-Bartholdy (1809 \u2013 1847) Suleika, Hexenlied, Auf den Fl\u00fcgeln des Gesanges aus: Sonate F-Dur \u2013 2. Satz: Adagio Fr\u00e9deric Chopin (1810 \u2013 1849) Walzer op. 64 no. [&hellip;]<\/p>\n","protected":false},"author":3,"featured_media":3102,"parent":0,"menu_order":0,"comment_status":"closed","ping_status":"closed","template":"","meta":{"_acf_changed":false,"footnotes":""},"class_list":["post-3187","page","type-page","status-publish","has-post-thumbnail","hentry"],"acf":[],"yoast_head":"<!-- This site is optimized with the Yoast SEO plugin v24.0 - https:\/\/yoast.com\/wordpress\/plugins\/seo\/ -->\n<title>VIA NOVA Lesung Lilith Stangenberg &amp; Konzert &#8226; Welterbe Corvey<\/title>\n<meta name=\"robots\" content=\"index, follow, max-snippet:-1, max-image-preview:large, max-video-preview:-1\" \/>\n<link rel=\"canonical\" href=\"https:\/\/corvey.de\/en\/via-nova-lesung-lilith-stangenberg-konzert\/\" \/>\n<meta property=\"og:locale\" content=\"en_US\" \/>\n<meta property=\"og:locale:alternate\" content=\"de_DE\" \/>\n<meta property=\"og:type\" content=\"article\" \/>\n<meta property=\"og:title\" content=\"VIA NOVA Lesung Lilith Stangenberg &amp; Konzert\" \/>\n<meta property=\"og:description\" content=\"Freitag, 12. September 2025, 19.30 Uhr,\u2002Schloss Corvey, Kaisersaal Lesung und Konzert Lilith Stangenberg und Benny Claessens Charles Dickens Gro\u00dfe Erwartungen Daniel Hope, Violine Marie Sophie Hauzel, Klavier Felix Mendelssohn-Bartholdy (1809 \u2013 1847) Suleika, Hexenlied, Auf den Fl\u00fcgeln des Gesanges aus: Sonate F-Dur \u2013 2. Satz: Adagio Fr\u00e9deric Chopin (1810 \u2013 1849) Walzer op. 64 no. [&hellip;]\" \/>\n<meta property=\"og:url\" content=\"https:\/\/corvey.de\/en\/via-nova-lesung-lilith-stangenberg-konzert\/\" \/>\n<meta property=\"og:site_name\" content=\"Welterbe Corvey\" \/>\n<meta property=\"article:modified_time\" content=\"2025-05-30T09:07:25+00:00\" \/>\n<meta property=\"og:image\" content=\"https:\/\/corvey.de\/wp-content\/uploads\/2025\/05\/1_Web-Titel-1024x724.png\" \/>\n\t<meta property=\"og:image:width\" content=\"1024\" \/>\n\t<meta property=\"og:image:height\" content=\"724\" \/>\n\t<meta property=\"og:image:type\" content=\"image\/png\" \/>\n<meta name=\"twitter:card\" content=\"summary_large_image\" \/>\n<meta name=\"twitter:label1\" content=\"Est. reading time\" \/>\n\t<meta name=\"twitter:data1\" content=\"3 minutes\" \/>\n<script type=\"application\/ld+json\" class=\"yoast-schema-graph\">{\"@context\":\"https:\/\/schema.org\",\"@graph\":[{\"@type\":\"WebPage\",\"@id\":\"https:\/\/corvey.de\/via-nova-lesung-lilith-stangenberg-konzert\/\",\"url\":\"https:\/\/corvey.de\/via-nova-lesung-lilith-stangenberg-konzert\/\",\"name\":\"VIA NOVA Lesung Lilith Stangenberg & Konzert\",\"isPartOf\":{\"@id\":\"https:\/\/corvey.de\/#website\"},\"primaryImageOfPage\":{\"@id\":\"https:\/\/corvey.de\/via-nova-lesung-lilith-stangenberg-konzert\/#primaryimage\"},\"image\":{\"@id\":\"https:\/\/corvey.de\/via-nova-lesung-lilith-stangenberg-konzert\/#primaryimage\"},\"thumbnailUrl\":\"https:\/\/corvey.de\/wp-content\/uploads\/2025\/05\/1_Web-Titel.png\",\"datePublished\":\"2025-05-29T14:19:50+00:00\",\"dateModified\":\"2025-05-30T09:07:25+00:00\",\"breadcrumb\":{\"@id\":\"https:\/\/corvey.de\/via-nova-lesung-lilith-stangenberg-konzert\/#breadcrumb\"},\"inLanguage\":\"en-US\",\"potentialAction\":[{\"@type\":\"ReadAction\",\"target\":[\"https:\/\/corvey.de\/via-nova-lesung-lilith-stangenberg-konzert\/\"]}]},{\"@type\":\"ImageObject\",\"inLanguage\":\"en-US\",\"@id\":\"https:\/\/corvey.de\/via-nova-lesung-lilith-stangenberg-konzert\/#primaryimage\",\"url\":\"https:\/\/corvey.de\/wp-content\/uploads\/2025\/05\/1_Web-Titel.png\",\"contentUrl\":\"https:\/\/corvey.de\/wp-content\/uploads\/2025\/05\/1_Web-Titel.png\",\"width\":3507,\"height\":2480},{\"@type\":\"BreadcrumbList\",\"@id\":\"https:\/\/corvey.de\/via-nova-lesung-lilith-stangenberg-konzert\/#breadcrumb\",\"itemListElement\":[{\"@type\":\"ListItem\",\"position\":1,\"name\":\"Home\",\"item\":\"https:\/\/corvey.de\/\"},{\"@type\":\"ListItem\",\"position\":2,\"name\":\"VIA NOVA Lesung Lilith Stangenberg &#038; Konzert\"}]},{\"@type\":\"WebSite\",\"@id\":\"https:\/\/corvey.de\/#website\",\"url\":\"https:\/\/corvey.de\/\",\"name\":\"Schloss Corvey\",\"description\":\"\",\"publisher\":{\"@id\":\"https:\/\/corvey.de\/#organization\"},\"potentialAction\":[{\"@type\":\"SearchAction\",\"target\":{\"@type\":\"EntryPoint\",\"urlTemplate\":\"https:\/\/corvey.de\/?s={search_term_string}\"},\"query-input\":{\"@type\":\"PropertyValueSpecification\",\"valueRequired\":true,\"valueName\":\"search_term_string\"}}],\"inLanguage\":\"en-US\"},{\"@type\":\"Organization\",\"@id\":\"https:\/\/corvey.de\/#organization\",\"name\":\"Schloss Corvey\",\"url\":\"https:\/\/corvey.de\/\",\"logo\":{\"@type\":\"ImageObject\",\"inLanguage\":\"en-US\",\"@id\":\"https:\/\/corvey.de\/#\/schema\/logo\/image\/\",\"url\":\"https:\/\/corvey.de\/wp-content\/uploads\/2020\/10\/logo-schloss-corvey.svg\",\"contentUrl\":\"https:\/\/corvey.de\/wp-content\/uploads\/2020\/10\/logo-schloss-corvey.svg\",\"width\":1,\"height\":1,\"caption\":\"Schloss Corvey\"},\"image\":{\"@id\":\"https:\/\/corvey.de\/#\/schema\/logo\/image\/\"}}]}<\/script>\n<!-- \/ Yoast SEO plugin. -->","yoast_head_json":{"title":"VIA NOVA Lesung Lilith Stangenberg & Konzert &#8226; Welterbe Corvey","robots":{"index":"index","follow":"follow","max-snippet":"max-snippet:-1","max-image-preview":"max-image-preview:large","max-video-preview":"max-video-preview:-1"},"canonical":"https:\/\/corvey.de\/en\/via-nova-lesung-lilith-stangenberg-konzert\/","og_locale":"en_US","og_type":"article","og_title":"[:de]VIA NOVA Lesung Lilith Stangenberg & Konzert[:] &#8226; Welterbe Corvey","og_description":"Freitag, 12. September 2025, 19.30 Uhr,\u2002Schloss Corvey, Kaisersaal Lesung und Konzert Lilith Stangenberg und Benny Claessens Charles Dickens Gro\u00dfe Erwartungen Daniel Hope, Violine Marie Sophie Hauzel, Klavier Felix Mendelssohn-Bartholdy (1809 \u2013 1847) Suleika, Hexenlied, Auf den Fl\u00fcgeln des Gesanges aus: Sonate F-Dur \u2013 2. Satz: Adagio Fr\u00e9deric Chopin (1810 \u2013 1849) Walzer op. 64 no. [&hellip;]","og_url":"https:\/\/corvey.de\/en\/via-nova-lesung-lilith-stangenberg-konzert\/","og_site_name":"Welterbe Corvey","article_modified_time":"2025-05-30T09:07:25+00:00","og_image":[{"width":1024,"height":724,"url":"https:\/\/corvey.de\/wp-content\/uploads\/2025\/05\/1_Web-Titel-1024x724.png","type":"image\/png"}],"twitter_card":"summary_large_image","twitter_misc":{"Est. reading time":"3 minutes"},"schema":{"@context":"https:\/\/schema.org","@graph":[{"@type":"WebPage","@id":"https:\/\/corvey.de\/via-nova-lesung-lilith-stangenberg-konzert\/","url":"https:\/\/corvey.de\/via-nova-lesung-lilith-stangenberg-konzert\/","name":"VIA NOVA Lesung Lilith Stangenberg & Konzert","isPartOf":{"@id":"https:\/\/corvey.de\/#website"},"primaryImageOfPage":{"@id":"https:\/\/corvey.de\/via-nova-lesung-lilith-stangenberg-konzert\/#primaryimage"},"image":{"@id":"https:\/\/corvey.de\/via-nova-lesung-lilith-stangenberg-konzert\/#primaryimage"},"thumbnailUrl":"https:\/\/corvey.de\/wp-content\/uploads\/2025\/05\/1_Web-Titel.png","datePublished":"2025-05-29T14:19:50+00:00","dateModified":"2025-05-30T09:07:25+00:00","breadcrumb":{"@id":"https:\/\/corvey.de\/via-nova-lesung-lilith-stangenberg-konzert\/#breadcrumb"},"inLanguage":"en-US","potentialAction":[{"@type":"ReadAction","target":["https:\/\/corvey.de\/via-nova-lesung-lilith-stangenberg-konzert\/"]}]},{"@type":"ImageObject","inLanguage":"en-US","@id":"https:\/\/corvey.de\/via-nova-lesung-lilith-stangenberg-konzert\/#primaryimage","url":"https:\/\/corvey.de\/wp-content\/uploads\/2025\/05\/1_Web-Titel.png","contentUrl":"https:\/\/corvey.de\/wp-content\/uploads\/2025\/05\/1_Web-Titel.png","width":3507,"height":2480},{"@type":"BreadcrumbList","@id":"https:\/\/corvey.de\/via-nova-lesung-lilith-stangenberg-konzert\/#breadcrumb","itemListElement":[{"@type":"ListItem","position":1,"name":"Home","item":"https:\/\/corvey.de\/"},{"@type":"ListItem","position":2,"name":"VIA NOVA Lesung Lilith Stangenberg &#038; Konzert"}]},{"@type":"WebSite","@id":"https:\/\/corvey.de\/#website","url":"https:\/\/corvey.de\/","name":"Schloss Corvey","description":"","publisher":{"@id":"https:\/\/corvey.de\/#organization"},"potentialAction":[{"@type":"SearchAction","target":{"@type":"EntryPoint","urlTemplate":"https:\/\/corvey.de\/?s={search_term_string}"},"query-input":{"@type":"PropertyValueSpecification","valueRequired":true,"valueName":"search_term_string"}}],"inLanguage":"en-US"},{"@type":"Organization","@id":"https:\/\/corvey.de\/#organization","name":"Schloss Corvey","url":"https:\/\/corvey.de\/","logo":{"@type":"ImageObject","inLanguage":"en-US","@id":"https:\/\/corvey.de\/#\/schema\/logo\/image\/","url":"https:\/\/corvey.de\/wp-content\/uploads\/2020\/10\/logo-schloss-corvey.svg","contentUrl":"https:\/\/corvey.de\/wp-content\/uploads\/2020\/10\/logo-schloss-corvey.svg","width":1,"height":1,"caption":"Schloss Corvey"},"image":{"@id":"https:\/\/corvey.de\/#\/schema\/logo\/image\/"}}]}},"_links":{"self":[{"href":"https:\/\/corvey.de\/en\/wp-json\/wp\/v2\/pages\/3187","targetHints":{"allow":["GET"]}}],"collection":[{"href":"https:\/\/corvey.de\/en\/wp-json\/wp\/v2\/pages"}],"about":[{"href":"https:\/\/corvey.de\/en\/wp-json\/wp\/v2\/types\/page"}],"author":[{"embeddable":true,"href":"https:\/\/corvey.de\/en\/wp-json\/wp\/v2\/users\/3"}],"replies":[{"embeddable":true,"href":"https:\/\/corvey.de\/en\/wp-json\/wp\/v2\/comments?post=3187"}],"version-history":[{"count":4,"href":"https:\/\/corvey.de\/en\/wp-json\/wp\/v2\/pages\/3187\/revisions"}],"predecessor-version":[{"id":3245,"href":"https:\/\/corvey.de\/en\/wp-json\/wp\/v2\/pages\/3187\/revisions\/3245"}],"wp:featuredmedia":[{"embeddable":true,"href":"https:\/\/corvey.de\/en\/wp-json\/wp\/v2\/media\/3102"}],"wp:attachment":[{"href":"https:\/\/corvey.de\/en\/wp-json\/wp\/v2\/media?parent=3187"}],"curies":[{"name":"wp","href":"https:\/\/api.w.org\/{rel}","templated":true}]}}