{"id":3191,"date":"2025-05-29T16:30:04","date_gmt":"2025-05-29T14:30:04","guid":{"rendered":"https:\/\/corvey.de\/?page_id=3191"},"modified":"2025-05-30T11:04:38","modified_gmt":"2025-05-30T09:04:38","slug":"3191-2","status":"publish","type":"page","link":"https:\/\/corvey.de\/en\/3191-2\/","title":{"rendered":"VIA NOVA Lesung Christian Berkel\u00a0&#038; Ensemble Constantinople"},"content":{"rendered":"<p><strong><span class=\"format rot\">Samstag, 13. September 2025, 19.30 Uhr, Schloss Corvey, Kaisersaal<\/span><\/strong><\/p>\n<p><strong><span class=\"format rot\">Lesung mit Musik<\/span><\/strong><\/p>\n<p><strong>Christian Berkel\u00a0<\/strong><br \/>\nNagib Machfus Die Reise des Ibn Fattuma<\/p>\n<p><strong>Ensemble Constantinople<\/strong><br \/>\nNordic lights in Persian Sky<\/p>\n<p>Benedicte Maurseth, Hardangerfiedel<br \/>\nPatrick Graham, Percussion<br \/>\nKiya Tabassian, Setar, Gesang und Leitung<\/p>\n<p>Mit Pause<\/p>\n<p>Eine abenteuerliche Reise zum Ende der Welt und eine Reise zum eigenen Selbst unternimmt der charismatische Schauspieler Christian Berkel in seiner Lesung. Nagib Machfus nimmt sich die gro\u00dfen Reisenden aus der Bl\u00fctezeit des Islam zum Vorbild f\u00fcr Ibn Fattumas Entdeckung ganz und gar heutiger Lebensentw\u00fcrfe und Utopien. Sein Protagonist bereist die Hauptst\u00e4dte von \u2039vier L\u00e4ndern, deren Gesellschaften auf jeweils einem Grundsatz fu\u00dfen: Freiheit, Gleichheit, Zwang und Lust\u203a. Nagib Machfus zeigt in diesem Roman, wie absurd es ist, in einer Ideologie sein Gl\u00fcck zu suchen, eine Fabel f\u00fcr Demokratie und Menschenrechte. Er erhielt im Jahr 1988 als bisher einziger arabischer Autor den Nobelpreis f\u00fcr Literatur. In seiner Dankesrede sagte Nagib Machfus: \u2039Das Leben hat mich gelehrt, da\u00df seine Sch\u00f6nheit nicht nur im Denken, in der Freiheit und Demokratie liegt. Sondern vor allem auch in der Freundschaft.\u203a<br \/>\nGlobal Village und weite Welt, Tradition und Aufbruch \u2013 das Ensemble Constantinople begibt sich auf historische als auch geographische und kulturelle Reisen. Bewegung und Begegnung sind der Grundstein ihres musikalischen Schaffens. In der Musik des heutigen Abends verbindet sich persische Musik mit norwegischen Kl\u00e4ngen. Benedicte Maurseth ist als Komponistin, Interpretin und Autorin eine bedeutende Figur in der norwegischen Volksmusikszene. Ihre Musik ist zwar in der reichen Tradition der Hardangerfiedel verankert, spiegelt aber auch einen offenen Zugang zu Kreativit\u00e4t und Gegenwart wider. Zusammen mit Kiya Tabassian und Patrick Graham taucht sie hier in weite Klanglandschaften aus reinen, ged\u00e4mpften Farben und Rhythmen ein, die abwechselnd kontemplativ und rasend sind und durch fesselnde, imagin\u00e4re Welten ohne Grenzen von Nord nach S\u00fcd und Ost nach West transportieren und navigieren.<\/p>\n<p><strong>Eintritt: 40 \/ 35 \/ 30 \u20ac, Tageskarte 75 \/ 70 \u20ac<\/strong><\/p>\n<p><span style=\"color: #0000ff;\"><strong><u><a style=\"color: #0000ff;\" href=\"https:\/\/docs.google.com\/forms\/d\/e\/1FAIpQLScANBAlkPcmYL8hsSsCDCTbwFh2_kOjm8_ljmWKYbeOR02f1g\/viewform\">[Kartenbestellungen online]<\/a><\/u><\/strong><\/span><\/p>\n<p><span style=\"color: #0000ff;\"><strong>Per E-Mail:<\/strong><strong> [<u><a style=\"color: #0000ff;\" href=\"mailto:vianova@corvey.de\">vianova@corvey.de]<\/a><\/u><\/strong><\/span><\/p>\n<p><span style=\"color: #0000ff;\"><strong><u><a style=\"color: #0000ff;\" href=\"tel:00495231570150\">Telefonservice: [05231 570150]<\/a><\/u><\/strong><\/span><\/p>\n<p>&nbsp;<\/p>\n","protected":false},"excerpt":{"rendered":"<p>Samstag, 13. September 2025, 19.30 Uhr, Schloss Corvey, Kaisersaal Lesung mit Musik Christian Berkel\u00a0 Nagib Machfus Die Reise des Ibn Fattuma Ensemble Constantinople Nordic lights in Persian Sky Benedicte Maurseth, Hardangerfiedel Patrick Graham, Percussion Kiya Tabassian, Setar, Gesang und Leitung Mit Pause Eine abenteuerliche Reise zum Ende der Welt und eine Reise zum eigenen Selbst [&hellip;]<\/p>\n","protected":false},"author":3,"featured_media":3102,"parent":0,"menu_order":0,"comment_status":"closed","ping_status":"closed","template":"","meta":{"_acf_changed":false,"footnotes":""},"class_list":["post-3191","page","type-page","status-publish","has-post-thumbnail","hentry"],"acf":[],"yoast_head":"<!-- This site is optimized with the Yoast SEO plugin v24.0 - https:\/\/yoast.com\/wordpress\/plugins\/seo\/ -->\n<title>VIA NOVA Lesung Christian Berkel\u00a0&amp; Ensemble Constantinople &#8226; Welterbe Corvey<\/title>\n<meta name=\"robots\" content=\"index, follow, max-snippet:-1, max-image-preview:large, max-video-preview:-1\" \/>\n<link rel=\"canonical\" href=\"https:\/\/corvey.de\/en\/3191-2\/\" \/>\n<meta property=\"og:locale\" content=\"en_US\" \/>\n<meta property=\"og:locale:alternate\" content=\"de_DE\" \/>\n<meta property=\"og:type\" content=\"article\" \/>\n<meta property=\"og:title\" content=\"VIA NOVA Lesung Christian Berkel\u00a0&amp; Ensemble Constantinople\" \/>\n<meta property=\"og:description\" content=\"Samstag, 13. September 2025, 19.30 Uhr, Schloss Corvey, Kaisersaal Lesung mit Musik Christian Berkel\u00a0 Nagib Machfus Die Reise des Ibn Fattuma Ensemble Constantinople Nordic lights in Persian Sky Benedicte Maurseth, Hardangerfiedel Patrick Graham, Percussion Kiya Tabassian, Setar, Gesang und Leitung Mit Pause Eine abenteuerliche Reise zum Ende der Welt und eine Reise zum eigenen Selbst [&hellip;]\" \/>\n<meta property=\"og:url\" content=\"https:\/\/corvey.de\/en\/3191-2\/\" \/>\n<meta property=\"og:site_name\" content=\"Welterbe Corvey\" \/>\n<meta property=\"article:modified_time\" content=\"2025-05-30T09:04:38+00:00\" \/>\n<meta property=\"og:image\" content=\"https:\/\/corvey.de\/wp-content\/uploads\/2025\/05\/1_Web-Titel-1024x724.png\" \/>\n\t<meta property=\"og:image:width\" content=\"1024\" \/>\n\t<meta property=\"og:image:height\" content=\"724\" \/>\n\t<meta property=\"og:image:type\" content=\"image\/png\" \/>\n<meta name=\"twitter:card\" content=\"summary_large_image\" \/>\n<meta name=\"twitter:label1\" content=\"Est. reading time\" \/>\n\t<meta name=\"twitter:data1\" content=\"2 minutes\" \/>\n<script type=\"application\/ld+json\" class=\"yoast-schema-graph\">{\"@context\":\"https:\/\/schema.org\",\"@graph\":[{\"@type\":\"WebPage\",\"@id\":\"https:\/\/corvey.de\/3191-2\/\",\"url\":\"https:\/\/corvey.de\/3191-2\/\",\"name\":\"VIA NOVA Lesung Christian Berkel\u00a0& Ensemble Constantinople\",\"isPartOf\":{\"@id\":\"https:\/\/corvey.de\/#website\"},\"primaryImageOfPage\":{\"@id\":\"https:\/\/corvey.de\/3191-2\/#primaryimage\"},\"image\":{\"@id\":\"https:\/\/corvey.de\/3191-2\/#primaryimage\"},\"thumbnailUrl\":\"https:\/\/corvey.de\/wp-content\/uploads\/2025\/05\/1_Web-Titel.png\",\"datePublished\":\"2025-05-29T14:30:04+00:00\",\"dateModified\":\"2025-05-30T09:04:38+00:00\",\"breadcrumb\":{\"@id\":\"https:\/\/corvey.de\/3191-2\/#breadcrumb\"},\"inLanguage\":\"en-US\",\"potentialAction\":[{\"@type\":\"ReadAction\",\"target\":[\"https:\/\/corvey.de\/3191-2\/\"]}]},{\"@type\":\"ImageObject\",\"inLanguage\":\"en-US\",\"@id\":\"https:\/\/corvey.de\/3191-2\/#primaryimage\",\"url\":\"https:\/\/corvey.de\/wp-content\/uploads\/2025\/05\/1_Web-Titel.png\",\"contentUrl\":\"https:\/\/corvey.de\/wp-content\/uploads\/2025\/05\/1_Web-Titel.png\",\"width\":3507,\"height\":2480},{\"@type\":\"BreadcrumbList\",\"@id\":\"https:\/\/corvey.de\/3191-2\/#breadcrumb\",\"itemListElement\":[{\"@type\":\"ListItem\",\"position\":1,\"name\":\"Home\",\"item\":\"https:\/\/corvey.de\/\"},{\"@type\":\"ListItem\",\"position\":2,\"name\":\"VIA NOVA Lesung Christian Berkel\u00a0&#038; Ensemble Constantinople\"}]},{\"@type\":\"WebSite\",\"@id\":\"https:\/\/corvey.de\/#website\",\"url\":\"https:\/\/corvey.de\/\",\"name\":\"Schloss Corvey\",\"description\":\"\",\"publisher\":{\"@id\":\"https:\/\/corvey.de\/#organization\"},\"potentialAction\":[{\"@type\":\"SearchAction\",\"target\":{\"@type\":\"EntryPoint\",\"urlTemplate\":\"https:\/\/corvey.de\/?s={search_term_string}\"},\"query-input\":{\"@type\":\"PropertyValueSpecification\",\"valueRequired\":true,\"valueName\":\"search_term_string\"}}],\"inLanguage\":\"en-US\"},{\"@type\":\"Organization\",\"@id\":\"https:\/\/corvey.de\/#organization\",\"name\":\"Schloss Corvey\",\"url\":\"https:\/\/corvey.de\/\",\"logo\":{\"@type\":\"ImageObject\",\"inLanguage\":\"en-US\",\"@id\":\"https:\/\/corvey.de\/#\/schema\/logo\/image\/\",\"url\":\"https:\/\/corvey.de\/wp-content\/uploads\/2020\/10\/logo-schloss-corvey.svg\",\"contentUrl\":\"https:\/\/corvey.de\/wp-content\/uploads\/2020\/10\/logo-schloss-corvey.svg\",\"width\":1,\"height\":1,\"caption\":\"Schloss Corvey\"},\"image\":{\"@id\":\"https:\/\/corvey.de\/#\/schema\/logo\/image\/\"}}]}<\/script>\n<!-- \/ Yoast SEO plugin. -->","yoast_head_json":{"title":"VIA NOVA Lesung Christian Berkel\u00a0& Ensemble Constantinople &#8226; Welterbe Corvey","robots":{"index":"index","follow":"follow","max-snippet":"max-snippet:-1","max-image-preview":"max-image-preview:large","max-video-preview":"max-video-preview:-1"},"canonical":"https:\/\/corvey.de\/en\/3191-2\/","og_locale":"en_US","og_type":"article","og_title":"[:de]VIA NOVA Lesung Christian Berkel\u00a0& Ensemble Constantinople[:] &#8226; Welterbe Corvey","og_description":"Samstag, 13. September 2025, 19.30 Uhr, Schloss Corvey, Kaisersaal Lesung mit Musik Christian Berkel\u00a0 Nagib Machfus Die Reise des Ibn Fattuma Ensemble Constantinople Nordic lights in Persian Sky Benedicte Maurseth, Hardangerfiedel Patrick Graham, Percussion Kiya Tabassian, Setar, Gesang und Leitung Mit Pause Eine abenteuerliche Reise zum Ende der Welt und eine Reise zum eigenen Selbst [&hellip;]","og_url":"https:\/\/corvey.de\/en\/3191-2\/","og_site_name":"Welterbe Corvey","article_modified_time":"2025-05-30T09:04:38+00:00","og_image":[{"width":1024,"height":724,"url":"https:\/\/corvey.de\/wp-content\/uploads\/2025\/05\/1_Web-Titel-1024x724.png","type":"image\/png"}],"twitter_card":"summary_large_image","twitter_misc":{"Est. reading time":"2 minutes"},"schema":{"@context":"https:\/\/schema.org","@graph":[{"@type":"WebPage","@id":"https:\/\/corvey.de\/3191-2\/","url":"https:\/\/corvey.de\/3191-2\/","name":"VIA NOVA Lesung Christian Berkel\u00a0& Ensemble Constantinople","isPartOf":{"@id":"https:\/\/corvey.de\/#website"},"primaryImageOfPage":{"@id":"https:\/\/corvey.de\/3191-2\/#primaryimage"},"image":{"@id":"https:\/\/corvey.de\/3191-2\/#primaryimage"},"thumbnailUrl":"https:\/\/corvey.de\/wp-content\/uploads\/2025\/05\/1_Web-Titel.png","datePublished":"2025-05-29T14:30:04+00:00","dateModified":"2025-05-30T09:04:38+00:00","breadcrumb":{"@id":"https:\/\/corvey.de\/3191-2\/#breadcrumb"},"inLanguage":"en-US","potentialAction":[{"@type":"ReadAction","target":["https:\/\/corvey.de\/3191-2\/"]}]},{"@type":"ImageObject","inLanguage":"en-US","@id":"https:\/\/corvey.de\/3191-2\/#primaryimage","url":"https:\/\/corvey.de\/wp-content\/uploads\/2025\/05\/1_Web-Titel.png","contentUrl":"https:\/\/corvey.de\/wp-content\/uploads\/2025\/05\/1_Web-Titel.png","width":3507,"height":2480},{"@type":"BreadcrumbList","@id":"https:\/\/corvey.de\/3191-2\/#breadcrumb","itemListElement":[{"@type":"ListItem","position":1,"name":"Home","item":"https:\/\/corvey.de\/"},{"@type":"ListItem","position":2,"name":"VIA NOVA Lesung Christian Berkel\u00a0&#038; Ensemble Constantinople"}]},{"@type":"WebSite","@id":"https:\/\/corvey.de\/#website","url":"https:\/\/corvey.de\/","name":"Schloss Corvey","description":"","publisher":{"@id":"https:\/\/corvey.de\/#organization"},"potentialAction":[{"@type":"SearchAction","target":{"@type":"EntryPoint","urlTemplate":"https:\/\/corvey.de\/?s={search_term_string}"},"query-input":{"@type":"PropertyValueSpecification","valueRequired":true,"valueName":"search_term_string"}}],"inLanguage":"en-US"},{"@type":"Organization","@id":"https:\/\/corvey.de\/#organization","name":"Schloss Corvey","url":"https:\/\/corvey.de\/","logo":{"@type":"ImageObject","inLanguage":"en-US","@id":"https:\/\/corvey.de\/#\/schema\/logo\/image\/","url":"https:\/\/corvey.de\/wp-content\/uploads\/2020\/10\/logo-schloss-corvey.svg","contentUrl":"https:\/\/corvey.de\/wp-content\/uploads\/2020\/10\/logo-schloss-corvey.svg","width":1,"height":1,"caption":"Schloss Corvey"},"image":{"@id":"https:\/\/corvey.de\/#\/schema\/logo\/image\/"}}]}},"_links":{"self":[{"href":"https:\/\/corvey.de\/en\/wp-json\/wp\/v2\/pages\/3191","targetHints":{"allow":["GET"]}}],"collection":[{"href":"https:\/\/corvey.de\/en\/wp-json\/wp\/v2\/pages"}],"about":[{"href":"https:\/\/corvey.de\/en\/wp-json\/wp\/v2\/types\/page"}],"author":[{"embeddable":true,"href":"https:\/\/corvey.de\/en\/wp-json\/wp\/v2\/users\/3"}],"replies":[{"embeddable":true,"href":"https:\/\/corvey.de\/en\/wp-json\/wp\/v2\/comments?post=3191"}],"version-history":[{"count":5,"href":"https:\/\/corvey.de\/en\/wp-json\/wp\/v2\/pages\/3191\/revisions"}],"predecessor-version":[{"id":3240,"href":"https:\/\/corvey.de\/en\/wp-json\/wp\/v2\/pages\/3191\/revisions\/3240"}],"wp:featuredmedia":[{"embeddable":true,"href":"https:\/\/corvey.de\/en\/wp-json\/wp\/v2\/media\/3102"}],"wp:attachment":[{"href":"https:\/\/corvey.de\/en\/wp-json\/wp\/v2\/media?parent=3191"}],"curies":[{"name":"wp","href":"https:\/\/api.w.org\/{rel}","templated":true}]}}