{"id":3225,"date":"2025-05-30T10:47:09","date_gmt":"2025-05-30T08:47:09","guid":{"rendered":"https:\/\/corvey.de\/?page_id=3225"},"modified":"2025-05-30T11:04:01","modified_gmt":"2025-05-30T09:04:01","slug":"via-nova-kurzlesung-und-liedermatinee-2","status":"publish","type":"page","link":"https:\/\/corvey.de\/en\/via-nova-kurzlesung-und-liedermatinee-2\/","title":{"rendered":"VIA NOVA Kurzlesung und Liedermatinee"},"content":{"rendered":"<p><span class=\"format rot\"><strong>Samstag,\u00a0 13. September 2025, 11.00 Uhr, Schloss Corvey, Kaisersaal<\/strong><\/span><\/p>\n<p><span class=\"format rot\"><strong>Kurzlesung und Liedermatinee<\/strong><\/span><\/p>\n<p>Cicero Laelius de amicitia Das Gl\u00fcck der Freundschaft<\/p>\n<p><strong>Juliane Banse,<\/strong> Sopran<br \/>\n<strong>Istv\u00e1n Simon,<\/strong> Tanz<br \/>\n<strong>Alexander Krichel,<\/strong> Klavier<\/p>\n<p>Franz Schubert (1797 \u2013 1828)<br \/>\nDie Winterreise op. 89 D 911<\/p>\n<p>Heimatlos verl\u00e4\u00dft ein fremder Wanderer in Franz Schuberts Liederzyklus \u2039Winterreise\u203a nach Gedichten von Wilhelm M\u00fcller des Nachts Stadt und Geliebte und zieht ohne Ziel hinaus in die eisige K\u00e4lte des Winters. Kein leichter und unbeschwerter Spaziergang erwartet ihn, vielmehr setzt er sich den mannigfaltigen Launen des Winters aus, die seine eigenen Seelenzust\u00e4nde auf bizarre Weise versinnbildlichen. Was auf den ersten Blick wie eine einfache Liebesgeschichte anmutet, entpuppt sich zunehmend als eine komplexe Reise metaphysischen Ausma\u00dfes. Wohin diese Reise letztlich f\u00fchrt, bleibt offen. Einsamkeit und Verzweiflung scheinen im eindringlichen Zusammenspiel von Tanz, Rhythmik und Musik immer wieder neu auf. Der Pianist Alexander Krichel verbindet die S\u00e4ngerin Juliane Banse und den T\u00e4nzer Istv\u00e1n Simon und begleitet sie durch die Reise. Die Verschmelzung von Musik und Tanz in der ausdrucksvollen Choreografie von Andreas Heise, hilft dabei, Schuberts Musik und M\u00fcllers Dichtung neu auszudr\u00fccken, mit dem Ziel, eine einzigartige, vollst\u00e4ndige, \u00fcberraschende und wahrheitsgetreue Interpretation der \u2039Winterreise\u203a zu finden.<br \/>\nDie Liebe gibt den ersten Impuls, ein Band der Freundschaft zu kn\u00fcpfen. Bei Cicero jedoch kann erst die Tugend sie wirklich hervorbringen. Und so fragt er, wie weit darf die Liebe in der Freundschaft gehen: \u2039Es kann keine Freundschaft ohne die Tugend unter keinen Umst\u00e4nden geben.\u203a<\/p>\n<p>Eintritt: 25 \/ 20 \/ 15 \u20ac<\/p>\n<p><span style=\"color: #0000ff;\"><strong><u><a style=\"color: #0000ff;\" href=\"https:\/\/docs.google.com\/forms\/d\/e\/1FAIpQLScANBAlkPcmYL8hsSsCDCTbwFh2_kOjm8_ljmWKYbeOR02f1g\/viewform\">[Kartenbestellungen online]<\/a><\/u><\/strong><\/span><\/p>\n<p><span style=\"color: #0000ff;\"><strong>Per E-Mail:<\/strong><strong> [<u><a style=\"color: #0000ff;\" href=\"mailto:vianova@corvey.de\">vianova@corvey.de]<\/a><\/u><\/strong><\/span><\/p>\n<p><span style=\"color: #0000ff;\"><strong><u><a style=\"color: #0000ff;\" href=\"tel:00495231570150\">Telefonservice: [05231 570150]<\/a><\/u><\/strong><\/span><\/p>\n","protected":false},"excerpt":{"rendered":"<p>Samstag,\u00a0 13. September 2025, 11.00 Uhr, Schloss Corvey, Kaisersaal Kurzlesung und Liedermatinee Cicero Laelius de amicitia Das Gl\u00fcck der Freundschaft Juliane Banse, Sopran Istv\u00e1n Simon, Tanz Alexander Krichel, Klavier Franz Schubert (1797 \u2013 1828) Die Winterreise op. 89 D 911 Heimatlos verl\u00e4\u00dft ein fremder Wanderer in Franz Schuberts Liederzyklus \u2039Winterreise\u203a nach Gedichten von Wilhelm M\u00fcller [&hellip;]<\/p>\n","protected":false},"author":3,"featured_media":3102,"parent":0,"menu_order":0,"comment_status":"closed","ping_status":"closed","template":"","meta":{"_acf_changed":false,"footnotes":""},"class_list":["post-3225","page","type-page","status-publish","has-post-thumbnail","hentry"],"acf":[],"yoast_head":"<!-- This site is optimized with the Yoast SEO plugin v24.0 - https:\/\/yoast.com\/wordpress\/plugins\/seo\/ -->\n<title>VIA NOVA Kurzlesung und Liedermatinee &#8226; Welterbe Corvey<\/title>\n<meta name=\"robots\" content=\"index, follow, max-snippet:-1, max-image-preview:large, max-video-preview:-1\" \/>\n<link rel=\"canonical\" href=\"https:\/\/corvey.de\/en\/via-nova-kurzlesung-und-liedermatinee-2\/\" \/>\n<meta property=\"og:locale\" content=\"en_US\" \/>\n<meta property=\"og:locale:alternate\" content=\"de_DE\" \/>\n<meta property=\"og:type\" content=\"article\" \/>\n<meta property=\"og:title\" content=\"VIA NOVA Kurzlesung und Liedermatinee\" \/>\n<meta property=\"og:description\" content=\"Samstag,\u00a0 13. September 2025, 11.00 Uhr, Schloss Corvey, Kaisersaal Kurzlesung und Liedermatinee Cicero Laelius de amicitia Das Gl\u00fcck der Freundschaft Juliane Banse, Sopran Istv\u00e1n Simon, Tanz Alexander Krichel, Klavier Franz Schubert (1797 \u2013 1828) Die Winterreise op. 89 D 911 Heimatlos verl\u00e4\u00dft ein fremder Wanderer in Franz Schuberts Liederzyklus \u2039Winterreise\u203a nach Gedichten von Wilhelm M\u00fcller [&hellip;]\" \/>\n<meta property=\"og:url\" content=\"https:\/\/corvey.de\/en\/via-nova-kurzlesung-und-liedermatinee-2\/\" \/>\n<meta property=\"og:site_name\" content=\"Welterbe Corvey\" \/>\n<meta property=\"article:modified_time\" content=\"2025-05-30T09:04:01+00:00\" \/>\n<meta property=\"og:image\" content=\"https:\/\/corvey.de\/wp-content\/uploads\/2025\/05\/1_Web-Titel-1024x724.png\" \/>\n\t<meta property=\"og:image:width\" content=\"1024\" \/>\n\t<meta property=\"og:image:height\" content=\"724\" \/>\n\t<meta property=\"og:image:type\" content=\"image\/png\" \/>\n<meta name=\"twitter:card\" content=\"summary_large_image\" \/>\n<meta name=\"twitter:label1\" content=\"Est. reading time\" \/>\n\t<meta name=\"twitter:data1\" content=\"2 minutes\" \/>\n<script type=\"application\/ld+json\" class=\"yoast-schema-graph\">{\"@context\":\"https:\/\/schema.org\",\"@graph\":[{\"@type\":\"WebPage\",\"@id\":\"https:\/\/corvey.de\/via-nova-kurzlesung-und-liedermatinee-2\/\",\"url\":\"https:\/\/corvey.de\/via-nova-kurzlesung-und-liedermatinee-2\/\",\"name\":\"VIA NOVA Kurzlesung und Liedermatinee\",\"isPartOf\":{\"@id\":\"https:\/\/corvey.de\/#website\"},\"primaryImageOfPage\":{\"@id\":\"https:\/\/corvey.de\/via-nova-kurzlesung-und-liedermatinee-2\/#primaryimage\"},\"image\":{\"@id\":\"https:\/\/corvey.de\/via-nova-kurzlesung-und-liedermatinee-2\/#primaryimage\"},\"thumbnailUrl\":\"https:\/\/corvey.de\/wp-content\/uploads\/2025\/05\/1_Web-Titel.png\",\"datePublished\":\"2025-05-30T08:47:09+00:00\",\"dateModified\":\"2025-05-30T09:04:01+00:00\",\"breadcrumb\":{\"@id\":\"https:\/\/corvey.de\/via-nova-kurzlesung-und-liedermatinee-2\/#breadcrumb\"},\"inLanguage\":\"en-US\",\"potentialAction\":[{\"@type\":\"ReadAction\",\"target\":[\"https:\/\/corvey.de\/via-nova-kurzlesung-und-liedermatinee-2\/\"]}]},{\"@type\":\"ImageObject\",\"inLanguage\":\"en-US\",\"@id\":\"https:\/\/corvey.de\/via-nova-kurzlesung-und-liedermatinee-2\/#primaryimage\",\"url\":\"https:\/\/corvey.de\/wp-content\/uploads\/2025\/05\/1_Web-Titel.png\",\"contentUrl\":\"https:\/\/corvey.de\/wp-content\/uploads\/2025\/05\/1_Web-Titel.png\",\"width\":3507,\"height\":2480},{\"@type\":\"BreadcrumbList\",\"@id\":\"https:\/\/corvey.de\/via-nova-kurzlesung-und-liedermatinee-2\/#breadcrumb\",\"itemListElement\":[{\"@type\":\"ListItem\",\"position\":1,\"name\":\"Home\",\"item\":\"https:\/\/corvey.de\/\"},{\"@type\":\"ListItem\",\"position\":2,\"name\":\"VIA NOVA Kurzlesung und Liedermatinee\"}]},{\"@type\":\"WebSite\",\"@id\":\"https:\/\/corvey.de\/#website\",\"url\":\"https:\/\/corvey.de\/\",\"name\":\"Schloss Corvey\",\"description\":\"\",\"publisher\":{\"@id\":\"https:\/\/corvey.de\/#organization\"},\"potentialAction\":[{\"@type\":\"SearchAction\",\"target\":{\"@type\":\"EntryPoint\",\"urlTemplate\":\"https:\/\/corvey.de\/?s={search_term_string}\"},\"query-input\":{\"@type\":\"PropertyValueSpecification\",\"valueRequired\":true,\"valueName\":\"search_term_string\"}}],\"inLanguage\":\"en-US\"},{\"@type\":\"Organization\",\"@id\":\"https:\/\/corvey.de\/#organization\",\"name\":\"Schloss Corvey\",\"url\":\"https:\/\/corvey.de\/\",\"logo\":{\"@type\":\"ImageObject\",\"inLanguage\":\"en-US\",\"@id\":\"https:\/\/corvey.de\/#\/schema\/logo\/image\/\",\"url\":\"https:\/\/corvey.de\/wp-content\/uploads\/2020\/10\/logo-schloss-corvey.svg\",\"contentUrl\":\"https:\/\/corvey.de\/wp-content\/uploads\/2020\/10\/logo-schloss-corvey.svg\",\"width\":1,\"height\":1,\"caption\":\"Schloss Corvey\"},\"image\":{\"@id\":\"https:\/\/corvey.de\/#\/schema\/logo\/image\/\"}}]}<\/script>\n<!-- \/ Yoast SEO plugin. -->","yoast_head_json":{"title":"VIA NOVA Kurzlesung und Liedermatinee &#8226; Welterbe Corvey","robots":{"index":"index","follow":"follow","max-snippet":"max-snippet:-1","max-image-preview":"max-image-preview:large","max-video-preview":"max-video-preview:-1"},"canonical":"https:\/\/corvey.de\/en\/via-nova-kurzlesung-und-liedermatinee-2\/","og_locale":"en_US","og_type":"article","og_title":"[:de]VIA NOVA Kurzlesung und Liedermatinee[:] &#8226; Welterbe Corvey","og_description":"Samstag,\u00a0 13. September 2025, 11.00 Uhr, Schloss Corvey, Kaisersaal Kurzlesung und Liedermatinee Cicero Laelius de amicitia Das Gl\u00fcck der Freundschaft Juliane Banse, Sopran Istv\u00e1n Simon, Tanz Alexander Krichel, Klavier Franz Schubert (1797 \u2013 1828) Die Winterreise op. 89 D 911 Heimatlos verl\u00e4\u00dft ein fremder Wanderer in Franz Schuberts Liederzyklus \u2039Winterreise\u203a nach Gedichten von Wilhelm M\u00fcller [&hellip;]","og_url":"https:\/\/corvey.de\/en\/via-nova-kurzlesung-und-liedermatinee-2\/","og_site_name":"Welterbe Corvey","article_modified_time":"2025-05-30T09:04:01+00:00","og_image":[{"width":1024,"height":724,"url":"https:\/\/corvey.de\/wp-content\/uploads\/2025\/05\/1_Web-Titel-1024x724.png","type":"image\/png"}],"twitter_card":"summary_large_image","twitter_misc":{"Est. reading time":"2 minutes"},"schema":{"@context":"https:\/\/schema.org","@graph":[{"@type":"WebPage","@id":"https:\/\/corvey.de\/via-nova-kurzlesung-und-liedermatinee-2\/","url":"https:\/\/corvey.de\/via-nova-kurzlesung-und-liedermatinee-2\/","name":"VIA NOVA Kurzlesung und Liedermatinee","isPartOf":{"@id":"https:\/\/corvey.de\/#website"},"primaryImageOfPage":{"@id":"https:\/\/corvey.de\/via-nova-kurzlesung-und-liedermatinee-2\/#primaryimage"},"image":{"@id":"https:\/\/corvey.de\/via-nova-kurzlesung-und-liedermatinee-2\/#primaryimage"},"thumbnailUrl":"https:\/\/corvey.de\/wp-content\/uploads\/2025\/05\/1_Web-Titel.png","datePublished":"2025-05-30T08:47:09+00:00","dateModified":"2025-05-30T09:04:01+00:00","breadcrumb":{"@id":"https:\/\/corvey.de\/via-nova-kurzlesung-und-liedermatinee-2\/#breadcrumb"},"inLanguage":"en-US","potentialAction":[{"@type":"ReadAction","target":["https:\/\/corvey.de\/via-nova-kurzlesung-und-liedermatinee-2\/"]}]},{"@type":"ImageObject","inLanguage":"en-US","@id":"https:\/\/corvey.de\/via-nova-kurzlesung-und-liedermatinee-2\/#primaryimage","url":"https:\/\/corvey.de\/wp-content\/uploads\/2025\/05\/1_Web-Titel.png","contentUrl":"https:\/\/corvey.de\/wp-content\/uploads\/2025\/05\/1_Web-Titel.png","width":3507,"height":2480},{"@type":"BreadcrumbList","@id":"https:\/\/corvey.de\/via-nova-kurzlesung-und-liedermatinee-2\/#breadcrumb","itemListElement":[{"@type":"ListItem","position":1,"name":"Home","item":"https:\/\/corvey.de\/"},{"@type":"ListItem","position":2,"name":"VIA NOVA Kurzlesung und Liedermatinee"}]},{"@type":"WebSite","@id":"https:\/\/corvey.de\/#website","url":"https:\/\/corvey.de\/","name":"Schloss Corvey","description":"","publisher":{"@id":"https:\/\/corvey.de\/#organization"},"potentialAction":[{"@type":"SearchAction","target":{"@type":"EntryPoint","urlTemplate":"https:\/\/corvey.de\/?s={search_term_string}"},"query-input":{"@type":"PropertyValueSpecification","valueRequired":true,"valueName":"search_term_string"}}],"inLanguage":"en-US"},{"@type":"Organization","@id":"https:\/\/corvey.de\/#organization","name":"Schloss Corvey","url":"https:\/\/corvey.de\/","logo":{"@type":"ImageObject","inLanguage":"en-US","@id":"https:\/\/corvey.de\/#\/schema\/logo\/image\/","url":"https:\/\/corvey.de\/wp-content\/uploads\/2020\/10\/logo-schloss-corvey.svg","contentUrl":"https:\/\/corvey.de\/wp-content\/uploads\/2020\/10\/logo-schloss-corvey.svg","width":1,"height":1,"caption":"Schloss Corvey"},"image":{"@id":"https:\/\/corvey.de\/#\/schema\/logo\/image\/"}}]}},"_links":{"self":[{"href":"https:\/\/corvey.de\/en\/wp-json\/wp\/v2\/pages\/3225","targetHints":{"allow":["GET"]}}],"collection":[{"href":"https:\/\/corvey.de\/en\/wp-json\/wp\/v2\/pages"}],"about":[{"href":"https:\/\/corvey.de\/en\/wp-json\/wp\/v2\/types\/page"}],"author":[{"embeddable":true,"href":"https:\/\/corvey.de\/en\/wp-json\/wp\/v2\/users\/3"}],"replies":[{"embeddable":true,"href":"https:\/\/corvey.de\/en\/wp-json\/wp\/v2\/comments?post=3225"}],"version-history":[{"count":4,"href":"https:\/\/corvey.de\/en\/wp-json\/wp\/v2\/pages\/3225\/revisions"}],"predecessor-version":[{"id":3239,"href":"https:\/\/corvey.de\/en\/wp-json\/wp\/v2\/pages\/3225\/revisions\/3239"}],"wp:featuredmedia":[{"embeddable":true,"href":"https:\/\/corvey.de\/en\/wp-json\/wp\/v2\/media\/3102"}],"wp:attachment":[{"href":"https:\/\/corvey.de\/en\/wp-json\/wp\/v2\/media?parent=3225"}],"curies":[{"name":"wp","href":"https:\/\/api.w.org\/{rel}","templated":true}]}}