{"id":3266,"date":"2025-11-19T11:37:33","date_gmt":"2025-11-19T10:37:33","guid":{"rendered":"https:\/\/corvey.de\/?page_id=3266"},"modified":"2025-11-19T11:41:03","modified_gmt":"2025-11-19T10:41:03","slug":"via-nova-kunstfest-corvey-rueckblick-2025","status":"publish","type":"page","link":"https:\/\/corvey.de\/en\/via-nova-kunstfest-corvey-rueckblick-2025\/","title":{"rendered":"VIA NOVA Kunstfest Corvey R\u00fcckblick 2025"},"content":{"rendered":"<h2>Das sch\u00f6ne Bild der Freundschaft. Gedankenwelten der Menschlichkeit<\/h2>\n<p><strong>an 3 Wochenenden: 29. August &#8211; <\/strong><strong>14. September 2025<\/strong><\/p>\n<p>ohne die mittelalterlichen Kl\u00f6ster h\u00e4tte die Renaissance die antiken Schriften nicht wiederentdecken k\u00f6nnen und w\u00e4ren sie uns Heutigen nicht gegenw\u00e4rtig. Es war der weitgereiste, diplomatisch versierte Abt Wibald von Stablo, der dem Kloster Corvey im 12. Jahrhundert einen Schatz bescherte: geschult an der antiken Philosophie, lie\u00df er Handschriften von Ciceros Werken f\u00fcr Corvey anfertigen, die sp\u00e4ter in alle Winde verstreut nun in Berlin aufbewahrt werden. In Veranstaltungen mit Literatur, Musik, philosophischen Betrachtungen und Gespr\u00e4chen, mit eigens f\u00fcr das Kunstfest konzipierten Konzerten und neu eingef\u00fchrten Liedermatineen werden Gedanken Ciceros vom Sinn und Zweck des gelingenden Lebens aufgegriffen und aus den verschiedenen zeitlichen Perspektiven der Vergangenheit und Gegenwart beleuchtet. Es sind Kernthemen unserer Existenz, die Cicero anspricht: die innere Freiheit, Wichtigkeit sittlicher Normen, Wert der Freundschaft, Bedeutung von Humanit\u00e4t. Freiheit verweist auf das Miteinander, auf die Toleranz gegen\u00fcber anderen Meinungen und damit auf den Austausch \u00fcber Uneinigkeiten und den Respekt anderen gegen\u00fcber: \u2039Ein Mann, der freundlich Irrenden die Stra\u00dfe zeigt, der z\u00fcndet gleichsam Licht von seinem Lichte an: er leuchtet sich, auch wenn er jene z\u00fcndet an\u203a, zitiert Cicero den Dichter Quintus Ennius. Dieser Gedanke ist unglaublich modern. Es ist die Freude an dem anderen. In ihrer gro\u00dfen \u2039Lessing-Rede\u203a f\u00fchrte Hannah Arendt aus: \u2039Da\u00df das Humane nicht schw\u00e4rmerisch auftritt, sondern n\u00fcchtern und k\u00fchl; da\u00df die Menschlichkeit sich nicht in der Br\u00fcderlichkeit erweist, sondern in der Freundschaft; da\u00df Freundschaft nicht intim pers\u00f6nlich ist, sondern politische Anspr\u00fcche stellt und auf die Welt bezogen bleibt.\u203a<br \/>\nDas erste Wochenende stellt literarische und musikalische Positionen vor, die vom Aufbruch in die Freiheit handeln, von Bewegungsfreiheit und Gedankenfreiheit in finsteren Zeiten. \u2039Wenn jeder nur f\u00fcr sich rafft, dann f\u00fchrt das zur Aufl\u00f6sung jeglicher menschlicher Gemeinschaft.\u203a<br \/>\nWie gro\u00df die Sehnsucht nach den Menschen, nach Menschlichkeit und Gerechtigkeit ist, wird das zweite Wochenende zeigen. Erinnern und Erz\u00e4hlen, auch \u00fcber Gewalt und Macht, reichen \u00fcber die Zeit hinaus, und \u2039f\u00fcr Rache und Strafe gibt es ein Ma\u00df\u203a.<br \/>\nDas dritte Wochenende widmet sich der vollkommenen Freundschaft als Gespr\u00e4chsgemeinschaft, in der die Menschen ihre vielf\u00e4ltigen Gedanken austauschen und sich so mit der Welt verbinden. In der Freundschaft \u2013 so Cicero \u2013 d\u00fcrfe es keine Verstellung, keinen Neid und keine falsche R\u00fccksichtnahme geben, Heuchelei vernichte die Wahrhaftigkeit, ohne die der Begriff der Freundschaft nichts taugt.<br \/>\nDie vergn\u00fcgliche intellektuelle Reise verl\u00e4uft vom antiken Rom \u00fcber die Savoyen, nach Flandern, in den Himalaya, in die Weite Russlands und die arabischen W\u00fcsten unserer Tage bis zur geheimnisumlagerten Stadt Uruk. \u00a0Man setzt sich mit Menschlichkeit in Kriegszeiten auseinander, versucht, die beste aller Welten zu erreichen, und hat gro\u00dfe Erwartungen an die Zukunft. Musikalische Pfade f\u00fchren von Renaissance \u00fcber Barock, Klassik, Romantik bis in die Gegenwart, da leuchtet ein Nordlicht \u00fcber dem persi-schen Himmel, und es tanzen Celli, Geigen und Klavier.<br \/>\nKoryph\u00e4en der Schauspielkunst und der Musikinterpretation erwarten Sie sowie herausragende Schriftsteller und exponierte Philosophinnen.<\/p>\n<p>&nbsp;<\/p>\n<p><strong>PROGRAMM<\/strong><\/p>\n<p><strong>Freitag, 29. August 2025, <\/strong><strong>17.00 Uhr, <\/strong><strong>Schloss Corvey, Kaisersaal<\/strong><\/p>\n<p><strong>Gru\u00dfwort<\/strong><\/p>\n<p><strong>Ina Brandes<\/strong><br \/>\nMinisterin f\u00fcr Kultur und Wissenschaft des Landes Nordrhein-Westfalen<\/p>\n<p><strong>Rede zur Er\u00f6ffnung<\/strong><\/p>\n<p><strong>C\u00e9cile Wajsbrot\u00a0<\/strong><br \/>\nEine freundschaftliche Stimme h\u00f6ren<\/p>\n<p><strong>Konzert<\/strong><\/p>\n<p><strong>Felix Brunnenkant<\/strong><br \/>\nJohann Sebastian Bach (1685 \u2013 1750) Suite f\u00fcr Violoncello solo Nr. 4 in Es-Dur BWV 1010<\/p>\n<p><strong>Einf\u00fchrung<\/strong><\/p>\n<p><strong>Brigitte Labs-Ehlert<\/strong><br \/>\nDas sch\u00f6ne Bild der Freundschaft<\/p>\n<p>&nbsp;<\/p>\n<p><strong>Freitag, 29. August 2025, 19.30 Uhr,\u2002Schloss Corvey, Kaisersaal<\/strong><\/p>\n<p><strong>Lesung und Konzert<\/strong><\/p>\n<p><strong>Ulrich Noethen<\/strong><br \/>\nCicero Vom rechten Handeln<\/p>\n<p><strong>O\/Modernt Orchestra Haydn plus<\/strong><br \/>\nHugo Ticciati, Violine und Leitung<\/p>\n<p>Franz Joseph Haydn (1732 \u2013 1809) Ouvert\u00fcre zur Oper \u00a0L\u2019Isola disabitata \u00a0Hob. Ia:13<\/p>\n<p>Peteris Vasks (* 1946) Lonely Angel<\/p>\n<p>Pause<\/p>\n<p><strong>Ulrich Noethen<\/strong><br \/>\nGeorges-Arthur Goldschmidt Der unterbrochene Wald<\/p>\n<p>Albert Schnelzer (* 1972) Aksak and Ciphers<\/p>\n<p>Ludwig van Beethoven (1770 \u2013 1827) Gro\u00dfe Fuge B-Dur op. 133 in der Fassung f\u00fcr Streichorchester<\/p>\n<p>&nbsp;<\/p>\n<p><strong>Samstag, 30. August 2025, 11.00 Uhr, Ehemalige Abteikirche Corvey<\/strong><\/p>\n<p><strong>Kurzlesung und Liedermatinee<\/strong><\/p>\n<p><strong>Rainer Frank<\/strong><br \/>\nCicero Pro Archia Unseren Geist durch Kunst ausbilden<\/p>\n<p><strong>Bundesjugendchor<\/strong><br \/>\n<strong>Anne Kohler<\/strong>, Leitung<br \/>\nAufbruch in die Freiheit<\/p>\n<p>Mit Werken von Johann Sebastian Bach, Ysaye Barnwell, Benjamin Britten, Ernst Krenek, Max Hundelshausen, Francis Poulenc, Joby Talbot und anderen<\/p>\n<p>&nbsp;<\/p>\n<p><strong>Samstag, 30. August 2025; 15.30 Uhr, Schloss Corvey, Refektorium<\/strong><\/p>\n<p><strong>Lesung<\/strong><\/p>\n<p><strong>Volker Braun<\/strong><br \/>\nDie hellen Haufen<\/p>\n<p><strong>Vortrag und Gespr\u00e4ch<\/strong><\/p>\n<p><strong>Gerd Schwerhoff<\/strong><br \/>\nBr\u00fcderliche Liebe und tyrannische Gewalt. Der Bauernkrieg von 1525<\/p>\n<p>&nbsp;<\/p>\n<p><strong>Samstag, 30. August 2025; 19.30 Uhr, Schloss Corvey, Kaisersaal<\/strong><\/p>\n<p><strong>Lesung und Musik<\/strong><\/p>\n<p><strong>Martina Gedeck<\/strong><br \/>\nCharles de Coster Thyl Ulenspiegel<\/p>\n<p><strong>Capella de la Torre<\/strong><br \/>\nKatharina B\u00e4uml, Schalmei<br \/>\nund Leitung<\/p>\n<p>Schwarze Spiegel<br \/>\nMusikalische Reflexe der Bauernaufst\u00e4nde von Heinrich Isaac, Ludwig Senfl, Johann Walther, Michael Praetorius &#038; aus volkst\u00fcmlicher Tradition<\/p>\n<p>&nbsp;<\/p>\n<p><strong>Sonntag, 31. August 2025, 11.00 Uhr,\u2002Schloss Corvey, Kaisersaal<\/strong><\/p>\n<p><strong>Lesung mit Musik<\/strong><\/p>\n<p><strong>Amatis Piano Trio und Thomas Quasthoff<\/strong><br \/>\nDie Menschlichkeit im Krieg: Aus Tageb\u00fcchern und Feldpostbriefen 1914 bis 1917<\/p>\n<p>&nbsp;<\/p>\n<p><strong>Freitag, 5. September 2025, 19.30 Uhr,\u2002Schloss Corvey, Kaisersaal<\/strong><\/p>\n<p><strong>Lesung und Konzert<\/strong><\/p>\n<p><strong>Peter Lohmeyer<\/strong><br \/>\nVoltaire Candide oder der Optimismus<\/p>\n<p><strong>C\u00e9line Frisch<\/strong>, Cembalo<br \/>\n<strong>Alexander Melnikov<\/strong>, Klavier<\/p>\n<p>&nbsp;<\/p>\n<p><strong>Samstag, 6, September 2025, 11.00 Uhr,\u2002Schloss Corvey, Kaisersaal<\/strong><\/p>\n<p><strong>Kurzlesung und Liedermatinee<\/strong><\/p>\n<p><strong>Rainer Frank<\/strong> Cicero De officiis<br \/>\nEr leuchtet trotzdem sich<\/p>\n<p><strong>Konstantin Krimmel<\/strong>, Bariton<br \/>\n<strong>Daniel Heide<\/strong>, Klavier<\/p>\n<p>Lieder von Franz Schubert (1797 \u2013 1828)<\/p>\n<p>&nbsp;<\/p>\n<p><strong>Samstag, 6, September 2025, <\/strong><strong>15.30 Uhr,\u2002Schloss Corvey, Refektorium<\/strong><\/p>\n<p><strong>Lesung<\/strong><\/p>\n<p><strong>Christoph Ransmayr<\/strong><br \/>\nAm See von Phoksundo. Bildnis eines<br \/>\ngl\u00fccklichen Menschen und andere Erz\u00e4hlungen<\/p>\n<p><strong>Vortrag<\/strong><\/p>\n<p><strong>Volker Gerhardt<\/strong><br \/>\nHumanit\u00e4t. Antikes Erbe unter neuzeitlichem<br \/>\nHandlungsdruck<\/p>\n<p>&nbsp;<\/p>\n<p><strong>Samstag, 6. September 2025, 19.30 Uhr,\u2002Schloss Corvey, Kaisersaal<\/strong><\/p>\n<p><strong>Lesung und Konzert<\/strong><\/p>\n<p><strong>Nina Hoss<\/strong><br \/>\nVladimir Nabokov Die Gabe<\/p>\n<p><strong>Anja Lechner<\/strong>, Cello<br \/>\nBach, Hume, Abel<\/p>\n<p>Johann Sebastian Bach (1685 \u2013 1750)<br \/>\nSuite f\u00fcr Violoncello solo Nr. 2 in d-Moll, BWV 1008<br \/>\nPr\u00e9lude, Allemande, Courante, Sarabande, Menuet I\/II, Gigue<\/p>\n<p>Anja Lechner, Tanz in G<\/p>\n<p>Tobias Hume (c. 1579 \u2013 1645)<br \/>\nA Question, An Answer, A Pollish Ayre,<br \/>\nShe Loves It Well, Hit It In The Middle<\/p>\n<p>Carl Friedrich Abel (1723 \u2013 1750)<br \/>\nArpeggio in d-Moll<\/p>\n<p>&nbsp;<\/p>\n<p><strong>Sonntag, 7. September 2025, 11.00 Uhr,\u2002Schloss Corvey, Kaisersaal<\/strong><\/p>\n<p><strong>Lesung<\/strong><\/p>\n<p><strong>Katja Kolm und Michael Maertens<\/strong><br \/>\nHallo, hier spricht Nawalny<\/p>\n<p><strong>Musik<\/strong><\/p>\n<p>Aus: Johann Sebastian Bach Kunst der Fuge BWV 1080<br \/>\neingespielt von Grigory Sokolov, Sankt Petersburg 1978\u20141981, Opus 111 \/ na\u00cfve<\/p>\n<p>&nbsp;<\/p>\n<p><strong>Freitag, 12. September 2025, 19.30 Uhr,\u2002Schloss Corvey, Kaisersaal<\/strong><\/p>\n<p><strong>Lesung und Konzert<\/strong><\/p>\n<p><strong>Lilith Stangenberg<\/strong> und <strong>Benny Claessens<\/strong><br \/>\nCharles Dickens Gro\u00dfe Erwartungen<\/p>\n<p><strong>Daniel Hope<\/strong> , Violine<br \/>\n<strong>Marie Sophie Hauzel<\/strong>, Klavier<\/p>\n<p>Felix Mendelssohn-Bartholdy (1809 \u2013 1847)<br \/>\nSuleika, Hexenlied, Auf den Fl\u00fcgeln des Gesanges<br \/>\naus: Sonate F-Dur \u2013 2. Satz: Adagio<\/p>\n<p>Fr\u00e9deric Chopin (1810 \u2013 1849)<br \/>\nWalzer op. 64 no. 2, Mazurka op. 30 no. 3,<br \/>\nMazurka op. 17 no. 4<\/p>\n<p>Wolfgang Amadeus Mozart (1756 \u2013 1791)<br \/>\nSonate f\u00fcr Violine und Klavier Nr. 27 G-Dur<\/p>\n<p>&nbsp;<\/p>\n<p><strong>Samstag, 13. September 2025, 11.00 Uhr,\u2002Schloss Corvey, Kaisersaal<\/strong><\/p>\n<p><strong>Kurzlesung und Liedermatinee<\/strong><\/p>\n<p>Cicero Laelius de amicitia Das Gl\u00fcck der Freundschaft<\/p>\n<p><strong>Juliane Banse<\/strong>, Sopran<br \/>\n<strong>Istv\u00e1n Simon<\/strong>, Tanz<br \/>\n<strong>Alexander Krichel<\/strong>, Klavier<\/p>\n<p>Franz Schubert (1797 \u2013 1828)<br \/>\nDie Winterreise op. 89 D 911<\/p>\n<p>&nbsp;<\/p>\n<p><strong>Samstag, 13. September 2025, 15.30 Uhr, Schloss Corvey, Refektorium<\/strong><\/p>\n<p><strong>Lesung<\/strong><\/p>\n<p><strong>Catalin Dorian Florescu<\/strong><br \/>\nZaira \/ Der Feuerturm<\/p>\n<p><strong>Vortrag<\/strong><\/p>\n<p><strong>Monika Betzler<\/strong><br \/>\nDer Wert der Freundschaft<\/p>\n<p>Gespr\u00e4ch<br \/>\nWarum ist Freundschaft und Verbundenheit der<br \/>\nSchl\u00fcssel zum Gl\u00fcck?<\/p>\n<p>&nbsp;<\/p>\n<p><strong>Samstag, 13. September 2025, 19.30 Uhr, Schloss Corvey, Kaisersaal<\/strong><\/p>\n<p><strong>Lesung mit Musik<\/strong><\/p>\n<p><strong>Christian Berkel<\/strong><br \/>\nNagib Machfus Die Reise des Ibn Fattuma<\/p>\n<p><strong>Ensemble Constantinople<\/strong><br \/>\nNordic lights in Persian Sky<\/p>\n<p>Benedicte Maurseth, Hardangerfiedel<br \/>\nPatrick Graham, Percussion<br \/>\nKiya Tabassian, Setar, Gesang und Leitung<\/p>\n<p>&nbsp;<\/p>\n<p><strong>Sonntag, 14. September 2025, 11.00 Uhr,\u2002Schlo\u00df Corvey, Kaisersaal<\/strong><\/p>\n<p><strong>Lesung mit Musik<\/strong><\/p>\n<p><strong>Jens Harzer, Marina Galic und Thomas Loibl<\/strong><br \/>\nDas Gilgamesh-Epos<\/p>\n<p><strong>Vision String Quartet<\/strong><br \/>\nS\u00e4tze aus Edvard Grieg (1843 \u2013 1907) Streichquartett g-Moll, op. 27<br \/>\nJohannes Brahms (1833 \u2013 1897) Streichquartett Nr. 1 c-Moll, op. 5<br \/>\nMaurice Ravel (1875 \u2013 1937) Streichquartett F-Dur, op. 35<\/p>\n","protected":false},"excerpt":{"rendered":"<p>Das sch\u00f6ne Bild der Freundschaft. Gedankenwelten der Menschlichkeit an 3 Wochenenden: 29. August &#8211; 14. September 2025 ohne die mittelalterlichen Kl\u00f6ster h\u00e4tte die Renaissance die antiken Schriften nicht wiederentdecken k\u00f6nnen und w\u00e4ren sie uns Heutigen nicht gegenw\u00e4rtig. Es war der weitgereiste, diplomatisch versierte Abt Wibald von Stablo, der dem Kloster Corvey im 12. Jahrhundert einen [&hellip;]<\/p>\n","protected":false},"author":3,"featured_media":3102,"parent":0,"menu_order":0,"comment_status":"closed","ping_status":"closed","template":"","meta":{"_acf_changed":false,"footnotes":""},"class_list":["post-3266","page","type-page","status-publish","has-post-thumbnail","hentry"],"acf":[],"yoast_head":"<!-- This site is optimized with the Yoast SEO plugin v24.0 - https:\/\/yoast.com\/wordpress\/plugins\/seo\/ -->\n<title>VIA NOVA Kunstfest Corvey R\u00fcckblick 2025 &#8226; Welterbe Corvey<\/title>\n<meta name=\"robots\" content=\"index, follow, max-snippet:-1, max-image-preview:large, max-video-preview:-1\" \/>\n<link rel=\"canonical\" href=\"https:\/\/corvey.de\/en\/via-nova-kunstfest-corvey-rueckblick-2025\/\" \/>\n<meta property=\"og:locale\" content=\"en_US\" \/>\n<meta property=\"og:locale:alternate\" content=\"de_DE\" \/>\n<meta property=\"og:type\" content=\"article\" \/>\n<meta property=\"og:title\" content=\"VIA NOVA Kunstfest Corvey R\u00fcckblick 2025\" \/>\n<meta property=\"og:description\" content=\"Das sch\u00f6ne Bild der Freundschaft. Gedankenwelten der Menschlichkeit an 3 Wochenenden: 29. August &#8211; 14. September 2025 ohne die mittelalterlichen Kl\u00f6ster h\u00e4tte die Renaissance die antiken Schriften nicht wiederentdecken k\u00f6nnen und w\u00e4ren sie uns Heutigen nicht gegenw\u00e4rtig. Es war der weitgereiste, diplomatisch versierte Abt Wibald von Stablo, der dem Kloster Corvey im 12. Jahrhundert einen [&hellip;]\" \/>\n<meta property=\"og:url\" content=\"https:\/\/corvey.de\/en\/via-nova-kunstfest-corvey-rueckblick-2025\/\" \/>\n<meta property=\"og:site_name\" content=\"Welterbe Corvey\" \/>\n<meta property=\"article:modified_time\" content=\"2025-11-19T10:41:03+00:00\" \/>\n<meta property=\"og:image\" content=\"https:\/\/corvey.de\/wp-content\/uploads\/2025\/05\/1_Web-Titel-1024x724.png\" \/>\n\t<meta property=\"og:image:width\" content=\"1024\" \/>\n\t<meta property=\"og:image:height\" content=\"724\" \/>\n\t<meta property=\"og:image:type\" content=\"image\/png\" \/>\n<meta name=\"twitter:card\" content=\"summary_large_image\" \/>\n<meta name=\"twitter:label1\" content=\"Est. reading time\" \/>\n\t<meta name=\"twitter:data1\" content=\"8 minutes\" \/>\n<script type=\"application\/ld+json\" class=\"yoast-schema-graph\">{\"@context\":\"https:\/\/schema.org\",\"@graph\":[{\"@type\":\"WebPage\",\"@id\":\"https:\/\/corvey.de\/via-nova-kunstfest-corvey-rueckblick-2025\/\",\"url\":\"https:\/\/corvey.de\/via-nova-kunstfest-corvey-rueckblick-2025\/\",\"name\":\"VIA NOVA Kunstfest Corvey R\u00fcckblick 2025\",\"isPartOf\":{\"@id\":\"https:\/\/corvey.de\/#website\"},\"primaryImageOfPage\":{\"@id\":\"https:\/\/corvey.de\/via-nova-kunstfest-corvey-rueckblick-2025\/#primaryimage\"},\"image\":{\"@id\":\"https:\/\/corvey.de\/via-nova-kunstfest-corvey-rueckblick-2025\/#primaryimage\"},\"thumbnailUrl\":\"https:\/\/corvey.de\/wp-content\/uploads\/2025\/05\/1_Web-Titel.png\",\"datePublished\":\"2025-11-19T10:37:33+00:00\",\"dateModified\":\"2025-11-19T10:41:03+00:00\",\"breadcrumb\":{\"@id\":\"https:\/\/corvey.de\/via-nova-kunstfest-corvey-rueckblick-2025\/#breadcrumb\"},\"inLanguage\":\"en-US\",\"potentialAction\":[{\"@type\":\"ReadAction\",\"target\":[\"https:\/\/corvey.de\/via-nova-kunstfest-corvey-rueckblick-2025\/\"]}]},{\"@type\":\"ImageObject\",\"inLanguage\":\"en-US\",\"@id\":\"https:\/\/corvey.de\/via-nova-kunstfest-corvey-rueckblick-2025\/#primaryimage\",\"url\":\"https:\/\/corvey.de\/wp-content\/uploads\/2025\/05\/1_Web-Titel.png\",\"contentUrl\":\"https:\/\/corvey.de\/wp-content\/uploads\/2025\/05\/1_Web-Titel.png\",\"width\":3507,\"height\":2480},{\"@type\":\"BreadcrumbList\",\"@id\":\"https:\/\/corvey.de\/via-nova-kunstfest-corvey-rueckblick-2025\/#breadcrumb\",\"itemListElement\":[{\"@type\":\"ListItem\",\"position\":1,\"name\":\"Home\",\"item\":\"https:\/\/corvey.de\/\"},{\"@type\":\"ListItem\",\"position\":2,\"name\":\"VIA NOVA Kunstfest Corvey R\u00fcckblick 2025\"}]},{\"@type\":\"WebSite\",\"@id\":\"https:\/\/corvey.de\/#website\",\"url\":\"https:\/\/corvey.de\/\",\"name\":\"Schloss Corvey\",\"description\":\"\",\"publisher\":{\"@id\":\"https:\/\/corvey.de\/#organization\"},\"potentialAction\":[{\"@type\":\"SearchAction\",\"target\":{\"@type\":\"EntryPoint\",\"urlTemplate\":\"https:\/\/corvey.de\/?s={search_term_string}\"},\"query-input\":{\"@type\":\"PropertyValueSpecification\",\"valueRequired\":true,\"valueName\":\"search_term_string\"}}],\"inLanguage\":\"en-US\"},{\"@type\":\"Organization\",\"@id\":\"https:\/\/corvey.de\/#organization\",\"name\":\"Schloss Corvey\",\"url\":\"https:\/\/corvey.de\/\",\"logo\":{\"@type\":\"ImageObject\",\"inLanguage\":\"en-US\",\"@id\":\"https:\/\/corvey.de\/#\/schema\/logo\/image\/\",\"url\":\"https:\/\/corvey.de\/wp-content\/uploads\/2020\/10\/logo-schloss-corvey.svg\",\"contentUrl\":\"https:\/\/corvey.de\/wp-content\/uploads\/2020\/10\/logo-schloss-corvey.svg\",\"width\":1,\"height\":1,\"caption\":\"Schloss Corvey\"},\"image\":{\"@id\":\"https:\/\/corvey.de\/#\/schema\/logo\/image\/\"}}]}<\/script>\n<!-- \/ Yoast SEO plugin. -->","yoast_head_json":{"title":"VIA NOVA Kunstfest Corvey R\u00fcckblick 2025 &#8226; Welterbe Corvey","robots":{"index":"index","follow":"follow","max-snippet":"max-snippet:-1","max-image-preview":"max-image-preview:large","max-video-preview":"max-video-preview:-1"},"canonical":"https:\/\/corvey.de\/en\/via-nova-kunstfest-corvey-rueckblick-2025\/","og_locale":"en_US","og_type":"article","og_title":"[:de]VIA NOVA Kunstfest Corvey R\u00fcckblick 2025[:] &#8226; Welterbe Corvey","og_description":"Das sch\u00f6ne Bild der Freundschaft. Gedankenwelten der Menschlichkeit an 3 Wochenenden: 29. August &#8211; 14. September 2025 ohne die mittelalterlichen Kl\u00f6ster h\u00e4tte die Renaissance die antiken Schriften nicht wiederentdecken k\u00f6nnen und w\u00e4ren sie uns Heutigen nicht gegenw\u00e4rtig. Es war der weitgereiste, diplomatisch versierte Abt Wibald von Stablo, der dem Kloster Corvey im 12. Jahrhundert einen [&hellip;]","og_url":"https:\/\/corvey.de\/en\/via-nova-kunstfest-corvey-rueckblick-2025\/","og_site_name":"Welterbe Corvey","article_modified_time":"2025-11-19T10:41:03+00:00","og_image":[{"width":1024,"height":724,"url":"https:\/\/corvey.de\/wp-content\/uploads\/2025\/05\/1_Web-Titel-1024x724.png","type":"image\/png"}],"twitter_card":"summary_large_image","twitter_misc":{"Est. reading time":"8 minutes"},"schema":{"@context":"https:\/\/schema.org","@graph":[{"@type":"WebPage","@id":"https:\/\/corvey.de\/via-nova-kunstfest-corvey-rueckblick-2025\/","url":"https:\/\/corvey.de\/via-nova-kunstfest-corvey-rueckblick-2025\/","name":"VIA NOVA Kunstfest Corvey R\u00fcckblick 2025","isPartOf":{"@id":"https:\/\/corvey.de\/#website"},"primaryImageOfPage":{"@id":"https:\/\/corvey.de\/via-nova-kunstfest-corvey-rueckblick-2025\/#primaryimage"},"image":{"@id":"https:\/\/corvey.de\/via-nova-kunstfest-corvey-rueckblick-2025\/#primaryimage"},"thumbnailUrl":"https:\/\/corvey.de\/wp-content\/uploads\/2025\/05\/1_Web-Titel.png","datePublished":"2025-11-19T10:37:33+00:00","dateModified":"2025-11-19T10:41:03+00:00","breadcrumb":{"@id":"https:\/\/corvey.de\/via-nova-kunstfest-corvey-rueckblick-2025\/#breadcrumb"},"inLanguage":"en-US","potentialAction":[{"@type":"ReadAction","target":["https:\/\/corvey.de\/via-nova-kunstfest-corvey-rueckblick-2025\/"]}]},{"@type":"ImageObject","inLanguage":"en-US","@id":"https:\/\/corvey.de\/via-nova-kunstfest-corvey-rueckblick-2025\/#primaryimage","url":"https:\/\/corvey.de\/wp-content\/uploads\/2025\/05\/1_Web-Titel.png","contentUrl":"https:\/\/corvey.de\/wp-content\/uploads\/2025\/05\/1_Web-Titel.png","width":3507,"height":2480},{"@type":"BreadcrumbList","@id":"https:\/\/corvey.de\/via-nova-kunstfest-corvey-rueckblick-2025\/#breadcrumb","itemListElement":[{"@type":"ListItem","position":1,"name":"Home","item":"https:\/\/corvey.de\/"},{"@type":"ListItem","position":2,"name":"VIA NOVA Kunstfest Corvey R\u00fcckblick 2025"}]},{"@type":"WebSite","@id":"https:\/\/corvey.de\/#website","url":"https:\/\/corvey.de\/","name":"Schloss Corvey","description":"","publisher":{"@id":"https:\/\/corvey.de\/#organization"},"potentialAction":[{"@type":"SearchAction","target":{"@type":"EntryPoint","urlTemplate":"https:\/\/corvey.de\/?s={search_term_string}"},"query-input":{"@type":"PropertyValueSpecification","valueRequired":true,"valueName":"search_term_string"}}],"inLanguage":"en-US"},{"@type":"Organization","@id":"https:\/\/corvey.de\/#organization","name":"Schloss Corvey","url":"https:\/\/corvey.de\/","logo":{"@type":"ImageObject","inLanguage":"en-US","@id":"https:\/\/corvey.de\/#\/schema\/logo\/image\/","url":"https:\/\/corvey.de\/wp-content\/uploads\/2020\/10\/logo-schloss-corvey.svg","contentUrl":"https:\/\/corvey.de\/wp-content\/uploads\/2020\/10\/logo-schloss-corvey.svg","width":1,"height":1,"caption":"Schloss Corvey"},"image":{"@id":"https:\/\/corvey.de\/#\/schema\/logo\/image\/"}}]}},"_links":{"self":[{"href":"https:\/\/corvey.de\/en\/wp-json\/wp\/v2\/pages\/3266","targetHints":{"allow":["GET"]}}],"collection":[{"href":"https:\/\/corvey.de\/en\/wp-json\/wp\/v2\/pages"}],"about":[{"href":"https:\/\/corvey.de\/en\/wp-json\/wp\/v2\/types\/page"}],"author":[{"embeddable":true,"href":"https:\/\/corvey.de\/en\/wp-json\/wp\/v2\/users\/3"}],"replies":[{"embeddable":true,"href":"https:\/\/corvey.de\/en\/wp-json\/wp\/v2\/comments?post=3266"}],"version-history":[{"count":1,"href":"https:\/\/corvey.de\/en\/wp-json\/wp\/v2\/pages\/3266\/revisions"}],"predecessor-version":[{"id":3279,"href":"https:\/\/corvey.de\/en\/wp-json\/wp\/v2\/pages\/3266\/revisions\/3279"}],"wp:featuredmedia":[{"embeddable":true,"href":"https:\/\/corvey.de\/en\/wp-json\/wp\/v2\/media\/3102"}],"wp:attachment":[{"href":"https:\/\/corvey.de\/en\/wp-json\/wp\/v2\/media?parent=3266"}],"curies":[{"name":"wp","href":"https:\/\/api.w.org\/{rel}","templated":true}]}}