{"id":3335,"date":"2026-04-10T14:15:02","date_gmt":"2026-04-10T12:15:02","guid":{"rendered":"https:\/\/corvey.de\/?page_id=3335"},"modified":"2026-04-10T14:19:27","modified_gmt":"2026-04-10T12:19:27","slug":"gefoerderte-projekte","status":"publish","type":"page","link":"https:\/\/corvey.de\/en\/gefoerderte-projekte\/","title":{"rendered":"Gef\u00f6rderte Projekte"},"content":{"rendered":"<h3>Touristische und barrierefreie Erschlie\u00dfung des Johanneschores und des Eingangsbereiches der UNESCO-Welterbest\u00e4tte Corvey<\/h3>\n<p><span class=\"format blau\">Aus Mitteln der Bund-L\u00e4nder-Gemeinschaftsaufgabe \u201eVerbesserung der regionalen Wirtschaftsstruktur\u201c und Zuwendungen des Landes Nordrhein-Westfalen im Rahmen des Regionalen Wirtschaftsf\u00f6rderungsprogramms in H\u00f6he von 4.467.965 Euro ist es den Eigent\u00fcmern der UNESCO-Welterbest\u00e4tte Corvey derzeit m\u00f6glich, den Eingangsbereich der Schlossanlage aufzuwerten. Die sich in der Umsetzung befindlichen Ma\u00dfnahmen umfassen die Entlastung des Br\u00fcckenportals f\u00fcr den Durchgangsverkehr, eine neue Toilettenanlage f\u00fcr die Besucher und eine \u00dcberarbeitung aller Fassaden im Bereich der Vorburg und des Marstalls. Auf dem Parkplatzgel\u00e4nde ist ein neuer Fahrradparkplatz mit Einstellm\u00f6glichkeiten f\u00fcr E-Bikes entstanden und der Wirtschaftshof des Restaurants hat eine neue Zufahrt bekommen. Ein neues, QR-Code basiertes Besucherleitsystem vereinfacht den Besuchern die Orientierung auf der weitl\u00e4ufigen Anlage und im Schloss.<\/span><\/p>\n<p><span class=\"format blau\">Die barrierefreie Erschlie\u00dfung des Johanneschores f\u00fcr die Besucher des Westwerks auf der Schlossanlage umfasst den Neubau einer Klimapassage, die vom Friedhofsausgang zu neu erschlossenen R\u00e4umen im an die Kirche angrenzenden Dom\u00e4nengeb\u00e4ude f\u00fchrt. Dort werden ein behindertengerechter Aufzug und eine breite Treppenanlage geschaffen, die es k\u00fcnftig allen Besuchern erm\u00f6glichen werden, trockenen Fu\u00dfes und ohne Einschr\u00e4nkungen in den Johanneschor zu gelangen.<\/span><\/p>\n","protected":false},"excerpt":{"rendered":"<p>Touristische und barrierefreie Erschlie\u00dfung des Johanneschores und des Eingangsbereiches der UNESCO-Welterbest\u00e4tte Corvey Aus Mitteln der Bund-L\u00e4nder-Gemeinschaftsaufgabe \u201eVerbesserung der regionalen Wirtschaftsstruktur\u201c und Zuwendungen des Landes Nordrhein-Westfalen im Rahmen des Regionalen Wirtschaftsf\u00f6rderungsprogramms in H\u00f6he von 4.467.965 Euro ist es den Eigent\u00fcmern der UNESCO-Welterbest\u00e4tte Corvey derzeit m\u00f6glich, den Eingangsbereich der Schlossanlage aufzuwerten. Die sich in der Umsetzung befindlichen [&hellip;]<\/p>\n","protected":false},"author":3,"featured_media":3336,"parent":0,"menu_order":0,"comment_status":"closed","ping_status":"closed","template":"","meta":{"_acf_changed":false,"footnotes":""},"class_list":["post-3335","page","type-page","status-publish","has-post-thumbnail","hentry"],"acf":[],"yoast_head":"<!-- This site is optimized with the Yoast SEO plugin v24.0 - https:\/\/yoast.com\/wordpress\/plugins\/seo\/ -->\n<title>Gef\u00f6rderte Projekte &#8226; Welterbe Corvey<\/title>\n<meta name=\"robots\" content=\"index, follow, max-snippet:-1, max-image-preview:large, max-video-preview:-1\" \/>\n<link rel=\"canonical\" href=\"https:\/\/corvey.de\/en\/gefoerderte-projekte\/\" \/>\n<meta property=\"og:locale\" content=\"en_US\" \/>\n<meta property=\"og:locale:alternate\" content=\"de_DE\" \/>\n<meta property=\"og:type\" content=\"article\" \/>\n<meta property=\"og:title\" content=\"Gef\u00f6rderte Projekte\" \/>\n<meta property=\"og:description\" content=\"Touristische und barrierefreie Erschlie\u00dfung des Johanneschores und des Eingangsbereiches der UNESCO-Welterbest\u00e4tte Corvey Aus Mitteln der Bund-L\u00e4nder-Gemeinschaftsaufgabe \u201eVerbesserung der regionalen Wirtschaftsstruktur\u201c und Zuwendungen des Landes Nordrhein-Westfalen im Rahmen des Regionalen Wirtschaftsf\u00f6rderungsprogramms in H\u00f6he von 4.467.965 Euro ist es den Eigent\u00fcmern der UNESCO-Welterbest\u00e4tte Corvey derzeit m\u00f6glich, den Eingangsbereich der Schlossanlage aufzuwerten. Die sich in der Umsetzung befindlichen [&hellip;]\" \/>\n<meta property=\"og:url\" content=\"https:\/\/corvey.de\/en\/gefoerderte-projekte\/\" \/>\n<meta property=\"og:site_name\" content=\"Welterbe Corvey\" \/>\n<meta property=\"article:modified_time\" content=\"2026-04-10T12:19:27+00:00\" \/>\n<meta property=\"og:image\" content=\"https:\/\/corvey.de\/wp-content\/uploads\/2026\/04\/IMG_9133.jpeg\" \/>\n\t<meta property=\"og:image:width\" content=\"1154\" \/>\n\t<meta property=\"og:image:height\" content=\"988\" \/>\n\t<meta property=\"og:image:type\" content=\"image\/jpeg\" \/>\n<meta name=\"twitter:card\" content=\"summary_large_image\" \/>\n<meta name=\"twitter:label1\" content=\"Est. reading time\" \/>\n\t<meta name=\"twitter:data1\" content=\"2 minutes\" \/>\n<script type=\"application\/ld+json\" class=\"yoast-schema-graph\">{\"@context\":\"https:\/\/schema.org\",\"@graph\":[{\"@type\":\"WebPage\",\"@id\":\"https:\/\/corvey.de\/gefoerderte-projekte\/\",\"url\":\"https:\/\/corvey.de\/gefoerderte-projekte\/\",\"name\":\"Gef\u00f6rderte Projekte\",\"isPartOf\":{\"@id\":\"https:\/\/corvey.de\/#website\"},\"primaryImageOfPage\":{\"@id\":\"https:\/\/corvey.de\/gefoerderte-projekte\/#primaryimage\"},\"image\":{\"@id\":\"https:\/\/corvey.de\/gefoerderte-projekte\/#primaryimage\"},\"thumbnailUrl\":\"https:\/\/corvey.de\/wp-content\/uploads\/2026\/04\/IMG_9133.jpeg\",\"datePublished\":\"2026-04-10T12:15:02+00:00\",\"dateModified\":\"2026-04-10T12:19:27+00:00\",\"breadcrumb\":{\"@id\":\"https:\/\/corvey.de\/gefoerderte-projekte\/#breadcrumb\"},\"inLanguage\":\"en-US\",\"potentialAction\":[{\"@type\":\"ReadAction\",\"target\":[\"https:\/\/corvey.de\/gefoerderte-projekte\/\"]}]},{\"@type\":\"ImageObject\",\"inLanguage\":\"en-US\",\"@id\":\"https:\/\/corvey.de\/gefoerderte-projekte\/#primaryimage\",\"url\":\"https:\/\/corvey.de\/wp-content\/uploads\/2026\/04\/IMG_9133.jpeg\",\"contentUrl\":\"https:\/\/corvey.de\/wp-content\/uploads\/2026\/04\/IMG_9133.jpeg\",\"width\":1154,\"height\":988,\"caption\":\"Screenshot\"},{\"@type\":\"BreadcrumbList\",\"@id\":\"https:\/\/corvey.de\/gefoerderte-projekte\/#breadcrumb\",\"itemListElement\":[{\"@type\":\"ListItem\",\"position\":1,\"name\":\"Home\",\"item\":\"https:\/\/corvey.de\/\"},{\"@type\":\"ListItem\",\"position\":2,\"name\":\"Gef\u00f6rderte Projekte\"}]},{\"@type\":\"WebSite\",\"@id\":\"https:\/\/corvey.de\/#website\",\"url\":\"https:\/\/corvey.de\/\",\"name\":\"Schloss Corvey\",\"description\":\"\",\"publisher\":{\"@id\":\"https:\/\/corvey.de\/#organization\"},\"potentialAction\":[{\"@type\":\"SearchAction\",\"target\":{\"@type\":\"EntryPoint\",\"urlTemplate\":\"https:\/\/corvey.de\/?s={search_term_string}\"},\"query-input\":{\"@type\":\"PropertyValueSpecification\",\"valueRequired\":true,\"valueName\":\"search_term_string\"}}],\"inLanguage\":\"en-US\"},{\"@type\":\"Organization\",\"@id\":\"https:\/\/corvey.de\/#organization\",\"name\":\"Schloss Corvey\",\"url\":\"https:\/\/corvey.de\/\",\"logo\":{\"@type\":\"ImageObject\",\"inLanguage\":\"en-US\",\"@id\":\"https:\/\/corvey.de\/#\/schema\/logo\/image\/\",\"url\":\"https:\/\/corvey.de\/wp-content\/uploads\/2020\/10\/logo-schloss-corvey.svg\",\"contentUrl\":\"https:\/\/corvey.de\/wp-content\/uploads\/2020\/10\/logo-schloss-corvey.svg\",\"width\":1,\"height\":1,\"caption\":\"Schloss Corvey\"},\"image\":{\"@id\":\"https:\/\/corvey.de\/#\/schema\/logo\/image\/\"}}]}<\/script>\n<!-- \/ Yoast SEO plugin. -->","yoast_head_json":{"title":"Gef\u00f6rderte Projekte &#8226; Welterbe Corvey","robots":{"index":"index","follow":"follow","max-snippet":"max-snippet:-1","max-image-preview":"max-image-preview:large","max-video-preview":"max-video-preview:-1"},"canonical":"https:\/\/corvey.de\/en\/gefoerderte-projekte\/","og_locale":"en_US","og_type":"article","og_title":"[:de]Gef\u00f6rderte Projekte[:] &#8226; Welterbe Corvey","og_description":"Touristische und barrierefreie Erschlie\u00dfung des Johanneschores und des Eingangsbereiches der UNESCO-Welterbest\u00e4tte Corvey Aus Mitteln der Bund-L\u00e4nder-Gemeinschaftsaufgabe \u201eVerbesserung der regionalen Wirtschaftsstruktur\u201c und Zuwendungen des Landes Nordrhein-Westfalen im Rahmen des Regionalen Wirtschaftsf\u00f6rderungsprogramms in H\u00f6he von 4.467.965 Euro ist es den Eigent\u00fcmern der UNESCO-Welterbest\u00e4tte Corvey derzeit m\u00f6glich, den Eingangsbereich der Schlossanlage aufzuwerten. Die sich in der Umsetzung befindlichen [&hellip;]","og_url":"https:\/\/corvey.de\/en\/gefoerderte-projekte\/","og_site_name":"Welterbe Corvey","article_modified_time":"2026-04-10T12:19:27+00:00","og_image":[{"width":1154,"height":988,"url":"https:\/\/corvey.de\/wp-content\/uploads\/2026\/04\/IMG_9133.jpeg","type":"image\/jpeg"}],"twitter_card":"summary_large_image","twitter_misc":{"Est. reading time":"2 minutes"},"schema":{"@context":"https:\/\/schema.org","@graph":[{"@type":"WebPage","@id":"https:\/\/corvey.de\/gefoerderte-projekte\/","url":"https:\/\/corvey.de\/gefoerderte-projekte\/","name":"Gef\u00f6rderte Projekte","isPartOf":{"@id":"https:\/\/corvey.de\/#website"},"primaryImageOfPage":{"@id":"https:\/\/corvey.de\/gefoerderte-projekte\/#primaryimage"},"image":{"@id":"https:\/\/corvey.de\/gefoerderte-projekte\/#primaryimage"},"thumbnailUrl":"https:\/\/corvey.de\/wp-content\/uploads\/2026\/04\/IMG_9133.jpeg","datePublished":"2026-04-10T12:15:02+00:00","dateModified":"2026-04-10T12:19:27+00:00","breadcrumb":{"@id":"https:\/\/corvey.de\/gefoerderte-projekte\/#breadcrumb"},"inLanguage":"en-US","potentialAction":[{"@type":"ReadAction","target":["https:\/\/corvey.de\/gefoerderte-projekte\/"]}]},{"@type":"ImageObject","inLanguage":"en-US","@id":"https:\/\/corvey.de\/gefoerderte-projekte\/#primaryimage","url":"https:\/\/corvey.de\/wp-content\/uploads\/2026\/04\/IMG_9133.jpeg","contentUrl":"https:\/\/corvey.de\/wp-content\/uploads\/2026\/04\/IMG_9133.jpeg","width":1154,"height":988,"caption":"Screenshot"},{"@type":"BreadcrumbList","@id":"https:\/\/corvey.de\/gefoerderte-projekte\/#breadcrumb","itemListElement":[{"@type":"ListItem","position":1,"name":"Home","item":"https:\/\/corvey.de\/"},{"@type":"ListItem","position":2,"name":"Gef\u00f6rderte Projekte"}]},{"@type":"WebSite","@id":"https:\/\/corvey.de\/#website","url":"https:\/\/corvey.de\/","name":"Schloss Corvey","description":"","publisher":{"@id":"https:\/\/corvey.de\/#organization"},"potentialAction":[{"@type":"SearchAction","target":{"@type":"EntryPoint","urlTemplate":"https:\/\/corvey.de\/?s={search_term_string}"},"query-input":{"@type":"PropertyValueSpecification","valueRequired":true,"valueName":"search_term_string"}}],"inLanguage":"en-US"},{"@type":"Organization","@id":"https:\/\/corvey.de\/#organization","name":"Schloss Corvey","url":"https:\/\/corvey.de\/","logo":{"@type":"ImageObject","inLanguage":"en-US","@id":"https:\/\/corvey.de\/#\/schema\/logo\/image\/","url":"https:\/\/corvey.de\/wp-content\/uploads\/2020\/10\/logo-schloss-corvey.svg","contentUrl":"https:\/\/corvey.de\/wp-content\/uploads\/2020\/10\/logo-schloss-corvey.svg","width":1,"height":1,"caption":"Schloss Corvey"},"image":{"@id":"https:\/\/corvey.de\/#\/schema\/logo\/image\/"}}]}},"_links":{"self":[{"href":"https:\/\/corvey.de\/en\/wp-json\/wp\/v2\/pages\/3335","targetHints":{"allow":["GET"]}}],"collection":[{"href":"https:\/\/corvey.de\/en\/wp-json\/wp\/v2\/pages"}],"about":[{"href":"https:\/\/corvey.de\/en\/wp-json\/wp\/v2\/types\/page"}],"author":[{"embeddable":true,"href":"https:\/\/corvey.de\/en\/wp-json\/wp\/v2\/users\/3"}],"replies":[{"embeddable":true,"href":"https:\/\/corvey.de\/en\/wp-json\/wp\/v2\/comments?post=3335"}],"version-history":[{"count":2,"href":"https:\/\/corvey.de\/en\/wp-json\/wp\/v2\/pages\/3335\/revisions"}],"predecessor-version":[{"id":3339,"href":"https:\/\/corvey.de\/en\/wp-json\/wp\/v2\/pages\/3335\/revisions\/3339"}],"wp:featuredmedia":[{"embeddable":true,"href":"https:\/\/corvey.de\/en\/wp-json\/wp\/v2\/media\/3336"}],"wp:attachment":[{"href":"https:\/\/corvey.de\/en\/wp-json\/wp\/v2\/media?parent=3335"}],"curies":[{"name":"wp","href":"https:\/\/api.w.org\/{rel}","templated":true}]}}