{"id":346,"date":"2020-10-06T14:58:00","date_gmt":"2020-10-06T12:58:00","guid":{"rendered":"https:\/\/corvey.de\/?page_id=346"},"modified":"2024-06-12T12:51:47","modified_gmt":"2024-06-12T10:51:47","slug":"heiraten-in-corvey","status":"publish","type":"page","link":"https:\/\/corvey.de\/en\/feiern-und-tagen\/heiraten-in-corvey\/","title":{"rendered":"Heiraten in Corvey"},"content":{"rendered":"<h3>EIN ORT, WIE GESCHAFFEN F\u00dcR DEN SCH\u00d6NSTEN TAG IM LEBEN!<\/h3>\n<p>Der lichtdurchflutete Kaisersaal mit seinen venezianischen L\u00fcstern, herrlichen Stuckornamenten und festlichen Malereien bildet in der Welterbest\u00e4tte Corvey das stilvolle Ambiente f\u00fcr Ihre Hochzeit.\u00a0Die katholische Abteikirche mit ihrer barocken Ausstattung ist ein wundervoller Ort f\u00fcr die kirchliche Hochzeit. Und nat\u00fcrlich bietet sich die Welterbest\u00e4tte Corvey als traumhafte Kulisse f\u00fcr unvergleichliche Hochzeitsfotos geradezu an.<\/p>\n<p>Das Restaurant bietet Ihnen alle denkbaren kulinarischen Arrangements!\u00a0Corvey erm\u00f6glicht alles an einem Ort. Ein Ort, der mit 1.200 Jahren Geschichte und dem Titel &#8220;Weltkulturerbe der UNESCO&#8221; aufwarten kann.\u00a0Gerne beraten wir Sie bei der Gestaltung Ihres sch\u00f6nsten Tag im Leben:<\/p>\n","protected":false},"excerpt":{"rendered":"<p>EIN ORT, WIE GESCHAFFEN F\u00dcR DEN SCH\u00d6NSTEN TAG IM LEBEN! Der lichtdurchflutete Kaisersaal mit seinen venezianischen L\u00fcstern, herrlichen Stuckornamenten und festlichen Malereien bildet in der Welterbest\u00e4tte Corvey das stilvolle Ambiente f\u00fcr Ihre Hochzeit.\u00a0Die katholische Abteikirche mit ihrer barocken Ausstattung ist ein wundervoller Ort f\u00fcr die kirchliche Hochzeit. Und nat\u00fcrlich bietet sich die Welterbest\u00e4tte Corvey als [&hellip;]<\/p>\n","protected":false},"author":1,"featured_media":347,"parent":14,"menu_order":0,"comment_status":"closed","ping_status":"closed","template":"","meta":{"_acf_changed":false,"footnotes":""},"class_list":["post-346","page","type-page","status-publish","has-post-thumbnail","hentry"],"acf":[],"yoast_head":"<!-- This site is optimized with the Yoast SEO plugin v24.0 - https:\/\/yoast.com\/wordpress\/plugins\/seo\/ -->\n<title>Heiraten in Corvey &#8226; Welterbe Corvey<\/title>\n<meta name=\"robots\" content=\"index, follow, max-snippet:-1, max-image-preview:large, max-video-preview:-1\" \/>\n<link rel=\"canonical\" href=\"https:\/\/corvey.de\/en\/feiern-und-tagen\/heiraten-in-corvey\/\" \/>\n<meta property=\"og:locale\" content=\"en_US\" \/>\n<meta property=\"og:locale:alternate\" content=\"de_DE\" \/>\n<meta property=\"og:type\" content=\"article\" \/>\n<meta property=\"og:title\" content=\"Heiraten in Corvey\" \/>\n<meta property=\"og:description\" content=\"EIN ORT, WIE GESCHAFFEN F\u00dcR DEN SCH\u00d6NSTEN TAG IM LEBEN! Der lichtdurchflutete Kaisersaal mit seinen venezianischen L\u00fcstern, herrlichen Stuckornamenten und festlichen Malereien bildet in der Welterbest\u00e4tte Corvey das stilvolle Ambiente f\u00fcr Ihre Hochzeit.\u00a0Die katholische Abteikirche mit ihrer barocken Ausstattung ist ein wundervoller Ort f\u00fcr die kirchliche Hochzeit. Und nat\u00fcrlich bietet sich die Welterbest\u00e4tte Corvey als [&hellip;]\" \/>\n<meta property=\"og:url\" content=\"https:\/\/corvey.de\/en\/feiern-und-tagen\/heiraten-in-corvey\/\" \/>\n<meta property=\"og:site_name\" content=\"Welterbe Corvey\" \/>\n<meta property=\"article:modified_time\" content=\"2024-06-12T10:51:47+00:00\" \/>\n<meta property=\"og:image\" content=\"https:\/\/corvey.de\/wp-content\/uploads\/2020\/10\/iStock_000010613462XXLarge_sRGB.jpg\" \/>\n\t<meta property=\"og:image:width\" content=\"1134\" \/>\n\t<meta property=\"og:image:height\" content=\"737\" \/>\n\t<meta property=\"og:image:type\" content=\"image\/jpeg\" \/>\n<meta name=\"twitter:card\" content=\"summary_large_image\" \/>\n<meta name=\"twitter:label1\" content=\"Est. reading time\" \/>\n\t<meta name=\"twitter:data1\" content=\"1 minute\" \/>\n<script type=\"application\/ld+json\" class=\"yoast-schema-graph\">{\"@context\":\"https:\/\/schema.org\",\"@graph\":[{\"@type\":\"WebPage\",\"@id\":\"https:\/\/corvey.de\/feiern-und-tagen\/heiraten-in-corvey\/\",\"url\":\"https:\/\/corvey.de\/feiern-und-tagen\/heiraten-in-corvey\/\",\"name\":\"Heiraten in Corvey\",\"isPartOf\":{\"@id\":\"https:\/\/corvey.de\/#website\"},\"primaryImageOfPage\":{\"@id\":\"https:\/\/corvey.de\/feiern-und-tagen\/heiraten-in-corvey\/#primaryimage\"},\"image\":{\"@id\":\"https:\/\/corvey.de\/feiern-und-tagen\/heiraten-in-corvey\/#primaryimage\"},\"thumbnailUrl\":\"https:\/\/corvey.de\/wp-content\/uploads\/2020\/10\/iStock_000010613462XXLarge_sRGB.jpg\",\"datePublished\":\"2020-10-06T12:58:00+00:00\",\"dateModified\":\"2024-06-12T10:51:47+00:00\",\"breadcrumb\":{\"@id\":\"https:\/\/corvey.de\/feiern-und-tagen\/heiraten-in-corvey\/#breadcrumb\"},\"inLanguage\":\"en-US\",\"potentialAction\":[{\"@type\":\"ReadAction\",\"target\":[\"https:\/\/corvey.de\/feiern-und-tagen\/heiraten-in-corvey\/\"]}]},{\"@type\":\"ImageObject\",\"inLanguage\":\"en-US\",\"@id\":\"https:\/\/corvey.de\/feiern-und-tagen\/heiraten-in-corvey\/#primaryimage\",\"url\":\"https:\/\/corvey.de\/wp-content\/uploads\/2020\/10\/iStock_000010613462XXLarge_sRGB.jpg\",\"contentUrl\":\"https:\/\/corvey.de\/wp-content\/uploads\/2020\/10\/iStock_000010613462XXLarge_sRGB.jpg\",\"width\":1134,\"height\":737},{\"@type\":\"BreadcrumbList\",\"@id\":\"https:\/\/corvey.de\/feiern-und-tagen\/heiraten-in-corvey\/#breadcrumb\",\"itemListElement\":[{\"@type\":\"ListItem\",\"position\":1,\"name\":\"Home\",\"item\":\"https:\/\/corvey.de\/\"},{\"@type\":\"ListItem\",\"position\":2,\"name\":\"Feiern &#038; Tagen\",\"item\":\"https:\/\/corvey.de\/feiern-und-tagen\/\"},{\"@type\":\"ListItem\",\"position\":3,\"name\":\"Heiraten in Corvey\"}]},{\"@type\":\"WebSite\",\"@id\":\"https:\/\/corvey.de\/#website\",\"url\":\"https:\/\/corvey.de\/\",\"name\":\"Schloss Corvey\",\"description\":\"\",\"publisher\":{\"@id\":\"https:\/\/corvey.de\/#organization\"},\"potentialAction\":[{\"@type\":\"SearchAction\",\"target\":{\"@type\":\"EntryPoint\",\"urlTemplate\":\"https:\/\/corvey.de\/?s={search_term_string}\"},\"query-input\":{\"@type\":\"PropertyValueSpecification\",\"valueRequired\":true,\"valueName\":\"search_term_string\"}}],\"inLanguage\":\"en-US\"},{\"@type\":\"Organization\",\"@id\":\"https:\/\/corvey.de\/#organization\",\"name\":\"Schloss Corvey\",\"url\":\"https:\/\/corvey.de\/\",\"logo\":{\"@type\":\"ImageObject\",\"inLanguage\":\"en-US\",\"@id\":\"https:\/\/corvey.de\/#\/schema\/logo\/image\/\",\"url\":\"https:\/\/corvey.de\/wp-content\/uploads\/2020\/10\/logo-schloss-corvey.svg\",\"contentUrl\":\"https:\/\/corvey.de\/wp-content\/uploads\/2020\/10\/logo-schloss-corvey.svg\",\"width\":1,\"height\":1,\"caption\":\"Schloss Corvey\"},\"image\":{\"@id\":\"https:\/\/corvey.de\/#\/schema\/logo\/image\/\"}}]}<\/script>\n<!-- \/ Yoast SEO plugin. -->","yoast_head_json":{"title":"Heiraten in Corvey &#8226; Welterbe Corvey","robots":{"index":"index","follow":"follow","max-snippet":"max-snippet:-1","max-image-preview":"max-image-preview:large","max-video-preview":"max-video-preview:-1"},"canonical":"https:\/\/corvey.de\/en\/feiern-und-tagen\/heiraten-in-corvey\/","og_locale":"en_US","og_type":"article","og_title":"[:de]Heiraten in Corvey[:] &#8226; Welterbe Corvey","og_description":"EIN ORT, WIE GESCHAFFEN F\u00dcR DEN SCH\u00d6NSTEN TAG IM LEBEN! Der lichtdurchflutete Kaisersaal mit seinen venezianischen L\u00fcstern, herrlichen Stuckornamenten und festlichen Malereien bildet in der Welterbest\u00e4tte Corvey das stilvolle Ambiente f\u00fcr Ihre Hochzeit.\u00a0Die katholische Abteikirche mit ihrer barocken Ausstattung ist ein wundervoller Ort f\u00fcr die kirchliche Hochzeit. Und nat\u00fcrlich bietet sich die Welterbest\u00e4tte Corvey als [&hellip;]","og_url":"https:\/\/corvey.de\/en\/feiern-und-tagen\/heiraten-in-corvey\/","og_site_name":"Welterbe Corvey","article_modified_time":"2024-06-12T10:51:47+00:00","og_image":[{"width":1134,"height":737,"url":"https:\/\/corvey.de\/wp-content\/uploads\/2020\/10\/iStock_000010613462XXLarge_sRGB.jpg","type":"image\/jpeg"}],"twitter_card":"summary_large_image","twitter_misc":{"Est. reading time":"1 minute"},"schema":{"@context":"https:\/\/schema.org","@graph":[{"@type":"WebPage","@id":"https:\/\/corvey.de\/feiern-und-tagen\/heiraten-in-corvey\/","url":"https:\/\/corvey.de\/feiern-und-tagen\/heiraten-in-corvey\/","name":"Heiraten in Corvey","isPartOf":{"@id":"https:\/\/corvey.de\/#website"},"primaryImageOfPage":{"@id":"https:\/\/corvey.de\/feiern-und-tagen\/heiraten-in-corvey\/#primaryimage"},"image":{"@id":"https:\/\/corvey.de\/feiern-und-tagen\/heiraten-in-corvey\/#primaryimage"},"thumbnailUrl":"https:\/\/corvey.de\/wp-content\/uploads\/2020\/10\/iStock_000010613462XXLarge_sRGB.jpg","datePublished":"2020-10-06T12:58:00+00:00","dateModified":"2024-06-12T10:51:47+00:00","breadcrumb":{"@id":"https:\/\/corvey.de\/feiern-und-tagen\/heiraten-in-corvey\/#breadcrumb"},"inLanguage":"en-US","potentialAction":[{"@type":"ReadAction","target":["https:\/\/corvey.de\/feiern-und-tagen\/heiraten-in-corvey\/"]}]},{"@type":"ImageObject","inLanguage":"en-US","@id":"https:\/\/corvey.de\/feiern-und-tagen\/heiraten-in-corvey\/#primaryimage","url":"https:\/\/corvey.de\/wp-content\/uploads\/2020\/10\/iStock_000010613462XXLarge_sRGB.jpg","contentUrl":"https:\/\/corvey.de\/wp-content\/uploads\/2020\/10\/iStock_000010613462XXLarge_sRGB.jpg","width":1134,"height":737},{"@type":"BreadcrumbList","@id":"https:\/\/corvey.de\/feiern-und-tagen\/heiraten-in-corvey\/#breadcrumb","itemListElement":[{"@type":"ListItem","position":1,"name":"Home","item":"https:\/\/corvey.de\/"},{"@type":"ListItem","position":2,"name":"Feiern &#038; Tagen","item":"https:\/\/corvey.de\/feiern-und-tagen\/"},{"@type":"ListItem","position":3,"name":"Heiraten in Corvey"}]},{"@type":"WebSite","@id":"https:\/\/corvey.de\/#website","url":"https:\/\/corvey.de\/","name":"Schloss Corvey","description":"","publisher":{"@id":"https:\/\/corvey.de\/#organization"},"potentialAction":[{"@type":"SearchAction","target":{"@type":"EntryPoint","urlTemplate":"https:\/\/corvey.de\/?s={search_term_string}"},"query-input":{"@type":"PropertyValueSpecification","valueRequired":true,"valueName":"search_term_string"}}],"inLanguage":"en-US"},{"@type":"Organization","@id":"https:\/\/corvey.de\/#organization","name":"Schloss Corvey","url":"https:\/\/corvey.de\/","logo":{"@type":"ImageObject","inLanguage":"en-US","@id":"https:\/\/corvey.de\/#\/schema\/logo\/image\/","url":"https:\/\/corvey.de\/wp-content\/uploads\/2020\/10\/logo-schloss-corvey.svg","contentUrl":"https:\/\/corvey.de\/wp-content\/uploads\/2020\/10\/logo-schloss-corvey.svg","width":1,"height":1,"caption":"Schloss Corvey"},"image":{"@id":"https:\/\/corvey.de\/#\/schema\/logo\/image\/"}}]}},"_links":{"self":[{"href":"https:\/\/corvey.de\/en\/wp-json\/wp\/v2\/pages\/346","targetHints":{"allow":["GET"]}}],"collection":[{"href":"https:\/\/corvey.de\/en\/wp-json\/wp\/v2\/pages"}],"about":[{"href":"https:\/\/corvey.de\/en\/wp-json\/wp\/v2\/types\/page"}],"author":[{"embeddable":true,"href":"https:\/\/corvey.de\/en\/wp-json\/wp\/v2\/users\/1"}],"replies":[{"embeddable":true,"href":"https:\/\/corvey.de\/en\/wp-json\/wp\/v2\/comments?post=346"}],"version-history":[{"count":15,"href":"https:\/\/corvey.de\/en\/wp-json\/wp\/v2\/pages\/346\/revisions"}],"predecessor-version":[{"id":2832,"href":"https:\/\/corvey.de\/en\/wp-json\/wp\/v2\/pages\/346\/revisions\/2832"}],"up":[{"embeddable":true,"href":"https:\/\/corvey.de\/en\/wp-json\/wp\/v2\/pages\/14"}],"wp:featuredmedia":[{"embeddable":true,"href":"https:\/\/corvey.de\/en\/wp-json\/wp\/v2\/media\/347"}],"wp:attachment":[{"href":"https:\/\/corvey.de\/en\/wp-json\/wp\/v2\/media?parent=346"}],"curies":[{"name":"wp","href":"https:\/\/api.w.org\/{rel}","templated":true}]}}