{"id":356,"date":"2020-10-06T15:09:22","date_gmt":"2020-10-06T13:09:22","guid":{"rendered":"https:\/\/corvey.de\/?page_id=356"},"modified":"2020-10-28T12:00:43","modified_gmt":"2020-10-28T11:00:43","slug":"tagungsraeume","status":"publish","type":"page","link":"https:\/\/corvey.de\/en\/feiern-und-tagen\/tagungsraeume\/","title":{"rendered":"Tagungsr\u00e4ume"},"content":{"rendered":"<h3><span class=\"format blau\">TAGUNGEN, SEMINARE, PRODUKTPR\u00c4SENTATIONEN<\/span><\/h3>\n<p>In der ehemaligen Benediktinerabtei Corvey l\u00e4sst es sich in historischem Ambiente modern Tagen. Die barocke Residenz verf\u00fcgt \u00fcber 5 Konferenz- und Seminarr\u00e4ume f\u00fcr kleine und gro\u00dfe Veranstaltungen &#8211; alle mit Tageslicht und einer einzigartigen Atmosph\u00e4re. Die gro\u00dfz\u00fcgigen R\u00e4ume bieten Empf\u00e4ngen, Pr\u00e4sentationen, Seminaren und Festlichkeiten ein ganz eigenes Ambiente.<\/p>\n<h3><strong>Tagungsr\u00e4ume<\/strong><\/h3>\n<p>Schloss Corvey bietet 5 Tagungsr\u00e4ume von 60 \u2013 250 Quadratmetern. Alle R\u00e4ume haben Tageslicht, werden den jeweiligen Anforderungen entsprechend bestuhlt und mit der gew\u00fcnschten Tagungstechnik hergerichtet.<\/p>\n","protected":false},"excerpt":{"rendered":"<p>TAGUNGEN, SEMINARE, PRODUKTPR\u00c4SENTATIONEN In der ehemaligen Benediktinerabtei Corvey l\u00e4sst es sich in historischem Ambiente modern Tagen. Die barocke Residenz verf\u00fcgt \u00fcber 5 Konferenz- und Seminarr\u00e4ume f\u00fcr kleine und gro\u00dfe Veranstaltungen &#8211; alle mit Tageslicht und einer einzigartigen Atmosph\u00e4re. Die gro\u00dfz\u00fcgigen R\u00e4ume bieten Empf\u00e4ngen, Pr\u00e4sentationen, Seminaren und Festlichkeiten ein ganz eigenes Ambiente. Tagungsr\u00e4ume Schloss Corvey bietet [&hellip;]<\/p>\n","protected":false},"author":1,"featured_media":358,"parent":14,"menu_order":0,"comment_status":"closed","ping_status":"closed","template":"","meta":{"_acf_changed":false,"footnotes":""},"class_list":["post-356","page","type-page","status-publish","has-post-thumbnail","hentry"],"acf":[],"yoast_head":"<!-- This site is optimized with the Yoast SEO plugin v24.0 - https:\/\/yoast.com\/wordpress\/plugins\/seo\/ -->\n<title>Tagungsr\u00e4ume &#8226; Welterbe Corvey<\/title>\n<meta name=\"robots\" content=\"index, follow, max-snippet:-1, max-image-preview:large, max-video-preview:-1\" \/>\n<link rel=\"canonical\" href=\"https:\/\/corvey.de\/en\/feiern-und-tagen\/tagungsraeume\/\" \/>\n<meta property=\"og:locale\" content=\"en_US\" \/>\n<meta property=\"og:locale:alternate\" content=\"de_DE\" \/>\n<meta property=\"og:type\" content=\"article\" \/>\n<meta property=\"og:title\" content=\"Tagungsr\u00e4ume\" \/>\n<meta property=\"og:description\" content=\"TAGUNGEN, SEMINARE, PRODUKTPR\u00c4SENTATIONEN In der ehemaligen Benediktinerabtei Corvey l\u00e4sst es sich in historischem Ambiente modern Tagen. Die barocke Residenz verf\u00fcgt \u00fcber 5 Konferenz- und Seminarr\u00e4ume f\u00fcr kleine und gro\u00dfe Veranstaltungen &#8211; alle mit Tageslicht und einer einzigartigen Atmosph\u00e4re. Die gro\u00dfz\u00fcgigen R\u00e4ume bieten Empf\u00e4ngen, Pr\u00e4sentationen, Seminaren und Festlichkeiten ein ganz eigenes Ambiente. Tagungsr\u00e4ume Schloss Corvey bietet [&hellip;]\" \/>\n<meta property=\"og:url\" content=\"https:\/\/corvey.de\/en\/feiern-und-tagen\/tagungsraeume\/\" \/>\n<meta property=\"og:site_name\" content=\"Welterbe Corvey\" \/>\n<meta property=\"article:modified_time\" content=\"2020-10-28T11:00:43+00:00\" \/>\n<meta property=\"og:image\" content=\"https:\/\/corvey.de\/wp-content\/uploads\/2020\/10\/DSC8029-1-scaled.jpg\" \/>\n\t<meta property=\"og:image:width\" content=\"2560\" \/>\n\t<meta property=\"og:image:height\" content=\"1703\" \/>\n\t<meta property=\"og:image:type\" content=\"image\/jpeg\" \/>\n<meta name=\"twitter:card\" content=\"summary_large_image\" \/>\n<script type=\"application\/ld+json\" class=\"yoast-schema-graph\">{\"@context\":\"https:\/\/schema.org\",\"@graph\":[{\"@type\":\"WebPage\",\"@id\":\"https:\/\/corvey.de\/feiern-und-tagen\/tagungsraeume\/\",\"url\":\"https:\/\/corvey.de\/feiern-und-tagen\/tagungsraeume\/\",\"name\":\"Tagungsr\u00e4ume\",\"isPartOf\":{\"@id\":\"https:\/\/corvey.de\/#website\"},\"primaryImageOfPage\":{\"@id\":\"https:\/\/corvey.de\/feiern-und-tagen\/tagungsraeume\/#primaryimage\"},\"image\":{\"@id\":\"https:\/\/corvey.de\/feiern-und-tagen\/tagungsraeume\/#primaryimage\"},\"thumbnailUrl\":\"https:\/\/corvey.de\/wp-content\/uploads\/2020\/10\/DSC8029-1-scaled.jpg\",\"datePublished\":\"2020-10-06T13:09:22+00:00\",\"dateModified\":\"2020-10-28T11:00:43+00:00\",\"breadcrumb\":{\"@id\":\"https:\/\/corvey.de\/feiern-und-tagen\/tagungsraeume\/#breadcrumb\"},\"inLanguage\":\"en-US\",\"potentialAction\":[{\"@type\":\"ReadAction\",\"target\":[\"https:\/\/corvey.de\/feiern-und-tagen\/tagungsraeume\/\"]}]},{\"@type\":\"ImageObject\",\"inLanguage\":\"en-US\",\"@id\":\"https:\/\/corvey.de\/feiern-und-tagen\/tagungsraeume\/#primaryimage\",\"url\":\"https:\/\/corvey.de\/wp-content\/uploads\/2020\/10\/DSC8029-1-scaled.jpg\",\"contentUrl\":\"https:\/\/corvey.de\/wp-content\/uploads\/2020\/10\/DSC8029-1-scaled.jpg\",\"width\":2560,\"height\":1703},{\"@type\":\"BreadcrumbList\",\"@id\":\"https:\/\/corvey.de\/feiern-und-tagen\/tagungsraeume\/#breadcrumb\",\"itemListElement\":[{\"@type\":\"ListItem\",\"position\":1,\"name\":\"Home\",\"item\":\"https:\/\/corvey.de\/\"},{\"@type\":\"ListItem\",\"position\":2,\"name\":\"Feiern &#038; Tagen\",\"item\":\"https:\/\/corvey.de\/feiern-und-tagen\/\"},{\"@type\":\"ListItem\",\"position\":3,\"name\":\"Tagungsr\u00e4ume\"}]},{\"@type\":\"WebSite\",\"@id\":\"https:\/\/corvey.de\/#website\",\"url\":\"https:\/\/corvey.de\/\",\"name\":\"Schloss Corvey\",\"description\":\"\",\"publisher\":{\"@id\":\"https:\/\/corvey.de\/#organization\"},\"potentialAction\":[{\"@type\":\"SearchAction\",\"target\":{\"@type\":\"EntryPoint\",\"urlTemplate\":\"https:\/\/corvey.de\/?s={search_term_string}\"},\"query-input\":{\"@type\":\"PropertyValueSpecification\",\"valueRequired\":true,\"valueName\":\"search_term_string\"}}],\"inLanguage\":\"en-US\"},{\"@type\":\"Organization\",\"@id\":\"https:\/\/corvey.de\/#organization\",\"name\":\"Schloss Corvey\",\"url\":\"https:\/\/corvey.de\/\",\"logo\":{\"@type\":\"ImageObject\",\"inLanguage\":\"en-US\",\"@id\":\"https:\/\/corvey.de\/#\/schema\/logo\/image\/\",\"url\":\"https:\/\/corvey.de\/wp-content\/uploads\/2020\/10\/logo-schloss-corvey.svg\",\"contentUrl\":\"https:\/\/corvey.de\/wp-content\/uploads\/2020\/10\/logo-schloss-corvey.svg\",\"width\":1,\"height\":1,\"caption\":\"Schloss Corvey\"},\"image\":{\"@id\":\"https:\/\/corvey.de\/#\/schema\/logo\/image\/\"}}]}<\/script>\n<!-- \/ Yoast SEO plugin. -->","yoast_head_json":{"title":"Tagungsr\u00e4ume &#8226; Welterbe Corvey","robots":{"index":"index","follow":"follow","max-snippet":"max-snippet:-1","max-image-preview":"max-image-preview:large","max-video-preview":"max-video-preview:-1"},"canonical":"https:\/\/corvey.de\/en\/feiern-und-tagen\/tagungsraeume\/","og_locale":"en_US","og_type":"article","og_title":"[:de]Tagungsr\u00e4ume[:] &#8226; Welterbe Corvey","og_description":"TAGUNGEN, SEMINARE, PRODUKTPR\u00c4SENTATIONEN In der ehemaligen Benediktinerabtei Corvey l\u00e4sst es sich in historischem Ambiente modern Tagen. Die barocke Residenz verf\u00fcgt \u00fcber 5 Konferenz- und Seminarr\u00e4ume f\u00fcr kleine und gro\u00dfe Veranstaltungen &#8211; alle mit Tageslicht und einer einzigartigen Atmosph\u00e4re. Die gro\u00dfz\u00fcgigen R\u00e4ume bieten Empf\u00e4ngen, Pr\u00e4sentationen, Seminaren und Festlichkeiten ein ganz eigenes Ambiente. Tagungsr\u00e4ume Schloss Corvey bietet [&hellip;]","og_url":"https:\/\/corvey.de\/en\/feiern-und-tagen\/tagungsraeume\/","og_site_name":"Welterbe Corvey","article_modified_time":"2020-10-28T11:00:43+00:00","og_image":[{"width":2560,"height":1703,"url":"https:\/\/corvey.de\/wp-content\/uploads\/2020\/10\/DSC8029-1-scaled.jpg","type":"image\/jpeg"}],"twitter_card":"summary_large_image","schema":{"@context":"https:\/\/schema.org","@graph":[{"@type":"WebPage","@id":"https:\/\/corvey.de\/feiern-und-tagen\/tagungsraeume\/","url":"https:\/\/corvey.de\/feiern-und-tagen\/tagungsraeume\/","name":"Tagungsr\u00e4ume","isPartOf":{"@id":"https:\/\/corvey.de\/#website"},"primaryImageOfPage":{"@id":"https:\/\/corvey.de\/feiern-und-tagen\/tagungsraeume\/#primaryimage"},"image":{"@id":"https:\/\/corvey.de\/feiern-und-tagen\/tagungsraeume\/#primaryimage"},"thumbnailUrl":"https:\/\/corvey.de\/wp-content\/uploads\/2020\/10\/DSC8029-1-scaled.jpg","datePublished":"2020-10-06T13:09:22+00:00","dateModified":"2020-10-28T11:00:43+00:00","breadcrumb":{"@id":"https:\/\/corvey.de\/feiern-und-tagen\/tagungsraeume\/#breadcrumb"},"inLanguage":"en-US","potentialAction":[{"@type":"ReadAction","target":["https:\/\/corvey.de\/feiern-und-tagen\/tagungsraeume\/"]}]},{"@type":"ImageObject","inLanguage":"en-US","@id":"https:\/\/corvey.de\/feiern-und-tagen\/tagungsraeume\/#primaryimage","url":"https:\/\/corvey.de\/wp-content\/uploads\/2020\/10\/DSC8029-1-scaled.jpg","contentUrl":"https:\/\/corvey.de\/wp-content\/uploads\/2020\/10\/DSC8029-1-scaled.jpg","width":2560,"height":1703},{"@type":"BreadcrumbList","@id":"https:\/\/corvey.de\/feiern-und-tagen\/tagungsraeume\/#breadcrumb","itemListElement":[{"@type":"ListItem","position":1,"name":"Home","item":"https:\/\/corvey.de\/"},{"@type":"ListItem","position":2,"name":"Feiern &#038; Tagen","item":"https:\/\/corvey.de\/feiern-und-tagen\/"},{"@type":"ListItem","position":3,"name":"Tagungsr\u00e4ume"}]},{"@type":"WebSite","@id":"https:\/\/corvey.de\/#website","url":"https:\/\/corvey.de\/","name":"Schloss Corvey","description":"","publisher":{"@id":"https:\/\/corvey.de\/#organization"},"potentialAction":[{"@type":"SearchAction","target":{"@type":"EntryPoint","urlTemplate":"https:\/\/corvey.de\/?s={search_term_string}"},"query-input":{"@type":"PropertyValueSpecification","valueRequired":true,"valueName":"search_term_string"}}],"inLanguage":"en-US"},{"@type":"Organization","@id":"https:\/\/corvey.de\/#organization","name":"Schloss Corvey","url":"https:\/\/corvey.de\/","logo":{"@type":"ImageObject","inLanguage":"en-US","@id":"https:\/\/corvey.de\/#\/schema\/logo\/image\/","url":"https:\/\/corvey.de\/wp-content\/uploads\/2020\/10\/logo-schloss-corvey.svg","contentUrl":"https:\/\/corvey.de\/wp-content\/uploads\/2020\/10\/logo-schloss-corvey.svg","width":1,"height":1,"caption":"Schloss Corvey"},"image":{"@id":"https:\/\/corvey.de\/#\/schema\/logo\/image\/"}}]}},"_links":{"self":[{"href":"https:\/\/corvey.de\/en\/wp-json\/wp\/v2\/pages\/356","targetHints":{"allow":["GET"]}}],"collection":[{"href":"https:\/\/corvey.de\/en\/wp-json\/wp\/v2\/pages"}],"about":[{"href":"https:\/\/corvey.de\/en\/wp-json\/wp\/v2\/types\/page"}],"author":[{"embeddable":true,"href":"https:\/\/corvey.de\/en\/wp-json\/wp\/v2\/users\/1"}],"replies":[{"embeddable":true,"href":"https:\/\/corvey.de\/en\/wp-json\/wp\/v2\/comments?post=356"}],"version-history":[{"count":11,"href":"https:\/\/corvey.de\/en\/wp-json\/wp\/v2\/pages\/356\/revisions"}],"predecessor-version":[{"id":1002,"href":"https:\/\/corvey.de\/en\/wp-json\/wp\/v2\/pages\/356\/revisions\/1002"}],"up":[{"embeddable":true,"href":"https:\/\/corvey.de\/en\/wp-json\/wp\/v2\/pages\/14"}],"wp:featuredmedia":[{"embeddable":true,"href":"https:\/\/corvey.de\/en\/wp-json\/wp\/v2\/media\/358"}],"wp:attachment":[{"href":"https:\/\/corvey.de\/en\/wp-json\/wp\/v2\/media?parent=356"}],"curies":[{"name":"wp","href":"https:\/\/api.w.org\/{rel}","templated":true}]}}