{"id":369,"date":"2020-10-06T15:31:54","date_gmt":"2020-10-06T13:31:54","guid":{"rendered":"https:\/\/corvey.de\/?page_id=369"},"modified":"2024-06-12T12:50:29","modified_gmt":"2024-06-12T10:50:29","slug":"schlossrestaurant-corvey","status":"publish","type":"page","link":"https:\/\/corvey.de\/en\/feiern-und-tagen\/schlossrestaurant-corvey\/","title":{"rendered":"Schlossrestaurant <br>und Biergarten\u00a0"},"content":{"rendered":"<p><span class=\"blau\"><strong><span class=\"blau\">buchbar f\u00fcr <\/span><span class=\"blau\">Reisegruppen, <\/span><span class=\"blau\">Hochzeiten,\u00a0<\/span><span class=\"blau\">Familienfeiern\u00a0<\/span><span class=\"blau\">Veranstaltungen und\u00a0<\/span><span class=\"blau\">Firmenevents<\/span><\/strong><\/span><\/p>\n<p>W\u00e4hrend unserer \u00d6ffnungszeiten servieren wir Ihnen Getr\u00e4nke, Kaffee &#038; Kuchen im Besucherzentrum.<\/p>\n","protected":false},"excerpt":{"rendered":"<p>buchbar f\u00fcr Reisegruppen, Hochzeiten,\u00a0Familienfeiern\u00a0Veranstaltungen und\u00a0Firmenevents W\u00e4hrend unserer \u00d6ffnungszeiten servieren wir Ihnen Getr\u00e4nke, Kaffee &#038; Kuchen im Besucherzentrum.<\/p>\n","protected":false},"author":1,"featured_media":602,"parent":14,"menu_order":0,"comment_status":"closed","ping_status":"closed","template":"","meta":{"_acf_changed":false,"footnotes":""},"class_list":["post-369","page","type-page","status-publish","has-post-thumbnail","hentry"],"acf":[],"yoast_head":"<!-- This site is optimized with the Yoast SEO plugin v24.0 - https:\/\/yoast.com\/wordpress\/plugins\/seo\/ -->\n<title>Schlossrestaurant und Biergarten\u00a0 &#8226; Welterbe Corvey<\/title>\n<meta name=\"robots\" content=\"index, follow, max-snippet:-1, max-image-preview:large, max-video-preview:-1\" \/>\n<link rel=\"canonical\" href=\"https:\/\/corvey.de\/en\/feiern-und-tagen\/schlossrestaurant-corvey\/\" \/>\n<meta property=\"og:locale\" content=\"en_US\" \/>\n<meta property=\"og:locale:alternate\" content=\"de_DE\" \/>\n<meta property=\"og:type\" content=\"article\" \/>\n<meta property=\"og:title\" content=\"Schlossrestaurant und Biergarten\u00a0\" \/>\n<meta property=\"og:description\" content=\"buchbar f\u00fcr Reisegruppen, Hochzeiten,\u00a0Familienfeiern\u00a0Veranstaltungen und\u00a0Firmenevents W\u00e4hrend unserer \u00d6ffnungszeiten servieren wir Ihnen Getr\u00e4nke, Kaffee &amp; Kuchen im Besucherzentrum.\" \/>\n<meta property=\"og:url\" content=\"https:\/\/corvey.de\/en\/feiern-und-tagen\/schlossrestaurant-corvey\/\" \/>\n<meta property=\"og:site_name\" content=\"Welterbe Corvey\" \/>\n<meta property=\"article:modified_time\" content=\"2024-06-12T10:50:29+00:00\" \/>\n<meta property=\"og:image\" content=\"https:\/\/corvey.de\/wp-content\/uploads\/2020\/10\/DSC8525-1-scaled.jpg\" \/>\n\t<meta property=\"og:image:width\" content=\"2560\" \/>\n\t<meta property=\"og:image:height\" content=\"1703\" \/>\n\t<meta property=\"og:image:type\" content=\"image\/jpeg\" \/>\n<meta name=\"twitter:card\" content=\"summary_large_image\" \/>\n<meta name=\"twitter:label1\" content=\"Est. reading time\" \/>\n\t<meta name=\"twitter:data1\" content=\"1 minute\" \/>\n<script type=\"application\/ld+json\" class=\"yoast-schema-graph\">{\"@context\":\"https:\/\/schema.org\",\"@graph\":[{\"@type\":\"WebPage\",\"@id\":\"https:\/\/corvey.de\/feiern-und-tagen\/schlossrestaurant-corvey\/\",\"url\":\"https:\/\/corvey.de\/feiern-und-tagen\/schlossrestaurant-corvey\/\",\"name\":\"Schlossrestaurant und Biergarten\u00a0\",\"isPartOf\":{\"@id\":\"https:\/\/corvey.de\/#website\"},\"primaryImageOfPage\":{\"@id\":\"https:\/\/corvey.de\/feiern-und-tagen\/schlossrestaurant-corvey\/#primaryimage\"},\"image\":{\"@id\":\"https:\/\/corvey.de\/feiern-und-tagen\/schlossrestaurant-corvey\/#primaryimage\"},\"thumbnailUrl\":\"https:\/\/corvey.de\/wp-content\/uploads\/2020\/10\/DSC8525-1-scaled.jpg\",\"datePublished\":\"2020-10-06T13:31:54+00:00\",\"dateModified\":\"2024-06-12T10:50:29+00:00\",\"breadcrumb\":{\"@id\":\"https:\/\/corvey.de\/feiern-und-tagen\/schlossrestaurant-corvey\/#breadcrumb\"},\"inLanguage\":\"en-US\",\"potentialAction\":[{\"@type\":\"ReadAction\",\"target\":[\"https:\/\/corvey.de\/feiern-und-tagen\/schlossrestaurant-corvey\/\"]}]},{\"@type\":\"ImageObject\",\"inLanguage\":\"en-US\",\"@id\":\"https:\/\/corvey.de\/feiern-und-tagen\/schlossrestaurant-corvey\/#primaryimage\",\"url\":\"https:\/\/corvey.de\/wp-content\/uploads\/2020\/10\/DSC8525-1-scaled.jpg\",\"contentUrl\":\"https:\/\/corvey.de\/wp-content\/uploads\/2020\/10\/DSC8525-1-scaled.jpg\",\"width\":2560,\"height\":1703},{\"@type\":\"BreadcrumbList\",\"@id\":\"https:\/\/corvey.de\/feiern-und-tagen\/schlossrestaurant-corvey\/#breadcrumb\",\"itemListElement\":[{\"@type\":\"ListItem\",\"position\":1,\"name\":\"Home\",\"item\":\"https:\/\/corvey.de\/\"},{\"@type\":\"ListItem\",\"position\":2,\"name\":\"Feiern &#038; Tagen\",\"item\":\"https:\/\/corvey.de\/feiern-und-tagen\/\"},{\"@type\":\"ListItem\",\"position\":3,\"name\":\"Gartencaf\u00e9 Schloss Corvey\u00a0\"}]},{\"@type\":\"WebSite\",\"@id\":\"https:\/\/corvey.de\/#website\",\"url\":\"https:\/\/corvey.de\/\",\"name\":\"Schloss Corvey\",\"description\":\"\",\"publisher\":{\"@id\":\"https:\/\/corvey.de\/#organization\"},\"potentialAction\":[{\"@type\":\"SearchAction\",\"target\":{\"@type\":\"EntryPoint\",\"urlTemplate\":\"https:\/\/corvey.de\/?s={search_term_string}\"},\"query-input\":{\"@type\":\"PropertyValueSpecification\",\"valueRequired\":true,\"valueName\":\"search_term_string\"}}],\"inLanguage\":\"en-US\"},{\"@type\":\"Organization\",\"@id\":\"https:\/\/corvey.de\/#organization\",\"name\":\"Schloss Corvey\",\"url\":\"https:\/\/corvey.de\/\",\"logo\":{\"@type\":\"ImageObject\",\"inLanguage\":\"en-US\",\"@id\":\"https:\/\/corvey.de\/#\/schema\/logo\/image\/\",\"url\":\"https:\/\/corvey.de\/wp-content\/uploads\/2020\/10\/logo-schloss-corvey.svg\",\"contentUrl\":\"https:\/\/corvey.de\/wp-content\/uploads\/2020\/10\/logo-schloss-corvey.svg\",\"width\":1,\"height\":1,\"caption\":\"Schloss Corvey\"},\"image\":{\"@id\":\"https:\/\/corvey.de\/#\/schema\/logo\/image\/\"}}]}<\/script>\n<!-- \/ Yoast SEO plugin. -->","yoast_head_json":{"title":"Schlossrestaurant und Biergarten\u00a0 &#8226; Welterbe Corvey","robots":{"index":"index","follow":"follow","max-snippet":"max-snippet:-1","max-image-preview":"max-image-preview:large","max-video-preview":"max-video-preview:-1"},"canonical":"https:\/\/corvey.de\/en\/feiern-und-tagen\/schlossrestaurant-corvey\/","og_locale":"en_US","og_type":"article","og_title":"[:de]Gartencaf\u00e9 Schloss Corvey\u00a0[:en]Schlossrestaurant und Biergarten\u00a0[:] &#8226; Welterbe Corvey","og_description":"buchbar f\u00fcr Reisegruppen, Hochzeiten,\u00a0Familienfeiern\u00a0Veranstaltungen und\u00a0Firmenevents W\u00e4hrend unserer \u00d6ffnungszeiten servieren wir Ihnen Getr\u00e4nke, Kaffee &#038; Kuchen im Besucherzentrum.","og_url":"https:\/\/corvey.de\/en\/feiern-und-tagen\/schlossrestaurant-corvey\/","og_site_name":"Welterbe Corvey","article_modified_time":"2024-06-12T10:50:29+00:00","og_image":[{"width":2560,"height":1703,"url":"https:\/\/corvey.de\/wp-content\/uploads\/2020\/10\/DSC8525-1-scaled.jpg","type":"image\/jpeg"}],"twitter_card":"summary_large_image","twitter_misc":{"Est. reading time":"1 minute"},"schema":{"@context":"https:\/\/schema.org","@graph":[{"@type":"WebPage","@id":"https:\/\/corvey.de\/feiern-und-tagen\/schlossrestaurant-corvey\/","url":"https:\/\/corvey.de\/feiern-und-tagen\/schlossrestaurant-corvey\/","name":"Schlossrestaurant und Biergarten\u00a0","isPartOf":{"@id":"https:\/\/corvey.de\/#website"},"primaryImageOfPage":{"@id":"https:\/\/corvey.de\/feiern-und-tagen\/schlossrestaurant-corvey\/#primaryimage"},"image":{"@id":"https:\/\/corvey.de\/feiern-und-tagen\/schlossrestaurant-corvey\/#primaryimage"},"thumbnailUrl":"https:\/\/corvey.de\/wp-content\/uploads\/2020\/10\/DSC8525-1-scaled.jpg","datePublished":"2020-10-06T13:31:54+00:00","dateModified":"2024-06-12T10:50:29+00:00","breadcrumb":{"@id":"https:\/\/corvey.de\/feiern-und-tagen\/schlossrestaurant-corvey\/#breadcrumb"},"inLanguage":"en-US","potentialAction":[{"@type":"ReadAction","target":["https:\/\/corvey.de\/feiern-und-tagen\/schlossrestaurant-corvey\/"]}]},{"@type":"ImageObject","inLanguage":"en-US","@id":"https:\/\/corvey.de\/feiern-und-tagen\/schlossrestaurant-corvey\/#primaryimage","url":"https:\/\/corvey.de\/wp-content\/uploads\/2020\/10\/DSC8525-1-scaled.jpg","contentUrl":"https:\/\/corvey.de\/wp-content\/uploads\/2020\/10\/DSC8525-1-scaled.jpg","width":2560,"height":1703},{"@type":"BreadcrumbList","@id":"https:\/\/corvey.de\/feiern-und-tagen\/schlossrestaurant-corvey\/#breadcrumb","itemListElement":[{"@type":"ListItem","position":1,"name":"Home","item":"https:\/\/corvey.de\/"},{"@type":"ListItem","position":2,"name":"Feiern &#038; Tagen","item":"https:\/\/corvey.de\/feiern-und-tagen\/"},{"@type":"ListItem","position":3,"name":"Gartencaf\u00e9 Schloss Corvey\u00a0"}]},{"@type":"WebSite","@id":"https:\/\/corvey.de\/#website","url":"https:\/\/corvey.de\/","name":"Schloss Corvey","description":"","publisher":{"@id":"https:\/\/corvey.de\/#organization"},"potentialAction":[{"@type":"SearchAction","target":{"@type":"EntryPoint","urlTemplate":"https:\/\/corvey.de\/?s={search_term_string}"},"query-input":{"@type":"PropertyValueSpecification","valueRequired":true,"valueName":"search_term_string"}}],"inLanguage":"en-US"},{"@type":"Organization","@id":"https:\/\/corvey.de\/#organization","name":"Schloss Corvey","url":"https:\/\/corvey.de\/","logo":{"@type":"ImageObject","inLanguage":"en-US","@id":"https:\/\/corvey.de\/#\/schema\/logo\/image\/","url":"https:\/\/corvey.de\/wp-content\/uploads\/2020\/10\/logo-schloss-corvey.svg","contentUrl":"https:\/\/corvey.de\/wp-content\/uploads\/2020\/10\/logo-schloss-corvey.svg","width":1,"height":1,"caption":"Schloss Corvey"},"image":{"@id":"https:\/\/corvey.de\/#\/schema\/logo\/image\/"}}]}},"_links":{"self":[{"href":"https:\/\/corvey.de\/en\/wp-json\/wp\/v2\/pages\/369","targetHints":{"allow":["GET"]}}],"collection":[{"href":"https:\/\/corvey.de\/en\/wp-json\/wp\/v2\/pages"}],"about":[{"href":"https:\/\/corvey.de\/en\/wp-json\/wp\/v2\/types\/page"}],"author":[{"embeddable":true,"href":"https:\/\/corvey.de\/en\/wp-json\/wp\/v2\/users\/1"}],"replies":[{"embeddable":true,"href":"https:\/\/corvey.de\/en\/wp-json\/wp\/v2\/comments?post=369"}],"version-history":[{"count":61,"href":"https:\/\/corvey.de\/en\/wp-json\/wp\/v2\/pages\/369\/revisions"}],"predecessor-version":[{"id":2831,"href":"https:\/\/corvey.de\/en\/wp-json\/wp\/v2\/pages\/369\/revisions\/2831"}],"up":[{"embeddable":true,"href":"https:\/\/corvey.de\/en\/wp-json\/wp\/v2\/pages\/14"}],"wp:featuredmedia":[{"embeddable":true,"href":"https:\/\/corvey.de\/en\/wp-json\/wp\/v2\/media\/602"}],"wp:attachment":[{"href":"https:\/\/corvey.de\/en\/wp-json\/wp\/v2\/media?parent=369"}],"curies":[{"name":"wp","href":"https:\/\/api.w.org\/{rel}","templated":true}]}}