{"id":389,"date":"2020-10-06T16:30:31","date_gmt":"2020-10-06T14:30:31","guid":{"rendered":"https:\/\/corvey.de\/?page_id=389"},"modified":"2024-03-15T12:22:25","modified_gmt":"2024-03-15T11:22:25","slug":"kulturfreunde-corvey-e-v","status":"publish","type":"page","link":"https:\/\/corvey.de\/en\/partner\/kulturfreunde-corvey-e-v\/","title":{"rendered":"Kulturfreunde Corvey e.V."},"content":{"rendered":"<h3>Helfen Sie, Zukunft mitzugestalten!<\/h3>\n<p>Der Verein Kulturfreunde Corvey verfolgt das Ziel, die Kulturkreis H\u00f6xter-Corvey gGmbH und damit Kunst und Kultur sowie die wissenschaftliche Arbeit in Corvey ideell und materiell zu unterst\u00fctzen. Durch ihren Beitrag unterst\u00fctzen sie die weit \u00fcber die Region hinauswirkende Arbeit f\u00fcr Corvey und den Wirtschafts-, Kultur- und Lebensstandort H\u00f6xter. Mit seinem Museum, den Sonderausstellungen und vielf\u00e4ltigen kulturellen Veranstaltungen geh\u00f6rt der Kulturkreis H\u00f6xter-Corvey heute zu den gro\u00dfen Kulturinstitutionen in Ostwestfalen-Lippe.<\/p>\n<p>Werden Sie Kulturfreund Corveys!<\/p>\n<h3><\/h3>\n","protected":false},"excerpt":{"rendered":"<p>Helfen Sie, Zukunft mitzugestalten! Der Verein Kulturfreunde Corvey verfolgt das Ziel, die Kulturkreis H\u00f6xter-Corvey gGmbH und damit Kunst und Kultur sowie die wissenschaftliche Arbeit in Corvey ideell und materiell zu unterst\u00fctzen. Durch ihren Beitrag unterst\u00fctzen sie die weit \u00fcber die Region hinauswirkende Arbeit f\u00fcr Corvey und den Wirtschafts-, Kultur- und Lebensstandort H\u00f6xter. Mit seinem Museum, [&hellip;]<\/p>\n","protected":false},"author":1,"featured_media":322,"parent":13,"menu_order":4,"comment_status":"closed","ping_status":"closed","template":"","meta":{"_acf_changed":false,"footnotes":""},"class_list":["post-389","page","type-page","status-publish","has-post-thumbnail","hentry"],"acf":[],"yoast_head":"<!-- This site is optimized with the Yoast SEO plugin v24.0 - https:\/\/yoast.com\/wordpress\/plugins\/seo\/ -->\n<title>Kulturfreunde Corvey e.V. &#8226; Welterbe Corvey<\/title>\n<meta name=\"robots\" content=\"index, follow, max-snippet:-1, max-image-preview:large, max-video-preview:-1\" \/>\n<link rel=\"canonical\" href=\"https:\/\/corvey.de\/en\/partner\/kulturfreunde-corvey-e-v\/\" \/>\n<meta property=\"og:locale\" content=\"en_US\" \/>\n<meta property=\"og:locale:alternate\" content=\"de_DE\" \/>\n<meta property=\"og:type\" content=\"article\" \/>\n<meta property=\"og:title\" content=\"Kulturfreunde Corvey e.V.\" \/>\n<meta property=\"og:description\" content=\"Helfen Sie, Zukunft mitzugestalten! Der Verein Kulturfreunde Corvey verfolgt das Ziel, die Kulturkreis H\u00f6xter-Corvey gGmbH und damit Kunst und Kultur sowie die wissenschaftliche Arbeit in Corvey ideell und materiell zu unterst\u00fctzen. Durch ihren Beitrag unterst\u00fctzen sie die weit \u00fcber die Region hinauswirkende Arbeit f\u00fcr Corvey und den Wirtschafts-, Kultur- und Lebensstandort H\u00f6xter. Mit seinem Museum, [&hellip;]\" \/>\n<meta property=\"og:url\" content=\"https:\/\/corvey.de\/en\/partner\/kulturfreunde-corvey-e-v\/\" \/>\n<meta property=\"og:site_name\" content=\"Welterbe Corvey\" \/>\n<meta property=\"article:modified_time\" content=\"2024-03-15T11:22:25+00:00\" \/>\n<meta property=\"og:image\" content=\"https:\/\/corvey.de\/wp-content\/uploads\/2020\/10\/01a-Barockkirche-051_DSC4046-scaled.jpg\" \/>\n\t<meta property=\"og:image:width\" content=\"2560\" \/>\n\t<meta property=\"og:image:height\" content=\"1793\" \/>\n\t<meta property=\"og:image:type\" content=\"image\/jpeg\" \/>\n<meta name=\"twitter:card\" content=\"summary_large_image\" \/>\n<meta name=\"twitter:label1\" content=\"Est. reading time\" \/>\n\t<meta name=\"twitter:data1\" content=\"1 minute\" \/>\n<script type=\"application\/ld+json\" class=\"yoast-schema-graph\">{\"@context\":\"https:\/\/schema.org\",\"@graph\":[{\"@type\":\"WebPage\",\"@id\":\"https:\/\/corvey.de\/partner\/kulturfreunde-corvey-e-v\/\",\"url\":\"https:\/\/corvey.de\/partner\/kulturfreunde-corvey-e-v\/\",\"name\":\"Kulturfreunde Corvey e.V.\",\"isPartOf\":{\"@id\":\"https:\/\/corvey.de\/#website\"},\"primaryImageOfPage\":{\"@id\":\"https:\/\/corvey.de\/partner\/kulturfreunde-corvey-e-v\/#primaryimage\"},\"image\":{\"@id\":\"https:\/\/corvey.de\/partner\/kulturfreunde-corvey-e-v\/#primaryimage\"},\"thumbnailUrl\":\"https:\/\/corvey.de\/wp-content\/uploads\/2020\/10\/01a-Barockkirche-051_DSC4046-scaled.jpg\",\"datePublished\":\"2020-10-06T14:30:31+00:00\",\"dateModified\":\"2024-03-15T11:22:25+00:00\",\"breadcrumb\":{\"@id\":\"https:\/\/corvey.de\/partner\/kulturfreunde-corvey-e-v\/#breadcrumb\"},\"inLanguage\":\"en-US\",\"potentialAction\":[{\"@type\":\"ReadAction\",\"target\":[\"https:\/\/corvey.de\/partner\/kulturfreunde-corvey-e-v\/\"]}]},{\"@type\":\"ImageObject\",\"inLanguage\":\"en-US\",\"@id\":\"https:\/\/corvey.de\/partner\/kulturfreunde-corvey-e-v\/#primaryimage\",\"url\":\"https:\/\/corvey.de\/wp-content\/uploads\/2020\/10\/01a-Barockkirche-051_DSC4046-scaled.jpg\",\"contentUrl\":\"https:\/\/corvey.de\/wp-content\/uploads\/2020\/10\/01a-Barockkirche-051_DSC4046-scaled.jpg\",\"width\":2560,\"height\":1793},{\"@type\":\"BreadcrumbList\",\"@id\":\"https:\/\/corvey.de\/partner\/kulturfreunde-corvey-e-v\/#breadcrumb\",\"itemListElement\":[{\"@type\":\"ListItem\",\"position\":1,\"name\":\"Home\",\"item\":\"https:\/\/corvey.de\/\"},{\"@type\":\"ListItem\",\"position\":2,\"name\":\"Partner\",\"item\":\"https:\/\/corvey.de\/partner\/\"},{\"@type\":\"ListItem\",\"position\":3,\"name\":\"Kulturfreunde Corvey e.V.\"}]},{\"@type\":\"WebSite\",\"@id\":\"https:\/\/corvey.de\/#website\",\"url\":\"https:\/\/corvey.de\/\",\"name\":\"Schloss Corvey\",\"description\":\"\",\"publisher\":{\"@id\":\"https:\/\/corvey.de\/#organization\"},\"potentialAction\":[{\"@type\":\"SearchAction\",\"target\":{\"@type\":\"EntryPoint\",\"urlTemplate\":\"https:\/\/corvey.de\/?s={search_term_string}\"},\"query-input\":{\"@type\":\"PropertyValueSpecification\",\"valueRequired\":true,\"valueName\":\"search_term_string\"}}],\"inLanguage\":\"en-US\"},{\"@type\":\"Organization\",\"@id\":\"https:\/\/corvey.de\/#organization\",\"name\":\"Schloss Corvey\",\"url\":\"https:\/\/corvey.de\/\",\"logo\":{\"@type\":\"ImageObject\",\"inLanguage\":\"en-US\",\"@id\":\"https:\/\/corvey.de\/#\/schema\/logo\/image\/\",\"url\":\"https:\/\/corvey.de\/wp-content\/uploads\/2020\/10\/logo-schloss-corvey.svg\",\"contentUrl\":\"https:\/\/corvey.de\/wp-content\/uploads\/2020\/10\/logo-schloss-corvey.svg\",\"width\":1,\"height\":1,\"caption\":\"Schloss Corvey\"},\"image\":{\"@id\":\"https:\/\/corvey.de\/#\/schema\/logo\/image\/\"}}]}<\/script>\n<!-- \/ Yoast SEO plugin. -->","yoast_head_json":{"title":"Kulturfreunde Corvey e.V. &#8226; Welterbe Corvey","robots":{"index":"index","follow":"follow","max-snippet":"max-snippet:-1","max-image-preview":"max-image-preview:large","max-video-preview":"max-video-preview:-1"},"canonical":"https:\/\/corvey.de\/en\/partner\/kulturfreunde-corvey-e-v\/","og_locale":"en_US","og_type":"article","og_title":"[:de]Kulturfreunde Corvey e.V.[:] &#8226; Welterbe Corvey","og_description":"Helfen Sie, Zukunft mitzugestalten! Der Verein Kulturfreunde Corvey verfolgt das Ziel, die Kulturkreis H\u00f6xter-Corvey gGmbH und damit Kunst und Kultur sowie die wissenschaftliche Arbeit in Corvey ideell und materiell zu unterst\u00fctzen. Durch ihren Beitrag unterst\u00fctzen sie die weit \u00fcber die Region hinauswirkende Arbeit f\u00fcr Corvey und den Wirtschafts-, Kultur- und Lebensstandort H\u00f6xter. Mit seinem Museum, [&hellip;]","og_url":"https:\/\/corvey.de\/en\/partner\/kulturfreunde-corvey-e-v\/","og_site_name":"Welterbe Corvey","article_modified_time":"2024-03-15T11:22:25+00:00","og_image":[{"width":2560,"height":1793,"url":"https:\/\/corvey.de\/wp-content\/uploads\/2020\/10\/01a-Barockkirche-051_DSC4046-scaled.jpg","type":"image\/jpeg"}],"twitter_card":"summary_large_image","twitter_misc":{"Est. reading time":"1 minute"},"schema":{"@context":"https:\/\/schema.org","@graph":[{"@type":"WebPage","@id":"https:\/\/corvey.de\/partner\/kulturfreunde-corvey-e-v\/","url":"https:\/\/corvey.de\/partner\/kulturfreunde-corvey-e-v\/","name":"Kulturfreunde Corvey e.V.","isPartOf":{"@id":"https:\/\/corvey.de\/#website"},"primaryImageOfPage":{"@id":"https:\/\/corvey.de\/partner\/kulturfreunde-corvey-e-v\/#primaryimage"},"image":{"@id":"https:\/\/corvey.de\/partner\/kulturfreunde-corvey-e-v\/#primaryimage"},"thumbnailUrl":"https:\/\/corvey.de\/wp-content\/uploads\/2020\/10\/01a-Barockkirche-051_DSC4046-scaled.jpg","datePublished":"2020-10-06T14:30:31+00:00","dateModified":"2024-03-15T11:22:25+00:00","breadcrumb":{"@id":"https:\/\/corvey.de\/partner\/kulturfreunde-corvey-e-v\/#breadcrumb"},"inLanguage":"en-US","potentialAction":[{"@type":"ReadAction","target":["https:\/\/corvey.de\/partner\/kulturfreunde-corvey-e-v\/"]}]},{"@type":"ImageObject","inLanguage":"en-US","@id":"https:\/\/corvey.de\/partner\/kulturfreunde-corvey-e-v\/#primaryimage","url":"https:\/\/corvey.de\/wp-content\/uploads\/2020\/10\/01a-Barockkirche-051_DSC4046-scaled.jpg","contentUrl":"https:\/\/corvey.de\/wp-content\/uploads\/2020\/10\/01a-Barockkirche-051_DSC4046-scaled.jpg","width":2560,"height":1793},{"@type":"BreadcrumbList","@id":"https:\/\/corvey.de\/partner\/kulturfreunde-corvey-e-v\/#breadcrumb","itemListElement":[{"@type":"ListItem","position":1,"name":"Home","item":"https:\/\/corvey.de\/"},{"@type":"ListItem","position":2,"name":"Partner","item":"https:\/\/corvey.de\/partner\/"},{"@type":"ListItem","position":3,"name":"Kulturfreunde Corvey e.V."}]},{"@type":"WebSite","@id":"https:\/\/corvey.de\/#website","url":"https:\/\/corvey.de\/","name":"Schloss Corvey","description":"","publisher":{"@id":"https:\/\/corvey.de\/#organization"},"potentialAction":[{"@type":"SearchAction","target":{"@type":"EntryPoint","urlTemplate":"https:\/\/corvey.de\/?s={search_term_string}"},"query-input":{"@type":"PropertyValueSpecification","valueRequired":true,"valueName":"search_term_string"}}],"inLanguage":"en-US"},{"@type":"Organization","@id":"https:\/\/corvey.de\/#organization","name":"Schloss Corvey","url":"https:\/\/corvey.de\/","logo":{"@type":"ImageObject","inLanguage":"en-US","@id":"https:\/\/corvey.de\/#\/schema\/logo\/image\/","url":"https:\/\/corvey.de\/wp-content\/uploads\/2020\/10\/logo-schloss-corvey.svg","contentUrl":"https:\/\/corvey.de\/wp-content\/uploads\/2020\/10\/logo-schloss-corvey.svg","width":1,"height":1,"caption":"Schloss Corvey"},"image":{"@id":"https:\/\/corvey.de\/#\/schema\/logo\/image\/"}}]}},"_links":{"self":[{"href":"https:\/\/corvey.de\/en\/wp-json\/wp\/v2\/pages\/389","targetHints":{"allow":["GET"]}}],"collection":[{"href":"https:\/\/corvey.de\/en\/wp-json\/wp\/v2\/pages"}],"about":[{"href":"https:\/\/corvey.de\/en\/wp-json\/wp\/v2\/types\/page"}],"author":[{"embeddable":true,"href":"https:\/\/corvey.de\/en\/wp-json\/wp\/v2\/users\/1"}],"replies":[{"embeddable":true,"href":"https:\/\/corvey.de\/en\/wp-json\/wp\/v2\/comments?post=389"}],"version-history":[{"count":16,"href":"https:\/\/corvey.de\/en\/wp-json\/wp\/v2\/pages\/389\/revisions"}],"predecessor-version":[{"id":2573,"href":"https:\/\/corvey.de\/en\/wp-json\/wp\/v2\/pages\/389\/revisions\/2573"}],"up":[{"embeddable":true,"href":"https:\/\/corvey.de\/en\/wp-json\/wp\/v2\/pages\/13"}],"wp:featuredmedia":[{"embeddable":true,"href":"https:\/\/corvey.de\/en\/wp-json\/wp\/v2\/media\/322"}],"wp:attachment":[{"href":"https:\/\/corvey.de\/en\/wp-json\/wp\/v2\/media?parent=389"}],"curies":[{"name":"wp","href":"https:\/\/api.w.org\/{rel}","templated":true}]}}