{"id":405,"date":"2020-10-06T16:44:09","date_gmt":"2020-10-06T14:44:09","guid":{"rendered":"https:\/\/corvey.de\/?page_id=405"},"modified":"2026-04-15T08:31:37","modified_gmt":"2026-04-15T06:31:37","slug":"partner-foerderer","status":"publish","type":"page","link":"https:\/\/corvey.de\/en\/partner\/partner-foerderer\/","title":{"rendered":"Partner &#038; F\u00f6rderer"},"content":{"rendered":"<h3><span class=\"format rot\">KUNST &#038; MUSIK<\/span><\/h3>\n<p><a href=\"http:\/\/www.owl-kulturbuero.de\" target=\"_blank\" rel=\"noopener noreferrer\">OWL Kulturb\u00fcro \/ Ostwestfalenlippe GmbH<\/a><\/p>\n<p><a href=\"http:\/\/www.museumsinitiative-owl.de\" target=\"_blank\" rel=\"noopener noreferrer\">Museumsinitiative OWL<\/a><\/p>\n<p><a href=\"http:\/\/www.lwl.org\" target=\"_blank\" rel=\"noopener noreferrer\">LWL-Landschaftsverband Westfalen-Lippe, Kulturabteilung<\/a><\/p>\n<p><a href=\"http:\/\/www.musikschule-hoexter.de\" target=\"_blank\" rel=\"noopener noreferrer\">Musikschule-H\u00f6xter<\/a><\/p>\n<p><a href=\"http:\/\/www.hv.spk-berlin.de\" target=\"_blank\" rel=\"noopener noreferrer\">Siftung Preussischer Kulturbesitz<\/a><\/p>\n<p><a href=\"https:\/\/www.philharmonische-gesellschaft-owl.de\/home\/\">Philharmonische Gesellschaft Ostwestfalen-Lippe<\/a><\/p>\n<h3><span class=\"format rot\"><br \/>\nBANKEN &#038; STIFTUNGEN<\/span><\/h3>\n<p><a href=\"http:\/\/www.sparkasse-hoexter.de\" target=\"_blank\" rel=\"noopener noreferrer\">Sparkasse H\u00f6xter<\/a><\/p>\n<p><a href=\"http:\/\/www.sparkasse-hoexter.de\" target=\"_blank\" rel=\"noopener noreferrer\">Sparkassenstiftung f\u00fcr den Kreis H\u00f6xter<\/a><\/p>\n<p><a href=\"http:\/\/www.volksbank-phd.de\" target=\"_blank\" rel=\"noopener noreferrer\">Volksbank Paderborn-H\u00f6xter-Detmold<\/a><\/p>\n<p><a href=\"http:\/\/www.lwl-kulturstiftung.de\" target=\"_blank\" rel=\"noopener noreferrer\">LWL-Kulturstiftung<\/a><\/p>\n<p><a href=\"http:\/\/www.provinzial-online.de\" target=\"_blank\" rel=\"noopener noreferrer\">Kulturstiftung der Westf\u00e4lischen PROVINZIAL-Versicherungen<\/a><\/p>\n<p>&nbsp;<\/p>\n<h3><span class=\"format blau rot\">MINISTERIEN &#038; REGIERUNG<\/span><\/h3>\n<p><a href=\"https:\/\/www.land.nrw\"><img loading=\"lazy\" decoding=\"async\" class=\"alignnone wp-image-646\" src=\"https:\/\/corvey.de\/wp-content\/uploads\/2020\/10\/image-6.png\" alt=\"\" width=\"201\" height=\"60\" srcset=\"https:\/\/corvey.de\/wp-content\/uploads\/2020\/10\/image-6.png 204w, https:\/\/corvey.de\/wp-content\/uploads\/2020\/10\/image-6-150x45.png 150w\" sizes=\"auto, (max-width: 201px) 100vw, 201px\" \/><\/a>\u00a0 \u00a0 \u00a0 \u00a0 \u00a0 \u00a0<a href=\"https:\/\/www.bezreg-detmold.nrw.de\"><img loading=\"lazy\" decoding=\"async\" class=\"alignnone wp-image-647\" src=\"https:\/\/corvey.de\/wp-content\/uploads\/2020\/10\/image-20.jpeg\" alt=\"\" width=\"159\" height=\"62\" srcset=\"https:\/\/corvey.de\/wp-content\/uploads\/2020\/10\/image-20.jpeg 167w, https:\/\/corvey.de\/wp-content\/uploads\/2020\/10\/image-20-150x58.jpeg 150w\" sizes=\"auto, (max-width: 159px) 100vw, 159px\" \/><\/a>\u00a0 \u00a0 \u00a0 \u00a0 \u00a0 \u00a0<a href=\"https:\/\/www.mkw.nrw\"><img loading=\"lazy\" decoding=\"async\" class=\"alignnone wp-image-664\" src=\"https:\/\/corvey.de\/wp-content\/uploads\/2020\/10\/image-9-300x62.png\" alt=\"\" width=\"271\" height=\"56\" srcset=\"https:\/\/corvey.de\/wp-content\/uploads\/2020\/10\/image-9-300x62.png 300w, https:\/\/corvey.de\/wp-content\/uploads\/2020\/10\/image-9-150x31.png 150w, https:\/\/corvey.de\/wp-content\/uploads\/2020\/10\/image-9.png 507w\" sizes=\"auto, (max-width: 271px) 100vw, 271px\" \/><\/a><\/p>\n<h3>\u00a0<a href=\"https:\/\/www.wirtschaft.nrw\"><img loading=\"lazy\" decoding=\"async\" class=\"alignnone wp-image-649\" src=\"https:\/\/corvey.de\/wp-content\/uploads\/2020\/10\/image-8.png\" alt=\"\" width=\"283\" height=\"51\" srcset=\"https:\/\/corvey.de\/wp-content\/uploads\/2020\/10\/image-8.png 300w, https:\/\/corvey.de\/wp-content\/uploads\/2020\/10\/image-8-150x27.png 150w\" sizes=\"auto, (max-width: 283px) 100vw, 283px\" \/><\/a>\u00a0 \u00a0 \u00a0 \u00a0 \u00a0\u00a0<img loading=\"lazy\" decoding=\"async\" class=\"alignnone wp-image-648\" src=\"https:\/\/corvey.de\/wp-content\/uploads\/2020\/10\/image-7-300x69.png\" alt=\"\" width=\"235\" height=\"54\" srcset=\"https:\/\/corvey.de\/wp-content\/uploads\/2020\/10\/image-7-300x69.png 300w, https:\/\/corvey.de\/wp-content\/uploads\/2020\/10\/image-7-150x34.png 150w, https:\/\/corvey.de\/wp-content\/uploads\/2020\/10\/image-7-520x119.png 520w, https:\/\/corvey.de\/wp-content\/uploads\/2020\/10\/image-7.png 650w\" sizes=\"auto, (max-width: 235px) 100vw, 235px\" \/><\/h3>\n<h3><\/h3>\n<h3><span class=\"format rot\">PROJEKTF\u00d6RDERUNG<\/span><\/h3>\n<h3><a href=\"https:\/\/www.nrw-tourismus.de\/\"><img loading=\"lazy\" decoding=\"async\" class=\"alignnone wp-image-3331\" src=\"https:\/\/corvey.de\/wp-content\/uploads\/2026\/04\/DeinNRW-230x300.jpg\" alt=\"\" width=\"114\" height=\"149\" srcset=\"https:\/\/corvey.de\/wp-content\/uploads\/2026\/04\/DeinNRW-230x300.jpg 230w, https:\/\/corvey.de\/wp-content\/uploads\/2026\/04\/DeinNRW-115x150.jpg 115w, https:\/\/corvey.de\/wp-content\/uploads\/2026\/04\/DeinNRW-399x520.jpg 399w, https:\/\/corvey.de\/wp-content\/uploads\/2026\/04\/DeinNRW.jpg 548w\" sizes=\"auto, (max-width: 114px) 100vw, 114px\" \/><\/a>\u00a0 \u00a0 <a href=\"https:\/\/kulturstaatsminister.de\/#\"><img loading=\"lazy\" decoding=\"async\" class=\"alignnone size-medium wp-image-3330\" src=\"https:\/\/corvey.de\/wp-content\/uploads\/2026\/04\/BKM_2017_Office_Farbe_de-004-300x128.jpg\" alt=\"\" width=\"300\" height=\"128\" srcset=\"https:\/\/corvey.de\/wp-content\/uploads\/2026\/04\/BKM_2017_Office_Farbe_de-004-300x128.jpg 300w, https:\/\/corvey.de\/wp-content\/uploads\/2026\/04\/BKM_2017_Office_Farbe_de-004-1024x438.jpg 1024w, https:\/\/corvey.de\/wp-content\/uploads\/2026\/04\/BKM_2017_Office_Farbe_de-004-150x64.jpg 150w, https:\/\/corvey.de\/wp-content\/uploads\/2026\/04\/BKM_2017_Office_Farbe_de-004-768x329.jpg 768w, https:\/\/corvey.de\/wp-content\/uploads\/2026\/04\/BKM_2017_Office_Farbe_de-004-1536x657.jpg 1536w, https:\/\/corvey.de\/wp-content\/uploads\/2026\/04\/BKM_2017_Office_Farbe_de-004-520x223.jpg 520w, https:\/\/corvey.de\/wp-content\/uploads\/2026\/04\/BKM_2017_Office_Farbe_de-004.jpg 1944w\" sizes=\"auto, (max-width: 300px) 100vw, 300px\" \/> \u00a0<img loading=\"lazy\" decoding=\"async\" class=\"alignnone  wp-image-3341\" src=\"https:\/\/corvey.de\/wp-content\/uploads\/2026\/04\/25_GRW_KeyVisual_RGB_hoch-212x300.jpg\" alt=\"\" width=\"117\" height=\"166\" srcset=\"https:\/\/corvey.de\/wp-content\/uploads\/2026\/04\/25_GRW_KeyVisual_RGB_hoch-212x300.jpg 212w, https:\/\/corvey.de\/wp-content\/uploads\/2026\/04\/25_GRW_KeyVisual_RGB_hoch-724x1024.jpg 724w, https:\/\/corvey.de\/wp-content\/uploads\/2026\/04\/25_GRW_KeyVisual_RGB_hoch-106x150.jpg 106w, https:\/\/corvey.de\/wp-content\/uploads\/2026\/04\/25_GRW_KeyVisual_RGB_hoch-768x1086.jpg 768w, https:\/\/corvey.de\/wp-content\/uploads\/2026\/04\/25_GRW_KeyVisual_RGB_hoch-1086x1536.jpg 1086w, https:\/\/corvey.de\/wp-content\/uploads\/2026\/04\/25_GRW_KeyVisual_RGB_hoch-1448x2048.jpg 1448w, https:\/\/corvey.de\/wp-content\/uploads\/2026\/04\/25_GRW_KeyVisual_RGB_hoch-368x520.jpg 368w, https:\/\/corvey.de\/wp-content\/uploads\/2026\/04\/25_GRW_KeyVisual_RGB_hoch.jpg 1754w\" sizes=\"auto, (max-width: 117px) 100vw, 117px\" \/><\/a><\/h3>\n<h3><\/h3>\n<h3><span class=\"format rot\">HOCHSCHULEN &#038; BILDUNGSEINRICHTUNGEN<\/span><\/h3>\n<p><a href=\"https:\/\/www.efre.nrw.de\"><img loading=\"lazy\" decoding=\"async\" class=\"alignnone size-medium wp-image-650\" src=\"https:\/\/corvey.de\/wp-content\/uploads\/2020\/10\/image-21.jpeg\" alt=\"\" width=\"200\" height=\"45\" srcset=\"https:\/\/corvey.de\/wp-content\/uploads\/2020\/10\/image-21.jpeg 200w, https:\/\/corvey.de\/wp-content\/uploads\/2020\/10\/image-21-150x34.jpeg 150w\" sizes=\"auto, (max-width: 200px) 100vw, 200px\" \/><\/a><\/p>\n<p>&nbsp;<\/p>\n<h3><span class=\"format rot\">TOURISTIK<\/span><\/h3>\n<h3><a href=\"https:\/\/www.hoexter-tourismus.de\"><img loading=\"lazy\" decoding=\"async\" class=\"alignnone size-medium wp-image-651\" src=\"https:\/\/corvey.de\/wp-content\/uploads\/2020\/10\/image-22.jpeg\" alt=\"\" width=\"117\" height=\"80\" \/><\/a>\u00a0 \u00a0 \u00a0 \u00a0 \u00a0<a href=\"https:\/\/www.kulturland.org\"><img loading=\"lazy\" decoding=\"async\" class=\"alignnone size-medium wp-image-652\" src=\"https:\/\/corvey.de\/wp-content\/uploads\/2020\/10\/image-23.jpeg\" alt=\"\" width=\"74\" height=\"80\" \/><\/a>\u00a0 \u00a0 \u00a0 <a href=\"http:\/\/www.weserbergland-tourismus.de\"><img loading=\"lazy\" decoding=\"async\" class=\"alignnone wp-image-653\" src=\"https:\/\/corvey.de\/wp-content\/uploads\/2020\/10\/image-24.jpeg\" alt=\"\" width=\"238\" height=\"44\" srcset=\"https:\/\/corvey.de\/wp-content\/uploads\/2020\/10\/image-24.jpeg 200w, https:\/\/corvey.de\/wp-content\/uploads\/2020\/10\/image-24-150x28.jpeg 150w\" sizes=\"auto, (max-width: 238px) 100vw, 238px\" \/><\/a><\/h3>\n<p>&nbsp;<\/p>\n<h3><a href=\"https:\/\/www.teutoburgerwald.de\"><img loading=\"lazy\" decoding=\"async\" class=\"alignnone wp-image-654\" src=\"https:\/\/corvey.de\/wp-content\/uploads\/2020\/10\/image-25.jpeg\" alt=\"\" width=\"165\" height=\"62\" srcset=\"https:\/\/corvey.de\/wp-content\/uploads\/2020\/10\/image-25.jpeg 200w, https:\/\/corvey.de\/wp-content\/uploads\/2020\/10\/image-25-150x56.jpeg 150w\" sizes=\"auto, (max-width: 165px) 100vw, 165px\" \/><\/a>\u00a0 \u00a0 \u00a0 \u00a0 \u00a0<a href=\"https:\/\/sieben-schloesser.de\"><img loading=\"lazy\" decoding=\"async\" class=\"alignnone wp-image-655\" src=\"https:\/\/corvey.de\/wp-content\/uploads\/2020\/10\/image-26.jpeg\" alt=\"\" width=\"142\" height=\"67\" srcset=\"https:\/\/corvey.de\/wp-content\/uploads\/2020\/10\/image-26.jpeg 169w, https:\/\/corvey.de\/wp-content\/uploads\/2020\/10\/image-26-150x71.jpeg 150w\" sizes=\"auto, (max-width: 142px) 100vw, 142px\" \/><\/a>\u00a0 \u00a0 \u00a0 \u00a0\u00a0 \u00a0\u00a0 <a href=\"https:\/\/flotte-weser.de\"><img loading=\"lazy\" decoding=\"async\" class=\"alignnone size-medium wp-image-656\" src=\"https:\/\/corvey.de\/wp-content\/uploads\/2020\/10\/image-27.jpeg\" alt=\"\" width=\"110\" height=\"80\" \/><\/a><\/h3>\n<p>&nbsp;<\/p>\n<h3><span class=\"format rot\">BAU- UND DENKMALPFLEGE, ARCH\u00c4OLOGIE<\/span><\/h3>\n<h3><a href=\"http:\/\/www.nrw-stiftung.de\"><img loading=\"lazy\" decoding=\"async\" class=\"alignnone wp-image-657\" src=\"https:\/\/corvey.de\/wp-content\/uploads\/2020\/10\/image-28.jpeg\" alt=\"\" width=\"238\" height=\"57\" srcset=\"https:\/\/corvey.de\/wp-content\/uploads\/2020\/10\/image-28.jpeg 200w, https:\/\/corvey.de\/wp-content\/uploads\/2020\/10\/image-28-150x36.jpeg 150w\" sizes=\"auto, (max-width: 238px) 100vw, 238px\" \/> <\/a>\u00a0 \u00a0 \u00a0 \u00a0 \u00a0 \u00a0 \u00a0<a href=\"https:\/\/www.lwl-archaeologie.de\/de\/\"><img loading=\"lazy\" decoding=\"async\" class=\"alignnone wp-image-658\" src=\"https:\/\/corvey.de\/wp-content\/uploads\/2020\/10\/image-29.jpeg\" alt=\"\" width=\"112\" height=\"52\" srcset=\"https:\/\/corvey.de\/wp-content\/uploads\/2020\/10\/image-29.jpeg 173w, https:\/\/corvey.de\/wp-content\/uploads\/2020\/10\/image-29-150x69.jpeg 150w\" sizes=\"auto, (max-width: 112px) 100vw, 112px\" \/><\/a>\u00a0 \u00a0 \u00a0 \u00a0 \u00a0 \u00a0<a href=\"https:\/\/www.hoexter.de\"><img loading=\"lazy\" decoding=\"async\" class=\"alignnone wp-image-659\" src=\"https:\/\/corvey.de\/wp-content\/uploads\/2020\/10\/image-30.jpeg\" alt=\"\" width=\"121\" height=\"83\" \/><\/a><\/h3>\n","protected":false},"excerpt":{"rendered":"<p>KUNST &#038; MUSIK OWL Kulturb\u00fcro \/ Ostwestfalenlippe GmbH Museumsinitiative OWL LWL-Landschaftsverband Westfalen-Lippe, Kulturabteilung Musikschule-H\u00f6xter Siftung Preussischer Kulturbesitz Philharmonische Gesellschaft Ostwestfalen-Lippe BANKEN &#038; STIFTUNGEN Sparkasse H\u00f6xter Sparkassenstiftung f\u00fcr den Kreis H\u00f6xter Volksbank Paderborn-H\u00f6xter-Detmold LWL-Kulturstiftung Kulturstiftung der Westf\u00e4lischen PROVINZIAL-Versicherungen &nbsp; MINISTERIEN &#038; REGIERUNG \u00a0 \u00a0 \u00a0 \u00a0 \u00a0 \u00a0\u00a0 \u00a0 \u00a0 \u00a0 \u00a0 \u00a0 \u00a0\u00a0 \u00a0 \u00a0 [&hellip;]<\/p>\n","protected":false},"author":1,"featured_media":214,"parent":13,"menu_order":5,"comment_status":"closed","ping_status":"closed","template":"","meta":{"_acf_changed":false,"footnotes":""},"class_list":["post-405","page","type-page","status-publish","has-post-thumbnail","hentry"],"acf":[],"yoast_head":"<!-- This site is optimized with the Yoast SEO plugin v24.0 - https:\/\/yoast.com\/wordpress\/plugins\/seo\/ -->\n<title>Partner &amp; F\u00f6rderer &#8226; Welterbe Corvey<\/title>\n<meta name=\"robots\" content=\"index, follow, max-snippet:-1, max-image-preview:large, max-video-preview:-1\" \/>\n<link rel=\"canonical\" href=\"https:\/\/corvey.de\/en\/partner\/partner-foerderer\/\" \/>\n<meta property=\"og:locale\" content=\"en_US\" \/>\n<meta property=\"og:locale:alternate\" content=\"de_DE\" \/>\n<meta property=\"og:type\" content=\"article\" \/>\n<meta property=\"og:title\" content=\"Partner &amp; F\u00f6rderer\" \/>\n<meta property=\"og:description\" content=\"KUNST &amp; MUSIK OWL Kulturb\u00fcro \/ Ostwestfalenlippe GmbH Museumsinitiative OWL LWL-Landschaftsverband Westfalen-Lippe, Kulturabteilung Musikschule-H\u00f6xter Siftung Preussischer Kulturbesitz Philharmonische Gesellschaft Ostwestfalen-Lippe BANKEN &amp; STIFTUNGEN Sparkasse H\u00f6xter Sparkassenstiftung f\u00fcr den Kreis H\u00f6xter Volksbank Paderborn-H\u00f6xter-Detmold LWL-Kulturstiftung Kulturstiftung der Westf\u00e4lischen PROVINZIAL-Versicherungen &nbsp; MINISTERIEN &amp; REGIERUNG \u00a0 \u00a0 \u00a0 \u00a0 \u00a0 \u00a0\u00a0 \u00a0 \u00a0 \u00a0 \u00a0 \u00a0 \u00a0\u00a0 \u00a0 \u00a0 [&hellip;]\" \/>\n<meta property=\"og:url\" content=\"https:\/\/corvey.de\/en\/partner\/partner-foerderer\/\" \/>\n<meta property=\"og:site_name\" content=\"Welterbe Corvey\" \/>\n<meta property=\"article:modified_time\" content=\"2026-04-15T06:31:37+00:00\" \/>\n<meta property=\"og:image\" content=\"https:\/\/corvey.de\/wp-content\/uploads\/2020\/10\/19-Westwerk-Joh.-Chor_DSC8478-scaled.jpg\" \/>\n\t<meta property=\"og:image:width\" content=\"2560\" \/>\n\t<meta property=\"og:image:height\" content=\"1701\" \/>\n\t<meta property=\"og:image:type\" content=\"image\/jpeg\" \/>\n<meta name=\"twitter:card\" content=\"summary_large_image\" \/>\n<meta name=\"twitter:label1\" content=\"Est. reading time\" \/>\n\t<meta name=\"twitter:data1\" content=\"5 minutes\" \/>\n<script type=\"application\/ld+json\" class=\"yoast-schema-graph\">{\"@context\":\"https:\/\/schema.org\",\"@graph\":[{\"@type\":\"WebPage\",\"@id\":\"https:\/\/corvey.de\/partner\/partner-foerderer\/\",\"url\":\"https:\/\/corvey.de\/partner\/partner-foerderer\/\",\"name\":\"Partner & F\u00f6rderer\",\"isPartOf\":{\"@id\":\"https:\/\/corvey.de\/#website\"},\"primaryImageOfPage\":{\"@id\":\"https:\/\/corvey.de\/partner\/partner-foerderer\/#primaryimage\"},\"image\":{\"@id\":\"https:\/\/corvey.de\/partner\/partner-foerderer\/#primaryimage\"},\"thumbnailUrl\":\"https:\/\/corvey.de\/wp-content\/uploads\/2020\/10\/19-Westwerk-Joh.-Chor_DSC8478-scaled.jpg\",\"datePublished\":\"2020-10-06T14:44:09+00:00\",\"dateModified\":\"2026-04-15T06:31:37+00:00\",\"breadcrumb\":{\"@id\":\"https:\/\/corvey.de\/partner\/partner-foerderer\/#breadcrumb\"},\"inLanguage\":\"en-US\",\"potentialAction\":[{\"@type\":\"ReadAction\",\"target\":[\"https:\/\/corvey.de\/partner\/partner-foerderer\/\"]}]},{\"@type\":\"ImageObject\",\"inLanguage\":\"en-US\",\"@id\":\"https:\/\/corvey.de\/partner\/partner-foerderer\/#primaryimage\",\"url\":\"https:\/\/corvey.de\/wp-content\/uploads\/2020\/10\/19-Westwerk-Joh.-Chor_DSC8478-scaled.jpg\",\"contentUrl\":\"https:\/\/corvey.de\/wp-content\/uploads\/2020\/10\/19-Westwerk-Joh.-Chor_DSC8478-scaled.jpg\",\"width\":2560,\"height\":1701},{\"@type\":\"BreadcrumbList\",\"@id\":\"https:\/\/corvey.de\/partner\/partner-foerderer\/#breadcrumb\",\"itemListElement\":[{\"@type\":\"ListItem\",\"position\":1,\"name\":\"Home\",\"item\":\"https:\/\/corvey.de\/\"},{\"@type\":\"ListItem\",\"position\":2,\"name\":\"Partner\",\"item\":\"https:\/\/corvey.de\/partner\/\"},{\"@type\":\"ListItem\",\"position\":3,\"name\":\"Partner &#038; F\u00f6rderer\"}]},{\"@type\":\"WebSite\",\"@id\":\"https:\/\/corvey.de\/#website\",\"url\":\"https:\/\/corvey.de\/\",\"name\":\"Schloss Corvey\",\"description\":\"\",\"publisher\":{\"@id\":\"https:\/\/corvey.de\/#organization\"},\"potentialAction\":[{\"@type\":\"SearchAction\",\"target\":{\"@type\":\"EntryPoint\",\"urlTemplate\":\"https:\/\/corvey.de\/?s={search_term_string}\"},\"query-input\":{\"@type\":\"PropertyValueSpecification\",\"valueRequired\":true,\"valueName\":\"search_term_string\"}}],\"inLanguage\":\"en-US\"},{\"@type\":\"Organization\",\"@id\":\"https:\/\/corvey.de\/#organization\",\"name\":\"Schloss Corvey\",\"url\":\"https:\/\/corvey.de\/\",\"logo\":{\"@type\":\"ImageObject\",\"inLanguage\":\"en-US\",\"@id\":\"https:\/\/corvey.de\/#\/schema\/logo\/image\/\",\"url\":\"https:\/\/corvey.de\/wp-content\/uploads\/2020\/10\/logo-schloss-corvey.svg\",\"contentUrl\":\"https:\/\/corvey.de\/wp-content\/uploads\/2020\/10\/logo-schloss-corvey.svg\",\"width\":1,\"height\":1,\"caption\":\"Schloss Corvey\"},\"image\":{\"@id\":\"https:\/\/corvey.de\/#\/schema\/logo\/image\/\"}}]}<\/script>\n<!-- \/ Yoast SEO plugin. -->","yoast_head_json":{"title":"Partner & F\u00f6rderer &#8226; Welterbe Corvey","robots":{"index":"index","follow":"follow","max-snippet":"max-snippet:-1","max-image-preview":"max-image-preview:large","max-video-preview":"max-video-preview:-1"},"canonical":"https:\/\/corvey.de\/en\/partner\/partner-foerderer\/","og_locale":"en_US","og_type":"article","og_title":"[:de]Partner & F\u00f6rderer[:] &#8226; Welterbe Corvey","og_description":"KUNST &#038; MUSIK OWL Kulturb\u00fcro \/ Ostwestfalenlippe GmbH Museumsinitiative OWL LWL-Landschaftsverband Westfalen-Lippe, Kulturabteilung Musikschule-H\u00f6xter Siftung Preussischer Kulturbesitz Philharmonische Gesellschaft Ostwestfalen-Lippe BANKEN &#038; STIFTUNGEN Sparkasse H\u00f6xter Sparkassenstiftung f\u00fcr den Kreis H\u00f6xter Volksbank Paderborn-H\u00f6xter-Detmold LWL-Kulturstiftung Kulturstiftung der Westf\u00e4lischen PROVINZIAL-Versicherungen &nbsp; MINISTERIEN &#038; REGIERUNG \u00a0 \u00a0 \u00a0 \u00a0 \u00a0 \u00a0\u00a0 \u00a0 \u00a0 \u00a0 \u00a0 \u00a0 \u00a0\u00a0 \u00a0 \u00a0 [&hellip;]","og_url":"https:\/\/corvey.de\/en\/partner\/partner-foerderer\/","og_site_name":"Welterbe Corvey","article_modified_time":"2026-04-15T06:31:37+00:00","og_image":[{"width":2560,"height":1701,"url":"https:\/\/corvey.de\/wp-content\/uploads\/2020\/10\/19-Westwerk-Joh.-Chor_DSC8478-scaled.jpg","type":"image\/jpeg"}],"twitter_card":"summary_large_image","twitter_misc":{"Est. reading time":"5 minutes"},"schema":{"@context":"https:\/\/schema.org","@graph":[{"@type":"WebPage","@id":"https:\/\/corvey.de\/partner\/partner-foerderer\/","url":"https:\/\/corvey.de\/partner\/partner-foerderer\/","name":"Partner & F\u00f6rderer","isPartOf":{"@id":"https:\/\/corvey.de\/#website"},"primaryImageOfPage":{"@id":"https:\/\/corvey.de\/partner\/partner-foerderer\/#primaryimage"},"image":{"@id":"https:\/\/corvey.de\/partner\/partner-foerderer\/#primaryimage"},"thumbnailUrl":"https:\/\/corvey.de\/wp-content\/uploads\/2020\/10\/19-Westwerk-Joh.-Chor_DSC8478-scaled.jpg","datePublished":"2020-10-06T14:44:09+00:00","dateModified":"2026-04-15T06:31:37+00:00","breadcrumb":{"@id":"https:\/\/corvey.de\/partner\/partner-foerderer\/#breadcrumb"},"inLanguage":"en-US","potentialAction":[{"@type":"ReadAction","target":["https:\/\/corvey.de\/partner\/partner-foerderer\/"]}]},{"@type":"ImageObject","inLanguage":"en-US","@id":"https:\/\/corvey.de\/partner\/partner-foerderer\/#primaryimage","url":"https:\/\/corvey.de\/wp-content\/uploads\/2020\/10\/19-Westwerk-Joh.-Chor_DSC8478-scaled.jpg","contentUrl":"https:\/\/corvey.de\/wp-content\/uploads\/2020\/10\/19-Westwerk-Joh.-Chor_DSC8478-scaled.jpg","width":2560,"height":1701},{"@type":"BreadcrumbList","@id":"https:\/\/corvey.de\/partner\/partner-foerderer\/#breadcrumb","itemListElement":[{"@type":"ListItem","position":1,"name":"Home","item":"https:\/\/corvey.de\/"},{"@type":"ListItem","position":2,"name":"Partner","item":"https:\/\/corvey.de\/partner\/"},{"@type":"ListItem","position":3,"name":"Partner &#038; F\u00f6rderer"}]},{"@type":"WebSite","@id":"https:\/\/corvey.de\/#website","url":"https:\/\/corvey.de\/","name":"Schloss Corvey","description":"","publisher":{"@id":"https:\/\/corvey.de\/#organization"},"potentialAction":[{"@type":"SearchAction","target":{"@type":"EntryPoint","urlTemplate":"https:\/\/corvey.de\/?s={search_term_string}"},"query-input":{"@type":"PropertyValueSpecification","valueRequired":true,"valueName":"search_term_string"}}],"inLanguage":"en-US"},{"@type":"Organization","@id":"https:\/\/corvey.de\/#organization","name":"Schloss Corvey","url":"https:\/\/corvey.de\/","logo":{"@type":"ImageObject","inLanguage":"en-US","@id":"https:\/\/corvey.de\/#\/schema\/logo\/image\/","url":"https:\/\/corvey.de\/wp-content\/uploads\/2020\/10\/logo-schloss-corvey.svg","contentUrl":"https:\/\/corvey.de\/wp-content\/uploads\/2020\/10\/logo-schloss-corvey.svg","width":1,"height":1,"caption":"Schloss Corvey"},"image":{"@id":"https:\/\/corvey.de\/#\/schema\/logo\/image\/"}}]}},"_links":{"self":[{"href":"https:\/\/corvey.de\/en\/wp-json\/wp\/v2\/pages\/405","targetHints":{"allow":["GET"]}}],"collection":[{"href":"https:\/\/corvey.de\/en\/wp-json\/wp\/v2\/pages"}],"about":[{"href":"https:\/\/corvey.de\/en\/wp-json\/wp\/v2\/types\/page"}],"author":[{"embeddable":true,"href":"https:\/\/corvey.de\/en\/wp-json\/wp\/v2\/users\/1"}],"replies":[{"embeddable":true,"href":"https:\/\/corvey.de\/en\/wp-json\/wp\/v2\/comments?post=405"}],"version-history":[{"count":38,"href":"https:\/\/corvey.de\/en\/wp-json\/wp\/v2\/pages\/405\/revisions"}],"predecessor-version":[{"id":3346,"href":"https:\/\/corvey.de\/en\/wp-json\/wp\/v2\/pages\/405\/revisions\/3346"}],"up":[{"embeddable":true,"href":"https:\/\/corvey.de\/en\/wp-json\/wp\/v2\/pages\/13"}],"wp:featuredmedia":[{"embeddable":true,"href":"https:\/\/corvey.de\/en\/wp-json\/wp\/v2\/media\/214"}],"wp:attachment":[{"href":"https:\/\/corvey.de\/en\/wp-json\/wp\/v2\/media?parent=405"}],"curies":[{"name":"wp","href":"https:\/\/api.w.org\/{rel}","templated":true}]}}