{"id":452,"date":"2020-10-06T17:26:59","date_gmt":"2020-10-06T15:26:59","guid":{"rendered":"https:\/\/corvey.de\/?page_id=452"},"modified":"2023-04-22T08:07:19","modified_gmt":"2023-04-22T06:07:19","slug":"anfahrt-parken","status":"publish","type":"page","link":"https:\/\/corvey.de\/en\/anfahrt-parken\/","title":{"rendered":"Anfahrt &#038; Parken"},"content":{"rendered":"<h3><span class=\"format rot\">Navigation<\/span><\/h3>\n<p>Sollten Sie mit Hilfe eines Autonavigationsger\u00e4tes anreisen, nutzen Sie die Navigationsadresse \u201e<b>Corvey<\/b>\u201c.<br \/>\nParkpl\u00e4tze stehen Ihnen auf dem Besucherparkplatz der Landesgartenschau vor der Welterbest\u00e4tte zur Verf\u00fcgung. Besondere Parkpl\u00e4tze f\u00fcr Menschen mit Behinderung sowie Busparkpl\u00e4tze finden Sie unmittelbar vor dem Haupteingang.<\/p>\n<p>&nbsp;<\/p>\n<h3><span class=\"format rot\">Busparkpl\u00e4tze<\/span><\/h3>\n<p>20 kostenlose\u00a0Busparkpl\u00e4tze befinden sich direkt vor der Welterbest\u00e4tte<\/p>\n<p><strong>Bus-Waschm\u00f6glichkeit<br \/>\n<\/strong>Spedition Fricke, Zur L\u00fcre 46, 37671 H\u00f6xter, Tel. +49(0)5271 2400<\/p>\n<p><strong>Bus Wartung<br \/>\n<\/strong>Beineke Automobile, L\u00fctmarser Str. 26, 37671 H\u00f6xter, Tel. +49(0)5271 97097<\/p>\n<p>&nbsp;<\/p>\n<h3><span class=\"format rot\">Bahn<\/span><\/h3>\n<p>Bahnhaltepunkt \u201eH\u00f6xter-Rathaus\u201c, Busverkehr mit HOLIBRI bis \u201eCorvey\u201c. Alternativ BIMMELBAHN der Landesgartenschau oder per SCHIFF (siehe unten)<\/p>\n<p>&nbsp;<\/p>\n<h3><span class=\"format rot\">Fahrrad<\/span><\/h3>\n<p>Corvey liegt direkt am Weser-Radweg R99 und dem Europa-Radweg R1 zwischen H\u00f6xter und Holzminden. Es stehen ausreichend Fahrradparkpl\u00e4tze sowie <b>absperrbare Boxen mit kostenloser Ladem\u00f6glichkeit f\u00fcr E-Bikes <\/b>zur Verf\u00fcgung.<\/p>\n<p>&nbsp;<\/p>\n<h3><span class=\"format rot\">Schiff<\/span><\/h3>\n<p>Mit der Flotte Weser aus H\u00f6xter bis zum Anleger Corvey. Pendelverkehr bis Mitte Oktober.<\/p>\n","protected":false},"excerpt":{"rendered":"<p>Navigation Sollten Sie mit Hilfe eines Autonavigationsger\u00e4tes anreisen, nutzen Sie die Navigationsadresse \u201eCorvey\u201c. Parkpl\u00e4tze stehen Ihnen auf dem Besucherparkplatz der Landesgartenschau vor der Welterbest\u00e4tte zur Verf\u00fcgung. Besondere Parkpl\u00e4tze f\u00fcr Menschen mit Behinderung sowie Busparkpl\u00e4tze finden Sie unmittelbar vor dem Haupteingang. &nbsp; Busparkpl\u00e4tze 20 kostenlose\u00a0Busparkpl\u00e4tze befinden sich direkt vor der Welterbest\u00e4tte Bus-Waschm\u00f6glichkeit Spedition Fricke, Zur L\u00fcre [&hellip;]<\/p>\n","protected":false},"author":1,"featured_media":617,"parent":0,"menu_order":0,"comment_status":"closed","ping_status":"closed","template":"","meta":{"_acf_changed":false,"footnotes":""},"class_list":["post-452","page","type-page","status-publish","has-post-thumbnail","hentry"],"acf":[],"yoast_head":"<!-- This site is optimized with the Yoast SEO plugin v24.0 - https:\/\/yoast.com\/wordpress\/plugins\/seo\/ -->\n<title>Anfahrt &amp; Parken &#8226; Welterbe Corvey<\/title>\n<meta name=\"robots\" content=\"index, follow, max-snippet:-1, max-image-preview:large, max-video-preview:-1\" \/>\n<link rel=\"canonical\" href=\"https:\/\/corvey.de\/en\/besucher__trashed\/anfahrt-parken\/\" \/>\n<meta property=\"og:locale\" content=\"en_US\" \/>\n<meta property=\"og:locale:alternate\" content=\"de_DE\" \/>\n<meta property=\"og:type\" content=\"article\" \/>\n<meta property=\"og:title\" content=\"Anfahrt &amp; Parken\" \/>\n<meta property=\"og:description\" content=\"Navigation Sollten Sie mit Hilfe eines Autonavigationsger\u00e4tes anreisen, nutzen Sie die Navigationsadresse \u201eCorvey\u201c. Parkpl\u00e4tze stehen Ihnen auf dem Besucherparkplatz der Landesgartenschau vor der Welterbest\u00e4tte zur Verf\u00fcgung. Besondere Parkpl\u00e4tze f\u00fcr Menschen mit Behinderung sowie Busparkpl\u00e4tze finden Sie unmittelbar vor dem Haupteingang. &nbsp; Busparkpl\u00e4tze 20 kostenlose\u00a0Busparkpl\u00e4tze befinden sich direkt vor der Welterbest\u00e4tte Bus-Waschm\u00f6glichkeit Spedition Fricke, Zur L\u00fcre [&hellip;]\" \/>\n<meta property=\"og:url\" content=\"https:\/\/corvey.de\/en\/anfahrt-parken\/\" \/>\n<meta property=\"og:site_name\" content=\"Welterbe Corvey\" \/>\n<meta property=\"article:modified_time\" content=\"2023-04-22T06:07:19+00:00\" \/>\n<meta property=\"og:image\" content=\"https:\/\/corvey.de\/wp-content\/uploads\/2020\/10\/DSC9773-scaled.jpg\" \/>\n\t<meta property=\"og:image:width\" content=\"2560\" \/>\n\t<meta property=\"og:image:height\" content=\"1703\" \/>\n\t<meta property=\"og:image:type\" content=\"image\/jpeg\" \/>\n<meta name=\"twitter:card\" content=\"summary_large_image\" \/>\n<meta name=\"twitter:label1\" content=\"Est. reading time\" \/>\n\t<meta name=\"twitter:data1\" content=\"1 minute\" \/>\n<script type=\"application\/ld+json\" class=\"yoast-schema-graph\">{\"@context\":\"https:\/\/schema.org\",\"@graph\":[{\"@type\":\"WebPage\",\"@id\":\"https:\/\/corvey.de\/besucher__trashed\/anfahrt-parken\/\",\"url\":\"https:\/\/corvey.de\/besucher__trashed\/anfahrt-parken\/\",\"name\":\"Anfahrt & Parken\",\"isPartOf\":{\"@id\":\"https:\/\/corvey.de\/#website\"},\"primaryImageOfPage\":{\"@id\":\"https:\/\/corvey.de\/besucher__trashed\/anfahrt-parken\/#primaryimage\"},\"image\":{\"@id\":\"https:\/\/corvey.de\/besucher__trashed\/anfahrt-parken\/#primaryimage\"},\"thumbnailUrl\":\"https:\/\/corvey.de\/wp-content\/uploads\/2020\/10\/DSC9773-scaled.jpg\",\"datePublished\":\"2020-10-06T15:26:59+00:00\",\"dateModified\":\"2023-04-22T06:07:19+00:00\",\"breadcrumb\":{\"@id\":\"https:\/\/corvey.de\/besucher__trashed\/anfahrt-parken\/#breadcrumb\"},\"inLanguage\":\"en-US\",\"potentialAction\":[{\"@type\":\"ReadAction\",\"target\":[\"https:\/\/corvey.de\/besucher__trashed\/anfahrt-parken\/\"]}]},{\"@type\":\"ImageObject\",\"inLanguage\":\"en-US\",\"@id\":\"https:\/\/corvey.de\/besucher__trashed\/anfahrt-parken\/#primaryimage\",\"url\":\"https:\/\/corvey.de\/wp-content\/uploads\/2020\/10\/DSC9773-scaled.jpg\",\"contentUrl\":\"https:\/\/corvey.de\/wp-content\/uploads\/2020\/10\/DSC9773-scaled.jpg\",\"width\":2560,\"height\":1703},{\"@type\":\"BreadcrumbList\",\"@id\":\"https:\/\/corvey.de\/besucher__trashed\/anfahrt-parken\/#breadcrumb\",\"itemListElement\":[{\"@type\":\"ListItem\",\"position\":1,\"name\":\"Home\",\"item\":\"https:\/\/corvey.de\/\"},{\"@type\":\"ListItem\",\"position\":2,\"name\":\"Anfahrt &#038; Parken\"}]},{\"@type\":\"WebSite\",\"@id\":\"https:\/\/corvey.de\/#website\",\"url\":\"https:\/\/corvey.de\/\",\"name\":\"Schloss Corvey\",\"description\":\"\",\"publisher\":{\"@id\":\"https:\/\/corvey.de\/#organization\"},\"potentialAction\":[{\"@type\":\"SearchAction\",\"target\":{\"@type\":\"EntryPoint\",\"urlTemplate\":\"https:\/\/corvey.de\/?s={search_term_string}\"},\"query-input\":{\"@type\":\"PropertyValueSpecification\",\"valueRequired\":true,\"valueName\":\"search_term_string\"}}],\"inLanguage\":\"en-US\"},{\"@type\":\"Organization\",\"@id\":\"https:\/\/corvey.de\/#organization\",\"name\":\"Schloss Corvey\",\"url\":\"https:\/\/corvey.de\/\",\"logo\":{\"@type\":\"ImageObject\",\"inLanguage\":\"en-US\",\"@id\":\"https:\/\/corvey.de\/#\/schema\/logo\/image\/\",\"url\":\"https:\/\/corvey.de\/wp-content\/uploads\/2020\/10\/logo-schloss-corvey.svg\",\"contentUrl\":\"https:\/\/corvey.de\/wp-content\/uploads\/2020\/10\/logo-schloss-corvey.svg\",\"width\":1,\"height\":1,\"caption\":\"Schloss Corvey\"},\"image\":{\"@id\":\"https:\/\/corvey.de\/#\/schema\/logo\/image\/\"}}]}<\/script>\n<!-- \/ Yoast SEO plugin. -->","yoast_head_json":{"title":"Anfahrt & Parken &#8226; Welterbe Corvey","robots":{"index":"index","follow":"follow","max-snippet":"max-snippet:-1","max-image-preview":"max-image-preview:large","max-video-preview":"max-video-preview:-1"},"canonical":"https:\/\/corvey.de\/en\/besucher__trashed\/anfahrt-parken\/","og_locale":"en_US","og_type":"article","og_title":"[:de]Anfahrt & Parken[:] &#8226; Welterbe Corvey","og_description":"Navigation Sollten Sie mit Hilfe eines Autonavigationsger\u00e4tes anreisen, nutzen Sie die Navigationsadresse \u201eCorvey\u201c. Parkpl\u00e4tze stehen Ihnen auf dem Besucherparkplatz der Landesgartenschau vor der Welterbest\u00e4tte zur Verf\u00fcgung. Besondere Parkpl\u00e4tze f\u00fcr Menschen mit Behinderung sowie Busparkpl\u00e4tze finden Sie unmittelbar vor dem Haupteingang. &nbsp; Busparkpl\u00e4tze 20 kostenlose\u00a0Busparkpl\u00e4tze befinden sich direkt vor der Welterbest\u00e4tte Bus-Waschm\u00f6glichkeit Spedition Fricke, Zur L\u00fcre [&hellip;]","og_url":"https:\/\/corvey.de\/en\/anfahrt-parken\/","og_site_name":"Welterbe Corvey","article_modified_time":"2023-04-22T06:07:19+00:00","og_image":[{"width":2560,"height":1703,"url":"https:\/\/corvey.de\/wp-content\/uploads\/2020\/10\/DSC9773-scaled.jpg","type":"image\/jpeg"}],"twitter_card":"summary_large_image","twitter_misc":{"Est. reading time":"1 minute"},"schema":{"@context":"https:\/\/schema.org","@graph":[{"@type":"WebPage","@id":"https:\/\/corvey.de\/besucher__trashed\/anfahrt-parken\/","url":"https:\/\/corvey.de\/besucher__trashed\/anfahrt-parken\/","name":"Anfahrt & Parken","isPartOf":{"@id":"https:\/\/corvey.de\/#website"},"primaryImageOfPage":{"@id":"https:\/\/corvey.de\/besucher__trashed\/anfahrt-parken\/#primaryimage"},"image":{"@id":"https:\/\/corvey.de\/besucher__trashed\/anfahrt-parken\/#primaryimage"},"thumbnailUrl":"https:\/\/corvey.de\/wp-content\/uploads\/2020\/10\/DSC9773-scaled.jpg","datePublished":"2020-10-06T15:26:59+00:00","dateModified":"2023-04-22T06:07:19+00:00","breadcrumb":{"@id":"https:\/\/corvey.de\/besucher__trashed\/anfahrt-parken\/#breadcrumb"},"inLanguage":"en-US","potentialAction":[{"@type":"ReadAction","target":["https:\/\/corvey.de\/besucher__trashed\/anfahrt-parken\/"]}]},{"@type":"ImageObject","inLanguage":"en-US","@id":"https:\/\/corvey.de\/besucher__trashed\/anfahrt-parken\/#primaryimage","url":"https:\/\/corvey.de\/wp-content\/uploads\/2020\/10\/DSC9773-scaled.jpg","contentUrl":"https:\/\/corvey.de\/wp-content\/uploads\/2020\/10\/DSC9773-scaled.jpg","width":2560,"height":1703},{"@type":"BreadcrumbList","@id":"https:\/\/corvey.de\/besucher__trashed\/anfahrt-parken\/#breadcrumb","itemListElement":[{"@type":"ListItem","position":1,"name":"Home","item":"https:\/\/corvey.de\/"},{"@type":"ListItem","position":2,"name":"Anfahrt &#038; Parken"}]},{"@type":"WebSite","@id":"https:\/\/corvey.de\/#website","url":"https:\/\/corvey.de\/","name":"Schloss Corvey","description":"","publisher":{"@id":"https:\/\/corvey.de\/#organization"},"potentialAction":[{"@type":"SearchAction","target":{"@type":"EntryPoint","urlTemplate":"https:\/\/corvey.de\/?s={search_term_string}"},"query-input":{"@type":"PropertyValueSpecification","valueRequired":true,"valueName":"search_term_string"}}],"inLanguage":"en-US"},{"@type":"Organization","@id":"https:\/\/corvey.de\/#organization","name":"Schloss Corvey","url":"https:\/\/corvey.de\/","logo":{"@type":"ImageObject","inLanguage":"en-US","@id":"https:\/\/corvey.de\/#\/schema\/logo\/image\/","url":"https:\/\/corvey.de\/wp-content\/uploads\/2020\/10\/logo-schloss-corvey.svg","contentUrl":"https:\/\/corvey.de\/wp-content\/uploads\/2020\/10\/logo-schloss-corvey.svg","width":1,"height":1,"caption":"Schloss Corvey"},"image":{"@id":"https:\/\/corvey.de\/#\/schema\/logo\/image\/"}}]}},"_links":{"self":[{"href":"https:\/\/corvey.de\/en\/wp-json\/wp\/v2\/pages\/452","targetHints":{"allow":["GET"]}}],"collection":[{"href":"https:\/\/corvey.de\/en\/wp-json\/wp\/v2\/pages"}],"about":[{"href":"https:\/\/corvey.de\/en\/wp-json\/wp\/v2\/types\/page"}],"author":[{"embeddable":true,"href":"https:\/\/corvey.de\/en\/wp-json\/wp\/v2\/users\/1"}],"replies":[{"embeddable":true,"href":"https:\/\/corvey.de\/en\/wp-json\/wp\/v2\/comments?post=452"}],"version-history":[{"count":10,"href":"https:\/\/corvey.de\/en\/wp-json\/wp\/v2\/pages\/452\/revisions"}],"predecessor-version":[{"id":2072,"href":"https:\/\/corvey.de\/en\/wp-json\/wp\/v2\/pages\/452\/revisions\/2072"}],"wp:featuredmedia":[{"embeddable":true,"href":"https:\/\/corvey.de\/en\/wp-json\/wp\/v2\/media\/617"}],"wp:attachment":[{"href":"https:\/\/corvey.de\/en\/wp-json\/wp\/v2\/media?parent=452"}],"curies":[{"name":"wp","href":"https:\/\/api.w.org\/{rel}","templated":true}]}}