{"id":456,"date":"2020-10-06T17:31:43","date_gmt":"2020-10-06T15:31:43","guid":{"rendered":"https:\/\/corvey.de\/?page_id=456"},"modified":"2024-03-12T18:08:34","modified_gmt":"2024-03-12T17:08:34","slug":"besucherzentrum","status":"publish","type":"page","link":"https:\/\/corvey.de\/en\/besucherzentrum\/","title":{"rendered":"Besucherzentrum"},"content":{"rendered":"<h3><span class=\"blau\">INFORMATION, LITERATUR, GESCHENKE &#038; SOUVENIERS<\/span><\/h3>\n<p>Zur Saison 2019 hat die\u00a0Welterbest\u00e4tte Corvey eine neues\u00a0Besucherzentrum. Hier erwarten Sie Informationen zu Ihrem Besuch. Hier ist der Treffpunkt f\u00fcr die F\u00fchrungen.\u00a0Im Shop gibt es Souvenirs und Erinnerungen an Ihren Besuch in Corvey. Im Zentrum des Angebotes steht Literatur \u00fcber das Welterbe und die ehemalige Reichsabtei, \u00fcber ihre Geschichte, Architektur und die kunsthistorische Bedeutung.<\/p>\n<p><em>Das Team des Besucherzentrums ber\u00e4t Sie gerne und freut sich auf Ihren Besuch!<\/em><\/p>\n<p>W\u00e4hrend unserer \u00d6ffnungszeiten servieren wir Ihnen Getr\u00e4nke, Kaffee &#038; Kuchen im Besucherzentrum.<\/p>\n","protected":false},"excerpt":{"rendered":"<p>INFORMATION, LITERATUR, GESCHENKE &#038; SOUVENIERS Zur Saison 2019 hat die\u00a0Welterbest\u00e4tte Corvey eine neues\u00a0Besucherzentrum. Hier erwarten Sie Informationen zu Ihrem Besuch. Hier ist der Treffpunkt f\u00fcr die F\u00fchrungen.\u00a0Im Shop gibt es Souvenirs und Erinnerungen an Ihren Besuch in Corvey. Im Zentrum des Angebotes steht Literatur \u00fcber das Welterbe und die ehemalige Reichsabtei, \u00fcber ihre Geschichte, Architektur [&hellip;]<\/p>\n","protected":false},"author":1,"featured_media":1364,"parent":0,"menu_order":0,"comment_status":"closed","ping_status":"closed","template":"","meta":{"_acf_changed":false,"footnotes":""},"class_list":["post-456","page","type-page","status-publish","has-post-thumbnail","hentry"],"acf":[],"yoast_head":"<!-- This site is optimized with the Yoast SEO plugin v24.0 - https:\/\/yoast.com\/wordpress\/plugins\/seo\/ -->\n<title>Besucherzentrum &#8226; Welterbe Corvey<\/title>\n<meta name=\"robots\" content=\"index, follow, max-snippet:-1, max-image-preview:large, max-video-preview:-1\" \/>\n<link rel=\"canonical\" href=\"https:\/\/corvey.de\/en\/besucher__trashed\/besucherzentrum\/\" \/>\n<meta property=\"og:locale\" content=\"en_US\" \/>\n<meta property=\"og:locale:alternate\" content=\"de_DE\" \/>\n<meta property=\"og:type\" content=\"article\" \/>\n<meta property=\"og:title\" content=\"Besucherzentrum\" \/>\n<meta property=\"og:description\" content=\"INFORMATION, LITERATUR, GESCHENKE &amp; SOUVENIERS Zur Saison 2019 hat die\u00a0Welterbest\u00e4tte Corvey eine neues\u00a0Besucherzentrum. Hier erwarten Sie Informationen zu Ihrem Besuch. Hier ist der Treffpunkt f\u00fcr die F\u00fchrungen.\u00a0Im Shop gibt es Souvenirs und Erinnerungen an Ihren Besuch in Corvey. Im Zentrum des Angebotes steht Literatur \u00fcber das Welterbe und die ehemalige Reichsabtei, \u00fcber ihre Geschichte, Architektur [&hellip;]\" \/>\n<meta property=\"og:url\" content=\"https:\/\/corvey.de\/en\/besucherzentrum\/\" \/>\n<meta property=\"og:site_name\" content=\"Welterbe Corvey\" \/>\n<meta property=\"article:modified_time\" content=\"2024-03-12T17:08:34+00:00\" \/>\n<meta property=\"og:image\" content=\"https:\/\/corvey.de\/wp-content\/uploads\/2021\/04\/20210427_111925_02-scaled.jpg\" \/>\n\t<meta property=\"og:image:width\" content=\"2560\" \/>\n\t<meta property=\"og:image:height\" content=\"1153\" \/>\n\t<meta property=\"og:image:type\" content=\"image\/jpeg\" \/>\n<meta name=\"twitter:card\" content=\"summary_large_image\" \/>\n<meta name=\"twitter:label1\" content=\"Est. reading time\" \/>\n\t<meta name=\"twitter:data1\" content=\"1 minute\" \/>\n<script type=\"application\/ld+json\" class=\"yoast-schema-graph\">{\"@context\":\"https:\/\/schema.org\",\"@graph\":[{\"@type\":\"WebPage\",\"@id\":\"https:\/\/corvey.de\/besucher__trashed\/besucherzentrum\/\",\"url\":\"https:\/\/corvey.de\/besucher__trashed\/besucherzentrum\/\",\"name\":\"Besucherzentrum\",\"isPartOf\":{\"@id\":\"https:\/\/corvey.de\/#website\"},\"primaryImageOfPage\":{\"@id\":\"https:\/\/corvey.de\/besucher__trashed\/besucherzentrum\/#primaryimage\"},\"image\":{\"@id\":\"https:\/\/corvey.de\/besucher__trashed\/besucherzentrum\/#primaryimage\"},\"thumbnailUrl\":\"https:\/\/corvey.de\/wp-content\/uploads\/2021\/04\/20210427_111925_02-scaled.jpg\",\"datePublished\":\"2020-10-06T15:31:43+00:00\",\"dateModified\":\"2024-03-12T17:08:34+00:00\",\"breadcrumb\":{\"@id\":\"https:\/\/corvey.de\/besucher__trashed\/besucherzentrum\/#breadcrumb\"},\"inLanguage\":\"en-US\",\"potentialAction\":[{\"@type\":\"ReadAction\",\"target\":[\"https:\/\/corvey.de\/besucher__trashed\/besucherzentrum\/\"]}]},{\"@type\":\"ImageObject\",\"inLanguage\":\"en-US\",\"@id\":\"https:\/\/corvey.de\/besucher__trashed\/besucherzentrum\/#primaryimage\",\"url\":\"https:\/\/corvey.de\/wp-content\/uploads\/2021\/04\/20210427_111925_02-scaled.jpg\",\"contentUrl\":\"https:\/\/corvey.de\/wp-content\/uploads\/2021\/04\/20210427_111925_02-scaled.jpg\",\"width\":2560,\"height\":1153},{\"@type\":\"BreadcrumbList\",\"@id\":\"https:\/\/corvey.de\/besucher__trashed\/besucherzentrum\/#breadcrumb\",\"itemListElement\":[{\"@type\":\"ListItem\",\"position\":1,\"name\":\"Home\",\"item\":\"https:\/\/corvey.de\/\"},{\"@type\":\"ListItem\",\"position\":2,\"name\":\"Besucherzentrum\"}]},{\"@type\":\"WebSite\",\"@id\":\"https:\/\/corvey.de\/#website\",\"url\":\"https:\/\/corvey.de\/\",\"name\":\"Schloss Corvey\",\"description\":\"\",\"publisher\":{\"@id\":\"https:\/\/corvey.de\/#organization\"},\"potentialAction\":[{\"@type\":\"SearchAction\",\"target\":{\"@type\":\"EntryPoint\",\"urlTemplate\":\"https:\/\/corvey.de\/?s={search_term_string}\"},\"query-input\":{\"@type\":\"PropertyValueSpecification\",\"valueRequired\":true,\"valueName\":\"search_term_string\"}}],\"inLanguage\":\"en-US\"},{\"@type\":\"Organization\",\"@id\":\"https:\/\/corvey.de\/#organization\",\"name\":\"Schloss Corvey\",\"url\":\"https:\/\/corvey.de\/\",\"logo\":{\"@type\":\"ImageObject\",\"inLanguage\":\"en-US\",\"@id\":\"https:\/\/corvey.de\/#\/schema\/logo\/image\/\",\"url\":\"https:\/\/corvey.de\/wp-content\/uploads\/2020\/10\/logo-schloss-corvey.svg\",\"contentUrl\":\"https:\/\/corvey.de\/wp-content\/uploads\/2020\/10\/logo-schloss-corvey.svg\",\"width\":1,\"height\":1,\"caption\":\"Schloss Corvey\"},\"image\":{\"@id\":\"https:\/\/corvey.de\/#\/schema\/logo\/image\/\"}}]}<\/script>\n<!-- \/ Yoast SEO plugin. -->","yoast_head_json":{"title":"Besucherzentrum &#8226; Welterbe Corvey","robots":{"index":"index","follow":"follow","max-snippet":"max-snippet:-1","max-image-preview":"max-image-preview:large","max-video-preview":"max-video-preview:-1"},"canonical":"https:\/\/corvey.de\/en\/besucher__trashed\/besucherzentrum\/","og_locale":"en_US","og_type":"article","og_title":"[:de]Besucherzentrum[:en]Besucherzentrum[:] &#8226; Welterbe Corvey","og_description":"INFORMATION, LITERATUR, GESCHENKE &#038; SOUVENIERS Zur Saison 2019 hat die\u00a0Welterbest\u00e4tte Corvey eine neues\u00a0Besucherzentrum. Hier erwarten Sie Informationen zu Ihrem Besuch. Hier ist der Treffpunkt f\u00fcr die F\u00fchrungen.\u00a0Im Shop gibt es Souvenirs und Erinnerungen an Ihren Besuch in Corvey. Im Zentrum des Angebotes steht Literatur \u00fcber das Welterbe und die ehemalige Reichsabtei, \u00fcber ihre Geschichte, Architektur [&hellip;]","og_url":"https:\/\/corvey.de\/en\/besucherzentrum\/","og_site_name":"Welterbe Corvey","article_modified_time":"2024-03-12T17:08:34+00:00","og_image":[{"width":2560,"height":1153,"url":"https:\/\/corvey.de\/wp-content\/uploads\/2021\/04\/20210427_111925_02-scaled.jpg","type":"image\/jpeg"}],"twitter_card":"summary_large_image","twitter_misc":{"Est. reading time":"1 minute"},"schema":{"@context":"https:\/\/schema.org","@graph":[{"@type":"WebPage","@id":"https:\/\/corvey.de\/besucher__trashed\/besucherzentrum\/","url":"https:\/\/corvey.de\/besucher__trashed\/besucherzentrum\/","name":"Besucherzentrum","isPartOf":{"@id":"https:\/\/corvey.de\/#website"},"primaryImageOfPage":{"@id":"https:\/\/corvey.de\/besucher__trashed\/besucherzentrum\/#primaryimage"},"image":{"@id":"https:\/\/corvey.de\/besucher__trashed\/besucherzentrum\/#primaryimage"},"thumbnailUrl":"https:\/\/corvey.de\/wp-content\/uploads\/2021\/04\/20210427_111925_02-scaled.jpg","datePublished":"2020-10-06T15:31:43+00:00","dateModified":"2024-03-12T17:08:34+00:00","breadcrumb":{"@id":"https:\/\/corvey.de\/besucher__trashed\/besucherzentrum\/#breadcrumb"},"inLanguage":"en-US","potentialAction":[{"@type":"ReadAction","target":["https:\/\/corvey.de\/besucher__trashed\/besucherzentrum\/"]}]},{"@type":"ImageObject","inLanguage":"en-US","@id":"https:\/\/corvey.de\/besucher__trashed\/besucherzentrum\/#primaryimage","url":"https:\/\/corvey.de\/wp-content\/uploads\/2021\/04\/20210427_111925_02-scaled.jpg","contentUrl":"https:\/\/corvey.de\/wp-content\/uploads\/2021\/04\/20210427_111925_02-scaled.jpg","width":2560,"height":1153},{"@type":"BreadcrumbList","@id":"https:\/\/corvey.de\/besucher__trashed\/besucherzentrum\/#breadcrumb","itemListElement":[{"@type":"ListItem","position":1,"name":"Home","item":"https:\/\/corvey.de\/"},{"@type":"ListItem","position":2,"name":"Besucherzentrum"}]},{"@type":"WebSite","@id":"https:\/\/corvey.de\/#website","url":"https:\/\/corvey.de\/","name":"Schloss Corvey","description":"","publisher":{"@id":"https:\/\/corvey.de\/#organization"},"potentialAction":[{"@type":"SearchAction","target":{"@type":"EntryPoint","urlTemplate":"https:\/\/corvey.de\/?s={search_term_string}"},"query-input":{"@type":"PropertyValueSpecification","valueRequired":true,"valueName":"search_term_string"}}],"inLanguage":"en-US"},{"@type":"Organization","@id":"https:\/\/corvey.de\/#organization","name":"Schloss Corvey","url":"https:\/\/corvey.de\/","logo":{"@type":"ImageObject","inLanguage":"en-US","@id":"https:\/\/corvey.de\/#\/schema\/logo\/image\/","url":"https:\/\/corvey.de\/wp-content\/uploads\/2020\/10\/logo-schloss-corvey.svg","contentUrl":"https:\/\/corvey.de\/wp-content\/uploads\/2020\/10\/logo-schloss-corvey.svg","width":1,"height":1,"caption":"Schloss Corvey"},"image":{"@id":"https:\/\/corvey.de\/#\/schema\/logo\/image\/"}}]}},"_links":{"self":[{"href":"https:\/\/corvey.de\/en\/wp-json\/wp\/v2\/pages\/456","targetHints":{"allow":["GET"]}}],"collection":[{"href":"https:\/\/corvey.de\/en\/wp-json\/wp\/v2\/pages"}],"about":[{"href":"https:\/\/corvey.de\/en\/wp-json\/wp\/v2\/types\/page"}],"author":[{"embeddable":true,"href":"https:\/\/corvey.de\/en\/wp-json\/wp\/v2\/users\/1"}],"replies":[{"embeddable":true,"href":"https:\/\/corvey.de\/en\/wp-json\/wp\/v2\/comments?post=456"}],"version-history":[{"count":17,"href":"https:\/\/corvey.de\/en\/wp-json\/wp\/v2\/pages\/456\/revisions"}],"predecessor-version":[{"id":2542,"href":"https:\/\/corvey.de\/en\/wp-json\/wp\/v2\/pages\/456\/revisions\/2542"}],"wp:featuredmedia":[{"embeddable":true,"href":"https:\/\/corvey.de\/en\/wp-json\/wp\/v2\/media\/1364"}],"wp:attachment":[{"href":"https:\/\/corvey.de\/en\/wp-json\/wp\/v2\/media?parent=456"}],"curies":[{"name":"wp","href":"https:\/\/api.w.org\/{rel}","templated":true}]}}