{"id":458,"date":"2020-10-06T17:41:55","date_gmt":"2020-10-06T15:41:55","guid":{"rendered":"https:\/\/corvey.de\/?page_id=458"},"modified":"2020-10-28T11:41:47","modified_gmt":"2020-10-28T10:41:47","slug":"corvey-barrierefrei-erleben","status":"publish","type":"page","link":"https:\/\/corvey.de\/en\/corvey-barrierefrei-erleben\/","title":{"rendered":"Corvey barrierefrei"},"content":{"rendered":"<p>Corvey ist trotz seiner 1.200 j\u00e4hrigen Geschichte ein Ort, der m\u00f6glichst allen zug\u00e4nglich sein soll.<br \/>\n<b>Mit Ausnahme des Johanneschors im Westwerk <\/b><b>sind alle Bereiche der Welterbst\u00e4tte mit dem Rollstuhl zu erleben.<\/b><\/p>\n<p>\u2022 Die Wegeverbindungen sind mit feinem Split geschottert. Eine Unterst\u00fctzung beim Schieben ist ratsam.<br \/>\n\u2022 Die Kirche ist durch den Haupteingang im Westwerk zu erreichen.<br \/>\n\u2022 Der barrierefreie\u00a0Eingang in das Konventsgeb\u00e4ude befindet sich an der rechten Ecke der Westfront.<br \/>\n\u2022 Die Ausstellungs- und Besucherr\u00e4ume im Konventsgeb\u00e4ude sind \u00fcber Rampen zug\u00e4nglich, zwischen den Etagen verkehrt ein Aufzug.<br \/>\n\u2022 Behindertengerechte Toiletten stehen im Konventsgeb\u00e4ude und im Restaurant zur Verf\u00fcgung.<br \/>\n\u2022 F\u00fcr gehbehinderte Besucher kann ein kostenloser Rollstuhl ausgeliehen werden.<br \/>\n\u2022 Blinden- und Behindertenbegleithunde k\u00f6nnen in die Ausstellungsr\u00e4ume mitgenommen werden.<\/p>\n","protected":false},"excerpt":{"rendered":"<p>Corvey ist trotz seiner 1.200 j\u00e4hrigen Geschichte ein Ort, der m\u00f6glichst allen zug\u00e4nglich sein soll. Mit Ausnahme des Johanneschors im Westwerk sind alle Bereiche der Welterbst\u00e4tte mit dem Rollstuhl zu erleben. \u2022 Die Wegeverbindungen sind mit feinem Split geschottert. Eine Unterst\u00fctzung beim Schieben ist ratsam. \u2022 Die Kirche ist durch den Haupteingang im Westwerk zu [&hellip;]<\/p>\n","protected":false},"author":1,"featured_media":631,"parent":0,"menu_order":0,"comment_status":"closed","ping_status":"closed","template":"","meta":{"_acf_changed":false,"footnotes":""},"class_list":["post-458","page","type-page","status-publish","has-post-thumbnail","hentry"],"acf":[],"yoast_head":"<!-- This site is optimized with the Yoast SEO plugin v24.0 - https:\/\/yoast.com\/wordpress\/plugins\/seo\/ -->\n<title>Corvey barrierefrei &#8226; Welterbe Corvey<\/title>\n<meta name=\"robots\" content=\"index, follow, max-snippet:-1, max-image-preview:large, max-video-preview:-1\" \/>\n<link rel=\"canonical\" href=\"https:\/\/corvey.de\/en\/besucher__trashed\/corvey-barrierefrei-erleben\/\" \/>\n<meta property=\"og:locale\" content=\"en_US\" \/>\n<meta property=\"og:locale:alternate\" content=\"de_DE\" \/>\n<meta property=\"og:type\" content=\"article\" \/>\n<meta property=\"og:title\" content=\"Corvey barrierefrei\" \/>\n<meta property=\"og:description\" content=\"Corvey ist trotz seiner 1.200 j\u00e4hrigen Geschichte ein Ort, der m\u00f6glichst allen zug\u00e4nglich sein soll. Mit Ausnahme des Johanneschors im Westwerk sind alle Bereiche der Welterbst\u00e4tte mit dem Rollstuhl zu erleben. \u2022 Die Wegeverbindungen sind mit feinem Split geschottert. Eine Unterst\u00fctzung beim Schieben ist ratsam. \u2022 Die Kirche ist durch den Haupteingang im Westwerk zu [&hellip;]\" \/>\n<meta property=\"og:url\" content=\"https:\/\/corvey.de\/en\/corvey-barrierefrei-erleben\/\" \/>\n<meta property=\"og:site_name\" content=\"Welterbe Corvey\" \/>\n<meta property=\"article:modified_time\" content=\"2020-10-28T10:41:47+00:00\" \/>\n<meta property=\"og:image\" content=\"https:\/\/corvey.de\/wp-content\/uploads\/2020\/10\/Corvey_barrierfrei-1.jpg\" \/>\n\t<meta property=\"og:image:width\" content=\"1500\" \/>\n\t<meta property=\"og:image:height\" content=\"872\" \/>\n\t<meta property=\"og:image:type\" content=\"image\/jpeg\" \/>\n<meta name=\"twitter:card\" content=\"summary_large_image\" \/>\n<meta name=\"twitter:label1\" content=\"Est. reading time\" \/>\n\t<meta name=\"twitter:data1\" content=\"1 minute\" \/>\n<script type=\"application\/ld+json\" class=\"yoast-schema-graph\">{\"@context\":\"https:\/\/schema.org\",\"@graph\":[{\"@type\":\"WebPage\",\"@id\":\"https:\/\/corvey.de\/besucher__trashed\/corvey-barrierefrei-erleben\/\",\"url\":\"https:\/\/corvey.de\/besucher__trashed\/corvey-barrierefrei-erleben\/\",\"name\":\"Corvey barrierefrei\",\"isPartOf\":{\"@id\":\"https:\/\/corvey.de\/#website\"},\"primaryImageOfPage\":{\"@id\":\"https:\/\/corvey.de\/besucher__trashed\/corvey-barrierefrei-erleben\/#primaryimage\"},\"image\":{\"@id\":\"https:\/\/corvey.de\/besucher__trashed\/corvey-barrierefrei-erleben\/#primaryimage\"},\"thumbnailUrl\":\"https:\/\/corvey.de\/wp-content\/uploads\/2020\/10\/Corvey_barrierfrei-1.jpg\",\"datePublished\":\"2020-10-06T15:41:55+00:00\",\"dateModified\":\"2020-10-28T10:41:47+00:00\",\"breadcrumb\":{\"@id\":\"https:\/\/corvey.de\/besucher__trashed\/corvey-barrierefrei-erleben\/#breadcrumb\"},\"inLanguage\":\"en-US\",\"potentialAction\":[{\"@type\":\"ReadAction\",\"target\":[\"https:\/\/corvey.de\/besucher__trashed\/corvey-barrierefrei-erleben\/\"]}]},{\"@type\":\"ImageObject\",\"inLanguage\":\"en-US\",\"@id\":\"https:\/\/corvey.de\/besucher__trashed\/corvey-barrierefrei-erleben\/#primaryimage\",\"url\":\"https:\/\/corvey.de\/wp-content\/uploads\/2020\/10\/Corvey_barrierfrei-1.jpg\",\"contentUrl\":\"https:\/\/corvey.de\/wp-content\/uploads\/2020\/10\/Corvey_barrierfrei-1.jpg\",\"width\":1500,\"height\":872},{\"@type\":\"BreadcrumbList\",\"@id\":\"https:\/\/corvey.de\/besucher__trashed\/corvey-barrierefrei-erleben\/#breadcrumb\",\"itemListElement\":[{\"@type\":\"ListItem\",\"position\":1,\"name\":\"Home\",\"item\":\"https:\/\/corvey.de\/\"},{\"@type\":\"ListItem\",\"position\":2,\"name\":\"Corvey barrierefrei\"}]},{\"@type\":\"WebSite\",\"@id\":\"https:\/\/corvey.de\/#website\",\"url\":\"https:\/\/corvey.de\/\",\"name\":\"Schloss Corvey\",\"description\":\"\",\"publisher\":{\"@id\":\"https:\/\/corvey.de\/#organization\"},\"potentialAction\":[{\"@type\":\"SearchAction\",\"target\":{\"@type\":\"EntryPoint\",\"urlTemplate\":\"https:\/\/corvey.de\/?s={search_term_string}\"},\"query-input\":{\"@type\":\"PropertyValueSpecification\",\"valueRequired\":true,\"valueName\":\"search_term_string\"}}],\"inLanguage\":\"en-US\"},{\"@type\":\"Organization\",\"@id\":\"https:\/\/corvey.de\/#organization\",\"name\":\"Schloss Corvey\",\"url\":\"https:\/\/corvey.de\/\",\"logo\":{\"@type\":\"ImageObject\",\"inLanguage\":\"en-US\",\"@id\":\"https:\/\/corvey.de\/#\/schema\/logo\/image\/\",\"url\":\"https:\/\/corvey.de\/wp-content\/uploads\/2020\/10\/logo-schloss-corvey.svg\",\"contentUrl\":\"https:\/\/corvey.de\/wp-content\/uploads\/2020\/10\/logo-schloss-corvey.svg\",\"width\":1,\"height\":1,\"caption\":\"Schloss Corvey\"},\"image\":{\"@id\":\"https:\/\/corvey.de\/#\/schema\/logo\/image\/\"}}]}<\/script>\n<!-- \/ Yoast SEO plugin. -->","yoast_head_json":{"title":"Corvey barrierefrei &#8226; Welterbe Corvey","robots":{"index":"index","follow":"follow","max-snippet":"max-snippet:-1","max-image-preview":"max-image-preview:large","max-video-preview":"max-video-preview:-1"},"canonical":"https:\/\/corvey.de\/en\/besucher__trashed\/corvey-barrierefrei-erleben\/","og_locale":"en_US","og_type":"article","og_title":"[:de]Corvey barrierefrei[:] &#8226; Welterbe Corvey","og_description":"Corvey ist trotz seiner 1.200 j\u00e4hrigen Geschichte ein Ort, der m\u00f6glichst allen zug\u00e4nglich sein soll. Mit Ausnahme des Johanneschors im Westwerk sind alle Bereiche der Welterbst\u00e4tte mit dem Rollstuhl zu erleben. \u2022 Die Wegeverbindungen sind mit feinem Split geschottert. Eine Unterst\u00fctzung beim Schieben ist ratsam. \u2022 Die Kirche ist durch den Haupteingang im Westwerk zu [&hellip;]","og_url":"https:\/\/corvey.de\/en\/corvey-barrierefrei-erleben\/","og_site_name":"Welterbe Corvey","article_modified_time":"2020-10-28T10:41:47+00:00","og_image":[{"width":1500,"height":872,"url":"https:\/\/corvey.de\/wp-content\/uploads\/2020\/10\/Corvey_barrierfrei-1.jpg","type":"image\/jpeg"}],"twitter_card":"summary_large_image","twitter_misc":{"Est. reading time":"1 minute"},"schema":{"@context":"https:\/\/schema.org","@graph":[{"@type":"WebPage","@id":"https:\/\/corvey.de\/besucher__trashed\/corvey-barrierefrei-erleben\/","url":"https:\/\/corvey.de\/besucher__trashed\/corvey-barrierefrei-erleben\/","name":"Corvey barrierefrei","isPartOf":{"@id":"https:\/\/corvey.de\/#website"},"primaryImageOfPage":{"@id":"https:\/\/corvey.de\/besucher__trashed\/corvey-barrierefrei-erleben\/#primaryimage"},"image":{"@id":"https:\/\/corvey.de\/besucher__trashed\/corvey-barrierefrei-erleben\/#primaryimage"},"thumbnailUrl":"https:\/\/corvey.de\/wp-content\/uploads\/2020\/10\/Corvey_barrierfrei-1.jpg","datePublished":"2020-10-06T15:41:55+00:00","dateModified":"2020-10-28T10:41:47+00:00","breadcrumb":{"@id":"https:\/\/corvey.de\/besucher__trashed\/corvey-barrierefrei-erleben\/#breadcrumb"},"inLanguage":"en-US","potentialAction":[{"@type":"ReadAction","target":["https:\/\/corvey.de\/besucher__trashed\/corvey-barrierefrei-erleben\/"]}]},{"@type":"ImageObject","inLanguage":"en-US","@id":"https:\/\/corvey.de\/besucher__trashed\/corvey-barrierefrei-erleben\/#primaryimage","url":"https:\/\/corvey.de\/wp-content\/uploads\/2020\/10\/Corvey_barrierfrei-1.jpg","contentUrl":"https:\/\/corvey.de\/wp-content\/uploads\/2020\/10\/Corvey_barrierfrei-1.jpg","width":1500,"height":872},{"@type":"BreadcrumbList","@id":"https:\/\/corvey.de\/besucher__trashed\/corvey-barrierefrei-erleben\/#breadcrumb","itemListElement":[{"@type":"ListItem","position":1,"name":"Home","item":"https:\/\/corvey.de\/"},{"@type":"ListItem","position":2,"name":"Corvey barrierefrei"}]},{"@type":"WebSite","@id":"https:\/\/corvey.de\/#website","url":"https:\/\/corvey.de\/","name":"Schloss Corvey","description":"","publisher":{"@id":"https:\/\/corvey.de\/#organization"},"potentialAction":[{"@type":"SearchAction","target":{"@type":"EntryPoint","urlTemplate":"https:\/\/corvey.de\/?s={search_term_string}"},"query-input":{"@type":"PropertyValueSpecification","valueRequired":true,"valueName":"search_term_string"}}],"inLanguage":"en-US"},{"@type":"Organization","@id":"https:\/\/corvey.de\/#organization","name":"Schloss Corvey","url":"https:\/\/corvey.de\/","logo":{"@type":"ImageObject","inLanguage":"en-US","@id":"https:\/\/corvey.de\/#\/schema\/logo\/image\/","url":"https:\/\/corvey.de\/wp-content\/uploads\/2020\/10\/logo-schloss-corvey.svg","contentUrl":"https:\/\/corvey.de\/wp-content\/uploads\/2020\/10\/logo-schloss-corvey.svg","width":1,"height":1,"caption":"Schloss Corvey"},"image":{"@id":"https:\/\/corvey.de\/#\/schema\/logo\/image\/"}}]}},"_links":{"self":[{"href":"https:\/\/corvey.de\/en\/wp-json\/wp\/v2\/pages\/458","targetHints":{"allow":["GET"]}}],"collection":[{"href":"https:\/\/corvey.de\/en\/wp-json\/wp\/v2\/pages"}],"about":[{"href":"https:\/\/corvey.de\/en\/wp-json\/wp\/v2\/types\/page"}],"author":[{"embeddable":true,"href":"https:\/\/corvey.de\/en\/wp-json\/wp\/v2\/users\/1"}],"replies":[{"embeddable":true,"href":"https:\/\/corvey.de\/en\/wp-json\/wp\/v2\/comments?post=458"}],"version-history":[{"count":7,"href":"https:\/\/corvey.de\/en\/wp-json\/wp\/v2\/pages\/458\/revisions"}],"predecessor-version":[{"id":977,"href":"https:\/\/corvey.de\/en\/wp-json\/wp\/v2\/pages\/458\/revisions\/977"}],"wp:featuredmedia":[{"embeddable":true,"href":"https:\/\/corvey.de\/en\/wp-json\/wp\/v2\/media\/631"}],"wp:attachment":[{"href":"https:\/\/corvey.de\/en\/wp-json\/wp\/v2\/media?parent=458"}],"curies":[{"name":"wp","href":"https:\/\/api.w.org\/{rel}","templated":true}]}}