{"id":47,"date":"2020-09-16T16:33:23","date_gmt":"2020-09-16T14:33:23","guid":{"rendered":"https:\/\/corvey.de\/?page_id=47"},"modified":"2022-12-16T10:14:06","modified_gmt":"2022-12-16T09:14:06","slug":"das-fuerstenhaus","status":"publish","type":"page","link":"https:\/\/corvey.de\/en\/corvey\/das-fuerstenhaus\/","title":{"rendered":"Das F\u00fcrstenhaus"},"content":{"rendered":"<h3><span class=\"blau\">DIE S\u00c4KULARISIERUNG CORVEYS<\/span><\/h3>\n<p>Seit der S\u00e4kularisation im Jahre 1803 ist Corvey kein Kloster mehr, sondern im Besitz der Herz\u00f6ge von Ratibor und F\u00fcrsten von Corvey. Die Familie tr\u00e4gt seither die Verantwortung f\u00fcr die Klosteranlage, mit Ausnahme der Abteikirche.\u00a0Besucher erkennen die Anwesenheit des Herzogs an der weithin \u00fcber das Wesertal sichtbar wehenden Flagge in den f\u00fcrstlichen Hausfarben Rot und Gold.<\/p>\n<p><img loading=\"lazy\" decoding=\"async\" class=\"alignnone wp-image-884\" src=\"https:\/\/corvey.de\/wp-content\/uploads\/2020\/10\/Herzoege_Reihe.jpg\" alt=\"\" width=\"857\" height=\"257\" srcset=\"https:\/\/corvey.de\/wp-content\/uploads\/2020\/10\/Herzoege_Reihe.jpg 2000w, https:\/\/corvey.de\/wp-content\/uploads\/2020\/10\/Herzoege_Reihe-300x90.jpg 300w, https:\/\/corvey.de\/wp-content\/uploads\/2020\/10\/Herzoege_Reihe-1024x307.jpg 1024w, https:\/\/corvey.de\/wp-content\/uploads\/2020\/10\/Herzoege_Reihe-150x45.jpg 150w, https:\/\/corvey.de\/wp-content\/uploads\/2020\/10\/Herzoege_Reihe-768x230.jpg 768w, https:\/\/corvey.de\/wp-content\/uploads\/2020\/10\/Herzoege_Reihe-1536x461.jpg 1536w, https:\/\/corvey.de\/wp-content\/uploads\/2020\/10\/Herzoege_Reihe-520x156.jpg 520w\" sizes=\"auto, (max-width: 857px) 100vw, 857px\" \/><\/p>\n<h3><span class=\"format rot\">ZWEI JAHRHUNDERTE \u2013 F\u00dcNF HERZ\u00d6GE<\/span><\/h3>\n<h3><span class=\"blau\">DAS HERZOGLICHE HAUS RATIBOR UND CORVEY<\/span><\/h3>\n<p>Das Herzogliche Haus Ratibor und Corvey wurde im Jahre 1840 durch ein Dekret des K\u00f6nigs von Preu\u00dfen begr\u00fcndet. Es geht zur\u00fcck auf das alte fr\u00e4nkische F\u00fcrstengeschlecht Hohenlohe-Schillingsf\u00fcrst und ist damit ein Zweig des Gesamthauses Hohenlohe. Ausgangspunkt war das Testament des Landgrafen Viktor Amadeus von Hessen Rotenburg, der 1825 seine au\u00dferhessischen Besitzungen an seinen Neffen, den Prinzen Viktor zu Hohenlohe-Schillingsf\u00fcrst vererbte. Gleichzeitig verf\u00fcgte er die Gr\u00fcndung einer neuen Familie in der Gestalt des \u201eRatibor- und Corvey\u2019schen Familienfideikommi\u00df\u201c. Nach dem Tod des Landgrafen 1834 gelangten das schlesische Herzogtum Ratibor und das westf\u00e4lische F\u00fcrstentum Corvey an das F\u00fcrstliche Haus Hohenlohe-Schillingsf\u00fcrst, dessen Erbprinz Viktor im Jahre 1840 vom K\u00f6nig von Preu\u00dfen zum ersten Herzog von Ratibor und F\u00fcrsten von Corvey erhoben wurde. Dies war die Geburtsstunde der heutigen Familie.<\/p>\n<p>Im K\u00f6nigreich Preu\u00dfen und im Deutschen Kaiserreich spielten die Herz\u00f6ge von Ratibor eine f\u00fchrende Rolle in Politik, Wirtschaft und Kultur. Nach dem Ende der Monarchie im Jahre 1918 widmete sich die Familie in erster Linie der Bewirtschaftung ihrer land- und forstwirtschaftlichen Betriebe im oberschlesischen Ratibor und im westf\u00e4lischen Corvey. Dabei spielte auch der Erhalt und die Pflege der Schlossanlagen eine zentrale Rolle, so der Familiensitz Schloss Rauden mit seinem ausgedehnten Landschaftspark, das Stadtschloss Ratibor mit der Hauptverwaltung der herzoglichen Besitzungen und schlie\u00dflich Schloss Corvey, das die Familie haupts\u00e4chlich als Sommersitz bewohnte.<\/p>\n<p>Nach dem Zweiten Weltkrieg fielen die schlesischen Besitzungen der Familie an den polnischen Staat. Die Familie floh nach dem Zusammenbruch des Dritten Reiches nach Westfalen, wo sie in Corvey dauerhaften Wohnsitz nahm und auch die zentrale Verwaltung der verbliebenen herzoglichen Besitzungen installierte. Nach dem Tod seines Vaters, Herzog Viktor III., \u00fcbernahm der erst 25j\u00e4hrige Sohn Franz Albrecht im Jahre 1945 die Geschicke des Familienunternehmens. In den unruhigen Nachkriegsjahren baute Herzog Franz Albrecht nicht nur einen modernen, in die Zukunft gerichteten Wirtschaftsbertrieb auf, sondern schuf auch ein kulturelles Zentrum in Westfalen, das bis heute weit \u00fcber seine Grenzen hinaus strahlt. Dieses gelang ihm mit Hilfe zahlreicher gr\u00f6\u00dftenteils \u00f6ffentlicher Institutionen durch umfangreiche aus denkmalpflegerischer und baugeschichtlicher Sicht bedeutende Renovierungsarbeiten. Hierzu geh\u00f6ren vor allem das Schloss, die Kirche und die F\u00fcrstliche Bibliothek. Auch das Museum und die Corveyer Musikwochen verdanken ihm seine Existenz.<\/p>\n<p>Heute f\u00fchrt seine Sohn Viktor als 5. Herzog von Ratibor und F\u00fcrst von Corvey\u00a0 die Geschicke des famili\u00e4ren Unternehmens mit seinen Geb\u00e4uden und Betrieben und erm\u00f6glicht sein Fortbestehen bis weit ins 21. Jahrhundert hinein.<\/p>\n","protected":false},"excerpt":{"rendered":"<p>DIE S\u00c4KULARISIERUNG CORVEYS Seit der S\u00e4kularisation im Jahre 1803 ist Corvey kein Kloster mehr, sondern im Besitz der Herz\u00f6ge von Ratibor und F\u00fcrsten von Corvey. Die Familie tr\u00e4gt seither die Verantwortung f\u00fcr die Klosteranlage, mit Ausnahme der Abteikirche.\u00a0Besucher erkennen die Anwesenheit des Herzogs an der weithin \u00fcber das Wesertal sichtbar wehenden Flagge in den f\u00fcrstlichen [&hellip;]<\/p>\n","protected":false},"author":1,"featured_media":204,"parent":8,"menu_order":0,"comment_status":"closed","ping_status":"closed","template":"","meta":{"_acf_changed":false,"footnotes":""},"class_list":["post-47","page","type-page","status-publish","has-post-thumbnail","hentry"],"acf":[],"yoast_head":"<!-- This site is optimized with the Yoast SEO plugin v24.0 - https:\/\/yoast.com\/wordpress\/plugins\/seo\/ -->\n<title>Das F\u00fcrstenhaus &#8226; Welterbe Corvey<\/title>\n<meta name=\"robots\" content=\"index, follow, max-snippet:-1, max-image-preview:large, max-video-preview:-1\" \/>\n<link rel=\"canonical\" href=\"https:\/\/corvey.de\/en\/corvey\/das-fuerstenhaus\/\" \/>\n<meta property=\"og:locale\" content=\"en_US\" \/>\n<meta property=\"og:locale:alternate\" content=\"de_DE\" \/>\n<meta property=\"og:type\" content=\"article\" \/>\n<meta property=\"og:title\" content=\"Das F\u00fcrstenhaus\" \/>\n<meta property=\"og:description\" content=\"DIE S\u00c4KULARISIERUNG CORVEYS Seit der S\u00e4kularisation im Jahre 1803 ist Corvey kein Kloster mehr, sondern im Besitz der Herz\u00f6ge von Ratibor und F\u00fcrsten von Corvey. Die Familie tr\u00e4gt seither die Verantwortung f\u00fcr die Klosteranlage, mit Ausnahme der Abteikirche.\u00a0Besucher erkennen die Anwesenheit des Herzogs an der weithin \u00fcber das Wesertal sichtbar wehenden Flagge in den f\u00fcrstlichen [&hellip;]\" \/>\n<meta property=\"og:url\" content=\"https:\/\/corvey.de\/en\/corvey\/das-fuerstenhaus\/\" \/>\n<meta property=\"og:site_name\" content=\"Welterbe Corvey\" \/>\n<meta property=\"article:modified_time\" content=\"2022-12-16T09:14:06+00:00\" \/>\n<meta property=\"og:image\" content=\"https:\/\/corvey.de\/wp-content\/uploads\/2020\/10\/02-Kaisersaal_DSC7494_klein.jpg\" \/>\n\t<meta property=\"og:image:width\" content=\"1028\" \/>\n\t<meta property=\"og:image:height\" content=\"829\" \/>\n\t<meta property=\"og:image:type\" content=\"image\/jpeg\" \/>\n<meta name=\"twitter:card\" content=\"summary_large_image\" \/>\n<meta name=\"twitter:label1\" content=\"Est. reading time\" \/>\n\t<meta name=\"twitter:data1\" content=\"2 minutes\" \/>\n<script type=\"application\/ld+json\" class=\"yoast-schema-graph\">{\"@context\":\"https:\/\/schema.org\",\"@graph\":[{\"@type\":\"WebPage\",\"@id\":\"https:\/\/corvey.de\/corvey\/das-fuerstenhaus\/\",\"url\":\"https:\/\/corvey.de\/corvey\/das-fuerstenhaus\/\",\"name\":\"Das F\u00fcrstenhaus\",\"isPartOf\":{\"@id\":\"https:\/\/corvey.de\/#website\"},\"primaryImageOfPage\":{\"@id\":\"https:\/\/corvey.de\/corvey\/das-fuerstenhaus\/#primaryimage\"},\"image\":{\"@id\":\"https:\/\/corvey.de\/corvey\/das-fuerstenhaus\/#primaryimage\"},\"thumbnailUrl\":\"https:\/\/corvey.de\/wp-content\/uploads\/2020\/10\/02-Kaisersaal_DSC7494_klein.jpg\",\"datePublished\":\"2020-09-16T14:33:23+00:00\",\"dateModified\":\"2022-12-16T09:14:06+00:00\",\"breadcrumb\":{\"@id\":\"https:\/\/corvey.de\/corvey\/das-fuerstenhaus\/#breadcrumb\"},\"inLanguage\":\"en-US\",\"potentialAction\":[{\"@type\":\"ReadAction\",\"target\":[\"https:\/\/corvey.de\/corvey\/das-fuerstenhaus\/\"]}]},{\"@type\":\"ImageObject\",\"inLanguage\":\"en-US\",\"@id\":\"https:\/\/corvey.de\/corvey\/das-fuerstenhaus\/#primaryimage\",\"url\":\"https:\/\/corvey.de\/wp-content\/uploads\/2020\/10\/02-Kaisersaal_DSC7494_klein.jpg\",\"contentUrl\":\"https:\/\/corvey.de\/wp-content\/uploads\/2020\/10\/02-Kaisersaal_DSC7494_klein.jpg\",\"width\":1028,\"height\":829},{\"@type\":\"BreadcrumbList\",\"@id\":\"https:\/\/corvey.de\/corvey\/das-fuerstenhaus\/#breadcrumb\",\"itemListElement\":[{\"@type\":\"ListItem\",\"position\":1,\"name\":\"Home\",\"item\":\"https:\/\/corvey.de\/\"},{\"@type\":\"ListItem\",\"position\":2,\"name\":\"Corvey\",\"item\":\"https:\/\/corvey.de\/corvey\/\"},{\"@type\":\"ListItem\",\"position\":3,\"name\":\"Das F\u00fcrstenhaus\"}]},{\"@type\":\"WebSite\",\"@id\":\"https:\/\/corvey.de\/#website\",\"url\":\"https:\/\/corvey.de\/\",\"name\":\"Schloss Corvey\",\"description\":\"\",\"publisher\":{\"@id\":\"https:\/\/corvey.de\/#organization\"},\"potentialAction\":[{\"@type\":\"SearchAction\",\"target\":{\"@type\":\"EntryPoint\",\"urlTemplate\":\"https:\/\/corvey.de\/?s={search_term_string}\"},\"query-input\":{\"@type\":\"PropertyValueSpecification\",\"valueRequired\":true,\"valueName\":\"search_term_string\"}}],\"inLanguage\":\"en-US\"},{\"@type\":\"Organization\",\"@id\":\"https:\/\/corvey.de\/#organization\",\"name\":\"Schloss Corvey\",\"url\":\"https:\/\/corvey.de\/\",\"logo\":{\"@type\":\"ImageObject\",\"inLanguage\":\"en-US\",\"@id\":\"https:\/\/corvey.de\/#\/schema\/logo\/image\/\",\"url\":\"https:\/\/corvey.de\/wp-content\/uploads\/2020\/10\/logo-schloss-corvey.svg\",\"contentUrl\":\"https:\/\/corvey.de\/wp-content\/uploads\/2020\/10\/logo-schloss-corvey.svg\",\"width\":1,\"height\":1,\"caption\":\"Schloss Corvey\"},\"image\":{\"@id\":\"https:\/\/corvey.de\/#\/schema\/logo\/image\/\"}}]}<\/script>\n<!-- \/ Yoast SEO plugin. -->","yoast_head_json":{"title":"Das F\u00fcrstenhaus &#8226; Welterbe Corvey","robots":{"index":"index","follow":"follow","max-snippet":"max-snippet:-1","max-image-preview":"max-image-preview:large","max-video-preview":"max-video-preview:-1"},"canonical":"https:\/\/corvey.de\/en\/corvey\/das-fuerstenhaus\/","og_locale":"en_US","og_type":"article","og_title":"[:de]Das F\u00fcrstenhaus[:] &#8226; Welterbe Corvey","og_description":"DIE S\u00c4KULARISIERUNG CORVEYS Seit der S\u00e4kularisation im Jahre 1803 ist Corvey kein Kloster mehr, sondern im Besitz der Herz\u00f6ge von Ratibor und F\u00fcrsten von Corvey. Die Familie tr\u00e4gt seither die Verantwortung f\u00fcr die Klosteranlage, mit Ausnahme der Abteikirche.\u00a0Besucher erkennen die Anwesenheit des Herzogs an der weithin \u00fcber das Wesertal sichtbar wehenden Flagge in den f\u00fcrstlichen [&hellip;]","og_url":"https:\/\/corvey.de\/en\/corvey\/das-fuerstenhaus\/","og_site_name":"Welterbe Corvey","article_modified_time":"2022-12-16T09:14:06+00:00","og_image":[{"width":1028,"height":829,"url":"https:\/\/corvey.de\/wp-content\/uploads\/2020\/10\/02-Kaisersaal_DSC7494_klein.jpg","type":"image\/jpeg"}],"twitter_card":"summary_large_image","twitter_misc":{"Est. reading time":"2 minutes"},"schema":{"@context":"https:\/\/schema.org","@graph":[{"@type":"WebPage","@id":"https:\/\/corvey.de\/corvey\/das-fuerstenhaus\/","url":"https:\/\/corvey.de\/corvey\/das-fuerstenhaus\/","name":"Das F\u00fcrstenhaus","isPartOf":{"@id":"https:\/\/corvey.de\/#website"},"primaryImageOfPage":{"@id":"https:\/\/corvey.de\/corvey\/das-fuerstenhaus\/#primaryimage"},"image":{"@id":"https:\/\/corvey.de\/corvey\/das-fuerstenhaus\/#primaryimage"},"thumbnailUrl":"https:\/\/corvey.de\/wp-content\/uploads\/2020\/10\/02-Kaisersaal_DSC7494_klein.jpg","datePublished":"2020-09-16T14:33:23+00:00","dateModified":"2022-12-16T09:14:06+00:00","breadcrumb":{"@id":"https:\/\/corvey.de\/corvey\/das-fuerstenhaus\/#breadcrumb"},"inLanguage":"en-US","potentialAction":[{"@type":"ReadAction","target":["https:\/\/corvey.de\/corvey\/das-fuerstenhaus\/"]}]},{"@type":"ImageObject","inLanguage":"en-US","@id":"https:\/\/corvey.de\/corvey\/das-fuerstenhaus\/#primaryimage","url":"https:\/\/corvey.de\/wp-content\/uploads\/2020\/10\/02-Kaisersaal_DSC7494_klein.jpg","contentUrl":"https:\/\/corvey.de\/wp-content\/uploads\/2020\/10\/02-Kaisersaal_DSC7494_klein.jpg","width":1028,"height":829},{"@type":"BreadcrumbList","@id":"https:\/\/corvey.de\/corvey\/das-fuerstenhaus\/#breadcrumb","itemListElement":[{"@type":"ListItem","position":1,"name":"Home","item":"https:\/\/corvey.de\/"},{"@type":"ListItem","position":2,"name":"Corvey","item":"https:\/\/corvey.de\/corvey\/"},{"@type":"ListItem","position":3,"name":"Das F\u00fcrstenhaus"}]},{"@type":"WebSite","@id":"https:\/\/corvey.de\/#website","url":"https:\/\/corvey.de\/","name":"Schloss Corvey","description":"","publisher":{"@id":"https:\/\/corvey.de\/#organization"},"potentialAction":[{"@type":"SearchAction","target":{"@type":"EntryPoint","urlTemplate":"https:\/\/corvey.de\/?s={search_term_string}"},"query-input":{"@type":"PropertyValueSpecification","valueRequired":true,"valueName":"search_term_string"}}],"inLanguage":"en-US"},{"@type":"Organization","@id":"https:\/\/corvey.de\/#organization","name":"Schloss Corvey","url":"https:\/\/corvey.de\/","logo":{"@type":"ImageObject","inLanguage":"en-US","@id":"https:\/\/corvey.de\/#\/schema\/logo\/image\/","url":"https:\/\/corvey.de\/wp-content\/uploads\/2020\/10\/logo-schloss-corvey.svg","contentUrl":"https:\/\/corvey.de\/wp-content\/uploads\/2020\/10\/logo-schloss-corvey.svg","width":1,"height":1,"caption":"Schloss Corvey"},"image":{"@id":"https:\/\/corvey.de\/#\/schema\/logo\/image\/"}}]}},"_links":{"self":[{"href":"https:\/\/corvey.de\/en\/wp-json\/wp\/v2\/pages\/47","targetHints":{"allow":["GET"]}}],"collection":[{"href":"https:\/\/corvey.de\/en\/wp-json\/wp\/v2\/pages"}],"about":[{"href":"https:\/\/corvey.de\/en\/wp-json\/wp\/v2\/types\/page"}],"author":[{"embeddable":true,"href":"https:\/\/corvey.de\/en\/wp-json\/wp\/v2\/users\/1"}],"replies":[{"embeddable":true,"href":"https:\/\/corvey.de\/en\/wp-json\/wp\/v2\/comments?post=47"}],"version-history":[{"count":20,"href":"https:\/\/corvey.de\/en\/wp-json\/wp\/v2\/pages\/47\/revisions"}],"predecessor-version":[{"id":1972,"href":"https:\/\/corvey.de\/en\/wp-json\/wp\/v2\/pages\/47\/revisions\/1972"}],"up":[{"embeddable":true,"href":"https:\/\/corvey.de\/en\/wp-json\/wp\/v2\/pages\/8"}],"wp:featuredmedia":[{"embeddable":true,"href":"https:\/\/corvey.de\/en\/wp-json\/wp\/v2\/media\/204"}],"wp:attachment":[{"href":"https:\/\/corvey.de\/en\/wp-json\/wp\/v2\/media?parent=47"}],"curies":[{"name":"wp","href":"https:\/\/api.w.org\/{rel}","templated":true}]}}