{"id":489,"date":"2020-10-07T09:33:51","date_gmt":"2020-10-07T07:33:51","guid":{"rendered":"https:\/\/corvey.de\/?page_id=489"},"modified":"2020-10-07T16:45:40","modified_gmt":"2020-10-07T14:45:40","slug":"kaisersaal","status":"publish","type":"page","link":"https:\/\/corvey.de\/en\/feiern-und-tagen\/tagungsraeume\/kaisersaal\/","title":{"rendered":"Kaisersaal"},"content":{"rendered":"<p><span class=\"format blau\">Der Kaisersaal hat seinen Namen von den in den Medallions angebrachten Kaiserbildern und den Stifterbildern Karls des Gro\u00dfen und Ludwigs des Frommen an den Stirnseiten. Er diente den F\u00fcrstabten zu Repr\u00e4sentationszwecken, hier empfing der Abt als Reichsf\u00fcrst hochgestellte Pers\u00f6nlichkeiten.<\/span><\/p>\n<h3><span class=\"format rot\">Bestuhlungsformen<\/span><\/h3>\n<ul>\n<li>U-Form<\/li>\n<li>Block<\/li>\n<li>Stuhlkreis<\/li>\n<li>Parlament<\/li>\n<li>Stuhlreihen<\/li>\n<\/ul>\n<h3><span class=\"format rot\"><b>Daten und Fakten<\/b><\/span><\/h3>\n<ul>\n<li>geeignet f\u00fcr gr\u00f6\u00dfere Konferenzen, Vortr\u00e4ge und kulturelle Veranstaltungen<\/li>\n<li>Tageslicht<\/li>\n<li>B\u00fchne und Beschallung m\u00f6glich<\/li>\n<li>Nicht beheizbar<\/li>\n<li>Gr\u00f6\u00dfe Kaisersaal 230 m\u00b2<\/li>\n<\/ul>\n<p>&nbsp;<\/p>\n","protected":false},"excerpt":{"rendered":"<p>Der Kaisersaal hat seinen Namen von den in den Medallions angebrachten Kaiserbildern und den Stifterbildern Karls des Gro\u00dfen und Ludwigs des Frommen an den Stirnseiten. Er diente den F\u00fcrstabten zu Repr\u00e4sentationszwecken, hier empfing der Abt als Reichsf\u00fcrst hochgestellte Pers\u00f6nlichkeiten. Bestuhlungsformen U-Form Block Stuhlkreis Parlament Stuhlreihen Daten und Fakten geeignet f\u00fcr gr\u00f6\u00dfere Konferenzen, Vortr\u00e4ge und kulturelle [&hellip;]<\/p>\n","protected":false},"author":1,"featured_media":204,"parent":356,"menu_order":0,"comment_status":"closed","ping_status":"closed","template":"","meta":{"_acf_changed":false,"footnotes":""},"class_list":["post-489","page","type-page","status-publish","has-post-thumbnail","hentry"],"acf":[],"yoast_head":"<!-- This site is optimized with the Yoast SEO plugin v24.0 - https:\/\/yoast.com\/wordpress\/plugins\/seo\/ -->\n<title>Kaisersaal &#8226; Welterbe Corvey<\/title>\n<meta name=\"robots\" content=\"index, follow, max-snippet:-1, max-image-preview:large, max-video-preview:-1\" \/>\n<link rel=\"canonical\" href=\"https:\/\/corvey.de\/en\/feiern-und-tagen\/tagungsraeume\/kaisersaal\/\" \/>\n<meta property=\"og:locale\" content=\"en_US\" \/>\n<meta property=\"og:locale:alternate\" content=\"de_DE\" \/>\n<meta property=\"og:type\" content=\"article\" \/>\n<meta property=\"og:title\" content=\"Kaisersaal\" \/>\n<meta property=\"og:description\" content=\"Der Kaisersaal hat seinen Namen von den in den Medallions angebrachten Kaiserbildern und den Stifterbildern Karls des Gro\u00dfen und Ludwigs des Frommen an den Stirnseiten. Er diente den F\u00fcrstabten zu Repr\u00e4sentationszwecken, hier empfing der Abt als Reichsf\u00fcrst hochgestellte Pers\u00f6nlichkeiten. Bestuhlungsformen U-Form Block Stuhlkreis Parlament Stuhlreihen Daten und Fakten geeignet f\u00fcr gr\u00f6\u00dfere Konferenzen, Vortr\u00e4ge und kulturelle [&hellip;]\" \/>\n<meta property=\"og:url\" content=\"https:\/\/corvey.de\/en\/feiern-und-tagen\/tagungsraeume\/kaisersaal\/\" \/>\n<meta property=\"og:site_name\" content=\"Welterbe Corvey\" \/>\n<meta property=\"article:modified_time\" content=\"2020-10-07T14:45:40+00:00\" \/>\n<meta property=\"og:image\" content=\"https:\/\/corvey.de\/wp-content\/uploads\/2020\/10\/02-Kaisersaal_DSC7494_klein.jpg\" \/>\n\t<meta property=\"og:image:width\" content=\"1028\" \/>\n\t<meta property=\"og:image:height\" content=\"829\" \/>\n\t<meta property=\"og:image:type\" content=\"image\/jpeg\" \/>\n<meta name=\"twitter:card\" content=\"summary_large_image\" \/>\n<script type=\"application\/ld+json\" class=\"yoast-schema-graph\">{\"@context\":\"https:\/\/schema.org\",\"@graph\":[{\"@type\":\"WebPage\",\"@id\":\"https:\/\/corvey.de\/feiern-und-tagen\/tagungsraeume\/kaisersaal\/\",\"url\":\"https:\/\/corvey.de\/feiern-und-tagen\/tagungsraeume\/kaisersaal\/\",\"name\":\"Kaisersaal\",\"isPartOf\":{\"@id\":\"https:\/\/corvey.de\/#website\"},\"primaryImageOfPage\":{\"@id\":\"https:\/\/corvey.de\/feiern-und-tagen\/tagungsraeume\/kaisersaal\/#primaryimage\"},\"image\":{\"@id\":\"https:\/\/corvey.de\/feiern-und-tagen\/tagungsraeume\/kaisersaal\/#primaryimage\"},\"thumbnailUrl\":\"https:\/\/corvey.de\/wp-content\/uploads\/2020\/10\/02-Kaisersaal_DSC7494_klein.jpg\",\"datePublished\":\"2020-10-07T07:33:51+00:00\",\"dateModified\":\"2020-10-07T14:45:40+00:00\",\"breadcrumb\":{\"@id\":\"https:\/\/corvey.de\/feiern-und-tagen\/tagungsraeume\/kaisersaal\/#breadcrumb\"},\"inLanguage\":\"en-US\",\"potentialAction\":[{\"@type\":\"ReadAction\",\"target\":[\"https:\/\/corvey.de\/feiern-und-tagen\/tagungsraeume\/kaisersaal\/\"]}]},{\"@type\":\"ImageObject\",\"inLanguage\":\"en-US\",\"@id\":\"https:\/\/corvey.de\/feiern-und-tagen\/tagungsraeume\/kaisersaal\/#primaryimage\",\"url\":\"https:\/\/corvey.de\/wp-content\/uploads\/2020\/10\/02-Kaisersaal_DSC7494_klein.jpg\",\"contentUrl\":\"https:\/\/corvey.de\/wp-content\/uploads\/2020\/10\/02-Kaisersaal_DSC7494_klein.jpg\",\"width\":1028,\"height\":829},{\"@type\":\"BreadcrumbList\",\"@id\":\"https:\/\/corvey.de\/feiern-und-tagen\/tagungsraeume\/kaisersaal\/#breadcrumb\",\"itemListElement\":[{\"@type\":\"ListItem\",\"position\":1,\"name\":\"Home\",\"item\":\"https:\/\/corvey.de\/\"},{\"@type\":\"ListItem\",\"position\":2,\"name\":\"Feiern &#038; Tagen\",\"item\":\"https:\/\/corvey.de\/feiern-und-tagen\/\"},{\"@type\":\"ListItem\",\"position\":3,\"name\":\"Tagungsr\u00e4ume\",\"item\":\"https:\/\/corvey.de\/feiern-und-tagen\/tagungsraeume\/\"},{\"@type\":\"ListItem\",\"position\":4,\"name\":\"Kaisersaal\"}]},{\"@type\":\"WebSite\",\"@id\":\"https:\/\/corvey.de\/#website\",\"url\":\"https:\/\/corvey.de\/\",\"name\":\"Schloss Corvey\",\"description\":\"\",\"publisher\":{\"@id\":\"https:\/\/corvey.de\/#organization\"},\"potentialAction\":[{\"@type\":\"SearchAction\",\"target\":{\"@type\":\"EntryPoint\",\"urlTemplate\":\"https:\/\/corvey.de\/?s={search_term_string}\"},\"query-input\":{\"@type\":\"PropertyValueSpecification\",\"valueRequired\":true,\"valueName\":\"search_term_string\"}}],\"inLanguage\":\"en-US\"},{\"@type\":\"Organization\",\"@id\":\"https:\/\/corvey.de\/#organization\",\"name\":\"Schloss Corvey\",\"url\":\"https:\/\/corvey.de\/\",\"logo\":{\"@type\":\"ImageObject\",\"inLanguage\":\"en-US\",\"@id\":\"https:\/\/corvey.de\/#\/schema\/logo\/image\/\",\"url\":\"https:\/\/corvey.de\/wp-content\/uploads\/2020\/10\/logo-schloss-corvey.svg\",\"contentUrl\":\"https:\/\/corvey.de\/wp-content\/uploads\/2020\/10\/logo-schloss-corvey.svg\",\"width\":1,\"height\":1,\"caption\":\"Schloss Corvey\"},\"image\":{\"@id\":\"https:\/\/corvey.de\/#\/schema\/logo\/image\/\"}}]}<\/script>\n<!-- \/ Yoast SEO plugin. -->","yoast_head_json":{"title":"Kaisersaal &#8226; Welterbe Corvey","robots":{"index":"index","follow":"follow","max-snippet":"max-snippet:-1","max-image-preview":"max-image-preview:large","max-video-preview":"max-video-preview:-1"},"canonical":"https:\/\/corvey.de\/en\/feiern-und-tagen\/tagungsraeume\/kaisersaal\/","og_locale":"en_US","og_type":"article","og_title":"[:de]Kaisersaal[:] &#8226; Welterbe Corvey","og_description":"Der Kaisersaal hat seinen Namen von den in den Medallions angebrachten Kaiserbildern und den Stifterbildern Karls des Gro\u00dfen und Ludwigs des Frommen an den Stirnseiten. Er diente den F\u00fcrstabten zu Repr\u00e4sentationszwecken, hier empfing der Abt als Reichsf\u00fcrst hochgestellte Pers\u00f6nlichkeiten. Bestuhlungsformen U-Form Block Stuhlkreis Parlament Stuhlreihen Daten und Fakten geeignet f\u00fcr gr\u00f6\u00dfere Konferenzen, Vortr\u00e4ge und kulturelle [&hellip;]","og_url":"https:\/\/corvey.de\/en\/feiern-und-tagen\/tagungsraeume\/kaisersaal\/","og_site_name":"Welterbe Corvey","article_modified_time":"2020-10-07T14:45:40+00:00","og_image":[{"width":1028,"height":829,"url":"https:\/\/corvey.de\/wp-content\/uploads\/2020\/10\/02-Kaisersaal_DSC7494_klein.jpg","type":"image\/jpeg"}],"twitter_card":"summary_large_image","schema":{"@context":"https:\/\/schema.org","@graph":[{"@type":"WebPage","@id":"https:\/\/corvey.de\/feiern-und-tagen\/tagungsraeume\/kaisersaal\/","url":"https:\/\/corvey.de\/feiern-und-tagen\/tagungsraeume\/kaisersaal\/","name":"Kaisersaal","isPartOf":{"@id":"https:\/\/corvey.de\/#website"},"primaryImageOfPage":{"@id":"https:\/\/corvey.de\/feiern-und-tagen\/tagungsraeume\/kaisersaal\/#primaryimage"},"image":{"@id":"https:\/\/corvey.de\/feiern-und-tagen\/tagungsraeume\/kaisersaal\/#primaryimage"},"thumbnailUrl":"https:\/\/corvey.de\/wp-content\/uploads\/2020\/10\/02-Kaisersaal_DSC7494_klein.jpg","datePublished":"2020-10-07T07:33:51+00:00","dateModified":"2020-10-07T14:45:40+00:00","breadcrumb":{"@id":"https:\/\/corvey.de\/feiern-und-tagen\/tagungsraeume\/kaisersaal\/#breadcrumb"},"inLanguage":"en-US","potentialAction":[{"@type":"ReadAction","target":["https:\/\/corvey.de\/feiern-und-tagen\/tagungsraeume\/kaisersaal\/"]}]},{"@type":"ImageObject","inLanguage":"en-US","@id":"https:\/\/corvey.de\/feiern-und-tagen\/tagungsraeume\/kaisersaal\/#primaryimage","url":"https:\/\/corvey.de\/wp-content\/uploads\/2020\/10\/02-Kaisersaal_DSC7494_klein.jpg","contentUrl":"https:\/\/corvey.de\/wp-content\/uploads\/2020\/10\/02-Kaisersaal_DSC7494_klein.jpg","width":1028,"height":829},{"@type":"BreadcrumbList","@id":"https:\/\/corvey.de\/feiern-und-tagen\/tagungsraeume\/kaisersaal\/#breadcrumb","itemListElement":[{"@type":"ListItem","position":1,"name":"Home","item":"https:\/\/corvey.de\/"},{"@type":"ListItem","position":2,"name":"Feiern &#038; Tagen","item":"https:\/\/corvey.de\/feiern-und-tagen\/"},{"@type":"ListItem","position":3,"name":"Tagungsr\u00e4ume","item":"https:\/\/corvey.de\/feiern-und-tagen\/tagungsraeume\/"},{"@type":"ListItem","position":4,"name":"Kaisersaal"}]},{"@type":"WebSite","@id":"https:\/\/corvey.de\/#website","url":"https:\/\/corvey.de\/","name":"Schloss Corvey","description":"","publisher":{"@id":"https:\/\/corvey.de\/#organization"},"potentialAction":[{"@type":"SearchAction","target":{"@type":"EntryPoint","urlTemplate":"https:\/\/corvey.de\/?s={search_term_string}"},"query-input":{"@type":"PropertyValueSpecification","valueRequired":true,"valueName":"search_term_string"}}],"inLanguage":"en-US"},{"@type":"Organization","@id":"https:\/\/corvey.de\/#organization","name":"Schloss Corvey","url":"https:\/\/corvey.de\/","logo":{"@type":"ImageObject","inLanguage":"en-US","@id":"https:\/\/corvey.de\/#\/schema\/logo\/image\/","url":"https:\/\/corvey.de\/wp-content\/uploads\/2020\/10\/logo-schloss-corvey.svg","contentUrl":"https:\/\/corvey.de\/wp-content\/uploads\/2020\/10\/logo-schloss-corvey.svg","width":1,"height":1,"caption":"Schloss Corvey"},"image":{"@id":"https:\/\/corvey.de\/#\/schema\/logo\/image\/"}}]}},"_links":{"self":[{"href":"https:\/\/corvey.de\/en\/wp-json\/wp\/v2\/pages\/489","targetHints":{"allow":["GET"]}}],"collection":[{"href":"https:\/\/corvey.de\/en\/wp-json\/wp\/v2\/pages"}],"about":[{"href":"https:\/\/corvey.de\/en\/wp-json\/wp\/v2\/types\/page"}],"author":[{"embeddable":true,"href":"https:\/\/corvey.de\/en\/wp-json\/wp\/v2\/users\/1"}],"replies":[{"embeddable":true,"href":"https:\/\/corvey.de\/en\/wp-json\/wp\/v2\/comments?post=489"}],"version-history":[{"count":3,"href":"https:\/\/corvey.de\/en\/wp-json\/wp\/v2\/pages\/489\/revisions"}],"predecessor-version":[{"id":492,"href":"https:\/\/corvey.de\/en\/wp-json\/wp\/v2\/pages\/489\/revisions\/492"}],"up":[{"embeddable":true,"href":"https:\/\/corvey.de\/en\/wp-json\/wp\/v2\/pages\/356"}],"wp:featuredmedia":[{"embeddable":true,"href":"https:\/\/corvey.de\/en\/wp-json\/wp\/v2\/media\/204"}],"wp:attachment":[{"href":"https:\/\/corvey.de\/en\/wp-json\/wp\/v2\/media?parent=489"}],"curies":[{"name":"wp","href":"https:\/\/api.w.org\/{rel}","templated":true}]}}