{"id":51,"date":"2020-09-16T16:34:19","date_gmt":"2020-09-16T14:34:19","guid":{"rendered":"https:\/\/corvey.de\/?page_id=51"},"modified":"2020-10-28T11:59:58","modified_gmt":"2020-10-28T10:59:58","slug":"unesco-weltkulturerbe","status":"publish","type":"page","link":"https:\/\/corvey.de\/en\/corvey\/unesco-weltkulturerbe\/","title":{"rendered":"UNESCO-Weltkulturerbe"},"content":{"rendered":"<p>Corvey ist am 21. Juni 2014 von der UNESCO als Weltkulturerbe ausgezeichnet worden. Als Welterbest\u00e4tte tr\u00e4gt Corvey den offiziellen Titel \u201eDas Karolingische Westwerk und die Civitas Corvey\u201c.<\/p>\n<p>Zur Aufnahme in die Welterbeliste der Vereinten Nationen werden die \u00fcbergreifenden Kriterien der Einzigartigkeit, der Authentizit\u00e4t (historische Echtheit) und der Integrit\u00e4t (Unversehrtheit) angewendet, in Verbindung mit einem oder mehreren der insgesamt zehn UNESCO-Kriterien. Die ersten sechs sind insbesondere f\u00fcr kulturelle St\u00e4tten und Kulturlandschaften einschl\u00e4gig. Die Antragstellung Corveys bezog sich entsprechend auf diese Werte und Kriterien in insgesamt vier umfangreichen Antragsb\u00e4nden.<\/p>\n","protected":false},"excerpt":{"rendered":"<p>Corvey ist am 21. Juni 2014 von der UNESCO als Weltkulturerbe ausgezeichnet worden. Als Welterbest\u00e4tte tr\u00e4gt Corvey den offiziellen Titel \u201eDas Karolingische Westwerk und die Civitas Corvey\u201c. Zur Aufnahme in die Welterbeliste der Vereinten Nationen werden die \u00fcbergreifenden Kriterien der Einzigartigkeit, der Authentizit\u00e4t (historische Echtheit) und der Integrit\u00e4t (Unversehrtheit) angewendet, in Verbindung mit einem oder [&hellip;]<\/p>\n","protected":false},"author":1,"featured_media":215,"parent":8,"menu_order":0,"comment_status":"closed","ping_status":"closed","template":"","meta":{"_acf_changed":false,"footnotes":""},"class_list":["post-51","page","type-page","status-publish","has-post-thumbnail","hentry"],"acf":[],"yoast_head":"<!-- This site is optimized with the Yoast SEO plugin v24.0 - https:\/\/yoast.com\/wordpress\/plugins\/seo\/ -->\n<title>UNESCO-Weltkulturerbe &#8226; Welterbe Corvey<\/title>\n<meta name=\"robots\" content=\"index, follow, max-snippet:-1, max-image-preview:large, max-video-preview:-1\" \/>\n<link rel=\"canonical\" href=\"https:\/\/corvey.de\/en\/corvey\/unesco-weltkulturerbe\/\" \/>\n<meta property=\"og:locale\" content=\"en_US\" \/>\n<meta property=\"og:locale:alternate\" content=\"de_DE\" \/>\n<meta property=\"og:type\" content=\"article\" \/>\n<meta property=\"og:title\" content=\"UNESCO-Weltkulturerbe\" \/>\n<meta property=\"og:description\" content=\"Corvey ist am 21. Juni 2014 von der UNESCO als Weltkulturerbe ausgezeichnet worden. Als Welterbest\u00e4tte tr\u00e4gt Corvey den offiziellen Titel \u201eDas Karolingische Westwerk und die Civitas Corvey\u201c. Zur Aufnahme in die Welterbeliste der Vereinten Nationen werden die \u00fcbergreifenden Kriterien der Einzigartigkeit, der Authentizit\u00e4t (historische Echtheit) und der Integrit\u00e4t (Unversehrtheit) angewendet, in Verbindung mit einem oder [&hellip;]\" \/>\n<meta property=\"og:url\" content=\"https:\/\/corvey.de\/en\/corvey\/unesco-weltkulturerbe\/\" \/>\n<meta property=\"og:site_name\" content=\"Welterbe Corvey\" \/>\n<meta property=\"article:modified_time\" content=\"2020-10-28T10:59:58+00:00\" \/>\n<meta property=\"og:image\" content=\"https:\/\/corvey.de\/wp-content\/uploads\/2020\/10\/20-Westwerk-Joh.-Chor_DSC8465-2-scaled.jpg\" \/>\n\t<meta property=\"og:image:width\" content=\"2560\" \/>\n\t<meta property=\"og:image:height\" content=\"1710\" \/>\n\t<meta property=\"og:image:type\" content=\"image\/jpeg\" \/>\n<meta name=\"twitter:card\" content=\"summary_large_image\" \/>\n<script type=\"application\/ld+json\" class=\"yoast-schema-graph\">{\"@context\":\"https:\/\/schema.org\",\"@graph\":[{\"@type\":\"WebPage\",\"@id\":\"https:\/\/corvey.de\/corvey\/unesco-weltkulturerbe\/\",\"url\":\"https:\/\/corvey.de\/corvey\/unesco-weltkulturerbe\/\",\"name\":\"UNESCO-Weltkulturerbe\",\"isPartOf\":{\"@id\":\"https:\/\/corvey.de\/#website\"},\"primaryImageOfPage\":{\"@id\":\"https:\/\/corvey.de\/corvey\/unesco-weltkulturerbe\/#primaryimage\"},\"image\":{\"@id\":\"https:\/\/corvey.de\/corvey\/unesco-weltkulturerbe\/#primaryimage\"},\"thumbnailUrl\":\"https:\/\/corvey.de\/wp-content\/uploads\/2020\/10\/20-Westwerk-Joh.-Chor_DSC8465-2-scaled.jpg\",\"datePublished\":\"2020-09-16T14:34:19+00:00\",\"dateModified\":\"2020-10-28T10:59:58+00:00\",\"breadcrumb\":{\"@id\":\"https:\/\/corvey.de\/corvey\/unesco-weltkulturerbe\/#breadcrumb\"},\"inLanguage\":\"en-US\",\"potentialAction\":[{\"@type\":\"ReadAction\",\"target\":[\"https:\/\/corvey.de\/corvey\/unesco-weltkulturerbe\/\"]}]},{\"@type\":\"ImageObject\",\"inLanguage\":\"en-US\",\"@id\":\"https:\/\/corvey.de\/corvey\/unesco-weltkulturerbe\/#primaryimage\",\"url\":\"https:\/\/corvey.de\/wp-content\/uploads\/2020\/10\/20-Westwerk-Joh.-Chor_DSC8465-2-scaled.jpg\",\"contentUrl\":\"https:\/\/corvey.de\/wp-content\/uploads\/2020\/10\/20-Westwerk-Joh.-Chor_DSC8465-2-scaled.jpg\",\"width\":2560,\"height\":1710},{\"@type\":\"BreadcrumbList\",\"@id\":\"https:\/\/corvey.de\/corvey\/unesco-weltkulturerbe\/#breadcrumb\",\"itemListElement\":[{\"@type\":\"ListItem\",\"position\":1,\"name\":\"Home\",\"item\":\"https:\/\/corvey.de\/\"},{\"@type\":\"ListItem\",\"position\":2,\"name\":\"Corvey\",\"item\":\"https:\/\/corvey.de\/corvey\/\"},{\"@type\":\"ListItem\",\"position\":3,\"name\":\"UNESCO-Weltkulturerbe\"}]},{\"@type\":\"WebSite\",\"@id\":\"https:\/\/corvey.de\/#website\",\"url\":\"https:\/\/corvey.de\/\",\"name\":\"Schloss Corvey\",\"description\":\"\",\"publisher\":{\"@id\":\"https:\/\/corvey.de\/#organization\"},\"potentialAction\":[{\"@type\":\"SearchAction\",\"target\":{\"@type\":\"EntryPoint\",\"urlTemplate\":\"https:\/\/corvey.de\/?s={search_term_string}\"},\"query-input\":{\"@type\":\"PropertyValueSpecification\",\"valueRequired\":true,\"valueName\":\"search_term_string\"}}],\"inLanguage\":\"en-US\"},{\"@type\":\"Organization\",\"@id\":\"https:\/\/corvey.de\/#organization\",\"name\":\"Schloss Corvey\",\"url\":\"https:\/\/corvey.de\/\",\"logo\":{\"@type\":\"ImageObject\",\"inLanguage\":\"en-US\",\"@id\":\"https:\/\/corvey.de\/#\/schema\/logo\/image\/\",\"url\":\"https:\/\/corvey.de\/wp-content\/uploads\/2020\/10\/logo-schloss-corvey.svg\",\"contentUrl\":\"https:\/\/corvey.de\/wp-content\/uploads\/2020\/10\/logo-schloss-corvey.svg\",\"width\":1,\"height\":1,\"caption\":\"Schloss Corvey\"},\"image\":{\"@id\":\"https:\/\/corvey.de\/#\/schema\/logo\/image\/\"}}]}<\/script>\n<!-- \/ Yoast SEO plugin. -->","yoast_head_json":{"title":"UNESCO-Weltkulturerbe &#8226; Welterbe Corvey","robots":{"index":"index","follow":"follow","max-snippet":"max-snippet:-1","max-image-preview":"max-image-preview:large","max-video-preview":"max-video-preview:-1"},"canonical":"https:\/\/corvey.de\/en\/corvey\/unesco-weltkulturerbe\/","og_locale":"en_US","og_type":"article","og_title":"[:de]UNESCO-Weltkulturerbe[:] &#8226; Welterbe Corvey","og_description":"Corvey ist am 21. Juni 2014 von der UNESCO als Weltkulturerbe ausgezeichnet worden. Als Welterbest\u00e4tte tr\u00e4gt Corvey den offiziellen Titel \u201eDas Karolingische Westwerk und die Civitas Corvey\u201c. Zur Aufnahme in die Welterbeliste der Vereinten Nationen werden die \u00fcbergreifenden Kriterien der Einzigartigkeit, der Authentizit\u00e4t (historische Echtheit) und der Integrit\u00e4t (Unversehrtheit) angewendet, in Verbindung mit einem oder [&hellip;]","og_url":"https:\/\/corvey.de\/en\/corvey\/unesco-weltkulturerbe\/","og_site_name":"Welterbe Corvey","article_modified_time":"2020-10-28T10:59:58+00:00","og_image":[{"width":2560,"height":1710,"url":"https:\/\/corvey.de\/wp-content\/uploads\/2020\/10\/20-Westwerk-Joh.-Chor_DSC8465-2-scaled.jpg","type":"image\/jpeg"}],"twitter_card":"summary_large_image","schema":{"@context":"https:\/\/schema.org","@graph":[{"@type":"WebPage","@id":"https:\/\/corvey.de\/corvey\/unesco-weltkulturerbe\/","url":"https:\/\/corvey.de\/corvey\/unesco-weltkulturerbe\/","name":"UNESCO-Weltkulturerbe","isPartOf":{"@id":"https:\/\/corvey.de\/#website"},"primaryImageOfPage":{"@id":"https:\/\/corvey.de\/corvey\/unesco-weltkulturerbe\/#primaryimage"},"image":{"@id":"https:\/\/corvey.de\/corvey\/unesco-weltkulturerbe\/#primaryimage"},"thumbnailUrl":"https:\/\/corvey.de\/wp-content\/uploads\/2020\/10\/20-Westwerk-Joh.-Chor_DSC8465-2-scaled.jpg","datePublished":"2020-09-16T14:34:19+00:00","dateModified":"2020-10-28T10:59:58+00:00","breadcrumb":{"@id":"https:\/\/corvey.de\/corvey\/unesco-weltkulturerbe\/#breadcrumb"},"inLanguage":"en-US","potentialAction":[{"@type":"ReadAction","target":["https:\/\/corvey.de\/corvey\/unesco-weltkulturerbe\/"]}]},{"@type":"ImageObject","inLanguage":"en-US","@id":"https:\/\/corvey.de\/corvey\/unesco-weltkulturerbe\/#primaryimage","url":"https:\/\/corvey.de\/wp-content\/uploads\/2020\/10\/20-Westwerk-Joh.-Chor_DSC8465-2-scaled.jpg","contentUrl":"https:\/\/corvey.de\/wp-content\/uploads\/2020\/10\/20-Westwerk-Joh.-Chor_DSC8465-2-scaled.jpg","width":2560,"height":1710},{"@type":"BreadcrumbList","@id":"https:\/\/corvey.de\/corvey\/unesco-weltkulturerbe\/#breadcrumb","itemListElement":[{"@type":"ListItem","position":1,"name":"Home","item":"https:\/\/corvey.de\/"},{"@type":"ListItem","position":2,"name":"Corvey","item":"https:\/\/corvey.de\/corvey\/"},{"@type":"ListItem","position":3,"name":"UNESCO-Weltkulturerbe"}]},{"@type":"WebSite","@id":"https:\/\/corvey.de\/#website","url":"https:\/\/corvey.de\/","name":"Schloss Corvey","description":"","publisher":{"@id":"https:\/\/corvey.de\/#organization"},"potentialAction":[{"@type":"SearchAction","target":{"@type":"EntryPoint","urlTemplate":"https:\/\/corvey.de\/?s={search_term_string}"},"query-input":{"@type":"PropertyValueSpecification","valueRequired":true,"valueName":"search_term_string"}}],"inLanguage":"en-US"},{"@type":"Organization","@id":"https:\/\/corvey.de\/#organization","name":"Schloss Corvey","url":"https:\/\/corvey.de\/","logo":{"@type":"ImageObject","inLanguage":"en-US","@id":"https:\/\/corvey.de\/#\/schema\/logo\/image\/","url":"https:\/\/corvey.de\/wp-content\/uploads\/2020\/10\/logo-schloss-corvey.svg","contentUrl":"https:\/\/corvey.de\/wp-content\/uploads\/2020\/10\/logo-schloss-corvey.svg","width":1,"height":1,"caption":"Schloss Corvey"},"image":{"@id":"https:\/\/corvey.de\/#\/schema\/logo\/image\/"}}]}},"_links":{"self":[{"href":"https:\/\/corvey.de\/en\/wp-json\/wp\/v2\/pages\/51","targetHints":{"allow":["GET"]}}],"collection":[{"href":"https:\/\/corvey.de\/en\/wp-json\/wp\/v2\/pages"}],"about":[{"href":"https:\/\/corvey.de\/en\/wp-json\/wp\/v2\/types\/page"}],"author":[{"embeddable":true,"href":"https:\/\/corvey.de\/en\/wp-json\/wp\/v2\/users\/1"}],"replies":[{"embeddable":true,"href":"https:\/\/corvey.de\/en\/wp-json\/wp\/v2\/comments?post=51"}],"version-history":[{"count":8,"href":"https:\/\/corvey.de\/en\/wp-json\/wp\/v2\/pages\/51\/revisions"}],"predecessor-version":[{"id":999,"href":"https:\/\/corvey.de\/en\/wp-json\/wp\/v2\/pages\/51\/revisions\/999"}],"up":[{"embeddable":true,"href":"https:\/\/corvey.de\/en\/wp-json\/wp\/v2\/pages\/8"}],"wp:featuredmedia":[{"embeddable":true,"href":"https:\/\/corvey.de\/en\/wp-json\/wp\/v2\/media\/215"}],"wp:attachment":[{"href":"https:\/\/corvey.de\/en\/wp-json\/wp\/v2\/media?parent=51"}],"curies":[{"name":"wp","href":"https:\/\/api.w.org\/{rel}","templated":true}]}}