{"id":527,"date":"2020-10-13T11:42:30","date_gmt":"2020-10-13T09:42:30","guid":{"rendered":"https:\/\/corvey.de\/?page_id=527"},"modified":"2025-03-12T10:56:29","modified_gmt":"2025-03-12T09:56:29","slug":"themenfuehrungen","status":"publish","type":"page","link":"https:\/\/corvey.de\/en\/fuehrungen\/themenfuehrungen\/","title":{"rendered":"Themen\u00adf\u00fchrungen"},"content":{"rendered":"<p>Mit unseren F\u00fchrungen erhalten Sie einen umfassenden \u00dcberblick \u00fcber die Anlage und die Geschichte der ehemaligen Reichsabtei Corvey. Neben der Kirche mit ihrem karolingischen Westwerk erkunden Sie auch den barocken Residenzbau mit Kreuzgang, Kaisersaal und F\u00fcrstlicher Bibliothek oder den Remtergarten. Die F\u00fchrung durchstreift damit kompakt 1.200 Jahre Kultur- und Klostergeschichte.<\/p>\n<p><strong>Individuelle \/ Gruppen &#8211; F\u00fchrungen:<\/strong> jederzeit nach Terminabsprache<\/p>\n<p><strong>\u00d6ffentliche F\u00fchrungen: <\/strong>(ohne Voranmeldung) in der Saison, t\u00e4glich 15 Uhr, Samstag, Sonntag, Feiertag zus\u00e4tzlich um 11 Uhr<\/p>\n<p>Neben der deutschen F\u00fchrung bieten wir auch F\u00fchrungen in Fremdsprachen an.<\/p>\n<p><strong><a style=\"color: #3366ff;\" href=\"https:\/\/corvey.de\/fuehrung-buchen\/\">[hier buchen]<\/a><\/strong><\/p>\n<p><strong><a href=\"tel:0049527168168\">Annette Beckert, Tel.: <span style=\"color: #3366ff;\">[05271 68168]<\/span><\/a><\/strong><\/p>\n<p>&nbsp;<\/p>\n<p>&nbsp;<\/p>\n","protected":false},"excerpt":{"rendered":"<p>Mit unseren F\u00fchrungen erhalten Sie einen umfassenden \u00dcberblick \u00fcber die Anlage und die Geschichte der ehemaligen Reichsabtei Corvey. Neben der Kirche mit ihrem karolingischen Westwerk erkunden Sie auch den barocken Residenzbau mit Kreuzgang, Kaisersaal und F\u00fcrstlicher Bibliothek oder den Remtergarten. Die F\u00fchrung durchstreift damit kompakt 1.200 Jahre Kultur- und Klostergeschichte. Individuelle \/ Gruppen &#8211; F\u00fchrungen: [&hellip;]<\/p>\n","protected":false},"author":1,"featured_media":611,"parent":12,"menu_order":0,"comment_status":"closed","ping_status":"closed","template":"","meta":{"_acf_changed":false,"footnotes":""},"class_list":["post-527","page","type-page","status-publish","has-post-thumbnail","hentry"],"acf":[],"yoast_head":"<!-- This site is optimized with the Yoast SEO plugin v24.0 - https:\/\/yoast.com\/wordpress\/plugins\/seo\/ -->\n<title>Themen\u00adf\u00fchrungen &#8226; Welterbe Corvey<\/title>\n<meta name=\"robots\" content=\"index, follow, max-snippet:-1, max-image-preview:large, max-video-preview:-1\" \/>\n<link rel=\"canonical\" href=\"https:\/\/corvey.de\/en\/fuehrungen\/themenfuehrungen\/\" \/>\n<meta property=\"og:locale\" content=\"en_US\" \/>\n<meta property=\"og:locale:alternate\" content=\"de_DE\" \/>\n<meta property=\"og:type\" content=\"article\" \/>\n<meta property=\"og:title\" content=\"Themen\u00adf\u00fchrungen\" \/>\n<meta property=\"og:description\" content=\"Mit unseren F\u00fchrungen erhalten Sie einen umfassenden \u00dcberblick \u00fcber die Anlage und die Geschichte der ehemaligen Reichsabtei Corvey. Neben der Kirche mit ihrem karolingischen Westwerk erkunden Sie auch den barocken Residenzbau mit Kreuzgang, Kaisersaal und F\u00fcrstlicher Bibliothek oder den Remtergarten. Die F\u00fchrung durchstreift damit kompakt 1.200 Jahre Kultur- und Klostergeschichte. Individuelle \/ Gruppen &#8211; F\u00fchrungen: [&hellip;]\" \/>\n<meta property=\"og:url\" content=\"https:\/\/corvey.de\/en\/fuehrungen\/themenfuehrungen\/\" \/>\n<meta property=\"og:site_name\" content=\"Welterbe Corvey\" \/>\n<meta property=\"article:modified_time\" content=\"2025-03-12T09:56:29+00:00\" \/>\n<meta property=\"og:image\" content=\"https:\/\/corvey.de\/wp-content\/uploads\/2020\/10\/besucher_web-scaled.jpg\" \/>\n\t<meta property=\"og:image:width\" content=\"2560\" \/>\n\t<meta property=\"og:image:height\" content=\"1555\" \/>\n\t<meta property=\"og:image:type\" content=\"image\/jpeg\" \/>\n<meta name=\"twitter:card\" content=\"summary_large_image\" \/>\n<meta name=\"twitter:label1\" content=\"Est. reading time\" \/>\n\t<meta name=\"twitter:data1\" content=\"1 minute\" \/>\n<script type=\"application\/ld+json\" class=\"yoast-schema-graph\">{\"@context\":\"https:\/\/schema.org\",\"@graph\":[{\"@type\":\"WebPage\",\"@id\":\"https:\/\/corvey.de\/fuehrungen\/themenfuehrungen\/\",\"url\":\"https:\/\/corvey.de\/fuehrungen\/themenfuehrungen\/\",\"name\":\"Themen\u00adf\u00fchrungen\",\"isPartOf\":{\"@id\":\"https:\/\/corvey.de\/#website\"},\"primaryImageOfPage\":{\"@id\":\"https:\/\/corvey.de\/fuehrungen\/themenfuehrungen\/#primaryimage\"},\"image\":{\"@id\":\"https:\/\/corvey.de\/fuehrungen\/themenfuehrungen\/#primaryimage\"},\"thumbnailUrl\":\"https:\/\/corvey.de\/wp-content\/uploads\/2020\/10\/besucher_web-scaled.jpg\",\"datePublished\":\"2020-10-13T09:42:30+00:00\",\"dateModified\":\"2025-03-12T09:56:29+00:00\",\"breadcrumb\":{\"@id\":\"https:\/\/corvey.de\/fuehrungen\/themenfuehrungen\/#breadcrumb\"},\"inLanguage\":\"en-US\",\"potentialAction\":[{\"@type\":\"ReadAction\",\"target\":[\"https:\/\/corvey.de\/fuehrungen\/themenfuehrungen\/\"]}]},{\"@type\":\"ImageObject\",\"inLanguage\":\"en-US\",\"@id\":\"https:\/\/corvey.de\/fuehrungen\/themenfuehrungen\/#primaryimage\",\"url\":\"https:\/\/corvey.de\/wp-content\/uploads\/2020\/10\/besucher_web-scaled.jpg\",\"contentUrl\":\"https:\/\/corvey.de\/wp-content\/uploads\/2020\/10\/besucher_web-scaled.jpg\",\"width\":2560,\"height\":1555},{\"@type\":\"BreadcrumbList\",\"@id\":\"https:\/\/corvey.de\/fuehrungen\/themenfuehrungen\/#breadcrumb\",\"itemListElement\":[{\"@type\":\"ListItem\",\"position\":1,\"name\":\"Home\",\"item\":\"https:\/\/corvey.de\/\"},{\"@type\":\"ListItem\",\"position\":2,\"name\":\"F\u00fchrungen\",\"item\":\"https:\/\/corvey.de\/fuehrungen\/\"},{\"@type\":\"ListItem\",\"position\":3,\"name\":\"Themen\u00adf\u00fchrungen\"}]},{\"@type\":\"WebSite\",\"@id\":\"https:\/\/corvey.de\/#website\",\"url\":\"https:\/\/corvey.de\/\",\"name\":\"Schloss Corvey\",\"description\":\"\",\"publisher\":{\"@id\":\"https:\/\/corvey.de\/#organization\"},\"potentialAction\":[{\"@type\":\"SearchAction\",\"target\":{\"@type\":\"EntryPoint\",\"urlTemplate\":\"https:\/\/corvey.de\/?s={search_term_string}\"},\"query-input\":{\"@type\":\"PropertyValueSpecification\",\"valueRequired\":true,\"valueName\":\"search_term_string\"}}],\"inLanguage\":\"en-US\"},{\"@type\":\"Organization\",\"@id\":\"https:\/\/corvey.de\/#organization\",\"name\":\"Schloss Corvey\",\"url\":\"https:\/\/corvey.de\/\",\"logo\":{\"@type\":\"ImageObject\",\"inLanguage\":\"en-US\",\"@id\":\"https:\/\/corvey.de\/#\/schema\/logo\/image\/\",\"url\":\"https:\/\/corvey.de\/wp-content\/uploads\/2020\/10\/logo-schloss-corvey.svg\",\"contentUrl\":\"https:\/\/corvey.de\/wp-content\/uploads\/2020\/10\/logo-schloss-corvey.svg\",\"width\":1,\"height\":1,\"caption\":\"Schloss Corvey\"},\"image\":{\"@id\":\"https:\/\/corvey.de\/#\/schema\/logo\/image\/\"}}]}<\/script>\n<!-- \/ Yoast SEO plugin. -->","yoast_head_json":{"title":"Themen\u00adf\u00fchrungen &#8226; Welterbe Corvey","robots":{"index":"index","follow":"follow","max-snippet":"max-snippet:-1","max-image-preview":"max-image-preview:large","max-video-preview":"max-video-preview:-1"},"canonical":"https:\/\/corvey.de\/en\/fuehrungen\/themenfuehrungen\/","og_locale":"en_US","og_type":"article","og_title":"[:de]Themen\u00adf\u00fchrungen[:] &#8226; Welterbe Corvey","og_description":"Mit unseren F\u00fchrungen erhalten Sie einen umfassenden \u00dcberblick \u00fcber die Anlage und die Geschichte der ehemaligen Reichsabtei Corvey. Neben der Kirche mit ihrem karolingischen Westwerk erkunden Sie auch den barocken Residenzbau mit Kreuzgang, Kaisersaal und F\u00fcrstlicher Bibliothek oder den Remtergarten. Die F\u00fchrung durchstreift damit kompakt 1.200 Jahre Kultur- und Klostergeschichte. Individuelle \/ Gruppen &#8211; F\u00fchrungen: [&hellip;]","og_url":"https:\/\/corvey.de\/en\/fuehrungen\/themenfuehrungen\/","og_site_name":"Welterbe Corvey","article_modified_time":"2025-03-12T09:56:29+00:00","og_image":[{"width":2560,"height":1555,"url":"https:\/\/corvey.de\/wp-content\/uploads\/2020\/10\/besucher_web-scaled.jpg","type":"image\/jpeg"}],"twitter_card":"summary_large_image","twitter_misc":{"Est. reading time":"1 minute"},"schema":{"@context":"https:\/\/schema.org","@graph":[{"@type":"WebPage","@id":"https:\/\/corvey.de\/fuehrungen\/themenfuehrungen\/","url":"https:\/\/corvey.de\/fuehrungen\/themenfuehrungen\/","name":"Themen\u00adf\u00fchrungen","isPartOf":{"@id":"https:\/\/corvey.de\/#website"},"primaryImageOfPage":{"@id":"https:\/\/corvey.de\/fuehrungen\/themenfuehrungen\/#primaryimage"},"image":{"@id":"https:\/\/corvey.de\/fuehrungen\/themenfuehrungen\/#primaryimage"},"thumbnailUrl":"https:\/\/corvey.de\/wp-content\/uploads\/2020\/10\/besucher_web-scaled.jpg","datePublished":"2020-10-13T09:42:30+00:00","dateModified":"2025-03-12T09:56:29+00:00","breadcrumb":{"@id":"https:\/\/corvey.de\/fuehrungen\/themenfuehrungen\/#breadcrumb"},"inLanguage":"en-US","potentialAction":[{"@type":"ReadAction","target":["https:\/\/corvey.de\/fuehrungen\/themenfuehrungen\/"]}]},{"@type":"ImageObject","inLanguage":"en-US","@id":"https:\/\/corvey.de\/fuehrungen\/themenfuehrungen\/#primaryimage","url":"https:\/\/corvey.de\/wp-content\/uploads\/2020\/10\/besucher_web-scaled.jpg","contentUrl":"https:\/\/corvey.de\/wp-content\/uploads\/2020\/10\/besucher_web-scaled.jpg","width":2560,"height":1555},{"@type":"BreadcrumbList","@id":"https:\/\/corvey.de\/fuehrungen\/themenfuehrungen\/#breadcrumb","itemListElement":[{"@type":"ListItem","position":1,"name":"Home","item":"https:\/\/corvey.de\/"},{"@type":"ListItem","position":2,"name":"F\u00fchrungen","item":"https:\/\/corvey.de\/fuehrungen\/"},{"@type":"ListItem","position":3,"name":"Themen\u00adf\u00fchrungen"}]},{"@type":"WebSite","@id":"https:\/\/corvey.de\/#website","url":"https:\/\/corvey.de\/","name":"Schloss Corvey","description":"","publisher":{"@id":"https:\/\/corvey.de\/#organization"},"potentialAction":[{"@type":"SearchAction","target":{"@type":"EntryPoint","urlTemplate":"https:\/\/corvey.de\/?s={search_term_string}"},"query-input":{"@type":"PropertyValueSpecification","valueRequired":true,"valueName":"search_term_string"}}],"inLanguage":"en-US"},{"@type":"Organization","@id":"https:\/\/corvey.de\/#organization","name":"Schloss Corvey","url":"https:\/\/corvey.de\/","logo":{"@type":"ImageObject","inLanguage":"en-US","@id":"https:\/\/corvey.de\/#\/schema\/logo\/image\/","url":"https:\/\/corvey.de\/wp-content\/uploads\/2020\/10\/logo-schloss-corvey.svg","contentUrl":"https:\/\/corvey.de\/wp-content\/uploads\/2020\/10\/logo-schloss-corvey.svg","width":1,"height":1,"caption":"Schloss Corvey"},"image":{"@id":"https:\/\/corvey.de\/#\/schema\/logo\/image\/"}}]}},"_links":{"self":[{"href":"https:\/\/corvey.de\/en\/wp-json\/wp\/v2\/pages\/527","targetHints":{"allow":["GET"]}}],"collection":[{"href":"https:\/\/corvey.de\/en\/wp-json\/wp\/v2\/pages"}],"about":[{"href":"https:\/\/corvey.de\/en\/wp-json\/wp\/v2\/types\/page"}],"author":[{"embeddable":true,"href":"https:\/\/corvey.de\/en\/wp-json\/wp\/v2\/users\/1"}],"replies":[{"embeddable":true,"href":"https:\/\/corvey.de\/en\/wp-json\/wp\/v2\/comments?post=527"}],"version-history":[{"count":27,"href":"https:\/\/corvey.de\/en\/wp-json\/wp\/v2\/pages\/527\/revisions"}],"predecessor-version":[{"id":2954,"href":"https:\/\/corvey.de\/en\/wp-json\/wp\/v2\/pages\/527\/revisions\/2954"}],"up":[{"embeddable":true,"href":"https:\/\/corvey.de\/en\/wp-json\/wp\/v2\/pages\/12"}],"wp:featuredmedia":[{"embeddable":true,"href":"https:\/\/corvey.de\/en\/wp-json\/wp\/v2\/media\/611"}],"wp:attachment":[{"href":"https:\/\/corvey.de\/en\/wp-json\/wp\/v2\/media?parent=527"}],"curies":[{"name":"wp","href":"https:\/\/api.w.org\/{rel}","templated":true}]}}