{"id":547,"date":"2020-10-13T11:56:40","date_gmt":"2020-10-13T09:56:40","guid":{"rendered":"https:\/\/corvey.de\/?page_id=547"},"modified":"2026-01-22T11:59:08","modified_gmt":"2026-01-22T10:59:08","slug":"corvey-kunsthistorisch","status":"publish","type":"page","link":"https:\/\/corvey.de\/en\/fuehrungen\/themenfuehrungen\/corvey-kunsthistorisch\/","title":{"rendered":"Corvey klassisch"},"content":{"rendered":"<p>Der klassische Rundgang f\u00fchrt durch alle Stationen der kl\u00f6sterlichen Geschichte Corveys bis zur Ernennung zum Weltkulturerbe 2014. Die Besucher erleben die imposante Filmproduktion \u201eDas Jahrtausend der M\u00f6nche\u201c in der Erdgeschosshalle des karolingischen Westwerks. Sie sehen die Geschichte des Klosters von der Gr\u00fcndung bis zum Wiederaufbau nach dem Drei\u00dfigj\u00e4hrigen Krieg. Weiter geht es mit Tablets zu den Wandmalereien im Obergeschoss. Das karolingische Westwerk, die barocke Abteikirche und der neu errichtete Residenzbau der F\u00fcrst\u00e4bte zeigen eindrucksvoll den Anspruch auf einen Platz in der Geschichte. Die prachtvollen Einrichtungen der weltlichen F\u00fcrsten aus dem 19. Jahrhundert und die R\u00e4ume der F\u00fcrstlichen Bibliothek bilden den Abschluss des Rundgangs.<\/p>\n<p><strong>Stationen:<\/strong> Westwerk mit Glaswand und Tablets, Kirche, Kreuzgang, F\u00fcrstliche Salons, Kaisersaal, F\u00fcrstliche Bibliothek<\/p>\n<p>Dauer: 1,5 Std.<\/p>\n<p>Preis: 70 \u20ac pro F\u00fchrung zzgl. Eintritt (max. 25 Personen)<\/p>\n<p><strong><a style=\"color: #3366ff;\" href=\"https:\/\/corvey.de\/fuehrung-buchen\/\">[hier buchen]<\/a><\/strong><\/p>\n<p><strong><a href=\"tel:0049527168168\">Ansprechpartner: Annette Beckert, Tel.: [05271 68168]<\/a><\/strong><\/p>\n<p><strong><a href=\"mailto:info@corvey.de\">[info@corvey.de]<\/a><\/strong><\/p>\n","protected":false},"excerpt":{"rendered":"<p>Der klassische Rundgang f\u00fchrt durch alle Stationen der kl\u00f6sterlichen Geschichte Corveys bis zur Ernennung zum Weltkulturerbe 2014. Die Besucher erleben die imposante Filmproduktion \u201eDas Jahrtausend der M\u00f6nche\u201c in der Erdgeschosshalle des karolingischen Westwerks. Sie sehen die Geschichte des Klosters von der Gr\u00fcndung bis zum Wiederaufbau nach dem Drei\u00dfigj\u00e4hrigen Krieg. Weiter geht es mit Tablets zu [&hellip;]<\/p>\n","protected":false},"author":1,"featured_media":611,"parent":527,"menu_order":1,"comment_status":"closed","ping_status":"closed","template":"","meta":{"_acf_changed":false,"footnotes":""},"class_list":["post-547","page","type-page","status-publish","has-post-thumbnail","hentry"],"acf":[],"yoast_head":"<!-- This site is optimized with the Yoast SEO plugin v24.0 - https:\/\/yoast.com\/wordpress\/plugins\/seo\/ -->\n<title>Corvey klassisch &#8226; Welterbe Corvey<\/title>\n<meta name=\"robots\" content=\"index, follow, max-snippet:-1, max-image-preview:large, max-video-preview:-1\" \/>\n<link rel=\"canonical\" href=\"https:\/\/corvey.de\/en\/fuehrungen\/themenfuehrungen\/corvey-kunsthistorisch\/\" \/>\n<meta property=\"og:locale\" content=\"en_US\" \/>\n<meta property=\"og:locale:alternate\" content=\"de_DE\" \/>\n<meta property=\"og:type\" content=\"article\" \/>\n<meta property=\"og:title\" content=\"Corvey klassisch\" \/>\n<meta property=\"og:description\" content=\"Der klassische Rundgang f\u00fchrt durch alle Stationen der kl\u00f6sterlichen Geschichte Corveys bis zur Ernennung zum Weltkulturerbe 2014. Die Besucher erleben die imposante Filmproduktion \u201eDas Jahrtausend der M\u00f6nche\u201c in der Erdgeschosshalle des karolingischen Westwerks. Sie sehen die Geschichte des Klosters von der Gr\u00fcndung bis zum Wiederaufbau nach dem Drei\u00dfigj\u00e4hrigen Krieg. Weiter geht es mit Tablets zu [&hellip;]\" \/>\n<meta property=\"og:url\" content=\"https:\/\/corvey.de\/en\/fuehrungen\/themenfuehrungen\/corvey-kunsthistorisch\/\" \/>\n<meta property=\"og:site_name\" content=\"Welterbe Corvey\" \/>\n<meta property=\"article:modified_time\" content=\"2026-01-22T10:59:08+00:00\" \/>\n<meta property=\"og:image\" content=\"https:\/\/corvey.de\/wp-content\/uploads\/2020\/10\/besucher_web-scaled.jpg\" \/>\n\t<meta property=\"og:image:width\" content=\"2560\" \/>\n\t<meta property=\"og:image:height\" content=\"1555\" \/>\n\t<meta property=\"og:image:type\" content=\"image\/jpeg\" \/>\n<meta name=\"twitter:card\" content=\"summary_large_image\" \/>\n<meta name=\"twitter:label1\" content=\"Est. reading time\" \/>\n\t<meta name=\"twitter:data1\" content=\"1 minute\" \/>\n<script type=\"application\/ld+json\" class=\"yoast-schema-graph\">{\"@context\":\"https:\/\/schema.org\",\"@graph\":[{\"@type\":\"WebPage\",\"@id\":\"https:\/\/corvey.de\/fuehrungen\/themenfuehrungen\/corvey-kunsthistorisch\/\",\"url\":\"https:\/\/corvey.de\/fuehrungen\/themenfuehrungen\/corvey-kunsthistorisch\/\",\"name\":\"Corvey klassisch\",\"isPartOf\":{\"@id\":\"https:\/\/corvey.de\/#website\"},\"primaryImageOfPage\":{\"@id\":\"https:\/\/corvey.de\/fuehrungen\/themenfuehrungen\/corvey-kunsthistorisch\/#primaryimage\"},\"image\":{\"@id\":\"https:\/\/corvey.de\/fuehrungen\/themenfuehrungen\/corvey-kunsthistorisch\/#primaryimage\"},\"thumbnailUrl\":\"https:\/\/corvey.de\/wp-content\/uploads\/2020\/10\/besucher_web-scaled.jpg\",\"datePublished\":\"2020-10-13T09:56:40+00:00\",\"dateModified\":\"2026-01-22T10:59:08+00:00\",\"breadcrumb\":{\"@id\":\"https:\/\/corvey.de\/fuehrungen\/themenfuehrungen\/corvey-kunsthistorisch\/#breadcrumb\"},\"inLanguage\":\"en-US\",\"potentialAction\":[{\"@type\":\"ReadAction\",\"target\":[\"https:\/\/corvey.de\/fuehrungen\/themenfuehrungen\/corvey-kunsthistorisch\/\"]}]},{\"@type\":\"ImageObject\",\"inLanguage\":\"en-US\",\"@id\":\"https:\/\/corvey.de\/fuehrungen\/themenfuehrungen\/corvey-kunsthistorisch\/#primaryimage\",\"url\":\"https:\/\/corvey.de\/wp-content\/uploads\/2020\/10\/besucher_web-scaled.jpg\",\"contentUrl\":\"https:\/\/corvey.de\/wp-content\/uploads\/2020\/10\/besucher_web-scaled.jpg\",\"width\":2560,\"height\":1555},{\"@type\":\"BreadcrumbList\",\"@id\":\"https:\/\/corvey.de\/fuehrungen\/themenfuehrungen\/corvey-kunsthistorisch\/#breadcrumb\",\"itemListElement\":[{\"@type\":\"ListItem\",\"position\":1,\"name\":\"Home\",\"item\":\"https:\/\/corvey.de\/\"},{\"@type\":\"ListItem\",\"position\":2,\"name\":\"F\u00fchrungen\",\"item\":\"https:\/\/corvey.de\/fuehrungen\/\"},{\"@type\":\"ListItem\",\"position\":3,\"name\":\"Themen\u00adf\u00fchrungen\",\"item\":\"https:\/\/corvey.de\/fuehrungen\/themenfuehrungen\/\"},{\"@type\":\"ListItem\",\"position\":4,\"name\":\"Corvey klassisch\"}]},{\"@type\":\"WebSite\",\"@id\":\"https:\/\/corvey.de\/#website\",\"url\":\"https:\/\/corvey.de\/\",\"name\":\"Schloss Corvey\",\"description\":\"\",\"publisher\":{\"@id\":\"https:\/\/corvey.de\/#organization\"},\"potentialAction\":[{\"@type\":\"SearchAction\",\"target\":{\"@type\":\"EntryPoint\",\"urlTemplate\":\"https:\/\/corvey.de\/?s={search_term_string}\"},\"query-input\":{\"@type\":\"PropertyValueSpecification\",\"valueRequired\":true,\"valueName\":\"search_term_string\"}}],\"inLanguage\":\"en-US\"},{\"@type\":\"Organization\",\"@id\":\"https:\/\/corvey.de\/#organization\",\"name\":\"Schloss Corvey\",\"url\":\"https:\/\/corvey.de\/\",\"logo\":{\"@type\":\"ImageObject\",\"inLanguage\":\"en-US\",\"@id\":\"https:\/\/corvey.de\/#\/schema\/logo\/image\/\",\"url\":\"https:\/\/corvey.de\/wp-content\/uploads\/2020\/10\/logo-schloss-corvey.svg\",\"contentUrl\":\"https:\/\/corvey.de\/wp-content\/uploads\/2020\/10\/logo-schloss-corvey.svg\",\"width\":1,\"height\":1,\"caption\":\"Schloss Corvey\"},\"image\":{\"@id\":\"https:\/\/corvey.de\/#\/schema\/logo\/image\/\"}}]}<\/script>\n<!-- \/ Yoast SEO plugin. -->","yoast_head_json":{"title":"Corvey klassisch &#8226; Welterbe Corvey","robots":{"index":"index","follow":"follow","max-snippet":"max-snippet:-1","max-image-preview":"max-image-preview:large","max-video-preview":"max-video-preview:-1"},"canonical":"https:\/\/corvey.de\/en\/fuehrungen\/themenfuehrungen\/corvey-kunsthistorisch\/","og_locale":"en_US","og_type":"article","og_title":"[:de]Corvey klassisch[:] &#8226; Welterbe Corvey","og_description":"Der klassische Rundgang f\u00fchrt durch alle Stationen der kl\u00f6sterlichen Geschichte Corveys bis zur Ernennung zum Weltkulturerbe 2014. Die Besucher erleben die imposante Filmproduktion \u201eDas Jahrtausend der M\u00f6nche\u201c in der Erdgeschosshalle des karolingischen Westwerks. Sie sehen die Geschichte des Klosters von der Gr\u00fcndung bis zum Wiederaufbau nach dem Drei\u00dfigj\u00e4hrigen Krieg. Weiter geht es mit Tablets zu [&hellip;]","og_url":"https:\/\/corvey.de\/en\/fuehrungen\/themenfuehrungen\/corvey-kunsthistorisch\/","og_site_name":"Welterbe Corvey","article_modified_time":"2026-01-22T10:59:08+00:00","og_image":[{"width":2560,"height":1555,"url":"https:\/\/corvey.de\/wp-content\/uploads\/2020\/10\/besucher_web-scaled.jpg","type":"image\/jpeg"}],"twitter_card":"summary_large_image","twitter_misc":{"Est. reading time":"1 minute"},"schema":{"@context":"https:\/\/schema.org","@graph":[{"@type":"WebPage","@id":"https:\/\/corvey.de\/fuehrungen\/themenfuehrungen\/corvey-kunsthistorisch\/","url":"https:\/\/corvey.de\/fuehrungen\/themenfuehrungen\/corvey-kunsthistorisch\/","name":"Corvey klassisch","isPartOf":{"@id":"https:\/\/corvey.de\/#website"},"primaryImageOfPage":{"@id":"https:\/\/corvey.de\/fuehrungen\/themenfuehrungen\/corvey-kunsthistorisch\/#primaryimage"},"image":{"@id":"https:\/\/corvey.de\/fuehrungen\/themenfuehrungen\/corvey-kunsthistorisch\/#primaryimage"},"thumbnailUrl":"https:\/\/corvey.de\/wp-content\/uploads\/2020\/10\/besucher_web-scaled.jpg","datePublished":"2020-10-13T09:56:40+00:00","dateModified":"2026-01-22T10:59:08+00:00","breadcrumb":{"@id":"https:\/\/corvey.de\/fuehrungen\/themenfuehrungen\/corvey-kunsthistorisch\/#breadcrumb"},"inLanguage":"en-US","potentialAction":[{"@type":"ReadAction","target":["https:\/\/corvey.de\/fuehrungen\/themenfuehrungen\/corvey-kunsthistorisch\/"]}]},{"@type":"ImageObject","inLanguage":"en-US","@id":"https:\/\/corvey.de\/fuehrungen\/themenfuehrungen\/corvey-kunsthistorisch\/#primaryimage","url":"https:\/\/corvey.de\/wp-content\/uploads\/2020\/10\/besucher_web-scaled.jpg","contentUrl":"https:\/\/corvey.de\/wp-content\/uploads\/2020\/10\/besucher_web-scaled.jpg","width":2560,"height":1555},{"@type":"BreadcrumbList","@id":"https:\/\/corvey.de\/fuehrungen\/themenfuehrungen\/corvey-kunsthistorisch\/#breadcrumb","itemListElement":[{"@type":"ListItem","position":1,"name":"Home","item":"https:\/\/corvey.de\/"},{"@type":"ListItem","position":2,"name":"F\u00fchrungen","item":"https:\/\/corvey.de\/fuehrungen\/"},{"@type":"ListItem","position":3,"name":"Themen\u00adf\u00fchrungen","item":"https:\/\/corvey.de\/fuehrungen\/themenfuehrungen\/"},{"@type":"ListItem","position":4,"name":"Corvey klassisch"}]},{"@type":"WebSite","@id":"https:\/\/corvey.de\/#website","url":"https:\/\/corvey.de\/","name":"Schloss Corvey","description":"","publisher":{"@id":"https:\/\/corvey.de\/#organization"},"potentialAction":[{"@type":"SearchAction","target":{"@type":"EntryPoint","urlTemplate":"https:\/\/corvey.de\/?s={search_term_string}"},"query-input":{"@type":"PropertyValueSpecification","valueRequired":true,"valueName":"search_term_string"}}],"inLanguage":"en-US"},{"@type":"Organization","@id":"https:\/\/corvey.de\/#organization","name":"Schloss Corvey","url":"https:\/\/corvey.de\/","logo":{"@type":"ImageObject","inLanguage":"en-US","@id":"https:\/\/corvey.de\/#\/schema\/logo\/image\/","url":"https:\/\/corvey.de\/wp-content\/uploads\/2020\/10\/logo-schloss-corvey.svg","contentUrl":"https:\/\/corvey.de\/wp-content\/uploads\/2020\/10\/logo-schloss-corvey.svg","width":1,"height":1,"caption":"Schloss Corvey"},"image":{"@id":"https:\/\/corvey.de\/#\/schema\/logo\/image\/"}}]}},"_links":{"self":[{"href":"https:\/\/corvey.de\/en\/wp-json\/wp\/v2\/pages\/547","targetHints":{"allow":["GET"]}}],"collection":[{"href":"https:\/\/corvey.de\/en\/wp-json\/wp\/v2\/pages"}],"about":[{"href":"https:\/\/corvey.de\/en\/wp-json\/wp\/v2\/types\/page"}],"author":[{"embeddable":true,"href":"https:\/\/corvey.de\/en\/wp-json\/wp\/v2\/users\/1"}],"replies":[{"embeddable":true,"href":"https:\/\/corvey.de\/en\/wp-json\/wp\/v2\/comments?post=547"}],"version-history":[{"count":13,"href":"https:\/\/corvey.de\/en\/wp-json\/wp\/v2\/pages\/547\/revisions"}],"predecessor-version":[{"id":3296,"href":"https:\/\/corvey.de\/en\/wp-json\/wp\/v2\/pages\/547\/revisions\/3296"}],"up":[{"embeddable":true,"href":"https:\/\/corvey.de\/en\/wp-json\/wp\/v2\/pages\/527"}],"wp:featuredmedia":[{"embeddable":true,"href":"https:\/\/corvey.de\/en\/wp-json\/wp\/v2\/media\/611"}],"wp:attachment":[{"href":"https:\/\/corvey.de\/en\/wp-json\/wp\/v2\/media?parent=547"}],"curies":[{"name":"wp","href":"https:\/\/api.w.org\/{rel}","templated":true}]}}