{"id":552,"date":"2020-10-13T12:00:41","date_gmt":"2020-10-13T10:00:41","guid":{"rendered":"https:\/\/corvey.de\/?page_id=552"},"modified":"2025-03-12T11:02:15","modified_gmt":"2025-03-12T10:02:15","slug":"corvey-auf-kurzen-wegen","status":"publish","type":"page","link":"https:\/\/corvey.de\/en\/fuehrungen\/themenfuehrungen\/corvey-auf-kurzen-wegen\/","title":{"rendered":"Corvey auf kurzen Wegen"},"content":{"rendered":"<p><strong><span class=\"format bronze\">Diese F\u00fchrung richtet sich speziell an Senioren und gehbehinderte Besucher, die Corvey somit auf kurzen Wegen erleben k\u00f6nnen. Die Wege k\u00f6nnen mit Rollstuhl und Rollator gegangen werden.\u00a0<\/span><\/strong><\/p>\n<p>Zugegeben, Corvey ist keine Zwei Zimmer-Wohnung und die Flure sind auch alles andere als bescheiden dimensioniert. Bei dieser F\u00fchrung haben Sie aber die M\u00f6glichkeit, den thematischen Schwerpunkt auf den kirchlichen Teil (Westwerk, Kirche, Kreuzgang und Grabst\u00e4tte von Hoffmann von Fallersleben) oder den f\u00fcrstlichen Bereich (F\u00fcrstliche Salons, Kaisersaal und F\u00fcrstliche Bibliothek) zu legen, um so von vorneherein lange Wege und Treppenstufen zu vermeiden. Mobile Sitzgelegenheiten erlauben, sich komfortabel und entspannt in den R\u00e4umlichkeiten aufzuhalten.<\/p>\n<p><strong><a style=\"color: #3366ff;\" href=\"https:\/\/corvey.de\/fuehrung-buchen\/\">[hier buchen]<\/a><\/strong><\/p>\n<p><strong><a href=\"tel:0049527168168\">Annette Beckert, Tel.: [05271 68168]<\/a><\/strong><\/p>\n","protected":false},"excerpt":{"rendered":"<p>Diese F\u00fchrung richtet sich speziell an Senioren und gehbehinderte Besucher, die Corvey somit auf kurzen Wegen erleben k\u00f6nnen. Die Wege k\u00f6nnen mit Rollstuhl und Rollator gegangen werden.\u00a0 Zugegeben, Corvey ist keine Zwei Zimmer-Wohnung und die Flure sind auch alles andere als bescheiden dimensioniert. Bei dieser F\u00fchrung haben Sie aber die M\u00f6glichkeit, den thematischen Schwerpunkt auf [&hellip;]<\/p>\n","protected":false},"author":1,"featured_media":631,"parent":527,"menu_order":5,"comment_status":"closed","ping_status":"closed","template":"","meta":{"_acf_changed":false,"footnotes":""},"class_list":["post-552","page","type-page","status-publish","has-post-thumbnail","hentry"],"acf":[],"yoast_head":"<!-- This site is optimized with the Yoast SEO plugin v24.0 - https:\/\/yoast.com\/wordpress\/plugins\/seo\/ -->\n<title>Corvey auf kurzen Wegen &#8226; Welterbe Corvey<\/title>\n<meta name=\"robots\" content=\"index, follow, max-snippet:-1, max-image-preview:large, max-video-preview:-1\" \/>\n<link rel=\"canonical\" href=\"https:\/\/corvey.de\/en\/fuehrungen\/themenfuehrungen\/corvey-auf-kurzen-wegen\/\" \/>\n<meta property=\"og:locale\" content=\"en_US\" \/>\n<meta property=\"og:locale:alternate\" content=\"de_DE\" \/>\n<meta property=\"og:type\" content=\"article\" \/>\n<meta property=\"og:title\" content=\"Corvey auf kurzen Wegen\" \/>\n<meta property=\"og:description\" content=\"Diese F\u00fchrung richtet sich speziell an Senioren und gehbehinderte Besucher, die Corvey somit auf kurzen Wegen erleben k\u00f6nnen. Die Wege k\u00f6nnen mit Rollstuhl und Rollator gegangen werden.\u00a0 Zugegeben, Corvey ist keine Zwei Zimmer-Wohnung und die Flure sind auch alles andere als bescheiden dimensioniert. Bei dieser F\u00fchrung haben Sie aber die M\u00f6glichkeit, den thematischen Schwerpunkt auf [&hellip;]\" \/>\n<meta property=\"og:url\" content=\"https:\/\/corvey.de\/en\/fuehrungen\/themenfuehrungen\/corvey-auf-kurzen-wegen\/\" \/>\n<meta property=\"og:site_name\" content=\"Welterbe Corvey\" \/>\n<meta property=\"article:modified_time\" content=\"2025-03-12T10:02:15+00:00\" \/>\n<meta property=\"og:image\" content=\"https:\/\/corvey.de\/wp-content\/uploads\/2020\/10\/Corvey_barrierfrei-1.jpg\" \/>\n\t<meta property=\"og:image:width\" content=\"1500\" \/>\n\t<meta property=\"og:image:height\" content=\"872\" \/>\n\t<meta property=\"og:image:type\" content=\"image\/jpeg\" \/>\n<meta name=\"twitter:card\" content=\"summary_large_image\" \/>\n<meta name=\"twitter:label1\" content=\"Est. reading time\" \/>\n\t<meta name=\"twitter:data1\" content=\"1 minute\" \/>\n<script type=\"application\/ld+json\" class=\"yoast-schema-graph\">{\"@context\":\"https:\/\/schema.org\",\"@graph\":[{\"@type\":\"WebPage\",\"@id\":\"https:\/\/corvey.de\/fuehrungen\/themenfuehrungen\/corvey-auf-kurzen-wegen\/\",\"url\":\"https:\/\/corvey.de\/fuehrungen\/themenfuehrungen\/corvey-auf-kurzen-wegen\/\",\"name\":\"Corvey auf kurzen Wegen\",\"isPartOf\":{\"@id\":\"https:\/\/corvey.de\/#website\"},\"primaryImageOfPage\":{\"@id\":\"https:\/\/corvey.de\/fuehrungen\/themenfuehrungen\/corvey-auf-kurzen-wegen\/#primaryimage\"},\"image\":{\"@id\":\"https:\/\/corvey.de\/fuehrungen\/themenfuehrungen\/corvey-auf-kurzen-wegen\/#primaryimage\"},\"thumbnailUrl\":\"https:\/\/corvey.de\/wp-content\/uploads\/2020\/10\/Corvey_barrierfrei-1.jpg\",\"datePublished\":\"2020-10-13T10:00:41+00:00\",\"dateModified\":\"2025-03-12T10:02:15+00:00\",\"breadcrumb\":{\"@id\":\"https:\/\/corvey.de\/fuehrungen\/themenfuehrungen\/corvey-auf-kurzen-wegen\/#breadcrumb\"},\"inLanguage\":\"en-US\",\"potentialAction\":[{\"@type\":\"ReadAction\",\"target\":[\"https:\/\/corvey.de\/fuehrungen\/themenfuehrungen\/corvey-auf-kurzen-wegen\/\"]}]},{\"@type\":\"ImageObject\",\"inLanguage\":\"en-US\",\"@id\":\"https:\/\/corvey.de\/fuehrungen\/themenfuehrungen\/corvey-auf-kurzen-wegen\/#primaryimage\",\"url\":\"https:\/\/corvey.de\/wp-content\/uploads\/2020\/10\/Corvey_barrierfrei-1.jpg\",\"contentUrl\":\"https:\/\/corvey.de\/wp-content\/uploads\/2020\/10\/Corvey_barrierfrei-1.jpg\",\"width\":1500,\"height\":872},{\"@type\":\"BreadcrumbList\",\"@id\":\"https:\/\/corvey.de\/fuehrungen\/themenfuehrungen\/corvey-auf-kurzen-wegen\/#breadcrumb\",\"itemListElement\":[{\"@type\":\"ListItem\",\"position\":1,\"name\":\"Home\",\"item\":\"https:\/\/corvey.de\/\"},{\"@type\":\"ListItem\",\"position\":2,\"name\":\"F\u00fchrungen\",\"item\":\"https:\/\/corvey.de\/fuehrungen\/\"},{\"@type\":\"ListItem\",\"position\":3,\"name\":\"Themen\u00adf\u00fchrungen\",\"item\":\"https:\/\/corvey.de\/fuehrungen\/themenfuehrungen\/\"},{\"@type\":\"ListItem\",\"position\":4,\"name\":\"Corvey auf kurzen Wegen\"}]},{\"@type\":\"WebSite\",\"@id\":\"https:\/\/corvey.de\/#website\",\"url\":\"https:\/\/corvey.de\/\",\"name\":\"Schloss Corvey\",\"description\":\"\",\"publisher\":{\"@id\":\"https:\/\/corvey.de\/#organization\"},\"potentialAction\":[{\"@type\":\"SearchAction\",\"target\":{\"@type\":\"EntryPoint\",\"urlTemplate\":\"https:\/\/corvey.de\/?s={search_term_string}\"},\"query-input\":{\"@type\":\"PropertyValueSpecification\",\"valueRequired\":true,\"valueName\":\"search_term_string\"}}],\"inLanguage\":\"en-US\"},{\"@type\":\"Organization\",\"@id\":\"https:\/\/corvey.de\/#organization\",\"name\":\"Schloss Corvey\",\"url\":\"https:\/\/corvey.de\/\",\"logo\":{\"@type\":\"ImageObject\",\"inLanguage\":\"en-US\",\"@id\":\"https:\/\/corvey.de\/#\/schema\/logo\/image\/\",\"url\":\"https:\/\/corvey.de\/wp-content\/uploads\/2020\/10\/logo-schloss-corvey.svg\",\"contentUrl\":\"https:\/\/corvey.de\/wp-content\/uploads\/2020\/10\/logo-schloss-corvey.svg\",\"width\":1,\"height\":1,\"caption\":\"Schloss Corvey\"},\"image\":{\"@id\":\"https:\/\/corvey.de\/#\/schema\/logo\/image\/\"}}]}<\/script>\n<!-- \/ Yoast SEO plugin. -->","yoast_head_json":{"title":"Corvey auf kurzen Wegen &#8226; Welterbe Corvey","robots":{"index":"index","follow":"follow","max-snippet":"max-snippet:-1","max-image-preview":"max-image-preview:large","max-video-preview":"max-video-preview:-1"},"canonical":"https:\/\/corvey.de\/en\/fuehrungen\/themenfuehrungen\/corvey-auf-kurzen-wegen\/","og_locale":"en_US","og_type":"article","og_title":"[:de]Corvey auf kurzen Wegen[:] &#8226; Welterbe Corvey","og_description":"Diese F\u00fchrung richtet sich speziell an Senioren und gehbehinderte Besucher, die Corvey somit auf kurzen Wegen erleben k\u00f6nnen. Die Wege k\u00f6nnen mit Rollstuhl und Rollator gegangen werden.\u00a0 Zugegeben, Corvey ist keine Zwei Zimmer-Wohnung und die Flure sind auch alles andere als bescheiden dimensioniert. Bei dieser F\u00fchrung haben Sie aber die M\u00f6glichkeit, den thematischen Schwerpunkt auf [&hellip;]","og_url":"https:\/\/corvey.de\/en\/fuehrungen\/themenfuehrungen\/corvey-auf-kurzen-wegen\/","og_site_name":"Welterbe Corvey","article_modified_time":"2025-03-12T10:02:15+00:00","og_image":[{"width":1500,"height":872,"url":"https:\/\/corvey.de\/wp-content\/uploads\/2020\/10\/Corvey_barrierfrei-1.jpg","type":"image\/jpeg"}],"twitter_card":"summary_large_image","twitter_misc":{"Est. reading time":"1 minute"},"schema":{"@context":"https:\/\/schema.org","@graph":[{"@type":"WebPage","@id":"https:\/\/corvey.de\/fuehrungen\/themenfuehrungen\/corvey-auf-kurzen-wegen\/","url":"https:\/\/corvey.de\/fuehrungen\/themenfuehrungen\/corvey-auf-kurzen-wegen\/","name":"Corvey auf kurzen Wegen","isPartOf":{"@id":"https:\/\/corvey.de\/#website"},"primaryImageOfPage":{"@id":"https:\/\/corvey.de\/fuehrungen\/themenfuehrungen\/corvey-auf-kurzen-wegen\/#primaryimage"},"image":{"@id":"https:\/\/corvey.de\/fuehrungen\/themenfuehrungen\/corvey-auf-kurzen-wegen\/#primaryimage"},"thumbnailUrl":"https:\/\/corvey.de\/wp-content\/uploads\/2020\/10\/Corvey_barrierfrei-1.jpg","datePublished":"2020-10-13T10:00:41+00:00","dateModified":"2025-03-12T10:02:15+00:00","breadcrumb":{"@id":"https:\/\/corvey.de\/fuehrungen\/themenfuehrungen\/corvey-auf-kurzen-wegen\/#breadcrumb"},"inLanguage":"en-US","potentialAction":[{"@type":"ReadAction","target":["https:\/\/corvey.de\/fuehrungen\/themenfuehrungen\/corvey-auf-kurzen-wegen\/"]}]},{"@type":"ImageObject","inLanguage":"en-US","@id":"https:\/\/corvey.de\/fuehrungen\/themenfuehrungen\/corvey-auf-kurzen-wegen\/#primaryimage","url":"https:\/\/corvey.de\/wp-content\/uploads\/2020\/10\/Corvey_barrierfrei-1.jpg","contentUrl":"https:\/\/corvey.de\/wp-content\/uploads\/2020\/10\/Corvey_barrierfrei-1.jpg","width":1500,"height":872},{"@type":"BreadcrumbList","@id":"https:\/\/corvey.de\/fuehrungen\/themenfuehrungen\/corvey-auf-kurzen-wegen\/#breadcrumb","itemListElement":[{"@type":"ListItem","position":1,"name":"Home","item":"https:\/\/corvey.de\/"},{"@type":"ListItem","position":2,"name":"F\u00fchrungen","item":"https:\/\/corvey.de\/fuehrungen\/"},{"@type":"ListItem","position":3,"name":"Themen\u00adf\u00fchrungen","item":"https:\/\/corvey.de\/fuehrungen\/themenfuehrungen\/"},{"@type":"ListItem","position":4,"name":"Corvey auf kurzen Wegen"}]},{"@type":"WebSite","@id":"https:\/\/corvey.de\/#website","url":"https:\/\/corvey.de\/","name":"Schloss Corvey","description":"","publisher":{"@id":"https:\/\/corvey.de\/#organization"},"potentialAction":[{"@type":"SearchAction","target":{"@type":"EntryPoint","urlTemplate":"https:\/\/corvey.de\/?s={search_term_string}"},"query-input":{"@type":"PropertyValueSpecification","valueRequired":true,"valueName":"search_term_string"}}],"inLanguage":"en-US"},{"@type":"Organization","@id":"https:\/\/corvey.de\/#organization","name":"Schloss Corvey","url":"https:\/\/corvey.de\/","logo":{"@type":"ImageObject","inLanguage":"en-US","@id":"https:\/\/corvey.de\/#\/schema\/logo\/image\/","url":"https:\/\/corvey.de\/wp-content\/uploads\/2020\/10\/logo-schloss-corvey.svg","contentUrl":"https:\/\/corvey.de\/wp-content\/uploads\/2020\/10\/logo-schloss-corvey.svg","width":1,"height":1,"caption":"Schloss Corvey"},"image":{"@id":"https:\/\/corvey.de\/#\/schema\/logo\/image\/"}}]}},"_links":{"self":[{"href":"https:\/\/corvey.de\/en\/wp-json\/wp\/v2\/pages\/552","targetHints":{"allow":["GET"]}}],"collection":[{"href":"https:\/\/corvey.de\/en\/wp-json\/wp\/v2\/pages"}],"about":[{"href":"https:\/\/corvey.de\/en\/wp-json\/wp\/v2\/types\/page"}],"author":[{"embeddable":true,"href":"https:\/\/corvey.de\/en\/wp-json\/wp\/v2\/users\/1"}],"replies":[{"embeddable":true,"href":"https:\/\/corvey.de\/en\/wp-json\/wp\/v2\/comments?post=552"}],"version-history":[{"count":6,"href":"https:\/\/corvey.de\/en\/wp-json\/wp\/v2\/pages\/552\/revisions"}],"predecessor-version":[{"id":2965,"href":"https:\/\/corvey.de\/en\/wp-json\/wp\/v2\/pages\/552\/revisions\/2965"}],"up":[{"embeddable":true,"href":"https:\/\/corvey.de\/en\/wp-json\/wp\/v2\/pages\/527"}],"wp:featuredmedia":[{"embeddable":true,"href":"https:\/\/corvey.de\/en\/wp-json\/wp\/v2\/media\/631"}],"wp:attachment":[{"href":"https:\/\/corvey.de\/en\/wp-json\/wp\/v2\/media?parent=552"}],"curies":[{"name":"wp","href":"https:\/\/api.w.org\/{rel}","templated":true}]}}