{"id":685,"date":"2020-10-20T15:58:06","date_gmt":"2020-10-20T13:58:06","guid":{"rendered":"https:\/\/corvey.de\/?page_id=685"},"modified":"2020-11-04T17:40:53","modified_gmt":"2020-11-04T16:40:53","slug":"fuerstliche-bibliothek","status":"publish","type":"page","link":"https:\/\/corvey.de\/en\/ausstellungen\/fuerstliche-bibliothek\/","title":{"rendered":"F\u00fcrstliche Bibliothek"},"content":{"rendered":"<p>Wichtigstes Zeugnis dieser Epoche ist die ca. 75.000 B\u00e4nde umfassende f\u00fcrstliche Bibliothek. Die Verpflichtung des Gelehrten Hoffmann von Fallersleben als Bibliothekar f\u00fcr Corvey durch das Haus Ratibor f\u00fchrte zur Entstehung einer der wichtigsten Privatbibliotheken des 19. Jahrhunderts mit u.a. Literatur in deutscher, englischer und franz\u00f6sischer Sprache. Durch Hoffmanns weitreichende Kontakte entstanden vielf\u00e4ltige Beziehungen zum Weimarer Hof und zu Pers\u00f6nlichkeiten wie Franz Liszt und Richard Wagner. Die herzoglichen Salons geben einen Einblick in das damalige Privatleben der Herz\u00f6ge und das Umfeld des Dichters.<\/p>\n<p>Die F\u00fcrstliche Bibliothek ist im Rahmen des Museumsbesuchs in Corvey zu besichtigen. Sie erstreckt sich \u00fcber 15 S\u00e4le im 1.OG des Nordfl\u00fcgel.<\/p>\n","protected":false},"excerpt":{"rendered":"<p>Wichtigstes Zeugnis dieser Epoche ist die ca. 75.000 B\u00e4nde umfassende f\u00fcrstliche Bibliothek. Die Verpflichtung des Gelehrten Hoffmann von Fallersleben als Bibliothekar f\u00fcr Corvey durch das Haus Ratibor f\u00fchrte zur Entstehung einer der wichtigsten Privatbibliotheken des 19. Jahrhunderts mit u.a. Literatur in deutscher, englischer und franz\u00f6sischer Sprache. Durch Hoffmanns weitreichende Kontakte entstanden vielf\u00e4ltige Beziehungen zum Weimarer [&hellip;]<\/p>\n","protected":false},"author":1,"featured_media":267,"parent":589,"menu_order":4,"comment_status":"closed","ping_status":"closed","template":"","meta":{"_acf_changed":false,"footnotes":""},"class_list":["post-685","page","type-page","status-publish","has-post-thumbnail","hentry"],"acf":[],"yoast_head":"<!-- This site is optimized with the Yoast SEO plugin v24.0 - https:\/\/yoast.com\/wordpress\/plugins\/seo\/ -->\n<title>F\u00fcrstliche Bibliothek &#8226; Welterbe Corvey<\/title>\n<meta name=\"robots\" content=\"index, follow, max-snippet:-1, max-image-preview:large, max-video-preview:-1\" \/>\n<link rel=\"canonical\" href=\"https:\/\/corvey.de\/en\/besucher__trashed\/ausstellungen\/fuerstliche-bibliothek\/\" \/>\n<meta property=\"og:locale\" content=\"en_US\" \/>\n<meta property=\"og:locale:alternate\" content=\"de_DE\" \/>\n<meta property=\"og:type\" content=\"article\" \/>\n<meta property=\"og:title\" content=\"F\u00fcrstliche Bibliothek\" \/>\n<meta property=\"og:description\" content=\"Wichtigstes Zeugnis dieser Epoche ist die ca. 75.000 B\u00e4nde umfassende f\u00fcrstliche Bibliothek. Die Verpflichtung des Gelehrten Hoffmann von Fallersleben als Bibliothekar f\u00fcr Corvey durch das Haus Ratibor f\u00fchrte zur Entstehung einer der wichtigsten Privatbibliotheken des 19. Jahrhunderts mit u.a. Literatur in deutscher, englischer und franz\u00f6sischer Sprache. Durch Hoffmanns weitreichende Kontakte entstanden vielf\u00e4ltige Beziehungen zum Weimarer [&hellip;]\" \/>\n<meta property=\"og:url\" content=\"https:\/\/corvey.de\/en\/ausstellungen\/fuerstliche-bibliothek\/\" \/>\n<meta property=\"og:site_name\" content=\"Welterbe Corvey\" \/>\n<meta property=\"article:modified_time\" content=\"2020-11-04T16:40:53+00:00\" \/>\n<meta property=\"og:image\" content=\"https:\/\/corvey.de\/wp-content\/uploads\/2020\/10\/Corvey-02-scaled.jpg\" \/>\n\t<meta property=\"og:image:width\" content=\"2560\" \/>\n\t<meta property=\"og:image:height\" content=\"2326\" \/>\n\t<meta property=\"og:image:type\" content=\"image\/jpeg\" \/>\n<meta name=\"twitter:card\" content=\"summary_large_image\" \/>\n<meta name=\"twitter:label1\" content=\"Est. reading time\" \/>\n\t<meta name=\"twitter:data1\" content=\"1 minute\" \/>\n<script type=\"application\/ld+json\" class=\"yoast-schema-graph\">{\"@context\":\"https:\/\/schema.org\",\"@graph\":[{\"@type\":\"WebPage\",\"@id\":\"https:\/\/corvey.de\/besucher__trashed\/ausstellungen\/fuerstliche-bibliothek\/\",\"url\":\"https:\/\/corvey.de\/besucher__trashed\/ausstellungen\/fuerstliche-bibliothek\/\",\"name\":\"F\u00fcrstliche Bibliothek\",\"isPartOf\":{\"@id\":\"https:\/\/corvey.de\/#website\"},\"primaryImageOfPage\":{\"@id\":\"https:\/\/corvey.de\/besucher__trashed\/ausstellungen\/fuerstliche-bibliothek\/#primaryimage\"},\"image\":{\"@id\":\"https:\/\/corvey.de\/besucher__trashed\/ausstellungen\/fuerstliche-bibliothek\/#primaryimage\"},\"thumbnailUrl\":\"https:\/\/corvey.de\/wp-content\/uploads\/2020\/10\/Corvey-02-scaled.jpg\",\"datePublished\":\"2020-10-20T13:58:06+00:00\",\"dateModified\":\"2020-11-04T16:40:53+00:00\",\"breadcrumb\":{\"@id\":\"https:\/\/corvey.de\/besucher__trashed\/ausstellungen\/fuerstliche-bibliothek\/#breadcrumb\"},\"inLanguage\":\"en-US\",\"potentialAction\":[{\"@type\":\"ReadAction\",\"target\":[\"https:\/\/corvey.de\/besucher__trashed\/ausstellungen\/fuerstliche-bibliothek\/\"]}]},{\"@type\":\"ImageObject\",\"inLanguage\":\"en-US\",\"@id\":\"https:\/\/corvey.de\/besucher__trashed\/ausstellungen\/fuerstliche-bibliothek\/#primaryimage\",\"url\":\"https:\/\/corvey.de\/wp-content\/uploads\/2020\/10\/Corvey-02-scaled.jpg\",\"contentUrl\":\"https:\/\/corvey.de\/wp-content\/uploads\/2020\/10\/Corvey-02-scaled.jpg\",\"width\":2560,\"height\":2326},{\"@type\":\"BreadcrumbList\",\"@id\":\"https:\/\/corvey.de\/besucher__trashed\/ausstellungen\/fuerstliche-bibliothek\/#breadcrumb\",\"itemListElement\":[{\"@type\":\"ListItem\",\"position\":1,\"name\":\"Home\",\"item\":\"https:\/\/corvey.de\/\"},{\"@type\":\"ListItem\",\"position\":2,\"name\":\"Ausstellungen\",\"item\":\"https:\/\/corvey.de\/besucher__trashed\/ausstellungen\/\"},{\"@type\":\"ListItem\",\"position\":3,\"name\":\"F\u00fcrstliche Bibliothek\"}]},{\"@type\":\"WebSite\",\"@id\":\"https:\/\/corvey.de\/#website\",\"url\":\"https:\/\/corvey.de\/\",\"name\":\"Schloss Corvey\",\"description\":\"\",\"publisher\":{\"@id\":\"https:\/\/corvey.de\/#organization\"},\"potentialAction\":[{\"@type\":\"SearchAction\",\"target\":{\"@type\":\"EntryPoint\",\"urlTemplate\":\"https:\/\/corvey.de\/?s={search_term_string}\"},\"query-input\":{\"@type\":\"PropertyValueSpecification\",\"valueRequired\":true,\"valueName\":\"search_term_string\"}}],\"inLanguage\":\"en-US\"},{\"@type\":\"Organization\",\"@id\":\"https:\/\/corvey.de\/#organization\",\"name\":\"Schloss Corvey\",\"url\":\"https:\/\/corvey.de\/\",\"logo\":{\"@type\":\"ImageObject\",\"inLanguage\":\"en-US\",\"@id\":\"https:\/\/corvey.de\/#\/schema\/logo\/image\/\",\"url\":\"https:\/\/corvey.de\/wp-content\/uploads\/2020\/10\/logo-schloss-corvey.svg\",\"contentUrl\":\"https:\/\/corvey.de\/wp-content\/uploads\/2020\/10\/logo-schloss-corvey.svg\",\"width\":1,\"height\":1,\"caption\":\"Schloss Corvey\"},\"image\":{\"@id\":\"https:\/\/corvey.de\/#\/schema\/logo\/image\/\"}}]}<\/script>\n<!-- \/ Yoast SEO plugin. -->","yoast_head_json":{"title":"F\u00fcrstliche Bibliothek &#8226; Welterbe Corvey","robots":{"index":"index","follow":"follow","max-snippet":"max-snippet:-1","max-image-preview":"max-image-preview:large","max-video-preview":"max-video-preview:-1"},"canonical":"https:\/\/corvey.de\/en\/besucher__trashed\/ausstellungen\/fuerstliche-bibliothek\/","og_locale":"en_US","og_type":"article","og_title":"[:de]F\u00fcrstliche Bibliothek[:] &#8226; Welterbe Corvey","og_description":"Wichtigstes Zeugnis dieser Epoche ist die ca. 75.000 B\u00e4nde umfassende f\u00fcrstliche Bibliothek. Die Verpflichtung des Gelehrten Hoffmann von Fallersleben als Bibliothekar f\u00fcr Corvey durch das Haus Ratibor f\u00fchrte zur Entstehung einer der wichtigsten Privatbibliotheken des 19. Jahrhunderts mit u.a. Literatur in deutscher, englischer und franz\u00f6sischer Sprache. Durch Hoffmanns weitreichende Kontakte entstanden vielf\u00e4ltige Beziehungen zum Weimarer [&hellip;]","og_url":"https:\/\/corvey.de\/en\/ausstellungen\/fuerstliche-bibliothek\/","og_site_name":"Welterbe Corvey","article_modified_time":"2020-11-04T16:40:53+00:00","og_image":[{"width":2560,"height":2326,"url":"https:\/\/corvey.de\/wp-content\/uploads\/2020\/10\/Corvey-02-scaled.jpg","type":"image\/jpeg"}],"twitter_card":"summary_large_image","twitter_misc":{"Est. reading time":"1 minute"},"schema":{"@context":"https:\/\/schema.org","@graph":[{"@type":"WebPage","@id":"https:\/\/corvey.de\/besucher__trashed\/ausstellungen\/fuerstliche-bibliothek\/","url":"https:\/\/corvey.de\/besucher__trashed\/ausstellungen\/fuerstliche-bibliothek\/","name":"F\u00fcrstliche Bibliothek","isPartOf":{"@id":"https:\/\/corvey.de\/#website"},"primaryImageOfPage":{"@id":"https:\/\/corvey.de\/besucher__trashed\/ausstellungen\/fuerstliche-bibliothek\/#primaryimage"},"image":{"@id":"https:\/\/corvey.de\/besucher__trashed\/ausstellungen\/fuerstliche-bibliothek\/#primaryimage"},"thumbnailUrl":"https:\/\/corvey.de\/wp-content\/uploads\/2020\/10\/Corvey-02-scaled.jpg","datePublished":"2020-10-20T13:58:06+00:00","dateModified":"2020-11-04T16:40:53+00:00","breadcrumb":{"@id":"https:\/\/corvey.de\/besucher__trashed\/ausstellungen\/fuerstliche-bibliothek\/#breadcrumb"},"inLanguage":"en-US","potentialAction":[{"@type":"ReadAction","target":["https:\/\/corvey.de\/besucher__trashed\/ausstellungen\/fuerstliche-bibliothek\/"]}]},{"@type":"ImageObject","inLanguage":"en-US","@id":"https:\/\/corvey.de\/besucher__trashed\/ausstellungen\/fuerstliche-bibliothek\/#primaryimage","url":"https:\/\/corvey.de\/wp-content\/uploads\/2020\/10\/Corvey-02-scaled.jpg","contentUrl":"https:\/\/corvey.de\/wp-content\/uploads\/2020\/10\/Corvey-02-scaled.jpg","width":2560,"height":2326},{"@type":"BreadcrumbList","@id":"https:\/\/corvey.de\/besucher__trashed\/ausstellungen\/fuerstliche-bibliothek\/#breadcrumb","itemListElement":[{"@type":"ListItem","position":1,"name":"Home","item":"https:\/\/corvey.de\/"},{"@type":"ListItem","position":2,"name":"Ausstellungen","item":"https:\/\/corvey.de\/besucher__trashed\/ausstellungen\/"},{"@type":"ListItem","position":3,"name":"F\u00fcrstliche Bibliothek"}]},{"@type":"WebSite","@id":"https:\/\/corvey.de\/#website","url":"https:\/\/corvey.de\/","name":"Schloss Corvey","description":"","publisher":{"@id":"https:\/\/corvey.de\/#organization"},"potentialAction":[{"@type":"SearchAction","target":{"@type":"EntryPoint","urlTemplate":"https:\/\/corvey.de\/?s={search_term_string}"},"query-input":{"@type":"PropertyValueSpecification","valueRequired":true,"valueName":"search_term_string"}}],"inLanguage":"en-US"},{"@type":"Organization","@id":"https:\/\/corvey.de\/#organization","name":"Schloss Corvey","url":"https:\/\/corvey.de\/","logo":{"@type":"ImageObject","inLanguage":"en-US","@id":"https:\/\/corvey.de\/#\/schema\/logo\/image\/","url":"https:\/\/corvey.de\/wp-content\/uploads\/2020\/10\/logo-schloss-corvey.svg","contentUrl":"https:\/\/corvey.de\/wp-content\/uploads\/2020\/10\/logo-schloss-corvey.svg","width":1,"height":1,"caption":"Schloss Corvey"},"image":{"@id":"https:\/\/corvey.de\/#\/schema\/logo\/image\/"}}]}},"_links":{"self":[{"href":"https:\/\/corvey.de\/en\/wp-json\/wp\/v2\/pages\/685","targetHints":{"allow":["GET"]}}],"collection":[{"href":"https:\/\/corvey.de\/en\/wp-json\/wp\/v2\/pages"}],"about":[{"href":"https:\/\/corvey.de\/en\/wp-json\/wp\/v2\/types\/page"}],"author":[{"embeddable":true,"href":"https:\/\/corvey.de\/en\/wp-json\/wp\/v2\/users\/1"}],"replies":[{"embeddable":true,"href":"https:\/\/corvey.de\/en\/wp-json\/wp\/v2\/comments?post=685"}],"version-history":[{"count":3,"href":"https:\/\/corvey.de\/en\/wp-json\/wp\/v2\/pages\/685\/revisions"}],"predecessor-version":[{"id":1131,"href":"https:\/\/corvey.de\/en\/wp-json\/wp\/v2\/pages\/685\/revisions\/1131"}],"up":[{"embeddable":true,"href":"https:\/\/corvey.de\/en\/wp-json\/wp\/v2\/pages\/589"}],"wp:featuredmedia":[{"embeddable":true,"href":"https:\/\/corvey.de\/en\/wp-json\/wp\/v2\/media\/267"}],"wp:attachment":[{"href":"https:\/\/corvey.de\/en\/wp-json\/wp\/v2\/media?parent=685"}],"curies":[{"name":"wp","href":"https:\/\/api.w.org\/{rel}","templated":true}]}}