{"id":802,"date":"2020-10-23T09:34:46","date_gmt":"2020-10-23T07:34:46","guid":{"rendered":"https:\/\/corvey.de\/?page_id=802"},"modified":"2024-10-08T15:19:20","modified_gmt":"2024-10-08T13:19:20","slug":"gartenfest-corvey","status":"publish","type":"page","link":"https:\/\/corvey.de\/en\/programm\/gartenfest-corvey\/","title":{"rendered":"Corveyer Gartenfest 2025"},"content":{"rendered":"<h4><span class=\"format rot\"><b>Palmen und fruchtige Cocktails <\/b><\/span><\/h4>\n<p>Im Urlaub genie\u00dfen wir gerne das Flair anderer L\u00e4nder. Umso sch\u00f6ner, wenn man dazu gar nicht in die Ferne schweifen muss. Ein herrliches Sommeridyll finden Ausfl\u00fcgler zum Beispiel beim Gartenfest Corvey am UNESCO-Welterbe Schloss Corvey in H\u00f6xter. Vom 1. bis 3. August 2025 verwandeln holl\u00e4ndische Gartenprofis, franz\u00f6sische Gourmets, englische Antiquit\u00e4tenh\u00e4ndler und skandinavische Gartenm\u00f6beldesigner die ehemalige Benediktinerabtei in ein Gartenparadies mit internationalem Charme.<\/p>\n<p>F\u00fcr dieses Ereignis \u00f6ffnet Seine Durchlaucht Viktor V. Herzog von Ratibor und F\u00fcrst von Corvey eigens seinen privaten Garten. Hier verbreiten allerlei Stauden und Kr\u00e4uter, Palmen, toskanische Obstgeh\u00f6lze und Zitruspflanzen heitere Ferienlaune. Hobbyg\u00e4rtner, die den heimischen Garten auf Vordermann bringen m\u00f6chten, finden Buchsbaum-, Ast-, und Heckenscheren und anderes G\u00e4rtnerwerkzeug. St\u00e4nde mit Kaschmirmode aus Nepal und stilvollen Wohnaccessoires aus England reihen sich an solche mit liebevoll gearbeiteten Blumenkr\u00e4nzen aus der Region. Hier fachsimpeln die Besucher mit Grillexperten, dort sitzen sie neue Gartenm\u00f6bel probe, lauschen leise pl\u00e4tschernden Wasserspielen oder genie\u00dfen an einem schattigen Platz einen fruchtigen Cocktail.<\/p>\n<p>Die zahlreichen Leckereien kommen ebenfalls aus aller Herren L\u00e4nder: Aus dem Elsass gr\u00fc\u00dft w\u00fcrzig duftender Flammkuchen, aus \u00d6sterreich herzhafte Wurst und deftiger Speck, das Oliven\u00f6l stammt aus Griechenland, der Wein aus Frankreich und das Mandelgeb\u00e4ck aus der Toskana. Kein Wunder, dass der ein oder andere Besucher schon am n\u00e4chsten Tag wieder hier urlauben mag.<\/p>\n<p><span style=\"color: #3366ff;\"><strong><a style=\"color: #3366ff;\" href=\"https:\/\/www.gartenfestivals.de\/das-gartenfest-corvey\/\">[MEHR DAZU]<\/a><\/strong><\/span><\/p>\n","protected":false},"excerpt":{"rendered":"<p>Palmen und fruchtige Cocktails Im Urlaub genie\u00dfen wir gerne das Flair anderer L\u00e4nder. Umso sch\u00f6ner, wenn man dazu gar nicht in die Ferne schweifen muss. Ein herrliches Sommeridyll finden Ausfl\u00fcgler zum Beispiel beim Gartenfest Corvey am UNESCO-Welterbe Schloss Corvey in H\u00f6xter. Vom 1. bis 3. August 2025 verwandeln holl\u00e4ndische Gartenprofis, franz\u00f6sische Gourmets, englische Antiquit\u00e4tenh\u00e4ndler und [&hellip;]<\/p>\n","protected":false},"author":1,"featured_media":296,"parent":11,"menu_order":0,"comment_status":"closed","ping_status":"closed","template":"","meta":{"_acf_changed":false,"footnotes":""},"class_list":["post-802","page","type-page","status-publish","has-post-thumbnail","hentry"],"acf":[],"yoast_head":"<!-- This site is optimized with the Yoast SEO plugin v24.0 - https:\/\/yoast.com\/wordpress\/plugins\/seo\/ -->\n<title>Corveyer Gartenfest 2025 &#8226; Welterbe Corvey<\/title>\n<meta name=\"robots\" content=\"index, follow, max-snippet:-1, max-image-preview:large, max-video-preview:-1\" \/>\n<link rel=\"canonical\" href=\"https:\/\/corvey.de\/en\/programm\/gartenfest-corvey\/\" \/>\n<meta property=\"og:locale\" content=\"en_US\" \/>\n<meta property=\"og:locale:alternate\" content=\"de_DE\" \/>\n<meta property=\"og:type\" content=\"article\" \/>\n<meta property=\"og:title\" content=\"Corveyer Gartenfest 2025\" \/>\n<meta property=\"og:description\" content=\"Palmen und fruchtige Cocktails Im Urlaub genie\u00dfen wir gerne das Flair anderer L\u00e4nder. Umso sch\u00f6ner, wenn man dazu gar nicht in die Ferne schweifen muss. Ein herrliches Sommeridyll finden Ausfl\u00fcgler zum Beispiel beim Gartenfest Corvey am UNESCO-Welterbe Schloss Corvey in H\u00f6xter. Vom 1. bis 3. August 2025 verwandeln holl\u00e4ndische Gartenprofis, franz\u00f6sische Gourmets, englische Antiquit\u00e4tenh\u00e4ndler und [&hellip;]\" \/>\n<meta property=\"og:url\" content=\"https:\/\/corvey.de\/en\/programm\/gartenfest-corvey\/\" \/>\n<meta property=\"og:site_name\" content=\"Welterbe Corvey\" \/>\n<meta property=\"article:modified_time\" content=\"2024-10-08T13:19:20+00:00\" \/>\n<meta property=\"og:image\" content=\"https:\/\/corvey.de\/wp-content\/uploads\/2020\/10\/image-3.jpeg\" \/>\n\t<meta property=\"og:image:width\" content=\"860\" \/>\n\t<meta property=\"og:image:height\" content=\"570\" \/>\n\t<meta property=\"og:image:type\" content=\"image\/jpeg\" \/>\n<meta name=\"twitter:card\" content=\"summary_large_image\" \/>\n<meta name=\"twitter:label1\" content=\"Est. reading time\" \/>\n\t<meta name=\"twitter:data1\" content=\"2 minutes\" \/>\n<script type=\"application\/ld+json\" class=\"yoast-schema-graph\">{\"@context\":\"https:\/\/schema.org\",\"@graph\":[{\"@type\":\"WebPage\",\"@id\":\"https:\/\/corvey.de\/programm\/gartenfest-corvey\/\",\"url\":\"https:\/\/corvey.de\/programm\/gartenfest-corvey\/\",\"name\":\"Corveyer Gartenfest 2025\",\"isPartOf\":{\"@id\":\"https:\/\/corvey.de\/#website\"},\"primaryImageOfPage\":{\"@id\":\"https:\/\/corvey.de\/programm\/gartenfest-corvey\/#primaryimage\"},\"image\":{\"@id\":\"https:\/\/corvey.de\/programm\/gartenfest-corvey\/#primaryimage\"},\"thumbnailUrl\":\"https:\/\/corvey.de\/wp-content\/uploads\/2020\/10\/image-3.jpeg\",\"datePublished\":\"2020-10-23T07:34:46+00:00\",\"dateModified\":\"2024-10-08T13:19:20+00:00\",\"breadcrumb\":{\"@id\":\"https:\/\/corvey.de\/programm\/gartenfest-corvey\/#breadcrumb\"},\"inLanguage\":\"en-US\",\"potentialAction\":[{\"@type\":\"ReadAction\",\"target\":[\"https:\/\/corvey.de\/programm\/gartenfest-corvey\/\"]}]},{\"@type\":\"ImageObject\",\"inLanguage\":\"en-US\",\"@id\":\"https:\/\/corvey.de\/programm\/gartenfest-corvey\/#primaryimage\",\"url\":\"https:\/\/corvey.de\/wp-content\/uploads\/2020\/10\/image-3.jpeg\",\"contentUrl\":\"https:\/\/corvey.de\/wp-content\/uploads\/2020\/10\/image-3.jpeg\",\"width\":860,\"height\":570},{\"@type\":\"BreadcrumbList\",\"@id\":\"https:\/\/corvey.de\/programm\/gartenfest-corvey\/#breadcrumb\",\"itemListElement\":[{\"@type\":\"ListItem\",\"position\":1,\"name\":\"Home\",\"item\":\"https:\/\/corvey.de\/\"},{\"@type\":\"ListItem\",\"position\":2,\"name\":\"Programm\",\"item\":\"https:\/\/corvey.de\/programm\/\"},{\"@type\":\"ListItem\",\"position\":3,\"name\":\"Corveyer Gartenfest 2025\"}]},{\"@type\":\"WebSite\",\"@id\":\"https:\/\/corvey.de\/#website\",\"url\":\"https:\/\/corvey.de\/\",\"name\":\"Schloss Corvey\",\"description\":\"\",\"publisher\":{\"@id\":\"https:\/\/corvey.de\/#organization\"},\"potentialAction\":[{\"@type\":\"SearchAction\",\"target\":{\"@type\":\"EntryPoint\",\"urlTemplate\":\"https:\/\/corvey.de\/?s={search_term_string}\"},\"query-input\":{\"@type\":\"PropertyValueSpecification\",\"valueRequired\":true,\"valueName\":\"search_term_string\"}}],\"inLanguage\":\"en-US\"},{\"@type\":\"Organization\",\"@id\":\"https:\/\/corvey.de\/#organization\",\"name\":\"Schloss Corvey\",\"url\":\"https:\/\/corvey.de\/\",\"logo\":{\"@type\":\"ImageObject\",\"inLanguage\":\"en-US\",\"@id\":\"https:\/\/corvey.de\/#\/schema\/logo\/image\/\",\"url\":\"https:\/\/corvey.de\/wp-content\/uploads\/2020\/10\/logo-schloss-corvey.svg\",\"contentUrl\":\"https:\/\/corvey.de\/wp-content\/uploads\/2020\/10\/logo-schloss-corvey.svg\",\"width\":1,\"height\":1,\"caption\":\"Schloss Corvey\"},\"image\":{\"@id\":\"https:\/\/corvey.de\/#\/schema\/logo\/image\/\"}}]}<\/script>\n<!-- \/ Yoast SEO plugin. -->","yoast_head_json":{"title":"Corveyer Gartenfest 2025 &#8226; Welterbe Corvey","robots":{"index":"index","follow":"follow","max-snippet":"max-snippet:-1","max-image-preview":"max-image-preview:large","max-video-preview":"max-video-preview:-1"},"canonical":"https:\/\/corvey.de\/en\/programm\/gartenfest-corvey\/","og_locale":"en_US","og_type":"article","og_title":"[:de]Corveyer Gartenfest 2025[:] &#8226; Welterbe Corvey","og_description":"Palmen und fruchtige Cocktails Im Urlaub genie\u00dfen wir gerne das Flair anderer L\u00e4nder. Umso sch\u00f6ner, wenn man dazu gar nicht in die Ferne schweifen muss. Ein herrliches Sommeridyll finden Ausfl\u00fcgler zum Beispiel beim Gartenfest Corvey am UNESCO-Welterbe Schloss Corvey in H\u00f6xter. Vom 1. bis 3. August 2025 verwandeln holl\u00e4ndische Gartenprofis, franz\u00f6sische Gourmets, englische Antiquit\u00e4tenh\u00e4ndler und [&hellip;]","og_url":"https:\/\/corvey.de\/en\/programm\/gartenfest-corvey\/","og_site_name":"Welterbe Corvey","article_modified_time":"2024-10-08T13:19:20+00:00","og_image":[{"width":860,"height":570,"url":"https:\/\/corvey.de\/wp-content\/uploads\/2020\/10\/image-3.jpeg","type":"image\/jpeg"}],"twitter_card":"summary_large_image","twitter_misc":{"Est. reading time":"2 minutes"},"schema":{"@context":"https:\/\/schema.org","@graph":[{"@type":"WebPage","@id":"https:\/\/corvey.de\/programm\/gartenfest-corvey\/","url":"https:\/\/corvey.de\/programm\/gartenfest-corvey\/","name":"Corveyer Gartenfest 2025","isPartOf":{"@id":"https:\/\/corvey.de\/#website"},"primaryImageOfPage":{"@id":"https:\/\/corvey.de\/programm\/gartenfest-corvey\/#primaryimage"},"image":{"@id":"https:\/\/corvey.de\/programm\/gartenfest-corvey\/#primaryimage"},"thumbnailUrl":"https:\/\/corvey.de\/wp-content\/uploads\/2020\/10\/image-3.jpeg","datePublished":"2020-10-23T07:34:46+00:00","dateModified":"2024-10-08T13:19:20+00:00","breadcrumb":{"@id":"https:\/\/corvey.de\/programm\/gartenfest-corvey\/#breadcrumb"},"inLanguage":"en-US","potentialAction":[{"@type":"ReadAction","target":["https:\/\/corvey.de\/programm\/gartenfest-corvey\/"]}]},{"@type":"ImageObject","inLanguage":"en-US","@id":"https:\/\/corvey.de\/programm\/gartenfest-corvey\/#primaryimage","url":"https:\/\/corvey.de\/wp-content\/uploads\/2020\/10\/image-3.jpeg","contentUrl":"https:\/\/corvey.de\/wp-content\/uploads\/2020\/10\/image-3.jpeg","width":860,"height":570},{"@type":"BreadcrumbList","@id":"https:\/\/corvey.de\/programm\/gartenfest-corvey\/#breadcrumb","itemListElement":[{"@type":"ListItem","position":1,"name":"Home","item":"https:\/\/corvey.de\/"},{"@type":"ListItem","position":2,"name":"Programm","item":"https:\/\/corvey.de\/programm\/"},{"@type":"ListItem","position":3,"name":"Corveyer Gartenfest 2025"}]},{"@type":"WebSite","@id":"https:\/\/corvey.de\/#website","url":"https:\/\/corvey.de\/","name":"Schloss Corvey","description":"","publisher":{"@id":"https:\/\/corvey.de\/#organization"},"potentialAction":[{"@type":"SearchAction","target":{"@type":"EntryPoint","urlTemplate":"https:\/\/corvey.de\/?s={search_term_string}"},"query-input":{"@type":"PropertyValueSpecification","valueRequired":true,"valueName":"search_term_string"}}],"inLanguage":"en-US"},{"@type":"Organization","@id":"https:\/\/corvey.de\/#organization","name":"Schloss Corvey","url":"https:\/\/corvey.de\/","logo":{"@type":"ImageObject","inLanguage":"en-US","@id":"https:\/\/corvey.de\/#\/schema\/logo\/image\/","url":"https:\/\/corvey.de\/wp-content\/uploads\/2020\/10\/logo-schloss-corvey.svg","contentUrl":"https:\/\/corvey.de\/wp-content\/uploads\/2020\/10\/logo-schloss-corvey.svg","width":1,"height":1,"caption":"Schloss Corvey"},"image":{"@id":"https:\/\/corvey.de\/#\/schema\/logo\/image\/"}}]}},"_links":{"self":[{"href":"https:\/\/corvey.de\/en\/wp-json\/wp\/v2\/pages\/802","targetHints":{"allow":["GET"]}}],"collection":[{"href":"https:\/\/corvey.de\/en\/wp-json\/wp\/v2\/pages"}],"about":[{"href":"https:\/\/corvey.de\/en\/wp-json\/wp\/v2\/types\/page"}],"author":[{"embeddable":true,"href":"https:\/\/corvey.de\/en\/wp-json\/wp\/v2\/users\/1"}],"replies":[{"embeddable":true,"href":"https:\/\/corvey.de\/en\/wp-json\/wp\/v2\/comments?post=802"}],"version-history":[{"count":31,"href":"https:\/\/corvey.de\/en\/wp-json\/wp\/v2\/pages\/802\/revisions"}],"predecessor-version":[{"id":2871,"href":"https:\/\/corvey.de\/en\/wp-json\/wp\/v2\/pages\/802\/revisions\/2871"}],"up":[{"embeddable":true,"href":"https:\/\/corvey.de\/en\/wp-json\/wp\/v2\/pages\/11"}],"wp:featuredmedia":[{"embeddable":true,"href":"https:\/\/corvey.de\/en\/wp-json\/wp\/v2\/media\/296"}],"wp:attachment":[{"href":"https:\/\/corvey.de\/en\/wp-json\/wp\/v2\/media?parent=802"}],"curies":[{"name":"wp","href":"https:\/\/api.w.org\/{rel}","templated":true}]}}