{"id":940,"date":"2020-10-27T15:01:04","date_gmt":"2020-10-27T14:01:04","guid":{"rendered":"https:\/\/corvey.de\/?page_id=940"},"modified":"2026-04-29T10:47:33","modified_gmt":"2026-04-29T08:47:33","slug":"sonderausstellung-brasilianische-reise-1817-1820","status":"publish","type":"page","link":"https:\/\/corvey.de\/en\/ausstellungen\/sonderausstellung-brasilianische-reise-1817-1820\/","title":{"rendered":"Sonderausstellung: Dagegen ist kein Kraut gewachsen"},"content":{"rendered":"<h3>Naturbilder aus alter Zeit<\/h3>\n<p>Bereits der Corveyer Bibliothekar Hoffmann von Fallersleben erfreute sich an den sch\u00f6nen gro\u00dfformatigen Abbildungen von Pflanzen, die er in der Gestalt von \u201ePracht- und Ansichtenwerken\u201c f\u00fcr den Herzog von Ratibor und seine Bibliothek f\u00fcr viel Geld ankaufte. Es sind durchweg meisterhafte Kunstwerke aus dem 19. Jahrhundert, die bereits in dieser Zeit selten und wertvoll waren. Diese Gattung an \u201eSpezialliteratur\u201c kam wegen ihres oft sehr hohen Anschaffungspreises in vielen F\u00e4llen weder in Universit\u00e4ts- noch in Adels- oder B\u00fcrgerbibliotheken als Sammelobjekte in Frage. So ist eine nicht geringe Anzahl an Werken aus diesem Bereich derzeit in keiner durch Kataloge erschlossenen Bibliothek nachweisbar. Daher ist die in Corvey entstandene Sammlung auch so selten und \u00fcberaus umfangreich.<\/p>\n<p>Hoffmann von Fallersleben liebte die Natur, was er nicht m\u00fcde wurde in seinen Briefen an den Herzog zu beschreiben. Immerhin bewirtschaftete er wie auch die anderen Schlossbewohner einen kleinen Gem\u00fcsegarten im sogenannten \u201eRemtergarten\u201c hinter dem Schloss, der nun Teil des touristischen Angebots ist. Seine Schw\u00e4rmereien \u00fcbertrugen sich daher auch auf die bibliothekarische T\u00e4tigkeit in Corvey, wo eines seiner Hauptanliegen der Erwerb eben jener nun zu sehenden Bilderwerke war.<\/p>\n<p>Schon am 9. August 1863 schrieb Hoffmann an den Herzoglichen Kammerrat in Rauden: \u201eMein unabl\u00e4ssiges Streben geht dahin, die Hauptf\u00e4cher unserer Bibliothek zu einiger Vollst\u00e4ndigkeit zu bringen und dann nebenbei solche kostbare, seltene Werke der Bibliothek zu erwerben womit man Staat machen kann, die sich in keiner Bibliothek Deutschlands wiederfinden. Jeder, der unsere Bibliothek einsieht, soll sagen: so etwas hab\u2019 ich mein Lebtag nicht gesehen!&#8221; So umfasst der von Hoffmann angelegte Spezialkatalog \u201eBilderwerke\u201c etwa 2.500 Titel. Selbst der preu\u00dfische K\u00f6nig erfreute sich an den sch\u00f6nen Bildern, als dieser 1865 in Corvey weilte: \u201eAlle waren hocherfreut \u00fcber die Menge der prachtvollen und kostbaren Bilderwerke. Am Abend sp\u00e4t noch hat Sr. Majest\u00e4t nebst mehreren Anwesenden Sich einige Stunden an unseren Bilderwerken erg\u00f6tzt\u201c.<\/p>\n<p>In der Ausstellung sind vorzugsweise gro\u00dfformatige Werke mit Darstellungen von Pflanzen und Kr\u00e4utern aus vielen Teilen der Welt zu sehen. Prachtvoll kolorierte Kupferstiche und Lithographien der bekanntesten K\u00fcnstler und Wissenschaftler ihrer Zeit stehen dabei im Mittelpunkt.<\/p>\n","protected":false},"excerpt":{"rendered":"<p>Naturbilder aus alter Zeit Bereits der Corveyer Bibliothekar Hoffmann von Fallersleben erfreute sich an den sch\u00f6nen gro\u00dfformatigen Abbildungen von Pflanzen, die er in der Gestalt von \u201ePracht- und Ansichtenwerken\u201c f\u00fcr den Herzog von Ratibor und seine Bibliothek f\u00fcr viel Geld ankaufte. Es sind durchweg meisterhafte Kunstwerke aus dem 19. Jahrhundert, die bereits in dieser Zeit [&hellip;]<\/p>\n","protected":false},"author":1,"featured_media":1187,"parent":589,"menu_order":6,"comment_status":"closed","ping_status":"closed","template":"","meta":{"_acf_changed":false,"footnotes":""},"class_list":["post-940","page","type-page","status-publish","has-post-thumbnail","hentry"],"acf":[],"yoast_head":"<!-- This site is optimized with the Yoast SEO plugin v24.0 - https:\/\/yoast.com\/wordpress\/plugins\/seo\/ -->\n<title>Sonderausstellung: Dagegen ist kein Kraut gewachsen &#8226; Welterbe Corvey<\/title>\n<meta name=\"robots\" content=\"index, follow, max-snippet:-1, max-image-preview:large, max-video-preview:-1\" \/>\n<link rel=\"canonical\" href=\"https:\/\/corvey.de\/en\/ausstellungen\/sonderausstellung-brasilianische-reise-1817-1820\/\" \/>\n<meta property=\"og:locale\" content=\"en_US\" \/>\n<meta property=\"og:locale:alternate\" content=\"de_DE\" \/>\n<meta property=\"og:type\" content=\"article\" \/>\n<meta property=\"og:title\" content=\"Sonderausstellung: Dagegen ist kein Kraut gewachsen\" \/>\n<meta property=\"og:description\" content=\"Naturbilder aus alter Zeit Bereits der Corveyer Bibliothekar Hoffmann von Fallersleben erfreute sich an den sch\u00f6nen gro\u00dfformatigen Abbildungen von Pflanzen, die er in der Gestalt von \u201ePracht- und Ansichtenwerken\u201c f\u00fcr den Herzog von Ratibor und seine Bibliothek f\u00fcr viel Geld ankaufte. Es sind durchweg meisterhafte Kunstwerke aus dem 19. Jahrhundert, die bereits in dieser Zeit [&hellip;]\" \/>\n<meta property=\"og:url\" content=\"https:\/\/corvey.de\/en\/ausstellungen\/sonderausstellung-brasilianische-reise-1817-1820\/\" \/>\n<meta property=\"og:site_name\" content=\"Welterbe Corvey\" \/>\n<meta property=\"article:modified_time\" content=\"2026-04-29T08:47:33+00:00\" \/>\n<meta property=\"og:image\" content=\"https:\/\/corvey.de\/wp-content\/uploads\/2020\/11\/Bibliothek-01-scaled.jpg\" \/>\n\t<meta property=\"og:image:width\" content=\"2560\" \/>\n\t<meta property=\"og:image:height\" content=\"1874\" \/>\n\t<meta property=\"og:image:type\" content=\"image\/jpeg\" \/>\n<meta name=\"twitter:card\" content=\"summary_large_image\" \/>\n<meta name=\"twitter:label1\" content=\"Est. reading time\" \/>\n\t<meta name=\"twitter:data1\" content=\"3 minutes\" \/>\n<script type=\"application\/ld+json\" class=\"yoast-schema-graph\">{\"@context\":\"https:\/\/schema.org\",\"@graph\":[{\"@type\":\"WebPage\",\"@id\":\"https:\/\/corvey.de\/ausstellungen\/sonderausstellung-brasilianische-reise-1817-1820\/\",\"url\":\"https:\/\/corvey.de\/ausstellungen\/sonderausstellung-brasilianische-reise-1817-1820\/\",\"name\":\"Sonderausstellung: Dagegen ist kein Kraut gewachsen\",\"isPartOf\":{\"@id\":\"https:\/\/corvey.de\/#website\"},\"primaryImageOfPage\":{\"@id\":\"https:\/\/corvey.de\/ausstellungen\/sonderausstellung-brasilianische-reise-1817-1820\/#primaryimage\"},\"image\":{\"@id\":\"https:\/\/corvey.de\/ausstellungen\/sonderausstellung-brasilianische-reise-1817-1820\/#primaryimage\"},\"thumbnailUrl\":\"https:\/\/corvey.de\/wp-content\/uploads\/2020\/11\/Bibliothek-01-scaled.jpg\",\"datePublished\":\"2020-10-27T14:01:04+00:00\",\"dateModified\":\"2026-04-29T08:47:33+00:00\",\"breadcrumb\":{\"@id\":\"https:\/\/corvey.de\/ausstellungen\/sonderausstellung-brasilianische-reise-1817-1820\/#breadcrumb\"},\"inLanguage\":\"en-US\",\"potentialAction\":[{\"@type\":\"ReadAction\",\"target\":[\"https:\/\/corvey.de\/ausstellungen\/sonderausstellung-brasilianische-reise-1817-1820\/\"]}]},{\"@type\":\"ImageObject\",\"inLanguage\":\"en-US\",\"@id\":\"https:\/\/corvey.de\/ausstellungen\/sonderausstellung-brasilianische-reise-1817-1820\/#primaryimage\",\"url\":\"https:\/\/corvey.de\/wp-content\/uploads\/2020\/11\/Bibliothek-01-scaled.jpg\",\"contentUrl\":\"https:\/\/corvey.de\/wp-content\/uploads\/2020\/11\/Bibliothek-01-scaled.jpg\",\"width\":2560,\"height\":1874},{\"@type\":\"BreadcrumbList\",\"@id\":\"https:\/\/corvey.de\/ausstellungen\/sonderausstellung-brasilianische-reise-1817-1820\/#breadcrumb\",\"itemListElement\":[{\"@type\":\"ListItem\",\"position\":1,\"name\":\"Home\",\"item\":\"https:\/\/corvey.de\/\"},{\"@type\":\"ListItem\",\"position\":2,\"name\":\"Ausstellungen\",\"item\":\"https:\/\/corvey.de\/besucher__trashed\/ausstellungen\/\"},{\"@type\":\"ListItem\",\"position\":3,\"name\":\"Sonderausstellung: Dagegen ist kein Kraut gewachsen\"}]},{\"@type\":\"WebSite\",\"@id\":\"https:\/\/corvey.de\/#website\",\"url\":\"https:\/\/corvey.de\/\",\"name\":\"Schloss Corvey\",\"description\":\"\",\"publisher\":{\"@id\":\"https:\/\/corvey.de\/#organization\"},\"potentialAction\":[{\"@type\":\"SearchAction\",\"target\":{\"@type\":\"EntryPoint\",\"urlTemplate\":\"https:\/\/corvey.de\/?s={search_term_string}\"},\"query-input\":{\"@type\":\"PropertyValueSpecification\",\"valueRequired\":true,\"valueName\":\"search_term_string\"}}],\"inLanguage\":\"en-US\"},{\"@type\":\"Organization\",\"@id\":\"https:\/\/corvey.de\/#organization\",\"name\":\"Schloss Corvey\",\"url\":\"https:\/\/corvey.de\/\",\"logo\":{\"@type\":\"ImageObject\",\"inLanguage\":\"en-US\",\"@id\":\"https:\/\/corvey.de\/#\/schema\/logo\/image\/\",\"url\":\"https:\/\/corvey.de\/wp-content\/uploads\/2020\/10\/logo-schloss-corvey.svg\",\"contentUrl\":\"https:\/\/corvey.de\/wp-content\/uploads\/2020\/10\/logo-schloss-corvey.svg\",\"width\":1,\"height\":1,\"caption\":\"Schloss Corvey\"},\"image\":{\"@id\":\"https:\/\/corvey.de\/#\/schema\/logo\/image\/\"}}]}<\/script>\n<!-- \/ Yoast SEO plugin. -->","yoast_head_json":{"title":"Sonderausstellung: Dagegen ist kein Kraut gewachsen &#8226; Welterbe Corvey","robots":{"index":"index","follow":"follow","max-snippet":"max-snippet:-1","max-image-preview":"max-image-preview:large","max-video-preview":"max-video-preview:-1"},"canonical":"https:\/\/corvey.de\/en\/ausstellungen\/sonderausstellung-brasilianische-reise-1817-1820\/","og_locale":"en_US","og_type":"article","og_title":"[:de]Sonderausstellung: Dagegen ist kein Kraut gewachsen[:] &#8226; Welterbe Corvey","og_description":"Naturbilder aus alter Zeit Bereits der Corveyer Bibliothekar Hoffmann von Fallersleben erfreute sich an den sch\u00f6nen gro\u00dfformatigen Abbildungen von Pflanzen, die er in der Gestalt von \u201ePracht- und Ansichtenwerken\u201c f\u00fcr den Herzog von Ratibor und seine Bibliothek f\u00fcr viel Geld ankaufte. Es sind durchweg meisterhafte Kunstwerke aus dem 19. Jahrhundert, die bereits in dieser Zeit [&hellip;]","og_url":"https:\/\/corvey.de\/en\/ausstellungen\/sonderausstellung-brasilianische-reise-1817-1820\/","og_site_name":"Welterbe Corvey","article_modified_time":"2026-04-29T08:47:33+00:00","og_image":[{"width":2560,"height":1874,"url":"https:\/\/corvey.de\/wp-content\/uploads\/2020\/11\/Bibliothek-01-scaled.jpg","type":"image\/jpeg"}],"twitter_card":"summary_large_image","twitter_misc":{"Est. reading time":"3 minutes"},"schema":{"@context":"https:\/\/schema.org","@graph":[{"@type":"WebPage","@id":"https:\/\/corvey.de\/ausstellungen\/sonderausstellung-brasilianische-reise-1817-1820\/","url":"https:\/\/corvey.de\/ausstellungen\/sonderausstellung-brasilianische-reise-1817-1820\/","name":"Sonderausstellung: Dagegen ist kein Kraut gewachsen","isPartOf":{"@id":"https:\/\/corvey.de\/#website"},"primaryImageOfPage":{"@id":"https:\/\/corvey.de\/ausstellungen\/sonderausstellung-brasilianische-reise-1817-1820\/#primaryimage"},"image":{"@id":"https:\/\/corvey.de\/ausstellungen\/sonderausstellung-brasilianische-reise-1817-1820\/#primaryimage"},"thumbnailUrl":"https:\/\/corvey.de\/wp-content\/uploads\/2020\/11\/Bibliothek-01-scaled.jpg","datePublished":"2020-10-27T14:01:04+00:00","dateModified":"2026-04-29T08:47:33+00:00","breadcrumb":{"@id":"https:\/\/corvey.de\/ausstellungen\/sonderausstellung-brasilianische-reise-1817-1820\/#breadcrumb"},"inLanguage":"en-US","potentialAction":[{"@type":"ReadAction","target":["https:\/\/corvey.de\/ausstellungen\/sonderausstellung-brasilianische-reise-1817-1820\/"]}]},{"@type":"ImageObject","inLanguage":"en-US","@id":"https:\/\/corvey.de\/ausstellungen\/sonderausstellung-brasilianische-reise-1817-1820\/#primaryimage","url":"https:\/\/corvey.de\/wp-content\/uploads\/2020\/11\/Bibliothek-01-scaled.jpg","contentUrl":"https:\/\/corvey.de\/wp-content\/uploads\/2020\/11\/Bibliothek-01-scaled.jpg","width":2560,"height":1874},{"@type":"BreadcrumbList","@id":"https:\/\/corvey.de\/ausstellungen\/sonderausstellung-brasilianische-reise-1817-1820\/#breadcrumb","itemListElement":[{"@type":"ListItem","position":1,"name":"Home","item":"https:\/\/corvey.de\/"},{"@type":"ListItem","position":2,"name":"Ausstellungen","item":"https:\/\/corvey.de\/besucher__trashed\/ausstellungen\/"},{"@type":"ListItem","position":3,"name":"Sonderausstellung: Dagegen ist kein Kraut gewachsen"}]},{"@type":"WebSite","@id":"https:\/\/corvey.de\/#website","url":"https:\/\/corvey.de\/","name":"Schloss Corvey","description":"","publisher":{"@id":"https:\/\/corvey.de\/#organization"},"potentialAction":[{"@type":"SearchAction","target":{"@type":"EntryPoint","urlTemplate":"https:\/\/corvey.de\/?s={search_term_string}"},"query-input":{"@type":"PropertyValueSpecification","valueRequired":true,"valueName":"search_term_string"}}],"inLanguage":"en-US"},{"@type":"Organization","@id":"https:\/\/corvey.de\/#organization","name":"Schloss Corvey","url":"https:\/\/corvey.de\/","logo":{"@type":"ImageObject","inLanguage":"en-US","@id":"https:\/\/corvey.de\/#\/schema\/logo\/image\/","url":"https:\/\/corvey.de\/wp-content\/uploads\/2020\/10\/logo-schloss-corvey.svg","contentUrl":"https:\/\/corvey.de\/wp-content\/uploads\/2020\/10\/logo-schloss-corvey.svg","width":1,"height":1,"caption":"Schloss Corvey"},"image":{"@id":"https:\/\/corvey.de\/#\/schema\/logo\/image\/"}}]}},"_links":{"self":[{"href":"https:\/\/corvey.de\/en\/wp-json\/wp\/v2\/pages\/940","targetHints":{"allow":["GET"]}}],"collection":[{"href":"https:\/\/corvey.de\/en\/wp-json\/wp\/v2\/pages"}],"about":[{"href":"https:\/\/corvey.de\/en\/wp-json\/wp\/v2\/types\/page"}],"author":[{"embeddable":true,"href":"https:\/\/corvey.de\/en\/wp-json\/wp\/v2\/users\/1"}],"replies":[{"embeddable":true,"href":"https:\/\/corvey.de\/en\/wp-json\/wp\/v2\/comments?post=940"}],"version-history":[{"count":36,"href":"https:\/\/corvey.de\/en\/wp-json\/wp\/v2\/pages\/940\/revisions"}],"predecessor-version":[{"id":3354,"href":"https:\/\/corvey.de\/en\/wp-json\/wp\/v2\/pages\/940\/revisions\/3354"}],"up":[{"embeddable":true,"href":"https:\/\/corvey.de\/en\/wp-json\/wp\/v2\/pages\/589"}],"wp:featuredmedia":[{"embeddable":true,"href":"https:\/\/corvey.de\/en\/wp-json\/wp\/v2\/media\/1187"}],"wp:attachment":[{"href":"https:\/\/corvey.de\/en\/wp-json\/wp\/v2\/media?parent=940"}],"curies":[{"name":"wp","href":"https:\/\/api.w.org\/{rel}","templated":true}]}}